{"id":1484,"date":"2024-11-12T18:23:48","date_gmt":"2024-11-12T17:23:48","guid":{"rendered":"https:\/\/byebirds.com\/rechtlicher-hinweis\/"},"modified":"2024-11-12T21:33:27","modified_gmt":"2024-11-12T20:33:27","slug":"rechtlicher-hinweis","status":"publish","type":"page","link":"https:\/\/byebirds.com\/de\/rechtlicher-hinweis\/","title":{"rendered":"Rechtlicher Hinweis"},"content":{"rendered":"\t\t<div data-elementor-type=\"wp-page\" data-elementor-id=\"1484\" class=\"elementor elementor-1484 elementor-1338\" data-elementor-post-type=\"page\">\n\t\t\t\t\t\t<section class=\"ob-is-breaking-bad elementor-section elementor-top-section elementor-element elementor-element-68d4295 elementor-section-boxed elementor-section-height-default elementor-section-height-default\" data-id=\"68d4295\" data-element_type=\"section\" data-settings=\"{&quot;_ob_bbad_use_it&quot;:&quot;yes&quot;,&quot;_ob_bbad_sssic_use&quot;:&quot;no&quot;,&quot;_ob_glider_is_slider&quot;:&quot;no&quot;}\">\n\t\t\t\t\t\t<div class=\"elementor-container elementor-column-gap-default\">\n\t\t\t\t\t<div class=\"elementor-column elementor-col-100 elementor-top-column elementor-element elementor-element-ad5ba79\" data-id=\"ad5ba79\" data-element_type=\"column\" data-settings=\"{&quot;_ob_bbad_is_stalker&quot;:&quot;no&quot;,&quot;_ob_teleporter_use&quot;:false,&quot;_ob_column_hoveranimator&quot;:&quot;no&quot;,&quot;_ob_column_has_pseudo&quot;:&quot;no&quot;}\">\n\t\t\t<div class=\"elementor-widget-wrap elementor-element-populated\">\n\t\t\t\t\t\t<div class=\"elementor-element elementor-element-489715a ob-harakiri-inherit ob-has-background-overlay elementor-widget elementor-widget-heading\" data-id=\"489715a\" data-element_type=\"widget\" data-settings=\"{&quot;_ob_use_harakiri&quot;:&quot;yes&quot;,&quot;_ob_harakiri_writing_mode&quot;:&quot;inherit&quot;,&quot;_ob_harakiri_text_clip&quot;:&quot;none&quot;,&quot;_ob_perspektive_use&quot;:&quot;no&quot;,&quot;_ob_poopart_use&quot;:&quot;yes&quot;,&quot;_ob_shadough_use&quot;:&quot;no&quot;,&quot;_ob_allow_hoveranimator&quot;:&quot;no&quot;,&quot;_ob_widget_stalker_use&quot;:&quot;no&quot;}\" data-widget_type=\"heading.default\">\n\t\t\t\t<div class=\"elementor-widget-container\">\n\t\t\t\t\t<h2 class=\"elementor-heading-title elementor-size-default\">Rechtlicher Hinweis<\/h2>\t\t\t\t<\/div>\n\t\t\t\t<\/div>\n\t\t\t\t<div class=\"elementor-element elementor-element-9a5fea1 ob-harakiri-inherit ob-has-background-overlay elementor-widget elementor-widget-text-editor\" data-id=\"9a5fea1\" data-element_type=\"widget\" data-settings=\"{&quot;_ob_use_harakiri&quot;:&quot;yes&quot;,&quot;_ob_harakiri_writing_mode&quot;:&quot;inherit&quot;,&quot;_ob_postman_use&quot;:&quot;no&quot;,&quot;_ob_perspektive_use&quot;:&quot;no&quot;,&quot;_ob_poopart_use&quot;:&quot;yes&quot;,&quot;_ob_shadough_use&quot;:&quot;no&quot;,&quot;_ob_allow_hoveranimator&quot;:&quot;no&quot;,&quot;_ob_widget_stalker_use&quot;:&quot;no&quot;}\" data-widget_type=\"text-editor.default\">\n\t\t\t\t<div class=\"elementor-widget-container\">\n\t\t\t\t\t\t\t\t\t<ol>\n<li><strong>ZWECK UND AKZEPTANZ<\/strong><\/li>\n<\/ol>\n<p>Dieser rechtliche Hinweis regelt die Nutzung der Website (nachstehend \u201eWEBSITE\u201c genannt), die Eigentum ist von <strong>ByeBirds.<\/strong><br \/><strong>.<\/strong>(nachstehend DER WEBSITEN-BESITZER).<\/p>\n<p>Das Surfen auf der Website des Eigent\u00fcmers der Website macht den Nutzer derselben zum Benutzer und impliziert die vollst\u00e4ndige und vorbehaltlose Annahme aller in den vorliegenden rechtlichen Hinweisen enthaltenen Bestimmungen, die \u00c4nderungen unterliegen k\u00f6nnen.<\/p>\n<p>Der Nutzer verpflichtet sich, die Website in \u00dcbereinstimmung mit den Gesetzen, Treu und Glauben, der \u00f6ffentlichen Ordnung, dem Verkehrsgebrauch und diesem rechtlichen Hinweis zu nutzen. Der Benutzer haftet gegen\u00fcber dem Eigent\u00fcmer der Website oder gegen\u00fcber Dritten f\u00fcr alle Sch\u00e4den, die infolge einer Verletzung dieser Verpflichtung entstehen. <\/p>\n<ol start=\"2\">\n<li><strong>IDENTIFIZIERUNG UND KOMMUNIKATION<\/strong><\/li>\n<\/ol>\n<p>DER EIGENT\u00dcMER DER WEBSITE informiert Sie in \u00dcbereinstimmung mit dem Gesetz 34\/2002 vom 11. Juli \u00fcber die Dienste der Informationsgesellschaft und den elektronischen Handel, dass:<\/p>\n<ul>\n<li>Die zust\u00e4ndige Person ist <strong>Carlos Uriarte<\/strong><\/li>\n<li>Ihre Umsatzsteuer-Identifikationsnummer lautet: <strong>B39755897<\/strong><\/li>\n<li>Seine Anschrift lautet:<strong> Pol\u00edgono Ind. de Guarnizo. Centro de Negocios, Nave 3, 39611, Guarnizo, Cantabria  <\/strong><\/li>\n<li>E-Mail Adresse : i<strong>nfo@byebirds.com<\/strong><\/li>\n<li>Eingetragen im Handelsregister.<\/li>\n<\/ul>\n<p>Um mit uns in Kontakt zu treten, stellen wir Ihnen verschiedene Kontaktm\u00f6glichkeiten zur Verf\u00fcgung, die im Folgenden aufgef\u00fchrt sind:<\/p>\n<ul>\n<li>E-Mail Adresse : i<strong>nfo@byebirds.com<\/strong><\/li>\n<li>Telefon:<strong> <span aria-label=\"Llamar al n\u00famero de tel\u00e9fono 601 54 83 80\">655 64 26 28<\/span><\/strong><\/li>\n<\/ul>\n<p>Alle Benachrichtigungen und Mitteilungen zwischen den Nutzern und dem WEBSITENBESITZER gelten f\u00fcr alle Zwecke als wirksam, wenn sie per Post oder auf einem anderen der oben genannten Wege erfolgen.<\/p>\n<ol start=\"3\">\n<li><strong>ZUGANGS- UND NUTZUNGSBEDINGUNGEN<\/strong><\/li>\n<\/ol>\n<p>Die Website und ihre Dienste sind kostenlos und frei zug\u00e4nglich, jedoch macht der Eigent\u00fcmer der Website die Nutzung einiger der auf seiner Website angebotenen Dienste von der vorherigen Ausf\u00fcllung des entsprechenden Formulars abh\u00e4ngig.<\/p>\n<p>Der Nutzer garantiert die Echtheit und Aktualit\u00e4t aller dem WEBSITE-BESITZER zur Verf\u00fcgung gestellten Daten und tr\u00e4gt die alleinige Verantwortung f\u00fcr alle falschen oder ungenauen Angaben.<\/p>\n<p>Der Benutzer verpflichtet sich ausdr\u00fccklich, die Inhalte und Dienstleistungen des Eigent\u00fcmers der Website angemessen zu nutzen und sie nicht f\u00fcr andere Zwecke zu verwenden:<\/p>\n<ol>\n<li>Verbreitung von kriminellen, gewaltt\u00e4tigen, pornografischen, rassistischen, fremdenfeindlichen, beleidigenden, terroristischen Entschuldigungen oder allgemein von Inhalten, die gegen das Gesetz oder die \u00f6ffentliche Ordnung versto\u00dfen.<\/li>\n<li>Verbreitung von kriminellen, gewaltt\u00e4tigen, pornografischen, rassistischen, fremdenfeindlichen, beleidigenden, terroristischen Entschuldigungen oder allgemein von Inhalten, die gegen das Gesetz oder die \u00f6ffentliche Ordnung versto\u00dfen.<\/li>\n<li>Versuchen, auf die E-Mail-Konten anderer Nutzer oder auf eingeschr\u00e4nkte Bereiche der Computersysteme von THE WEBSITE OWNER oder von Dritten zuzugreifen und gegebenenfalls Informationen zu entnehmen.<\/li>\n<li>die Rechte des geistigen oder gewerblichen Eigentums zu verletzen, sowie die Vertraulichkeit der Informationen des Eigent\u00fcmers der Website oder Dritter zu verletzen.<\/li>\n<li>Sich als ein anderer Nutzer, eine Beh\u00f6rde oder ein Dritter auszugeben.<\/li>\n<li>den Inhalt zu vervielf\u00e4ltigen, zu kopieren, zu verbreiten, zur Verf\u00fcgung zu stellen oder in sonstiger Weise \u00f6ffentlich wiederzugeben, umzuwandeln oder zu ver\u00e4ndern, es sei denn, der Inhaber der entsprechenden Rechte hat dies genehmigt oder es ist gesetzlich zul\u00e4ssig.<\/li>\n<li>Daten f\u00fcr Werbezwecke zu sammeln und Werbung jeglicher Art und Mitteilungen f\u00fcr den Verkauf oder andere kommerzielle Zwecke ohne vorherige Anfrage oder Zustimmung zu versenden.<\/li>\n<\/ol>\n<p>Alle Inhalte der Website, wie Texte, Fotografien, Grafiken, Bilder, Icons, Technologie, Software sowie deren grafische Gestaltung und Quellcodes, stellen ein Werk dar, das Eigentum des Eigent\u00fcmers der Website ist, und keines der Nutzungsrechte daran kann so verstanden werden, dass es auf den Nutzer \u00fcbertragen wird, abgesehen von dem, was f\u00fcr die korrekte Nutzung der Website unbedingt erforderlich ist.<\/p>\n<p>Kurz gesagt, die Nutzer, die auf diese Website zugreifen, k\u00f6nnen die Inhalte ansehen und gegebenenfalls genehmigte Privatkopien anfertigen, solange die reproduzierten Elemente nicht an Dritte weitergegeben werden, noch auf Servern installiert werden, die mit Netzen verbunden sind, noch irgendeiner Art von Verwertung unterliegen. Ebenso sind alle Marken, Handelsnamen oder Unterscheidungszeichen jeglicher Art, die auf der Website erscheinen, Eigentum des Eigent\u00fcmers der Website, und es kann nicht davon ausgegangen werden, dass die Nutzung oder der Zugang zu ihnen dem Nutzer irgendein Recht an ihnen verleiht. <\/p>\n<p>Die Verbreitung, Ver\u00e4nderung, \u00dcbertragung oder \u00f6ffentliche Wiedergabe der Inhalte sowie jede andere Handlung, die nicht ausdr\u00fccklich vom Inhaber der Verwertungsrechte genehmigt wurde, ist verboten.<\/p>\n<p>Die Einrichtung eines Hyperlinks impliziert in keinem Fall das Bestehen einer Beziehung zwischen DEM WEBSITE-BESITZER und dem Eigent\u00fcmer der Website, auf der er eingerichtet ist, noch die Akzeptanz und Billigung seiner Inhalte oder Dienstleistungen durch DEN WEBSITE-BESITZER. Die Personen, die einen Hyperlink einrichten wollen, m\u00fcssen die vorherige schriftliche Genehmigung des Eigent\u00fcmers der Website einholen. In jedem Fall darf der Hyperlink nur den Zugang zur Homepage oder zur Startseite unserer Website erm\u00f6glichen, und er darf auch keine falschen, ungenauen oder unrichtigen Aussagen oder Angaben \u00fcber DEN WEBSITE-EIGENT\u00dcMER machen oder illegale Inhalte enthalten, die gegen die guten Sitten und die \u00f6ffentliche Ordnung versto\u00dfen. DER EIGENT\u00dcMER DER WEBSITE ist nicht verantwortlich f\u00fcr die Nutzung der auf dieser Website zur Verf\u00fcgung gestellten Materialien durch die einzelnen Nutzer und f\u00fcr die auf deren Grundlage durchgef\u00fchrten Handlungen.   <\/p>\n<ol start=\"4\">\n<li><strong>AUSSCHLUSS VON GEW\u00c4HRLEISTUNG UND HAFTUNG<\/strong><\/li>\n<\/ol>\n<p>Der Inhalt dieser Website ist allgemeiner Art und dient ausschlie\u00dflich Informationszwecken. Der Zugang zu allen Inhalten wird nicht vollst\u00e4ndig garantiert, ebenso wenig wie deren Vollst\u00e4ndigkeit, Richtigkeit, G\u00fcltigkeit oder Aktualit\u00e4t sowie deren Eignung oder N\u00fctzlichkeit f\u00fcr einen bestimmten Zweck.<\/p>\n<p>DER EIGENT\u00dcMER DER WEBSITE schlie\u00dft, soweit gesetzlich zul\u00e4ssig, jegliche Haftung f\u00fcr Sch\u00e4den jeglicher Art aus, die sich aus:<\/p>\n<ol>\n<li>Die Unm\u00f6glichkeit des Zugriffs auf die Website oder der Mangel an Wahrhaftigkeit, Genauigkeit, Vollst\u00e4ndigkeit und\/oder Aktualit\u00e4t des Inhalts sowie das Vorhandensein von M\u00e4ngeln und Fehlern jeglicher Art in den \u00fcbermittelten, verbreiteten, gespeicherten und denjenigen zur Verf\u00fcgung gestellten Inhalten, die \u00fcber die Website oder die angebotenen Dienstleistungen zugegriffen haben.<\/li>\n<li>Das Vorhandensein von Viren oder anderen Elementen in den Inhalten, die Ver\u00e4nderungen in Computersystemen, elektronischen Dokumenten oder Benutzerdaten verursachen k\u00f6nnen.<\/li>\n<li>Die Nichteinhaltung von Gesetzen, Treu und Glauben, der \u00f6ffentlichen Ordnung, des Verkehrs und des vorliegenden rechtlichen Hinweises als Folge einer falschen Nutzung der Website. Insbesondere, und als Beispiel, ist DER EIGENT\u00dcMER DER WEBSITE nicht verantwortlich f\u00fcr die Handlungen Dritter, die geistige und industrielle Eigentumsrechte, Gesch\u00e4ftsgeheimnisse, Rechte auf Ehre, pers\u00f6nliche und famili\u00e4re Privatsph\u00e4re und Selbstbild, sowie die Vorschriften \u00fcber unlauteren Wettbewerb und illegale Werbung verletzen. <\/li>\n<\/ol>\n<p>Ebenso lehnt der Inhaber der Website jede Verantwortung f\u00fcr Informationen ab, die au\u00dferhalb dieser Website liegen und nicht direkt von unserem Webmaster verwaltet werden. Die Funktion der Links, die auf dieser Website erscheinen, besteht ausschlie\u00dflich darin, den Benutzer \u00fcber die Existenz anderer Quellen zu informieren, die den auf dieser Website angebotenen Inhalt erweitern k\u00f6nnen. DER EIGENT\u00dcMER DER WEBSITE \u00fcbernimmt keine Garantie oder Verantwortung f\u00fcr das Funktionieren oder die Zug\u00e4nglichkeit der verlinkten Seiten, noch schl\u00e4gt er den Besuch dieser Seiten vor, l\u00e4dt dazu ein oder empfiehlt ihn, noch ist er f\u00fcr die erzielten Ergebnisse verantwortlich. DER WEBSITENINHABER ist nicht verantwortlich f\u00fcr die Einrichtung von Hyperlinks durch Dritte.   <\/p>\n<ol start=\"5\">\n<li><strong>DATENSCHUTZPOLITIK<\/strong><\/li>\n<\/ol>\n<p>Sie k\u00f6nnen unsere Datenschutzrichtlinie unter folgender Adresse einsehen <strong><u><a href=\"https:\/\/hornynails.com\/politicas-de-privacidad\/\">enlace<\/a><\/u><\/strong>.<\/p>\n<ol start=\"6\">\n<li><strong>VERFAHREN IM FALLE RECHTSWIDRIGER HANDLUNGEN<\/strong><\/li>\n<\/ol>\n<p>F\u00fcr den Fall, dass ein Nutzer oder ein Dritter der Ansicht ist, dass es Tatsachen oder Umst\u00e4nde gibt, die den rechtswidrigen Charakter der Nutzung eines Inhalts und\/oder der Durchf\u00fchrung einer T\u00e4tigkeit auf den in die Website aufgenommenen oder \u00fcber die Website zug\u00e4nglichen Seiten offenbaren, muss er dem WEBSITE-BESITZER eine Mitteilung schicken, in der er sich ordnungsgem\u00e4\u00df identifiziert, die angeblichen Verst\u00f6\u00dfe angibt und ausdr\u00fccklich und auf eigene Verantwortung erkl\u00e4rt, dass die in der Mitteilung gemachten Angaben richtig sind.<\/p>\n<p>Die Parteien unterwerfen sich ausdr\u00fccklich der Gerichtsbarkeit und der Zust\u00e4ndigkeit der Gerichte, die dem Wohnsitz des Nutzers oder dem Ort der Erf\u00fcllung der vertraglichen Verpflichtung entsprechen, f\u00fcr alle Fragen oder Differenzen, die sich aus der Auslegung, Erf\u00fcllung und Ausf\u00fchrung dieses Vertrags ergeben k\u00f6nnen.<\/p>\n<ol start=\"7\">\n<li><strong>VER\u00d6FFENTLICHUNGEN<\/strong><\/li>\n<\/ol>\n<p>Die \u00fcber die Website bereitgestellten Verwaltungsinformationen ersetzen nicht die rechtliche Ver\u00f6ffentlichung von Gesetzen, Verordnungen, Pl\u00e4nen, allgemeinen Bestimmungen und Akten, die f\u00f6rmlich in den Amtsbl\u00e4ttern der \u00f6ffentlichen Verwaltungen ver\u00f6ffentlicht werden m\u00fcssen, die das einzige Instrument sind, das ihre Authentizit\u00e4t und ihren Inhalt bescheinigt. Die auf dieser Website verf\u00fcgbaren Informationen sind als Leitfaden zu verstehen, der keine Rechtsg\u00fcltigkeit beansprucht. <\/p>\n\t\t\t\t\t\t\t\t<\/div>\n\t\t\t\t<\/div>\n\t\t\t\t\t<\/div>\n\t\t<\/div>\n\t\t\t\t\t<\/div>\n\t\t<\/section>\n\t\t\t\t<\/div>\n\t\t","protected":false},"excerpt":{"rendered":"<p>Rechtlicher Hinweis ZWECK UND AKZEPTANZ Dieser rechtliche Hinweis regelt die Nutzung der Website (nachstehend \u201eWEBSITE\u201c genannt), die Eigentum ist von [&hellip;]<\/p>\n","protected":false},"author":1,"featured_media":0,"parent":0,"menu_order":0,"comment_status":"closed","ping_status":"closed","template":"","meta":{"site-sidebar-layout":"no-sidebar","site-content-layout":"","ast-site-content-layout":"full-width-container","site-content-style":"default","site-sidebar-style":"default","ast-global-header-display":"","ast-banner-title-visibility":"","ast-main-header-display":"","ast-hfb-above-header-display":"","ast-hfb-below-header-display":"","ast-hfb-mobile-header-display":"","site-post-title":"disabled","ast-breadcrumbs-content":"","ast-featured-img":"disabled","footer-sml-layout":"","theme-transparent-header-meta":"","adv-header-id-meta":"","stick-header-meta":"","header-above-stick-meta":"","header-main-stick-meta":"","header-below-stick-meta":"","astra-migrate-meta-layouts":"default","ast-page-background-enabled":"default","ast-page-background-meta":{"desktop":{"background-color":"var(--ast-global-color-4)","background-image":"","background-repeat":"repeat","background-position":"center center","background-size":"auto","background-attachment":"scroll","background-type":"","background-media":"","overlay-type":"","overlay-color":"","overlay-opacity":"","overlay-gradient":""},"tablet":{"background-color":"","background-image":"","background-repeat":"repeat","background-position":"center center","background-size":"auto","background-attachment":"scroll","background-type":"","background-media":"","overlay-type":"","overlay-color":"","overlay-opacity":"","overlay-gradient":""},"mobile":{"background-color":"","background-image":"","background-repeat":"repeat","background-position":"center center","background-size":"auto","background-attachment":"scroll","background-type":"","background-media":"","overlay-type":"","overlay-color":"","overlay-opacity":"","overlay-gradient":""}},"ast-content-background-meta":{"desktop":{"background-color":"var(--ast-global-color-5)","background-image":"","background-repeat":"repeat","background-position":"center center","background-size":"auto","background-attachment":"scroll","background-type":"","background-media":"","overlay-type":"","overlay-color":"","overlay-opacity":"","overlay-gradient":""},"tablet":{"background-color":"var(--ast-global-color-5)","background-image":"","background-repeat":"repeat","background-position":"center center","background-size":"auto","background-attachment":"scroll","background-type":"","background-media":"","overlay-type":"","overlay-color":"","overlay-opacity":"","overlay-gradient":""},"mobile":{"background-color":"var(--ast-global-color-5)","background-image":"","background-repeat":"repeat","background-position":"center center","background-size":"auto","background-attachment":"scroll","background-type":"","background-media":"","overlay-type":"","overlay-color":"","overlay-opacity":"","overlay-gradient":""}},"footnotes":""},"class_list":["post-1484","page","type-page","status-publish","hentry"],"_links":{"self":[{"href":"https:\/\/byebirds.com\/de\/wp-json\/wp\/v2\/pages\/1484","targetHints":{"allow":["GET"]}}],"collection":[{"href":"https:\/\/byebirds.com\/de\/wp-json\/wp\/v2\/pages"}],"about":[{"href":"https:\/\/byebirds.com\/de\/wp-json\/wp\/v2\/types\/page"}],"author":[{"embeddable":true,"href":"https:\/\/byebirds.com\/de\/wp-json\/wp\/v2\/users\/1"}],"replies":[{"embeddable":true,"href":"https:\/\/byebirds.com\/de\/wp-json\/wp\/v2\/comments?post=1484"}],"version-history":[{"count":1,"href":"https:\/\/byebirds.com\/de\/wp-json\/wp\/v2\/pages\/1484\/revisions"}],"predecessor-version":[{"id":1485,"href":"https:\/\/byebirds.com\/de\/wp-json\/wp\/v2\/pages\/1484\/revisions\/1485"}],"wp:attachment":[{"href":"https:\/\/byebirds.com\/de\/wp-json\/wp\/v2\/media?parent=1484"}],"curies":[{"name":"wp","href":"https:\/\/api.w.org\/{rel}","templated":true}]}}