{"id":1486,"date":"2024-09-23T11:03:11","date_gmt":"2024-09-23T09:03:11","guid":{"rendered":"https:\/\/byebirds.com\/fallstudien\/"},"modified":"2024-11-19T12:00:29","modified_gmt":"2024-11-19T11:00:29","slug":"fallstudien","status":"publish","type":"page","link":"https:\/\/byebirds.com\/de\/fallstudien\/","title":{"rendered":"Fallstudien"},"content":{"rendered":"\t\t<div data-elementor-type=\"wp-page\" data-elementor-id=\"1486\" class=\"elementor elementor-1486 elementor-921\" data-elementor-post-type=\"page\">\n\t\t\t\t\t\t<section class=\"ob-is-breaking-bad elementor-section elementor-top-section elementor-element elementor-element-857d2cf elementor-section-boxed elementor-section-height-default elementor-section-height-default\" data-id=\"857d2cf\" data-element_type=\"section\" data-settings=\"{&quot;_ob_bbad_use_it&quot;:&quot;yes&quot;,&quot;_ob_bbad_sssic_use&quot;:&quot;no&quot;,&quot;_ob_glider_is_slider&quot;:&quot;no&quot;}\">\n\t\t\t\t\t\t<div class=\"elementor-container elementor-column-gap-default\">\n\t\t\t\t\t<div class=\"elementor-column elementor-col-100 elementor-top-column elementor-element elementor-element-46951ca\" data-id=\"46951ca\" data-element_type=\"column\" data-settings=\"{&quot;_ob_bbad_is_stalker&quot;:&quot;no&quot;,&quot;_ob_teleporter_use&quot;:false,&quot;_ob_column_hoveranimator&quot;:&quot;no&quot;,&quot;_ob_column_has_pseudo&quot;:&quot;no&quot;}\">\n\t\t\t<div class=\"elementor-widget-wrap elementor-element-populated\">\n\t\t\t\t\t\t<div class=\"elementor-element elementor-element-6e2ed6a ob-harakiri-inherit ob-has-background-overlay elementor-widget elementor-widget-heading\" data-id=\"6e2ed6a\" data-element_type=\"widget\" data-settings=\"{&quot;_ob_use_harakiri&quot;:&quot;yes&quot;,&quot;_ob_harakiri_writing_mode&quot;:&quot;inherit&quot;,&quot;_ob_harakiri_text_clip&quot;:&quot;none&quot;,&quot;_ob_perspektive_use&quot;:&quot;no&quot;,&quot;_ob_poopart_use&quot;:&quot;yes&quot;,&quot;_ob_shadough_use&quot;:&quot;no&quot;,&quot;_ob_allow_hoveranimator&quot;:&quot;no&quot;,&quot;_ob_widget_stalker_use&quot;:&quot;no&quot;}\" data-widget_type=\"heading.default\">\n\t\t\t\t<div class=\"elementor-widget-container\">\n\t\t\t\t\t<h2 class=\"elementor-heading-title elementor-size-default\">Fallstudien<\/h2>\t\t\t\t<\/div>\n\t\t\t\t<\/div>\n\t\t\t\t<div class=\"elementor-element elementor-element-0537d5b elementor-widget-divider--view-line ob-has-background-overlay elementor-widget elementor-widget-divider\" data-id=\"0537d5b\" data-element_type=\"widget\" data-settings=\"{&quot;_ob_perspektive_use&quot;:&quot;no&quot;,&quot;_ob_poopart_use&quot;:&quot;yes&quot;,&quot;_ob_shadough_use&quot;:&quot;no&quot;,&quot;_ob_allow_hoveranimator&quot;:&quot;no&quot;,&quot;_ob_widget_stalker_use&quot;:&quot;no&quot;}\" data-widget_type=\"divider.default\">\n\t\t\t\t<div class=\"elementor-widget-container\">\n\t\t\t\t\t\t\t<div class=\"elementor-divider\">\n\t\t\t<span class=\"elementor-divider-separator\">\n\t\t\t\t\t\t<\/span>\n\t\t<\/div>\n\t\t\t\t\t\t<\/div>\n\t\t\t\t<\/div>\n\t\t\t\t<div class=\"elementor-element elementor-element-3cf4e96 elementor-grid-2 elementor-grid-tablet-2 elementor-grid-mobile-1 elementor-posts--thumbnail-top ob-has-background-overlay elementor-widget elementor-widget-posts\" data-id=\"3cf4e96\" data-element_type=\"widget\" data-settings=\"{&quot;classic_columns&quot;:&quot;2&quot;,&quot;classic_columns_tablet&quot;:&quot;2&quot;,&quot;classic_columns_mobile&quot;:&quot;1&quot;,&quot;classic_row_gap&quot;:{&quot;unit&quot;:&quot;px&quot;,&quot;size&quot;:35,&quot;sizes&quot;:[]},&quot;classic_row_gap_tablet&quot;:{&quot;unit&quot;:&quot;px&quot;,&quot;size&quot;:&quot;&quot;,&quot;sizes&quot;:[]},&quot;classic_row_gap_mobile&quot;:{&quot;unit&quot;:&quot;px&quot;,&quot;size&quot;:&quot;&quot;,&quot;sizes&quot;:[]},&quot;_ob_perspektive_use&quot;:&quot;no&quot;,&quot;_ob_poopart_use&quot;:&quot;yes&quot;,&quot;_ob_shadough_use&quot;:&quot;no&quot;,&quot;_ob_allow_hoveranimator&quot;:&quot;no&quot;,&quot;_ob_widget_stalker_use&quot;:&quot;no&quot;}\" data-widget_type=\"posts.classic\">\n\t\t\t\t<div class=\"elementor-widget-container\">\n\t\t\t\t\t\t\t<div class=\"elementor-posts-container elementor-posts elementor-posts--skin-classic elementor-grid\">\n\t\t\t\t<article class=\"elementor-post elementor-grid-item post-2058 post type-post status-publish format-standard has-post-thumbnail hentry category-unkategorisiert\">\n\t\t\t\t<a class=\"elementor-post__thumbnail__link\" href=\"https:\/\/byebirds.com\/de\/szechenyi-thermalbad-budapest-ungarn\/\" tabindex=\"-1\" >\n\t\t\t<div class=\"elementor-post__thumbnail\"><img fetchpriority=\"high\" decoding=\"async\" width=\"2139\" height=\"1144\" src=\"https:\/\/byebirds.com\/wp-content\/uploads\/2024\/09\/PORTADA5.jpg\" class=\"attachment-full size-full wp-image-2073\" alt=\"\" srcset=\"https:\/\/byebirds.com\/wp-content\/uploads\/2024\/09\/PORTADA5.jpg 2139w, https:\/\/byebirds.com\/wp-content\/uploads\/2024\/09\/PORTADA5-300x160.jpg 300w, https:\/\/byebirds.com\/wp-content\/uploads\/2024\/09\/PORTADA5-1024x548.jpg 1024w, https:\/\/byebirds.com\/wp-content\/uploads\/2024\/09\/PORTADA5-768x411.jpg 768w, https:\/\/byebirds.com\/wp-content\/uploads\/2024\/09\/PORTADA5-1536x821.jpg 1536w, https:\/\/byebirds.com\/wp-content\/uploads\/2024\/09\/PORTADA5-2048x1095.jpg 2048w\" sizes=\"(max-width: 2139px) 100vw, 2139px\" \/><\/div>\n\t\t<\/a>\n\t\t\t\t<div class=\"elementor-post__text\">\n\t\t\t\t<h3 class=\"elementor-post__title\">\n\t\t\t<a href=\"https:\/\/byebirds.com\/de\/szechenyi-thermalbad-budapest-ungarn\/\" >\n\t\t\t\tSz\u00e9chenyi-Thermalbad, Budapest, Ungarn\t\t\t<\/a>\n\t\t<\/h3>\n\t\t\t\t<div class=\"elementor-post__excerpt\">\n\t\t\t<p>Das Sz\u00e9chenyi-Heilbad in Budapest ist das gr\u00f6\u00dfte Heilbad Europas. Das 1913 nach einem Entwurf von Gy\u0151z\u0151 Czigler im neobarocken Stil erbaute Bad liegt im Stadtpark. Trotz der Stacheln und Netze lebten und nisteten viele Tauben im Geb\u00e4ude, wo sie mehrere<\/p>\n\t\t<\/div>\n\t\t\n\t\t<a class=\"elementor-post__read-more\" href=\"https:\/\/byebirds.com\/de\/szechenyi-thermalbad-budapest-ungarn\/\" aria-label=\"Read more about Sz\u00e9chenyi-Thermalbad, Budapest, Ungarn\" tabindex=\"-1\" >\n\t\t\tMehr lesen\t\t<\/a>\n\n\t\t\t\t<\/div>\n\t\t\t\t<\/article>\n\t\t\t\t<article class=\"elementor-post elementor-grid-item post-2123 post type-post status-publish format-standard has-post-thumbnail hentry category-unkategorisiert\">\n\t\t\t\t<a class=\"elementor-post__thumbnail__link\" href=\"https:\/\/byebirds.com\/de\/hieronymus-kloster-lissabon-portugal\/\" tabindex=\"-1\" >\n\t\t\t<div class=\"elementor-post__thumbnail\"><img decoding=\"async\" width=\"2139\" height=\"1144\" src=\"https:\/\/byebirds.com\/wp-content\/uploads\/2024\/09\/PORTADA4.jpg\" class=\"attachment-full size-full wp-image-2094\" alt=\"\" srcset=\"https:\/\/byebirds.com\/wp-content\/uploads\/2024\/09\/PORTADA4.jpg 2139w, https:\/\/byebirds.com\/wp-content\/uploads\/2024\/09\/PORTADA4-300x160.jpg 300w, https:\/\/byebirds.com\/wp-content\/uploads\/2024\/09\/PORTADA4-1024x548.jpg 1024w, https:\/\/byebirds.com\/wp-content\/uploads\/2024\/09\/PORTADA4-768x411.jpg 768w, https:\/\/byebirds.com\/wp-content\/uploads\/2024\/09\/PORTADA4-1536x821.jpg 1536w, https:\/\/byebirds.com\/wp-content\/uploads\/2024\/09\/PORTADA4-2048x1095.jpg 2048w\" sizes=\"(max-width: 2139px) 100vw, 2139px\" \/><\/div>\n\t\t<\/a>\n\t\t\t\t<div class=\"elementor-post__text\">\n\t\t\t\t<h3 class=\"elementor-post__title\">\n\t\t\t<a href=\"https:\/\/byebirds.com\/de\/hieronymus-kloster-lissabon-portugal\/\" >\n\t\t\t\tHieronymus-Kloster, Lissabon, Portugal\t\t\t<\/a>\n\t\t<\/h3>\n\t\t\t\t<div class=\"elementor-post__excerpt\">\n\t\t\t<p>Sie wurde um 1459 vom Infanten Heinrich dem Seefahrer erbaut und 1983 in die Liste des UNESCO-Weltkulturerbes aufgenommen und ist das bedeutendste Bauwerk Portugals. Da es direkt am Meer liegt, hatten sie das Problem, dass M\u00f6wen auf dem Dach landeten<\/p>\n\t\t<\/div>\n\t\t\n\t\t<a class=\"elementor-post__read-more\" href=\"https:\/\/byebirds.com\/de\/hieronymus-kloster-lissabon-portugal\/\" aria-label=\"Read more about Hieronymus-Kloster, Lissabon, Portugal\" tabindex=\"-1\" >\n\t\t\tMehr lesen\t\t<\/a>\n\n\t\t\t\t<\/div>\n\t\t\t\t<\/article>\n\t\t\t\t<article class=\"elementor-post elementor-grid-item post-2118 post type-post status-publish format-standard has-post-thumbnail hentry category-unkategorisiert\">\n\t\t\t\t<a class=\"elementor-post__thumbnail__link\" href=\"https:\/\/byebirds.com\/de\/newbury-racecourse-berkshire-vereinigtes-koenigreich\/\" tabindex=\"-1\" >\n\t\t\t<div class=\"elementor-post__thumbnail\"><img decoding=\"async\" width=\"2139\" height=\"1144\" src=\"https:\/\/byebirds.com\/wp-content\/uploads\/2024\/09\/PORTADA3.jpg\" class=\"attachment-full size-full wp-image-2093\" alt=\"\" srcset=\"https:\/\/byebirds.com\/wp-content\/uploads\/2024\/09\/PORTADA3.jpg 2139w, https:\/\/byebirds.com\/wp-content\/uploads\/2024\/09\/PORTADA3-300x160.jpg 300w, https:\/\/byebirds.com\/wp-content\/uploads\/2024\/09\/PORTADA3-1024x548.jpg 1024w, https:\/\/byebirds.com\/wp-content\/uploads\/2024\/09\/PORTADA3-768x411.jpg 768w, https:\/\/byebirds.com\/wp-content\/uploads\/2024\/09\/PORTADA3-1536x821.jpg 1536w, https:\/\/byebirds.com\/wp-content\/uploads\/2024\/09\/PORTADA3-2048x1095.jpg 2048w\" sizes=\"(max-width: 2139px) 100vw, 2139px\" \/><\/div>\n\t\t<\/a>\n\t\t\t\t<div class=\"elementor-post__text\">\n\t\t\t\t<h3 class=\"elementor-post__title\">\n\t\t\t<a href=\"https:\/\/byebirds.com\/de\/newbury-racecourse-berkshire-vereinigtes-koenigreich\/\" >\n\t\t\t\tNewbury Racecourse, Berkshire, Vereinigtes K\u00f6nigreich\t\t\t<\/a>\n\t\t<\/h3>\n\t\t\t\t<div class=\"elementor-post__excerpt\">\n\t\t\t<p>Die Newbury Racecourse ist eine Pferderennbahn in der Gemeinde Greenham, angrenzend an die Stadt Newbury in Berkshire, England. Es gibt Strecken f\u00fcr Flachrennen und \u00dcberspr\u00fcnge. Hier findet eines der 31 Flachrennen der Gruppe 1 in Gro\u00dfbritannien statt, die Lockinge Stakes.<\/p>\n\t\t<\/div>\n\t\t\n\t\t<a class=\"elementor-post__read-more\" href=\"https:\/\/byebirds.com\/de\/newbury-racecourse-berkshire-vereinigtes-koenigreich\/\" aria-label=\"Read more about Newbury Racecourse, Berkshire, Vereinigtes K\u00f6nigreich\" tabindex=\"-1\" >\n\t\t\tMehr lesen\t\t<\/a>\n\n\t\t\t\t<\/div>\n\t\t\t\t<\/article>\n\t\t\t\t<article class=\"elementor-post elementor-grid-item post-2108 post type-post status-publish format-standard has-post-thumbnail hentry category-unkategorisiert\">\n\t\t\t\t<a class=\"elementor-post__thumbnail__link\" href=\"https:\/\/byebirds.com\/de\/anweisungen-fuer-den-gebrauch\/\" tabindex=\"-1\" >\n\t\t\t<div class=\"elementor-post__thumbnail\"><img loading=\"lazy\" decoding=\"async\" width=\"2139\" height=\"1144\" src=\"https:\/\/byebirds.com\/wp-content\/uploads\/2024\/09\/PORTADA2.jpg\" class=\"attachment-full size-full wp-image-2092\" alt=\"\" srcset=\"https:\/\/byebirds.com\/wp-content\/uploads\/2024\/09\/PORTADA2.jpg 2139w, https:\/\/byebirds.com\/wp-content\/uploads\/2024\/09\/PORTADA2-300x160.jpg 300w, https:\/\/byebirds.com\/wp-content\/uploads\/2024\/09\/PORTADA2-1024x548.jpg 1024w, https:\/\/byebirds.com\/wp-content\/uploads\/2024\/09\/PORTADA2-768x411.jpg 768w, https:\/\/byebirds.com\/wp-content\/uploads\/2024\/09\/PORTADA2-1536x821.jpg 1536w, https:\/\/byebirds.com\/wp-content\/uploads\/2024\/09\/PORTADA2-2048x1095.jpg 2048w\" sizes=\"(max-width: 2139px) 100vw, 2139px\" \/><\/div>\n\t\t<\/a>\n\t\t\t\t<div class=\"elementor-post__text\">\n\t\t\t\t<h3 class=\"elementor-post__title\">\n\t\t\t<a href=\"https:\/\/byebirds.com\/de\/anweisungen-fuer-den-gebrauch\/\" >\n\t\t\t\tAnweisungen f\u00fcr den Gebrauch\t\t\t<\/a>\n\t\t<\/h3>\n\t\t\t\t<div class=\"elementor-post__excerpt\">\n\t\t\t<p>Die Kirche Saint-Nicolas ist ein romanisches und gotisches Bauwerk aus dem 11. Jahrhundert in der franz\u00f6sischen Stadt Maule, in der Region Yvelines, \u00cele-de-France. Sie wurde per Dekret vom 19. M\u00e4rz 1883 unter Denkmalschutz gestellt. Etwa 60 Tauben, die in der<\/p>\n\t\t<\/div>\n\t\t\n\t\t<a class=\"elementor-post__read-more\" href=\"https:\/\/byebirds.com\/de\/anweisungen-fuer-den-gebrauch\/\" aria-label=\"Read more about Anweisungen f\u00fcr den Gebrauch\" tabindex=\"-1\" >\n\t\t\tMehr lesen\t\t<\/a>\n\n\t\t\t\t<\/div>\n\t\t\t\t<\/article>\n\t\t\t\t<article class=\"elementor-post elementor-grid-item post-2090 post type-post status-publish format-standard has-post-thumbnail hentry category-unkategorisiert\">\n\t\t\t\t<a class=\"elementor-post__thumbnail__link\" href=\"https:\/\/byebirds.com\/de\/walton-on-thames-bridge-surrey-vereinigtes-koenigreich\/\" tabindex=\"-1\" >\n\t\t\t<div class=\"elementor-post__thumbnail\"><img loading=\"lazy\" decoding=\"async\" width=\"2139\" height=\"1144\" src=\"https:\/\/byebirds.com\/wp-content\/uploads\/2024\/09\/PORTADA1.jpg\" class=\"attachment-full size-full wp-image-2091\" alt=\"\" srcset=\"https:\/\/byebirds.com\/wp-content\/uploads\/2024\/09\/PORTADA1.jpg 2139w, https:\/\/byebirds.com\/wp-content\/uploads\/2024\/09\/PORTADA1-300x160.jpg 300w, https:\/\/byebirds.com\/wp-content\/uploads\/2024\/09\/PORTADA1-1024x548.jpg 1024w, https:\/\/byebirds.com\/wp-content\/uploads\/2024\/09\/PORTADA1-768x411.jpg 768w, https:\/\/byebirds.com\/wp-content\/uploads\/2024\/09\/PORTADA1-1536x821.jpg 1536w, https:\/\/byebirds.com\/wp-content\/uploads\/2024\/09\/PORTADA1-2048x1095.jpg 2048w\" sizes=\"(max-width: 2139px) 100vw, 2139px\" \/><\/div>\n\t\t<\/a>\n\t\t\t\t<div class=\"elementor-post__text\">\n\t\t\t\t<h3 class=\"elementor-post__title\">\n\t\t\t<a href=\"https:\/\/byebirds.com\/de\/walton-on-thames-bridge-surrey-vereinigtes-koenigreich\/\" >\n\t\t\t\tWalton on Thames Bridge, Surrey, Vereinigtes K\u00f6nigreich\t\t\t<\/a>\n\t\t<\/h3>\n\t\t\t\t<div class=\"elementor-post__excerpt\">\n\t\t\t<p>Walton Bridge ist eine Stra\u00dfenbr\u00fccke \u00fcber die Themse in England. Sie \u00fcberspannt die A244 zwischen Walton-on-Thames und Shepperton und \u00fcberquert die Themse im Abschnitt zwischen Sunbury Lock und Shepperton Lock. Die Br\u00fccke ist die erste Stra\u00dfenbr\u00fccke \u00fcber die Themse, die<\/p>\n\t\t<\/div>\n\t\t\n\t\t<a class=\"elementor-post__read-more\" href=\"https:\/\/byebirds.com\/de\/walton-on-thames-bridge-surrey-vereinigtes-koenigreich\/\" aria-label=\"Read more about Walton on Thames Bridge, Surrey, Vereinigtes K\u00f6nigreich\" tabindex=\"-1\" >\n\t\t\tMehr lesen\t\t<\/a>\n\n\t\t\t\t<\/div>\n\t\t\t\t<\/article>\n\t\t\t\t<\/div>\n\t\t\n\t\t\t\t\t\t<\/div>\n\t\t\t\t<\/div>\n\t\t\t\t\t<\/div>\n\t\t<\/div>\n\t\t\t\t\t<\/div>\n\t\t<\/section>\n\t\t\t\t<\/div>\n\t\t","protected":false},"excerpt":{"rendered":"<p>Fallstudien<\/p>\n","protected":false},"author":1,"featured_media":0,"parent":0,"menu_order":0,"comment_status":"closed","ping_status":"closed","template":"","meta":{"site-sidebar-layout":"no-sidebar","site-content-layout":"","ast-site-content-layout":"full-width-container","site-content-style":"default","site-sidebar-style":"default","ast-global-header-display":"","ast-banner-title-visibility":"","ast-main-header-display":"","ast-hfb-above-header-display":"","ast-hfb-below-header-display":"","ast-hfb-mobile-header-display":"","site-post-title":"disabled","ast-breadcrumbs-content":"","ast-featured-img":"disabled","footer-sml-layout":"","theme-transparent-header-meta":"","adv-header-id-meta":"","stick-header-meta":"","header-above-stick-meta":"","header-main-stick-meta":"","header-below-stick-meta":"","astra-migrate-meta-layouts":"default","ast-page-background-enabled":"default","ast-page-background-meta":{"desktop":{"background-color":"var(--ast-global-color-4)","background-image":"","background-repeat":"repeat","background-position":"center center","background-size":"auto","background-attachment":"scroll","background-type":"","background-media":"","overlay-type":"","overlay-color":"","overlay-opacity":"","overlay-gradient":""},"tablet":{"background-color":"","background-image":"","background-repeat":"repeat","background-position":"center center","background-size":"auto","background-attachment":"scroll","background-type":"","background-media":"","overlay-type":"","overlay-color":"","overlay-opacity":"","overlay-gradient":""},"mobile":{"background-color":"","background-image":"","background-repeat":"repeat","background-position":"center center","background-size":"auto","background-attachment":"scroll","background-type":"","background-media":"","overlay-type":"","overlay-color":"","overlay-opacity":"","overlay-gradient":""}},"ast-content-background-meta":{"desktop":{"background-color":"var(--ast-global-color-5)","background-image":"","background-repeat":"repeat","background-position":"center center","background-size":"auto","background-attachment":"scroll","background-type":"","background-media":"","overlay-type":"","overlay-color":"","overlay-opacity":"","overlay-gradient":""},"tablet":{"background-color":"var(--ast-global-color-5)","background-image":"","background-repeat":"repeat","background-position":"center center","background-size":"auto","background-attachment":"scroll","background-type":"","background-media":"","overlay-type":"","overlay-color":"","overlay-opacity":"","overlay-gradient":""},"mobile":{"background-color":"var(--ast-global-color-5)","background-image":"","background-repeat":"repeat","background-position":"center center","background-size":"auto","background-attachment":"scroll","background-type":"","background-media":"","overlay-type":"","overlay-color":"","overlay-opacity":"","overlay-gradient":""}},"footnotes":""},"class_list":["post-1486","page","type-page","status-publish","hentry"],"_links":{"self":[{"href":"https:\/\/byebirds.com\/de\/wp-json\/wp\/v2\/pages\/1486","targetHints":{"allow":["GET"]}}],"collection":[{"href":"https:\/\/byebirds.com\/de\/wp-json\/wp\/v2\/pages"}],"about":[{"href":"https:\/\/byebirds.com\/de\/wp-json\/wp\/v2\/types\/page"}],"author":[{"embeddable":true,"href":"https:\/\/byebirds.com\/de\/wp-json\/wp\/v2\/users\/1"}],"replies":[{"embeddable":true,"href":"https:\/\/byebirds.com\/de\/wp-json\/wp\/v2\/comments?post=1486"}],"version-history":[{"count":4,"href":"https:\/\/byebirds.com\/de\/wp-json\/wp\/v2\/pages\/1486\/revisions"}],"predecessor-version":[{"id":2639,"href":"https:\/\/byebirds.com\/de\/wp-json\/wp\/v2\/pages\/1486\/revisions\/2639"}],"wp:attachment":[{"href":"https:\/\/byebirds.com\/de\/wp-json\/wp\/v2\/media?parent=1486"}],"curies":[{"name":"wp","href":"https:\/\/api.w.org\/{rel}","templated":true}]}}