{"id":1488,"date":"2024-11-12T18:28:03","date_gmt":"2024-11-12T17:28:03","guid":{"rendered":"https:\/\/byebirds.com\/cookies\/"},"modified":"2024-11-12T21:38:20","modified_gmt":"2024-11-12T20:38:20","slug":"cookies","status":"publish","type":"page","link":"https:\/\/byebirds.com\/de\/cookies\/","title":{"rendered":"Cookies"},"content":{"rendered":"\t\t<div data-elementor-type=\"wp-page\" data-elementor-id=\"1488\" class=\"elementor elementor-1488 elementor-1349\" data-elementor-post-type=\"page\">\n\t\t\t\t\t\t<section class=\"ob-is-breaking-bad elementor-section elementor-top-section elementor-element elementor-element-c1d1255 elementor-section-boxed elementor-section-height-default elementor-section-height-default\" data-id=\"c1d1255\" data-element_type=\"section\" data-settings=\"{&quot;_ob_bbad_use_it&quot;:&quot;yes&quot;,&quot;_ob_bbad_sssic_use&quot;:&quot;no&quot;,&quot;_ob_glider_is_slider&quot;:&quot;no&quot;}\">\n\t\t\t\t\t\t<div class=\"elementor-container elementor-column-gap-default\">\n\t\t\t\t\t<div class=\"elementor-column elementor-col-100 elementor-top-column elementor-element elementor-element-4f56b9b\" data-id=\"4f56b9b\" data-element_type=\"column\" data-settings=\"{&quot;_ob_bbad_is_stalker&quot;:&quot;no&quot;,&quot;_ob_teleporter_use&quot;:false,&quot;_ob_column_hoveranimator&quot;:&quot;no&quot;,&quot;_ob_column_has_pseudo&quot;:&quot;no&quot;}\">\n\t\t\t<div class=\"elementor-widget-wrap elementor-element-populated\">\n\t\t\t\t\t\t<div class=\"elementor-element elementor-element-24f7ab4 ob-harakiri-inherit ob-has-background-overlay elementor-widget elementor-widget-heading\" data-id=\"24f7ab4\" data-element_type=\"widget\" data-settings=\"{&quot;_ob_use_harakiri&quot;:&quot;yes&quot;,&quot;_ob_harakiri_writing_mode&quot;:&quot;inherit&quot;,&quot;_ob_harakiri_text_clip&quot;:&quot;none&quot;,&quot;_ob_perspektive_use&quot;:&quot;no&quot;,&quot;_ob_poopart_use&quot;:&quot;yes&quot;,&quot;_ob_shadough_use&quot;:&quot;no&quot;,&quot;_ob_allow_hoveranimator&quot;:&quot;no&quot;,&quot;_ob_widget_stalker_use&quot;:&quot;no&quot;}\" data-widget_type=\"heading.default\">\n\t\t\t\t<div class=\"elementor-widget-container\">\n\t\t\t\t\t<h2 class=\"elementor-heading-title elementor-size-default\">Cookies<\/h2>\t\t\t\t<\/div>\n\t\t\t\t<\/div>\n\t\t\t\t<div class=\"elementor-element elementor-element-7750896 ob-harakiri-inherit ob-has-background-overlay elementor-widget elementor-widget-text-editor\" data-id=\"7750896\" data-element_type=\"widget\" data-settings=\"{&quot;_ob_use_harakiri&quot;:&quot;yes&quot;,&quot;_ob_harakiri_writing_mode&quot;:&quot;inherit&quot;,&quot;_ob_postman_use&quot;:&quot;no&quot;,&quot;_ob_perspektive_use&quot;:&quot;no&quot;,&quot;_ob_poopart_use&quot;:&quot;yes&quot;,&quot;_ob_shadough_use&quot;:&quot;no&quot;,&quot;_ob_allow_hoveranimator&quot;:&quot;no&quot;,&quot;_ob_widget_stalker_use&quot;:&quot;no&quot;}\" data-widget_type=\"text-editor.default\">\n\t\t\t\t<div class=\"elementor-widget-container\">\n\t\t\t\t\t\t\t\t\t<ol>\n<li><strong>Einf\u00fchrung<\/strong><\/li>\n<\/ol>\n<p>Unsere Website (im Folgenden: \u201edie Website\u201c) verwendet Cookies und andere damit verbundene Technologien (der Einfachheit halber werden alle Technologien als \u201eCookies\u201c bezeichnet). Cookies werden auch von Dritten gesetzt, mit denen wir einen Vertrag abgeschlossen haben. Im folgenden Dokument informieren wir Sie \u00fcber die Verwendung von Cookies auf unserer Website.  <\/p>\n<ol start=\"2\">\n<li><strong>Was sind Cookies?<\/strong><\/li>\n<\/ol>\n<p>Ein Cookie ist eine kleine einfache Datei, die zusammen mit den Seiten dieser Website gesendet und von Ihrem Browser auf der Festplatte Ihres Computers oder eines anderen Ger\u00e4ts gespeichert wird. Die gespeicherten Informationen k\u00f6nnen bei einem sp\u00e4teren Besuch an unsere Server oder an die Server relevanter Dritter zur\u00fcckgesandt werden. <\/p>\n<ol start=\"3\">\n<li><strong>Was sind Skripte?<\/strong><\/li>\n<\/ol>\n<p>Ein Skript ist ein St\u00fcck Programmcode, der dazu dient, dass unsere Website korrekt und interaktiv funktioniert. Dieser Code l\u00e4uft auf unserem Server oder auf Ihrem Ger\u00e4t. <\/p>\n<ol start=\"4\">\n<li><strong>Was ist ein Web-Beacon?<\/strong><\/li>\n<\/ol>\n<p>Ein Web-Beacon (oder Pixel-Tag) ist ein kleines, unsichtbares St\u00fcck Text oder Bild auf einer Website, das dazu dient, den Verkehr auf einer Website zu \u00fcberwachen. Zu diesem Zweck werden verschiedene Daten \u00fcber Sie mithilfe von Web-Beacons gespeichert. <\/p>\n<ol start=\"5\">\n<li><strong>Zustimmung<\/strong><\/li>\n<\/ol>\n<p>Wenn Sie unsere Website zum ersten Mal besuchen, wird Ihnen ein Pop-up-Fenster mit einer Erkl\u00e4rung zu Cookies angezeigt. Sobald Sie auf \u201eEinstellungen speichern\u201c klicken, erm\u00e4chtigen Sie uns, die von Ihnen im Pop-up-Fenster ausgew\u00e4hlten Kategorien von Cookies und Plug-ins zu verwenden, wie in dieser Cookie-Erkl\u00e4rung beschrieben. Sie k\u00f6nnen die Verwendung von Cookies \u00fcber Ihren Browser deaktivieren, aber beachten Sie bitte, dass unsere Website dann m\u00f6glicherweise nicht mehr richtig funktioniert.  <\/p>\n<p>5.1 Verwaltung der Zustimmungseinstellungen<\/p>\n<p>Der Nutzer hat das Recht, sein Einverst\u00e4ndnis zu zeigen, indem er die Zustimmung erteilt, die wir beim Besuch unserer Website einholen werden.<\/p>\n<p>Diese Zustimmung kann jederzeit ge\u00e4ndert werden.<\/p>\n<ol start=\"6\">\n<li><strong>Cookies<\/strong><\/li>\n<\/ol>\n<p>6.1 Technische oder funktionale Cookies<\/p>\n<p>Einige Cookies sorgen daf\u00fcr, dass bestimmte Teile der Website ordnungsgem\u00e4\u00df funktionieren und dass Ihre Benutzerpr\u00e4ferenzen bekannt bleiben. Indem wir funktionale Cookies setzen, erleichtern wir Ihnen den Besuch unserer Website. So m\u00fcssen Sie beim Besuch unserer Website nicht immer wieder dieselben Informationen eingeben und die Artikel bleiben beispielsweise in Ihrem Warenkorb, bis Sie bezahlt haben. Wir k\u00f6nnen diese Cookies ohne Ihre Zustimmung setzen.   <\/p>\n<p>6.2 Analytische Cookies<\/p>\n<p>Dabei handelt es sich um Daten, die von uns oder von Dritten verarbeitet werden und die es uns erm\u00f6glichen, die Anzahl der Nutzer zu quantifizieren und somit eine Messung und statistische Analyse der Nutzung des angebotenen Dienstes durch die Nutzer durchzuf\u00fchren. Zu diesem Zweck wird Ihr Surfverhalten auf unserer Website analysiert, um das Angebot an Produkten und Dienstleistungen zu verbessern. <\/p>\n<p>6.3 Werbe-Cookies<\/p>\n<p>Dabei handelt es sich um Daten, die von uns oder von Dritten verarbeitet werden und die es uns erm\u00f6glichen, die Bereitstellung von Werbefl\u00e4chen auf der Website so effizient wie m\u00f6glich zu verwalten und den Inhalt der Werbung an den Inhalt der angeforderten Dienstleistung oder an die Nutzung unserer Website durch Sie anzupassen. Zu diesem Zweck k\u00f6nnen wir Ihre Internet-Browsing-Gewohnheiten analysieren und Ihnen Werbung zeigen, die mit Ihrem Browsing-Profil zusammenh\u00e4ngt. <\/p>\n<p>6.4 Schaltfl\u00e4chen f\u00fcr soziale Medien<\/p>\n<p>Auf unserer Website haben wir Schaltfl\u00e4chen zum Bewerben von Seiten (z.B. \u201eGef\u00e4llt mir\u201c, \u201eAnheften\u201c) oder zum Teilen (z.B. \u201eTweeten\u201c) in sozialen Netzwerken wie. Diese Schaltfl\u00e4chen arbeiten mit einem Code von uns selbst. Dieser Code bettet Cookies ein. Diese Social-Media-Schaltfl\u00e4chen k\u00f6nnen bestimmte Informationen speichern und verarbeiten, so dass Ihnen eine personalisierte Werbung angezeigt werden kann.   <\/p>\n<p>Bitte lesen Sie die Datenschutzrichtlinien dieser sozialen Netzwerke (die sich h\u00e4ufig \u00e4ndern k\u00f6nnen), um herauszufinden, was sie mit Ihren (personenbezogenen) Daten machen, die sie mit diesen Cookies verarbeiten. Die Daten, die sie erhalten, sind so weit wie m\u00f6glich anonymisiert und befinden sich in den Vereinigten Staaten. <\/p>\n<ol start=\"7\">\n<li><strong>Verwendete Cookies<\/strong><\/li>\n<\/ol>\n<p>Die auf dieser Website verwendeten Cookies sind nachstehend aufgef\u00fchrt.<\/p>\n<ol start=\"8\">\n<li>Ihre Rechte in Bezug auf personenbezogene Daten<\/li>\n<\/ol>\n<p>Sie haben die folgenden Rechte in Bezug auf Ihre pers\u00f6nlichen Daten:<\/p>\n<ul>\n<li>Sie haben das Recht zu erfahren, wozu Ihre personenbezogenen Daten ben\u00f6tigt werden, was mit ihnen geschieht und wie lange sie aufbewahrt werden.<\/li>\n<li>Auskunftsrecht: Sie haben das Recht auf Auskunft \u00fcber die Sie betreffenden personenbezogenen Daten, die uns bekannt sind.<\/li>\n<li>Recht auf Berichtigung: Sie haben jederzeit das Recht auf Vervollst\u00e4ndigung, Berichtigung, L\u00f6schung oder Sperrung Ihrer personenbezogenen Daten.<\/li>\n<li>Wenn Sie uns Ihre Einwilligung zur Verarbeitung Ihrer Daten gegeben haben, haben Sie das Recht, diese Einwilligung zu widerrufen und Ihre personenbezogenen Daten l\u00f6schen zu lassen.<\/li>\n<li>Recht auf Daten\u00fcbertragbarkeit: Sie haben das Recht, alle Ihre personenbezogenen Daten von dem f\u00fcr die Verarbeitung Verantwortlichen anzufordern und sie in vollem Umfang an einen anderen f\u00fcr die Verarbeitung Verantwortlichen zu \u00fcbermitteln.<\/li>\n<li>Recht auf Widerspruch: Sie k\u00f6nnen der Verarbeitung Ihrer Daten widersprechen. Dem kommen wir nach, es sei denn, es liegen berechtigte Gr\u00fcnde f\u00fcr die Verarbeitung vor. <\/li>\n<\/ul>\n<p>Um diese Rechte auszu\u00fcben, wenden Sie sich bitte an uns. Bitte beachten Sie die Kontaktdaten am Ende dieser Cookie-Erkl\u00e4rung. Wenn Sie sich dar\u00fcber beschweren m\u00f6chten, wie wir Ihre Daten behandeln, w\u00fcrden wir uns freuen, von Ihnen zu h\u00f6ren. Sie haben aber auch das Recht, eine Beschwerde bei der Aufsichtsbeh\u00f6rde (der Datenschutzbeh\u00f6rde) einzureichen.  <\/p>\n<ol start=\"9\">\n<li><strong>Aktivieren\/Deaktivieren und L\u00f6schen von Cookies<\/strong><\/li>\n<\/ol>\n<p>Sie k\u00f6nnen Ihren Internet-Browser verwenden, um Cookies automatisch oder manuell zu l\u00f6schen. Sie k\u00f6nnen auch festlegen, dass bestimmte Cookies nicht gesetzt werden k\u00f6nnen. Eine weitere M\u00f6glichkeit besteht darin, die Einstellungen Ihres Internet-Browsers so zu \u00e4ndern, dass Sie jedes Mal, wenn ein Cookie gesetzt wird, eine Meldung erhalten. Weitere Informationen zu diesen Optionen finden Sie in den Anleitungen im Hilfebereich Ihres Browsers.   <\/p>\n<p>Bitte beachten Sie, dass unsere Website m\u00f6glicherweise nicht richtig funktioniert, wenn alle Cookies deaktiviert sind. Wenn Sie Cookies aus Ihrem Browser l\u00f6schen, werden sie nach Ihrer Zustimmung erneut gesetzt, wenn Sie unsere Websites erneut besuchen. <\/p>\n<ol start=\"10\">\n<li><strong>Kontaktangaben<\/strong><\/li>\n<\/ol>\n<p>Wenn Sie Fragen und\/oder Anmerkungen zu unserer Cookie-Richtlinie und dieser Erkl\u00e4rung haben, wenden Sie sich bitte an die nachstehenden Kontaktangaben:<\/p>\n<ul>\n<li>Die zust\u00e4ndige Person ist <strong>Carlos Uriarte<\/strong><\/li>\n<li>Ihre Umsatzsteuer-Identifikationsnummer lautet: <strong>B39755897<\/strong> <\/li>\n<li>Seine Anschrift lautet: <strong>Pol\u00edgono Ind. de Guarnizo. Centro de Negocios, Nave 3, 39611, Guarnizo, Cantabria  <\/strong><\/li>\n<li>E-Mail Adresse : i<strong>nfo@byebirds.com<\/strong><\/li>\n<\/ul>\n\t\t\t\t\t\t\t\t<\/div>\n\t\t\t\t<\/div>\n\t\t\t\t\t<\/div>\n\t\t<\/div>\n\t\t\t\t\t<\/div>\n\t\t<\/section>\n\t\t\t\t<\/div>\n\t\t","protected":false},"excerpt":{"rendered":"<p>Cookies Einf\u00fchrung Unsere Website (im Folgenden: \u201edie Website\u201c) verwendet Cookies und andere damit verbundene Technologien (der Einfachheit halber werden alle [&hellip;]<\/p>\n","protected":false},"author":1,"featured_media":0,"parent":0,"menu_order":0,"comment_status":"closed","ping_status":"closed","template":"","meta":{"site-sidebar-layout":"no-sidebar","site-content-layout":"","ast-site-content-layout":"full-width-container","site-content-style":"default","site-sidebar-style":"default","ast-global-header-display":"","ast-banner-title-visibility":"","ast-main-header-display":"","ast-hfb-above-header-display":"","ast-hfb-below-header-display":"","ast-hfb-mobile-header-display":"","site-post-title":"disabled","ast-breadcrumbs-content":"","ast-featured-img":"disabled","footer-sml-layout":"","theme-transparent-header-meta":"","adv-header-id-meta":"","stick-header-meta":"","header-above-stick-meta":"","header-main-stick-meta":"","header-below-stick-meta":"","astra-migrate-meta-layouts":"default","ast-page-background-enabled":"default","ast-page-background-meta":{"desktop":{"background-color":"var(--ast-global-color-4)","background-image":"","background-repeat":"repeat","background-position":"center center","background-size":"auto","background-attachment":"scroll","background-type":"","background-media":"","overlay-type":"","overlay-color":"","overlay-opacity":"","overlay-gradient":""},"tablet":{"background-color":"","background-image":"","background-repeat":"repeat","background-position":"center center","background-size":"auto","background-attachment":"scroll","background-type":"","background-media":"","overlay-type":"","overlay-color":"","overlay-opacity":"","overlay-gradient":""},"mobile":{"background-color":"","background-image":"","background-repeat":"repeat","background-position":"center center","background-size":"auto","background-attachment":"scroll","background-type":"","background-media":"","overlay-type":"","overlay-color":"","overlay-opacity":"","overlay-gradient":""}},"ast-content-background-meta":{"desktop":{"background-color":"var(--ast-global-color-5)","background-image":"","background-repeat":"repeat","background-position":"center center","background-size":"auto","background-attachment":"scroll","background-type":"","background-media":"","overlay-type":"","overlay-color":"","overlay-opacity":"","overlay-gradient":""},"tablet":{"background-color":"var(--ast-global-color-5)","background-image":"","background-repeat":"repeat","background-position":"center center","background-size":"auto","background-attachment":"scroll","background-type":"","background-media":"","overlay-type":"","overlay-color":"","overlay-opacity":"","overlay-gradient":""},"mobile":{"background-color":"var(--ast-global-color-5)","background-image":"","background-repeat":"repeat","background-position":"center center","background-size":"auto","background-attachment":"scroll","background-type":"","background-media":"","overlay-type":"","overlay-color":"","overlay-opacity":"","overlay-gradient":""}},"footnotes":""},"class_list":["post-1488","page","type-page","status-publish","hentry"],"_links":{"self":[{"href":"https:\/\/byebirds.com\/de\/wp-json\/wp\/v2\/pages\/1488","targetHints":{"allow":["GET"]}}],"collection":[{"href":"https:\/\/byebirds.com\/de\/wp-json\/wp\/v2\/pages"}],"about":[{"href":"https:\/\/byebirds.com\/de\/wp-json\/wp\/v2\/types\/page"}],"author":[{"embeddable":true,"href":"https:\/\/byebirds.com\/de\/wp-json\/wp\/v2\/users\/1"}],"replies":[{"embeddable":true,"href":"https:\/\/byebirds.com\/de\/wp-json\/wp\/v2\/comments?post=1488"}],"version-history":[{"count":1,"href":"https:\/\/byebirds.com\/de\/wp-json\/wp\/v2\/pages\/1488\/revisions"}],"predecessor-version":[{"id":1489,"href":"https:\/\/byebirds.com\/de\/wp-json\/wp\/v2\/pages\/1488\/revisions\/1489"}],"wp:attachment":[{"href":"https:\/\/byebirds.com\/de\/wp-json\/wp\/v2\/media?parent=1488"}],"curies":[{"name":"wp","href":"https:\/\/api.w.org\/{rel}","templated":true}]}}