{"id":1535,"date":"2024-11-12T18:31:47","date_gmt":"2024-11-12T17:31:47","guid":{"rendered":"https:\/\/byebirds.com\/privatsphaere\/"},"modified":"2024-11-13T11:57:06","modified_gmt":"2024-11-13T10:57:06","slug":"privatsphaere","status":"publish","type":"page","link":"https:\/\/byebirds.com\/de\/privatsphaere\/","title":{"rendered":"Privatsph\u00e4re"},"content":{"rendered":"\t\t<div data-elementor-type=\"wp-page\" data-elementor-id=\"1535\" class=\"elementor elementor-1535 elementor-1358\" data-elementor-post-type=\"page\">\n\t\t\t\t\t\t<section class=\"ob-is-breaking-bad elementor-section elementor-top-section elementor-element elementor-element-4bc90cb elementor-section-boxed elementor-section-height-default elementor-section-height-default\" data-id=\"4bc90cb\" data-element_type=\"section\" data-settings=\"{&quot;_ob_bbad_use_it&quot;:&quot;yes&quot;,&quot;_ob_bbad_sssic_use&quot;:&quot;no&quot;,&quot;_ob_glider_is_slider&quot;:&quot;no&quot;}\">\n\t\t\t\t\t\t<div class=\"elementor-container elementor-column-gap-default\">\n\t\t\t\t\t<div class=\"elementor-column elementor-col-100 elementor-top-column elementor-element elementor-element-261b807\" data-id=\"261b807\" data-element_type=\"column\" data-settings=\"{&quot;_ob_bbad_is_stalker&quot;:&quot;no&quot;,&quot;_ob_teleporter_use&quot;:false,&quot;_ob_column_hoveranimator&quot;:&quot;no&quot;,&quot;_ob_column_has_pseudo&quot;:&quot;no&quot;}\">\n\t\t\t<div class=\"elementor-widget-wrap elementor-element-populated\">\n\t\t\t\t\t\t<div class=\"elementor-element elementor-element-d939fd9 ob-harakiri-inherit ob-has-background-overlay elementor-widget elementor-widget-heading\" data-id=\"d939fd9\" data-element_type=\"widget\" data-settings=\"{&quot;_ob_use_harakiri&quot;:&quot;yes&quot;,&quot;_ob_harakiri_writing_mode&quot;:&quot;inherit&quot;,&quot;_ob_harakiri_text_clip&quot;:&quot;none&quot;,&quot;_ob_perspektive_use&quot;:&quot;no&quot;,&quot;_ob_poopart_use&quot;:&quot;yes&quot;,&quot;_ob_shadough_use&quot;:&quot;no&quot;,&quot;_ob_allow_hoveranimator&quot;:&quot;no&quot;,&quot;_ob_widget_stalker_use&quot;:&quot;no&quot;}\" data-widget_type=\"heading.default\">\n\t\t\t\t<div class=\"elementor-widget-container\">\n\t\t\t\t\t<h2 class=\"elementor-heading-title elementor-size-default\">Privatsph\u00e4re<\/h2>\t\t\t\t<\/div>\n\t\t\t\t<\/div>\n\t\t\t\t<div class=\"elementor-element elementor-element-c8dca7f ob-harakiri-inherit ob-has-background-overlay elementor-widget elementor-widget-text-editor\" data-id=\"c8dca7f\" data-element_type=\"widget\" data-settings=\"{&quot;_ob_use_harakiri&quot;:&quot;yes&quot;,&quot;_ob_harakiri_writing_mode&quot;:&quot;inherit&quot;,&quot;_ob_postman_use&quot;:&quot;no&quot;,&quot;_ob_perspektive_use&quot;:&quot;no&quot;,&quot;_ob_poopart_use&quot;:&quot;yes&quot;,&quot;_ob_shadough_use&quot;:&quot;no&quot;,&quot;_ob_allow_hoveranimator&quot;:&quot;no&quot;,&quot;_ob_widget_stalker_use&quot;:&quot;no&quot;}\" data-widget_type=\"text-editor.default\">\n\t\t\t\t<div class=\"elementor-widget-container\">\n\t\t\t\t\t\t\t\t\t<p>Wenn wir Informationen von Ihnen ben\u00f6tigen, werden wir Sie stets bitten, uns diese ausdr\u00fccklich und freiwillig mitzuteilen. Die \u00fcber die Datenerfassungsformulare auf der Website oder auf andere Weise erfassten Daten werden in die Datenverarbeitungssysteme \u00fcbernommen. <strong>ByeBirds.<\/strong> <\/p>\n<p>Dieses Unternehmen wird die Daten vertraulich und ausschlie\u00dflich zum Zweck der Bereitstellung der angeforderten Dienste verarbeiten, mit allen Rechts- und Sicherheitsgarantien, die durch die Verordnung (EU) 2016\/679 des Europ\u00e4ischen Parlaments und des Rates vom 27. April 2016 vorgeschrieben sind. zum Schutz nat\u00fcrlicher Personen bei der Verarbeitung personenbezogener Daten und zum freien Verkehr dieser Daten sowie zum Gesetz 34\/2002 vom 11. Juli \u00fcber die Dienstleistungen der Gesellschaft Information und elektronischer Handel.<\/p>\n<p><strong>Wer ist f\u00fcr die Verarbeitung Ihrer Daten verantwortlich?<\/strong><\/p>\n<ul>\n<li>Die zust\u00e4ndige Person ist <b>Carlos Uriarte<\/b><\/li>\n<li>Ihre Umsatzsteuer-Identifikationsnummer lautet: <strong>B39755897<\/strong> <\/li>\n<li>Seine Anschrift lautet: <strong>Pol\u00edgono Ind. de Guarnizo. Centro de Negocios, Nave 3, 39611, Guarnizo, Cantabria  <\/strong><\/li>\n<li>E-Mail Adresse : i<strong>nfo@byebirds.com<\/strong><\/li>\n<li>Eingetragenes R. Mercantile.<\/li>\n<\/ul>\n<p><strong>KONTAKT DES DATENSCHUTZBEAUFTRAGTEN<\/strong><\/p>\n<p><strong>Zu welchem \u200b\u200bZweck verarbeiten wir Ihre personenbezogenen Daten?<\/strong><\/p>\n<p>Bei <strong>ByeBirds<\/strong> verarbeiten wir die uns von interessierten Parteien zur Verf\u00fcgung gestellten Informationen auf loyale, rechtm\u00e4\u00dfige und transparente Weise in \u00dcbereinstimmung mit den EU-Verordnungen 2016\/679 des Europ\u00e4ischen Parlaments und des Rates vom 27. April und dem Gesetz 3\/2018 vom 5. Dezember zum Datenschutz und Gew\u00e4hrleistung digitaler Rechte.<\/p>\n<p><strong><u>Wenn Sie KUNDE oder BENUTZER sind<\/u><\/strong>:<\/p>\n<p>Wenn Sie Kunde oder Nutzer sind, verarbeiten wir die folgenden Kategorien personenbezogener Daten:<\/p>\n<ul>\n<li>Identifikationsdaten (Name, Nachname, ID&#8230;)<\/li>\n<li>Kontaktinformationen (E-Mail, WhatsApp\u2026)<\/li>\n<li>Bankdaten (Kontonummer, Bankkarte&#8230;)<\/li>\n<li>Sonstige Daten (vom Interessenten in offenen Formularen oder Mitteilungen bereitgestellt)<\/li>\n<\/ul>\n<p>Wir verarbeiten Ihre Daten zu folgenden Zwecken:<\/p>\n<ul>\n<li>Verwalten Sie die angeforderten Dienste, Informationen und\/oder Produkte.<\/li>\n<li>Senden Sie Mitteilungen von Interesse (sofern der Interessent die entsprechende Genehmigung erteilt hat)<\/li>\n<li>Halten Sie die f\u00fcr den Verantwortlichen geltenden gesetzlichen Pflichten ein.<\/li>\n<\/ul>\n<p><strong><u>Wenn Sie MITARBEITER oder STELLENBEWERBER sind<\/u><\/strong>:<\/p>\n<p>Wenn Sie Mitarbeiter oder Bewerber\/Kandidat sind, verarbeiten wir die folgenden Kategorien personenbezogener Daten<\/p>\n<ul>\n<li>Identifikationsdaten (Name, Name, ID&#8230;)<\/li>\n<li>Im Lebenslauf enthaltene Daten (Studium, Berufserfahrung, Hobbys&#8230;)<\/li>\n<li>Kontaktinformationen (E-Mail, WhatsApp\u2026)<\/li>\n<li>Bankverbindung (Kontonummer, Inhaber, SEPA-Mandat)<\/li>\n<li>Bild<\/li>\n<li>Sonstige Daten (vom Interessenten in offenen Formularen oder Mitteilungen bereitgestellt)<\/li>\n<\/ul>\n<p>Wir verarbeiten Ihre Daten zu folgenden Zwecken:<\/p>\n<ul>\n<li>Verwalten Sie die Rechte und Pflichten im Zusammenhang mit dem Vertragsverh\u00e4ltnis.<\/li>\n<li>Kandidatenauswahl<\/li>\n<li>Nutzung, Vervielf\u00e4ltigung oder Ver\u00f6ffentlichung von Bild, Name und Stimme (sofern der Interessent die entsprechende Genehmigung erteilt hat)<\/li>\n<li>Halten Sie die gesetzlichen Verpflichtungen von Unternehmen ein.<\/li>\n<\/ul>\n<p><strong><u>Wenn Sie LIEFERANT unseres Unternehmens sind<\/u><\/strong>:<\/p>\n<p>Wenn Sie Lieferant sind, verarbeiten wir die folgenden Kategorien personenbezogener Daten:<\/p>\n<ul>\n<li>Identifikationsdaten (Name, Name, ID&#8230;)<\/li>\n<li>Kontaktinformationen (E-Mail, WhatsApp\u2026)<\/li>\n<li>Bankdaten (Kontonummer, Rechnungsstellung&#8230;)<\/li>\n<li>Sonstige Daten (vom Interessenten in offenen Formularen oder Mitteilungen bereitgestellt)<\/li>\n<\/ul>\n<p>Wir verarbeiten Ihre Daten zu folgenden Zwecken:<\/p>\n<ul>\n<li>Verwaltungs-, Buchhaltungs- und Finanzmanagement.<\/li>\n<li>\u00dcberwachung und Kontrolle der Gesch\u00e4ftsbeziehung.<\/li>\n<li>Halten Sie die gesetzlichen Verpflichtungen von Unternehmen ein<\/li>\n<\/ul>\n<p><strong>Bin ich verpflichtet, personenbezogene Daten bereitzustellen?<\/strong><\/p>\n<p><strong>ByeBirds <\/strong>Es werden nur die Daten abgefragt, die zur Erf\u00fcllung des Zwecks, f\u00fcr den sie erhoben werden, unbedingt erforderlich sind. Wenn diese nicht bereitgestellt werden, kann die angeforderte Dienstleistung nicht erbracht werden.<\/p>\n<p><strong>Wie lange werden wir Ihre Daten aufbewahren?<\/strong><\/p>\n<p>Die personenbezogenen Daten, die w\u00e4hrend der Beziehung zwischen dem Interessenten und dem Betroffenen bereitgestellt und erhoben werden <strong>ByeBirds<\/strong> Sie werden f\u00fcr einen Zeitraum von maximal 5 Jahren ab der letzten Interessensbest\u00e4tigung oder so lange aufbewahrt, wie eine gesetzliche Bestimmung dies erfordert. In diesem Fall werden sie ordnungsgem\u00e4\u00df gesperrt und gel\u00f6scht, wenn sie nicht erforderlich sind.<\/p>\n<p><strong>Was ist die Legitimit\u00e4t f\u00fcr die Verarbeitung Ihrer Daten?<\/strong><\/p>\n<p>Gem\u00e4\u00df Artikel 6.1 der EU-Verordnung 2016\/679 vom 27. April teilen wir Ihnen mit, dass die Legitimit\u00e4t f\u00fcr die Verarbeitung Ihrer Daten folgende ist:<\/p>\n<ol>\n<li><em>Der Interessent hat der Verarbeitung seiner personenbezogenen Daten f\u00fcr einen oder mehrere bestimmte Zwecke zugestimmt und\/oder<\/em><\/li>\n<li><em>Die Behandlung ist zur Erf\u00fcllung einer gesetzlichen Verpflichtung erforderlich, die f\u00fcr die f\u00fcr die Behandlung verantwortliche Person gilt und\/oder<\/em><\/li>\n<li><em>Die Verarbeitung ist zur Wahrung berechtigter Interessen des Verantwortlichen oder eines Dritten erforderlich, sofern diese Interessen nicht durch Interessen oder Grundrechte und Grundfreiheiten des Betroffenen \u00fcberwiegen, die den Schutz personenbezogener Daten erfordern, insbesondere wenn Der Interessierte ist ein Kind.<\/em><\/li>\n<\/ol>\n<p><strong> <\/strong><\/p>\n<p><strong>An welche Empf\u00e4nger werden Ihre Daten weitergegeben?<\/strong><\/p>\n<p>Die von uns verarbeiteten Daten <strong>ByeBirds<\/strong> Sie k\u00f6nnen Dritten mitgeteilt werden, wenn eine gesetzliche Bestimmung dies erfordert.<\/p>\n<p>Zus\u00e4tzlich <strong>ByeBirds<\/strong><strong> <\/strong>Es gibt Dienstleister, f\u00fcr die es notwendig ist, Daten in verschiedenen Gesch\u00e4ftsbereichen (Verwaltung, Buchhaltung, Steuern, Marketing, Arbeit&#8230;) zu kommunizieren. Die Beziehung zu diesen Unternehmen wird gem\u00e4\u00df Artikel 28 der EU-Verordnung 2016\/679 des Europ\u00e4ischen Parlaments und des Rates vom 27. April (DSGVO) geregelt. Die von diesen Unternehmen abgerufenen Daten werden nur f\u00fcr den erforderlichen Gesch\u00e4ftszweck verwendet und nicht f\u00fcr sp\u00e4tere Zwecke gespeichert.  <\/p>\n<p><strong>Welche Rechte haben Sie, wenn Sie uns Ihre Daten zur Verf\u00fcgung stellen?<\/strong><\/p>\n<p>Jeder Interessent hat das Recht, eine Best\u00e4tigung dar\u00fcber zu erhalten, ob in <strong>ByeBirds<\/strong><strong> <\/strong>Wir verarbeiten personenbezogene Daten, unabh\u00e4ngig davon, ob sie Sie betreffen oder nicht.<\/p>\n<p>Interessenten haben das Recht, auf ihre personenbezogenen Daten zuzugreifen und die Berichtigung unrichtiger Daten oder gegebenenfalls deren L\u00f6schung zu verlangen, wenn die Daten unter anderem f\u00fcr die Zwecke, f\u00fcr die sie erhoben wurden, nicht mehr erforderlich sind.<\/p>\n<p>Unter bestimmten Umst\u00e4nden k\u00f6nnen Interessenten die Einschr\u00e4nkung der Verarbeitung ihrer Daten verlangen. In diesem Fall speichern wir sie nur zur Aus\u00fcbung oder Verteidigung von Anspr\u00fcchen. Nutzer k\u00f6nnen der Verarbeitung ihrer Daten auch widersprechen. <strong>ByeBirds<\/strong> wird die Verarbeitung der Daten einstellen, au\u00dfer aus zwingenden berechtigten Gr\u00fcnden oder zur Aus\u00fcbung oder Verteidigung von Anspr\u00fcchen. <\/p>\n<p>Der Benutzer kann einen Brief an senden <strong>ByeBirds<\/strong><strong> <\/strong>, an die Adresse der verantwortlichen Person oder per E-Mail, die in der Kopfzeile dieser Richtlinie angegeben ist, und unter Beif\u00fcgung einer Fotokopie Ihres Ausweises jederzeit und kostenlos an:<\/p>\n<ul>\n<li>Widerrufen Sie die erteilten Einwilligungen.<\/li>\n<li>Erhalten Sie eine Best\u00e4tigung dar\u00fcber, ob personenbezogene Daten, die den Benutzer betreffen, verarbeitet werden oder nicht.<\/li>\n<li>Greifen Sie auf Ihre pers\u00f6nlichen Daten zu.<\/li>\n<li>Korrigieren Sie ungenaue oder unvollst\u00e4ndige Daten.<\/li>\n<li>Fordern Sie die L\u00f6schung Ihrer Daten an, wenn die Daten unter anderem aus anderen Gr\u00fcnden f\u00fcr die Zwecke, f\u00fcr die sie erhoben wurden, nicht mehr erforderlich sind.<\/li>\n<li>Die Einschr\u00e4nkung der Datenverarbeitung erwirken, wenn eine der in den Datenschutzbestimmungen vorgesehenen Voraussetzungen erf\u00fcllt ist.<\/li>\n<li>Die Einschr\u00e4nkung der Datenverarbeitung erwirken, wenn eine der in den Datenschutzbestimmungen vorgesehenen Voraussetzungen erf\u00fcllt ist.<\/li>\n<li>Kontaktieren Sie den Datenschutzbeauftragten von <strong>ByeBirds<\/strong> Reichen Sie eine Beschwerde bei der Aufsichtsbeh\u00f6rde ein (<a href=\"http:\/\/www.aepd\/\" target=\"_blank\" rel=\"noopener\">www.aepd.es<\/a>.es) f\u00fcr den Fall, dass Ihrer Meinung nach die in den geltenden Datenschutzbestimmungen anerkannten Rechte verletzt werden.<\/li>\n<\/ul>\n<p><strong>ByeBirds <\/strong>\u00fcbernimmt die entsprechenden Sicherheitsstufen, die in den oben genannten Vorschriften zum Schutz personenbezogener Daten und anderen geltenden Vorschriften erforderlich sind. Diese Sicherheitsstufen sind f\u00fcr diejenigen Unternehmen erforderlich, die aufgrund eines Vertragsverh\u00e4ltnisses und\/oder einer Dienstleistungserbringung auf unsere Informationen zugreifen, in Anwendung von Artikel 28 der EU-Verordnung 2016\/679 (RGPD). <\/p>\n<p>Sie \u00fcbernimmt jedoch keine Verantwortung f\u00fcr Sch\u00e4den, die durch \u00c4nderungen entstehen, die Dritte an den Computersystemen, elektronischen Dokumenten oder Dateien des Benutzers vornehmen.<\/p>\n<p>Bei der Bereitstellung von Website-Diensten k\u00f6nnen Cookies zum Einsatz kommen. Cookies sind physische Dateien mit pers\u00f6nlichen Informationen, die auf dem eigenen Endger\u00e4t des Benutzers gehostet werden. Der Nutzer hat die M\u00f6glichkeit, sein Browserprogramm so zu konfigurieren, dass die Erstellung von Cookie-Dateien verhindert oder davor gewarnt wird. Lesen Sie unsere Cookie-Richtlinie \u00fcber den Link, den Sie auf dieser Website finden.   <\/p>\n<p>Wenn Sie unsere Website \u00fcber Links zu Websites verlassen, die nicht zu unserem Unternehmen geh\u00f6ren <strong> ByeBirds <\/strong> ist nicht verantwortlich f\u00fcr die Datenschutzrichtlinien dieser Websites oder die Cookies, die sie m\u00f6glicherweise auf dem Computer des Benutzers speichern.<\/p>\n<p>Unsere E-Mail-Richtlinie konzentriert sich darauf, nur Mitteilungen zu versenden, deren Erhalt Sie angefordert haben.<\/p>\n<p>Wenn Sie es vorziehen, diese Nachrichten nicht per E-Mail zu erhalten, bieten wir Ihnen die M\u00f6glichkeit, Ihr Recht auszu\u00fcben, den Empfang dieser Nachrichten gem\u00e4\u00df den Bestimmungen von Titel III, Artikel 22 des Gesetzes 34\/2002 zu widerrufen und zu verweigern Dienstleistungen f\u00fcr die Informationsgesellschaft und den elektronischen Handel.<\/p>\n\t\t\t\t\t\t\t\t<\/div>\n\t\t\t\t<\/div>\n\t\t\t\t\t<\/div>\n\t\t<\/div>\n\t\t\t\t\t<\/div>\n\t\t<\/section>\n\t\t\t\t<\/div>\n\t\t","protected":false},"excerpt":{"rendered":"<p>Privatsph\u00e4re Wenn wir Informationen von Ihnen ben\u00f6tigen, werden wir Sie stets bitten, uns diese ausdr\u00fccklich und freiwillig mitzuteilen. Die \u00fcber [&hellip;]<\/p>\n","protected":false},"author":1,"featured_media":0,"parent":0,"menu_order":0,"comment_status":"closed","ping_status":"closed","template":"","meta":{"site-sidebar-layout":"no-sidebar","site-content-layout":"","ast-site-content-layout":"full-width-container","site-content-style":"default","site-sidebar-style":"default","ast-global-header-display":"","ast-banner-title-visibility":"","ast-main-header-display":"","ast-hfb-above-header-display":"","ast-hfb-below-header-display":"","ast-hfb-mobile-header-display":"","site-post-title":"disabled","ast-breadcrumbs-content":"","ast-featured-img":"disabled","footer-sml-layout":"","theme-transparent-header-meta":"","adv-header-id-meta":"","stick-header-meta":"","header-above-stick-meta":"","header-main-stick-meta":"","header-below-stick-meta":"","astra-migrate-meta-layouts":"default","ast-page-background-enabled":"default","ast-page-background-meta":{"desktop":{"background-color":"var(--ast-global-color-4)","background-image":"","background-repeat":"repeat","background-position":"center center","background-size":"auto","background-attachment":"scroll","background-type":"","background-media":"","overlay-type":"","overlay-color":"","overlay-opacity":"","overlay-gradient":""},"tablet":{"background-color":"","background-image":"","background-repeat":"repeat","background-position":"center center","background-size":"auto","background-attachment":"scroll","background-type":"","background-media":"","overlay-type":"","overlay-color":"","overlay-opacity":"","overlay-gradient":""},"mobile":{"background-color":"","background-image":"","background-repeat":"repeat","background-position":"center center","background-size":"auto","background-attachment":"scroll","background-type":"","background-media":"","overlay-type":"","overlay-color":"","overlay-opacity":"","overlay-gradient":""}},"ast-content-background-meta":{"desktop":{"background-color":"var(--ast-global-color-5)","background-image":"","background-repeat":"repeat","background-position":"center center","background-size":"auto","background-attachment":"scroll","background-type":"","background-media":"","overlay-type":"","overlay-color":"","overlay-opacity":"","overlay-gradient":""},"tablet":{"background-color":"var(--ast-global-color-5)","background-image":"","background-repeat":"repeat","background-position":"center center","background-size":"auto","background-attachment":"scroll","background-type":"","background-media":"","overlay-type":"","overlay-color":"","overlay-opacity":"","overlay-gradient":""},"mobile":{"background-color":"var(--ast-global-color-5)","background-image":"","background-repeat":"repeat","background-position":"center center","background-size":"auto","background-attachment":"scroll","background-type":"","background-media":"","overlay-type":"","overlay-color":"","overlay-opacity":"","overlay-gradient":""}},"footnotes":""},"class_list":["post-1535","page","type-page","status-publish","hentry"],"_links":{"self":[{"href":"https:\/\/byebirds.com\/de\/wp-json\/wp\/v2\/pages\/1535","targetHints":{"allow":["GET"]}}],"collection":[{"href":"https:\/\/byebirds.com\/de\/wp-json\/wp\/v2\/pages"}],"about":[{"href":"https:\/\/byebirds.com\/de\/wp-json\/wp\/v2\/types\/page"}],"author":[{"embeddable":true,"href":"https:\/\/byebirds.com\/de\/wp-json\/wp\/v2\/users\/1"}],"replies":[{"embeddable":true,"href":"https:\/\/byebirds.com\/de\/wp-json\/wp\/v2\/comments?post=1535"}],"version-history":[{"count":1,"href":"https:\/\/byebirds.com\/de\/wp-json\/wp\/v2\/pages\/1535\/revisions"}],"predecessor-version":[{"id":1536,"href":"https:\/\/byebirds.com\/de\/wp-json\/wp\/v2\/pages\/1535\/revisions\/1536"}],"wp:attachment":[{"href":"https:\/\/byebirds.com\/de\/wp-json\/wp\/v2\/media?parent=1535"}],"curies":[{"name":"wp","href":"https:\/\/api.w.org\/{rel}","templated":true}]}}