{"id":1299,"date":"2024-09-23T11:03:11","date_gmt":"2024-09-23T09:03:11","guid":{"rendered":"https:\/\/byebirds.com\/case-studies\/"},"modified":"2024-11-19T11:57:13","modified_gmt":"2024-11-19T10:57:13","slug":"case-studies","status":"publish","type":"page","link":"https:\/\/byebirds.com\/en\/case-studies\/","title":{"rendered":"Case Studies"},"content":{"rendered":"\t\t<div data-elementor-type=\"wp-page\" data-elementor-id=\"1299\" class=\"elementor elementor-1299 elementor-921\" data-elementor-post-type=\"page\">\n\t\t\t\t\t\t<section class=\"ob-is-breaking-bad elementor-section elementor-top-section elementor-element elementor-element-857d2cf elementor-section-boxed elementor-section-height-default elementor-section-height-default\" data-id=\"857d2cf\" data-element_type=\"section\" data-settings=\"{&quot;_ob_bbad_use_it&quot;:&quot;yes&quot;,&quot;_ob_bbad_sssic_use&quot;:&quot;no&quot;,&quot;_ob_glider_is_slider&quot;:&quot;no&quot;}\">\n\t\t\t\t\t\t<div class=\"elementor-container elementor-column-gap-default\">\n\t\t\t\t\t<div class=\"elementor-column elementor-col-100 elementor-top-column elementor-element elementor-element-46951ca\" data-id=\"46951ca\" data-element_type=\"column\" data-settings=\"{&quot;_ob_bbad_is_stalker&quot;:&quot;no&quot;,&quot;_ob_teleporter_use&quot;:false,&quot;_ob_column_hoveranimator&quot;:&quot;no&quot;,&quot;_ob_column_has_pseudo&quot;:&quot;no&quot;}\">\n\t\t\t<div class=\"elementor-widget-wrap elementor-element-populated\">\n\t\t\t\t\t\t<div class=\"elementor-element elementor-element-6e2ed6a ob-harakiri-inherit ob-has-background-overlay elementor-widget elementor-widget-heading\" data-id=\"6e2ed6a\" data-element_type=\"widget\" data-settings=\"{&quot;_ob_use_harakiri&quot;:&quot;yes&quot;,&quot;_ob_harakiri_writing_mode&quot;:&quot;inherit&quot;,&quot;_ob_harakiri_text_clip&quot;:&quot;none&quot;,&quot;_ob_perspektive_use&quot;:&quot;no&quot;,&quot;_ob_poopart_use&quot;:&quot;yes&quot;,&quot;_ob_shadough_use&quot;:&quot;no&quot;,&quot;_ob_allow_hoveranimator&quot;:&quot;no&quot;,&quot;_ob_widget_stalker_use&quot;:&quot;no&quot;}\" data-widget_type=\"heading.default\">\n\t\t\t\t<div class=\"elementor-widget-container\">\n\t\t\t\t\t<h2 class=\"elementor-heading-title elementor-size-default\">Case Studies<\/h2>\t\t\t\t<\/div>\n\t\t\t\t<\/div>\n\t\t\t\t<div class=\"elementor-element elementor-element-0537d5b elementor-widget-divider--view-line ob-has-background-overlay elementor-widget elementor-widget-divider\" data-id=\"0537d5b\" data-element_type=\"widget\" data-settings=\"{&quot;_ob_perspektive_use&quot;:&quot;no&quot;,&quot;_ob_poopart_use&quot;:&quot;yes&quot;,&quot;_ob_shadough_use&quot;:&quot;no&quot;,&quot;_ob_allow_hoveranimator&quot;:&quot;no&quot;,&quot;_ob_widget_stalker_use&quot;:&quot;no&quot;}\" data-widget_type=\"divider.default\">\n\t\t\t\t<div class=\"elementor-widget-container\">\n\t\t\t\t\t\t\t<div class=\"elementor-divider\">\n\t\t\t<span class=\"elementor-divider-separator\">\n\t\t\t\t\t\t<\/span>\n\t\t<\/div>\n\t\t\t\t\t\t<\/div>\n\t\t\t\t<\/div>\n\t\t\t\t<div class=\"elementor-element elementor-element-3cf4e96 elementor-grid-2 elementor-grid-tablet-2 elementor-grid-mobile-1 elementor-posts--thumbnail-top ob-has-background-overlay elementor-widget elementor-widget-posts\" data-id=\"3cf4e96\" data-element_type=\"widget\" data-settings=\"{&quot;classic_columns&quot;:&quot;2&quot;,&quot;classic_columns_tablet&quot;:&quot;2&quot;,&quot;classic_columns_mobile&quot;:&quot;1&quot;,&quot;classic_row_gap&quot;:{&quot;unit&quot;:&quot;px&quot;,&quot;size&quot;:35,&quot;sizes&quot;:[]},&quot;classic_row_gap_tablet&quot;:{&quot;unit&quot;:&quot;px&quot;,&quot;size&quot;:&quot;&quot;,&quot;sizes&quot;:[]},&quot;classic_row_gap_mobile&quot;:{&quot;unit&quot;:&quot;px&quot;,&quot;size&quot;:&quot;&quot;,&quot;sizes&quot;:[]},&quot;_ob_perspektive_use&quot;:&quot;no&quot;,&quot;_ob_poopart_use&quot;:&quot;yes&quot;,&quot;_ob_shadough_use&quot;:&quot;no&quot;,&quot;_ob_allow_hoveranimator&quot;:&quot;no&quot;,&quot;_ob_widget_stalker_use&quot;:&quot;no&quot;}\" data-widget_type=\"posts.classic\">\n\t\t\t\t<div class=\"elementor-widget-container\">\n\t\t\t\t\t\t\t<div class=\"elementor-posts-container elementor-posts elementor-posts--skin-classic elementor-grid\">\n\t\t\t\t<article class=\"elementor-post elementor-grid-item post-1994 post type-post status-publish format-standard has-post-thumbnail hentry category-sin-categorizar\">\n\t\t\t\t<a class=\"elementor-post__thumbnail__link\" href=\"https:\/\/byebirds.com\/en\/banos-termales-szechenyi-budapest-hungria\/\" tabindex=\"-1\" >\n\t\t\t<div class=\"elementor-post__thumbnail\"><img fetchpriority=\"high\" decoding=\"async\" width=\"2139\" height=\"1144\" src=\"https:\/\/byebirds.com\/wp-content\/uploads\/2024\/09\/PORTADA5.jpg\" class=\"attachment-full size-full wp-image-1236\" alt=\"\" srcset=\"https:\/\/byebirds.com\/wp-content\/uploads\/2024\/09\/PORTADA5.jpg 2139w, https:\/\/byebirds.com\/wp-content\/uploads\/2024\/09\/PORTADA5-300x160.jpg 300w, https:\/\/byebirds.com\/wp-content\/uploads\/2024\/09\/PORTADA5-1024x548.jpg 1024w, https:\/\/byebirds.com\/wp-content\/uploads\/2024\/09\/PORTADA5-768x411.jpg 768w, https:\/\/byebirds.com\/wp-content\/uploads\/2024\/09\/PORTADA5-1536x821.jpg 1536w, https:\/\/byebirds.com\/wp-content\/uploads\/2024\/09\/PORTADA5-2048x1095.jpg 2048w\" sizes=\"(max-width: 2139px) 100vw, 2139px\" \/><\/div>\n\t\t<\/a>\n\t\t\t\t<div class=\"elementor-post__text\">\n\t\t\t\t<h3 class=\"elementor-post__title\">\n\t\t\t<a href=\"https:\/\/byebirds.com\/en\/banos-termales-szechenyi-budapest-hungria\/\" >\n\t\t\t\tBa\u00f1os Termales Sz\u00e9chenyi, Budapest, Hungr\u00eda\t\t\t<\/a>\n\t\t<\/h3>\n\t\t\t\t<div class=\"elementor-post__excerpt\">\n\t\t\t<p>The Sz\u00e9chenyi Thermal Bath in Budapest is the largest medicinal bath in Europe. Built in 1913 in neo-baroque style according to the design of Gy\u0151z\u0151 Czigler, the bath is located in the City Park. Despite having spikes and nets, many<\/p>\n\t\t<\/div>\n\t\t\n\t\t<a class=\"elementor-post__read-more\" href=\"https:\/\/byebirds.com\/en\/banos-termales-szechenyi-budapest-hungria\/\" aria-label=\"Read more about Ba\u00f1os Termales Sz\u00e9chenyi, Budapest, Hungr\u00eda\" tabindex=\"-1\" >\n\t\t\tRead more\t\t<\/a>\n\n\t\t\t\t<\/div>\n\t\t\t\t<\/article>\n\t\t\t\t<article class=\"elementor-post elementor-grid-item post-1996 post type-post status-publish format-standard has-post-thumbnail hentry category-sin-categorizar\">\n\t\t\t\t<a class=\"elementor-post__thumbnail__link\" href=\"https:\/\/byebirds.com\/en\/jeronimos-monastery-lisbon-portugal\/\" tabindex=\"-1\" >\n\t\t\t<div class=\"elementor-post__thumbnail\"><img decoding=\"async\" width=\"2139\" height=\"1144\" src=\"https:\/\/byebirds.com\/wp-content\/uploads\/2024\/09\/PORTADA4.jpg\" class=\"attachment-full size-full wp-image-1235\" alt=\"\" srcset=\"https:\/\/byebirds.com\/wp-content\/uploads\/2024\/09\/PORTADA4.jpg 2139w, https:\/\/byebirds.com\/wp-content\/uploads\/2024\/09\/PORTADA4-300x160.jpg 300w, https:\/\/byebirds.com\/wp-content\/uploads\/2024\/09\/PORTADA4-1024x548.jpg 1024w, https:\/\/byebirds.com\/wp-content\/uploads\/2024\/09\/PORTADA4-768x411.jpg 768w, https:\/\/byebirds.com\/wp-content\/uploads\/2024\/09\/PORTADA4-1536x821.jpg 1536w, https:\/\/byebirds.com\/wp-content\/uploads\/2024\/09\/PORTADA4-2048x1095.jpg 2048w\" sizes=\"(max-width: 2139px) 100vw, 2139px\" \/><\/div>\n\t\t<\/a>\n\t\t\t\t<div class=\"elementor-post__text\">\n\t\t\t\t<h3 class=\"elementor-post__title\">\n\t\t\t<a href=\"https:\/\/byebirds.com\/en\/jeronimos-monastery-lisbon-portugal\/\" >\n\t\t\t\tJer\u00f3nimos Monastery, Lisbon, Portugal\t\t\t<\/a>\n\t\t<\/h3>\n\t\t\t\t<div class=\"elementor-post__excerpt\">\n\t\t\t<p>Built by the Infante Henry the Navigator in about 1459, and in 1983, it was classified as a UNESCO World Heritage Site, and is the most important monument in Portugal. Situated by the sea, they had the problem of the<\/p>\n\t\t<\/div>\n\t\t\n\t\t<a class=\"elementor-post__read-more\" href=\"https:\/\/byebirds.com\/en\/jeronimos-monastery-lisbon-portugal\/\" aria-label=\"Read more about Jer\u00f3nimos Monastery, Lisbon, Portugal\" tabindex=\"-1\" >\n\t\t\tRead more\t\t<\/a>\n\n\t\t\t\t<\/div>\n\t\t\t\t<\/article>\n\t\t\t\t<article class=\"elementor-post elementor-grid-item post-1998 post type-post status-publish format-standard has-post-thumbnail hentry category-sin-categorizar\">\n\t\t\t\t<a class=\"elementor-post__thumbnail__link\" href=\"https:\/\/byebirds.com\/en\/newbury-racecourse-berkshire-united-kingdom\/\" tabindex=\"-1\" >\n\t\t\t<div class=\"elementor-post__thumbnail\"><img decoding=\"async\" width=\"2139\" height=\"1144\" src=\"https:\/\/byebirds.com\/wp-content\/uploads\/2024\/09\/PORTADA3.jpg\" class=\"attachment-full size-full wp-image-1234\" alt=\"\" srcset=\"https:\/\/byebirds.com\/wp-content\/uploads\/2024\/09\/PORTADA3.jpg 2139w, https:\/\/byebirds.com\/wp-content\/uploads\/2024\/09\/PORTADA3-300x160.jpg 300w, https:\/\/byebirds.com\/wp-content\/uploads\/2024\/09\/PORTADA3-1024x548.jpg 1024w, https:\/\/byebirds.com\/wp-content\/uploads\/2024\/09\/PORTADA3-768x411.jpg 768w, https:\/\/byebirds.com\/wp-content\/uploads\/2024\/09\/PORTADA3-1536x821.jpg 1536w, https:\/\/byebirds.com\/wp-content\/uploads\/2024\/09\/PORTADA3-2048x1095.jpg 2048w\" sizes=\"(max-width: 2139px) 100vw, 2139px\" \/><\/div>\n\t\t<\/a>\n\t\t\t\t<div class=\"elementor-post__text\">\n\t\t\t\t<h3 class=\"elementor-post__title\">\n\t\t\t<a href=\"https:\/\/byebirds.com\/en\/newbury-racecourse-berkshire-united-kingdom\/\" >\n\t\t\t\tNewbury Racecourse, Berkshire, United Kingdom\t\t\t<\/a>\n\t\t<\/h3>\n\t\t\t\t<div class=\"elementor-post__excerpt\">\n\t\t\t<p>Newbury Racecourse is a racecourse located in the civil parish of Greenham, next to the town of Newbury, in Berkshire, England. It has courses for flat racing and over jumps. It hosts one of Britain&#8217;s 31 Group 1 flat races,<\/p>\n\t\t<\/div>\n\t\t\n\t\t<a class=\"elementor-post__read-more\" href=\"https:\/\/byebirds.com\/en\/newbury-racecourse-berkshire-united-kingdom\/\" aria-label=\"Read more about Newbury Racecourse, Berkshire, United Kingdom\" tabindex=\"-1\" >\n\t\t\tRead more\t\t<\/a>\n\n\t\t\t\t<\/div>\n\t\t\t\t<\/article>\n\t\t\t\t<article class=\"elementor-post elementor-grid-item post-2000 post type-post status-publish format-standard has-post-thumbnail hentry category-sin-categorizar\">\n\t\t\t\t<a class=\"elementor-post__thumbnail__link\" href=\"https:\/\/byebirds.com\/en\/walton-on-thames-bridge-surrey-united-kingdom\/\" tabindex=\"-1\" >\n\t\t\t<div class=\"elementor-post__thumbnail\"><img loading=\"lazy\" decoding=\"async\" width=\"2139\" height=\"1144\" src=\"https:\/\/byebirds.com\/wp-content\/uploads\/2024\/09\/PORTADA1.jpg\" class=\"attachment-full size-full wp-image-1232\" alt=\"\" srcset=\"https:\/\/byebirds.com\/wp-content\/uploads\/2024\/09\/PORTADA1.jpg 2139w, https:\/\/byebirds.com\/wp-content\/uploads\/2024\/09\/PORTADA1-300x160.jpg 300w, https:\/\/byebirds.com\/wp-content\/uploads\/2024\/09\/PORTADA1-1024x548.jpg 1024w, https:\/\/byebirds.com\/wp-content\/uploads\/2024\/09\/PORTADA1-768x411.jpg 768w, https:\/\/byebirds.com\/wp-content\/uploads\/2024\/09\/PORTADA1-1536x821.jpg 1536w, https:\/\/byebirds.com\/wp-content\/uploads\/2024\/09\/PORTADA1-2048x1095.jpg 2048w\" sizes=\"(max-width: 2139px) 100vw, 2139px\" \/><\/div>\n\t\t<\/a>\n\t\t\t\t<div class=\"elementor-post__text\">\n\t\t\t\t<h3 class=\"elementor-post__title\">\n\t\t\t<a href=\"https:\/\/byebirds.com\/en\/walton-on-thames-bridge-surrey-united-kingdom\/\" >\n\t\t\t\tWalton on Thames Bridge, Surrey, United Kingdom\t\t\t<\/a>\n\t\t<\/h3>\n\t\t\t\t<div class=\"elementor-post__excerpt\">\n\t\t\t<p>Walton Bridge is a road bridge over the River Thames in England, spanning the A244 road between Walton-on-Thames and Shepperton, and crossing the Thames in the section between Sunbury Lock and Shepperton Lock. The bridge is the first Thames road<\/p>\n\t\t<\/div>\n\t\t\n\t\t<a class=\"elementor-post__read-more\" href=\"https:\/\/byebirds.com\/en\/walton-on-thames-bridge-surrey-united-kingdom\/\" aria-label=\"Read more about Walton on Thames Bridge, Surrey, United Kingdom\" tabindex=\"-1\" >\n\t\t\tRead more\t\t<\/a>\n\n\t\t\t\t<\/div>\n\t\t\t\t<\/article>\n\t\t\t\t<\/div>\n\t\t\n\t\t\t\t\t\t<\/div>\n\t\t\t\t<\/div>\n\t\t\t\t\t<\/div>\n\t\t<\/div>\n\t\t\t\t\t<\/div>\n\t\t<\/section>\n\t\t\t\t<\/div>\n\t\t","protected":false},"excerpt":{"rendered":"<p>Case Studies<\/p>\n","protected":false},"author":1,"featured_media":0,"parent":0,"menu_order":0,"comment_status":"closed","ping_status":"closed","template":"","meta":{"site-sidebar-layout":"no-sidebar","site-content-layout":"","ast-site-content-layout":"full-width-container","site-content-style":"default","site-sidebar-style":"default","ast-global-header-display":"","ast-banner-title-visibility":"","ast-main-header-display":"","ast-hfb-above-header-display":"","ast-hfb-below-header-display":"","ast-hfb-mobile-header-display":"","site-post-title":"disabled","ast-breadcrumbs-content":"","ast-featured-img":"disabled","footer-sml-layout":"","theme-transparent-header-meta":"","adv-header-id-meta":"","stick-header-meta":"","header-above-stick-meta":"","header-main-stick-meta":"","header-below-stick-meta":"","astra-migrate-meta-layouts":"default","ast-page-background-enabled":"default","ast-page-background-meta":{"desktop":{"background-color":"var(--ast-global-color-4)","background-image":"","background-repeat":"repeat","background-position":"center center","background-size":"auto","background-attachment":"scroll","background-type":"","background-media":"","overlay-type":"","overlay-color":"","overlay-opacity":"","overlay-gradient":""},"tablet":{"background-color":"","background-image":"","background-repeat":"repeat","background-position":"center center","background-size":"auto","background-attachment":"scroll","background-type":"","background-media":"","overlay-type":"","overlay-color":"","overlay-opacity":"","overlay-gradient":""},"mobile":{"background-color":"","background-image":"","background-repeat":"repeat","background-position":"center center","background-size":"auto","background-attachment":"scroll","background-type":"","background-media":"","overlay-type":"","overlay-color":"","overlay-opacity":"","overlay-gradient":""}},"ast-content-background-meta":{"desktop":{"background-color":"var(--ast-global-color-5)","background-image":"","background-repeat":"repeat","background-position":"center center","background-size":"auto","background-attachment":"scroll","background-type":"","background-media":"","overlay-type":"","overlay-color":"","overlay-opacity":"","overlay-gradient":""},"tablet":{"background-color":"var(--ast-global-color-5)","background-image":"","background-repeat":"repeat","background-position":"center center","background-size":"auto","background-attachment":"scroll","background-type":"","background-media":"","overlay-type":"","overlay-color":"","overlay-opacity":"","overlay-gradient":""},"mobile":{"background-color":"var(--ast-global-color-5)","background-image":"","background-repeat":"repeat","background-position":"center center","background-size":"auto","background-attachment":"scroll","background-type":"","background-media":"","overlay-type":"","overlay-color":"","overlay-opacity":"","overlay-gradient":""}},"footnotes":""},"class_list":["post-1299","page","type-page","status-publish","hentry"],"_links":{"self":[{"href":"https:\/\/byebirds.com\/en\/wp-json\/wp\/v2\/pages\/1299","targetHints":{"allow":["GET"]}}],"collection":[{"href":"https:\/\/byebirds.com\/en\/wp-json\/wp\/v2\/pages"}],"about":[{"href":"https:\/\/byebirds.com\/en\/wp-json\/wp\/v2\/types\/page"}],"author":[{"embeddable":true,"href":"https:\/\/byebirds.com\/en\/wp-json\/wp\/v2\/users\/1"}],"replies":[{"embeddable":true,"href":"https:\/\/byebirds.com\/en\/wp-json\/wp\/v2\/comments?post=1299"}],"version-history":[{"count":5,"href":"https:\/\/byebirds.com\/en\/wp-json\/wp\/v2\/pages\/1299\/revisions"}],"predecessor-version":[{"id":2627,"href":"https:\/\/byebirds.com\/en\/wp-json\/wp\/v2\/pages\/1299\/revisions\/2627"}],"wp:attachment":[{"href":"https:\/\/byebirds.com\/en\/wp-json\/wp\/v2\/media?parent=1299"}],"curies":[{"name":"wp","href":"https:\/\/api.w.org\/{rel}","templated":true}]}}