{"id":1412,"date":"2024-11-12T18:28:03","date_gmt":"2024-11-12T17:28:03","guid":{"rendered":"https:\/\/byebirds.com\/cookies\/"},"modified":"2024-11-12T20:32:19","modified_gmt":"2024-11-12T19:32:19","slug":"cookies","status":"publish","type":"page","link":"https:\/\/byebirds.com\/fr\/cookies\/","title":{"rendered":"Cookies"},"content":{"rendered":"\t\t<div data-elementor-type=\"wp-page\" data-elementor-id=\"1412\" class=\"elementor elementor-1412 elementor-1349\" data-elementor-post-type=\"page\">\n\t\t\t\t\t\t<section class=\"ob-is-breaking-bad elementor-section elementor-top-section elementor-element elementor-element-c1d1255 elementor-section-boxed elementor-section-height-default elementor-section-height-default\" data-id=\"c1d1255\" data-element_type=\"section\" data-settings=\"{&quot;_ob_bbad_use_it&quot;:&quot;yes&quot;,&quot;_ob_bbad_sssic_use&quot;:&quot;no&quot;,&quot;_ob_glider_is_slider&quot;:&quot;no&quot;}\">\n\t\t\t\t\t\t<div class=\"elementor-container elementor-column-gap-default\">\n\t\t\t\t\t<div class=\"elementor-column elementor-col-100 elementor-top-column elementor-element elementor-element-4f56b9b\" data-id=\"4f56b9b\" data-element_type=\"column\" data-settings=\"{&quot;_ob_bbad_is_stalker&quot;:&quot;no&quot;,&quot;_ob_teleporter_use&quot;:false,&quot;_ob_column_hoveranimator&quot;:&quot;no&quot;,&quot;_ob_column_has_pseudo&quot;:&quot;no&quot;}\">\n\t\t\t<div class=\"elementor-widget-wrap elementor-element-populated\">\n\t\t\t\t\t\t<div class=\"elementor-element elementor-element-24f7ab4 ob-harakiri-inherit ob-has-background-overlay elementor-widget elementor-widget-heading\" data-id=\"24f7ab4\" data-element_type=\"widget\" data-settings=\"{&quot;_ob_use_harakiri&quot;:&quot;yes&quot;,&quot;_ob_harakiri_writing_mode&quot;:&quot;inherit&quot;,&quot;_ob_harakiri_text_clip&quot;:&quot;none&quot;,&quot;_ob_perspektive_use&quot;:&quot;no&quot;,&quot;_ob_poopart_use&quot;:&quot;yes&quot;,&quot;_ob_shadough_use&quot;:&quot;no&quot;,&quot;_ob_allow_hoveranimator&quot;:&quot;no&quot;,&quot;_ob_widget_stalker_use&quot;:&quot;no&quot;}\" data-widget_type=\"heading.default\">\n\t\t\t\t<div class=\"elementor-widget-container\">\n\t\t\t\t\t<h2 class=\"elementor-heading-title elementor-size-default\">Cookies<\/h2>\t\t\t\t<\/div>\n\t\t\t\t<\/div>\n\t\t\t\t<div class=\"elementor-element elementor-element-7750896 ob-harakiri-inherit ob-has-background-overlay elementor-widget elementor-widget-text-editor\" data-id=\"7750896\" data-element_type=\"widget\" data-settings=\"{&quot;_ob_use_harakiri&quot;:&quot;yes&quot;,&quot;_ob_harakiri_writing_mode&quot;:&quot;inherit&quot;,&quot;_ob_postman_use&quot;:&quot;no&quot;,&quot;_ob_perspektive_use&quot;:&quot;no&quot;,&quot;_ob_poopart_use&quot;:&quot;yes&quot;,&quot;_ob_shadough_use&quot;:&quot;no&quot;,&quot;_ob_allow_hoveranimator&quot;:&quot;no&quot;,&quot;_ob_widget_stalker_use&quot;:&quot;no&quot;}\" data-widget_type=\"text-editor.default\">\n\t\t\t\t<div class=\"elementor-widget-container\">\n\t\t\t\t\t\t\t\t\t<ol>\n<li><strong>Introduction<\/strong><\/li>\n<\/ol>\n<p>Notre site web (ci-apr\u00e8s : \u00ab le site web \u00bb) utilise des cookies et d&rsquo;autres technologies connexes (par commodit\u00e9, toutes les technologies sont d\u00e9sign\u00e9es par le terme \u00ab cookies \u00bb). Des cookies sont \u00e9galement plac\u00e9s par des tiers avec lesquels nous avons pass\u00e9 des contrats. Dans le document suivant, nous vous informons sur l&rsquo;utilisation des cookies sur notre site web.  <\/p>\n<ol start=\"2\">\n<li><strong>Qu&rsquo;est-ce qu&rsquo;un biscuit ?<\/strong><\/li>\n<\/ol>\n<p>Un cookie est un petit fichier simple qui est envoy\u00e9 avec les pages de ce site web et stock\u00e9 par votre navigateur sur le disque dur de votre ordinateur ou autre appareil. Les informations stock\u00e9es peuvent \u00eatre renvoy\u00e9es \u00e0 nos serveurs ou aux serveurs de tiers concern\u00e9s lors d&rsquo;une visite ult\u00e9rieure. <\/p>\n<ol start=\"3\">\n<li><strong>Qu&rsquo;est-ce qu&rsquo;un script ?<\/strong><\/li>\n<\/ol>\n<p>Un script est un morceau de code de programme qui est utilis\u00e9 pour faire fonctionner notre site web correctement et de mani\u00e8re interactive. Ce code s&rsquo;ex\u00e9cute sur notre serveur ou sur votre appareil. <\/p>\n<ol start=\"4\">\n<li><strong>Qu&rsquo;est-ce qu&rsquo;une balise web ?<\/strong><\/li>\n<\/ol>\n<p>Une balise web (ou pixel tag) est un petit \u00e9l\u00e9ment invisible de texte ou d&rsquo;image sur un site web qui est utilis\u00e9 pour surveiller le trafic sur un site web. Pour ce faire, diverses donn\u00e9es vous concernant sont stock\u00e9es \u00e0 l&rsquo;aide de balises web. <\/p>\n<ol start=\"5\">\n<li><strong>Consentimiento<\/strong><\/li>\n<\/ol>\n<p>Cuando visite nuestro sitio web por primera vez, le mostraremos una ventana emergente con una explicaci\u00f3n sobre las cookies. Tan pronto como haga clic en \u201cGuardar preferencias\u201d, nos autoriza a utilizar las categor\u00edas de cookies y plug-ins que seleccion\u00f3 en la ventana emergente, tal y como se describe en esta declaraci\u00f3n de cookies. Usted puede desactivar el uso de cookies a trav\u00e9s de su navegador, pero tenga en cuenta que es posible que nuestro sitio web ya no funcione correctamente.  <\/p>\n<p>5.1 Administration des param\u00e8tres de consentement<\/p>\n<p>L&rsquo;utilisateur a le droit de manifester son consentement en fournissant le consentement que nous lui demanderons lorsqu&rsquo;il visitera notre site web.<\/p>\n<p>Ce consentement peut \u00eatre modifi\u00e9 \u00e0 tout moment.<\/p>\n<ol start=\"6\">\n<li><strong>Cookies<\/strong><\/li>\n<\/ol>\n<p>6.1 Cookies techniques ou fonctionnels<\/p>\n<p>Certains cookies permettent de garantir le bon fonctionnement de certaines parties du site web et de conserver vos pr\u00e9f\u00e9rences d&rsquo;utilisateur. En pla\u00e7ant des cookies fonctionnels, nous facilitons votre visite sur notre site web. Ainsi, vous ne devez pas saisir plusieurs fois les m\u00eames informations lorsque vous visitez notre site web et, par exemple, les articles restent dans votre panier jusqu&rsquo;\u00e0 ce que vous les ayez pay\u00e9s. Nous pouvons placer ces cookies sans votre consentement.   <\/p>\n<p>6.2 Cookies analytiques<\/p>\n<p>Il s&rsquo;agit de ceux qui, trait\u00e9s par nous ou par des tiers, nous permettent de quantifier le nombre d&rsquo;utilisateurs et de proc\u00e9der ainsi \u00e0 la mesure et \u00e0 l&rsquo;analyse statistique de l&rsquo;utilisation faite par les utilisateurs du service offert. Pour ce faire, votre navigation sur notre site web est analys\u00e9e afin d&rsquo;am\u00e9liorer la gamme de produits ou de services que nous proposons. <\/p>\n<p>6.3 Cookies publicitaires<\/p>\n<p>Il s&rsquo;agit des donn\u00e9es qui, trait\u00e9es par nous-m\u00eames ou par des tiers, nous permettent de g\u00e9rer au mieux l&rsquo;offre d&rsquo;espaces publicitaires sur le site web, en adaptant le contenu de la publicit\u00e9 au contenu du service demand\u00e9 ou \u00e0 l&rsquo;utilisation que vous faites de notre site web. Pour ce faire, nous pouvons analyser vos habitudes de navigation sur Internet et vous pr\u00e9senter des publicit\u00e9s en rapport avec votre profil de navigation. <\/p>\n<p>6.4 Boutons de m\u00e9dias sociaux<\/p>\n<p>Sur notre site web, nous avons inclus des boutons permettant de faire de la publicit\u00e9 pour des pages (par exemple \u00ab like \u00bb, \u00ab pin \u00bb) ou de les partager (par exemple \u00ab tweet \u00bb) sur des r\u00e9seaux sociaux comme le n\u00f4tre. Ces boutons fonctionnent en utilisant un code qui leur est propre. Ce code int\u00e8gre des cookies. Ces boutons de m\u00e9dias sociaux peuvent stocker et traiter certaines informations, afin de vous pr\u00e9senter une publicit\u00e9 personnalis\u00e9e.   <\/p>\n<p>Veuillez lire la politique de confidentialit\u00e9 de ces r\u00e9seaux sociaux (qui peut changer fr\u00e9quemment) pour savoir ce qu&rsquo;ils font de vos donn\u00e9es (personnelles) qu&rsquo;ils traitent \u00e0 l&rsquo;aide de ces cookies. Les donn\u00e9es qu&rsquo;ils re\u00e7oivent sont anonymis\u00e9es autant que possible et sont localis\u00e9es aux \u00c9tats-Unis. <\/p>\n<ol start=\"7\">\n<li><strong>Cookies utilis\u00e9s<\/strong><\/li>\n<\/ol>\n<p>Les cookies utilis\u00e9s sur ce site sont \u00e9num\u00e9r\u00e9s ci-dessous.<\/p>\n<ol start=\"8\">\n<li>Vos droits en mati\u00e8re de donn\u00e9es \u00e0 caract\u00e8re personnel<\/li>\n<\/ol>\n<p>Vous disposez des droits suivants en ce qui concerne vos donn\u00e9es personnelles :<\/p>\n<ul>\n<li>Vous avez le droit de savoir pourquoi vos donn\u00e9es personnelles sont n\u00e9cessaires, ce qu&rsquo;il en adviendra et combien de temps elles seront conserv\u00e9es.<\/li>\n<li>Droit d&rsquo;acc\u00e8s : vous avez le droit d&rsquo;acc\u00e9der aux donn\u00e9es \u00e0 caract\u00e8re personnel vous concernant dont nous disposons.<\/li>\n<li>Droit de rectification : vous avez le droit de compl\u00e9ter, de rectifier, d&rsquo;effacer ou de bloquer vos donn\u00e9es \u00e0 caract\u00e8re personnel \u00e0 tout moment.<\/li>\n<li>Si vous nous donnez votre accord pour traiter vos donn\u00e9es, vous avez le droit de r\u00e9voquer cet accord et de faire effacer vos donn\u00e9es personnelles.<\/li>\n<li>Droit de transf\u00e9rer vos donn\u00e9es : vous avez le droit de demander au responsable du traitement de vous communiquer toutes vos donn\u00e9es \u00e0 caract\u00e8re personnel et de les transf\u00e9rer int\u00e9gralement \u00e0 un autre responsable du traitement.<\/li>\n<li>Droit d&rsquo;opposition : vous pouvez vous opposer au traitement de vos donn\u00e9es. Nous nous y conformons, \u00e0 moins qu&rsquo;il n&rsquo;existe des motifs justifi\u00e9s pour le traitement. <\/li>\n<\/ul>\n<p>Pour exercer ces droits, veuillez nous contacter. Veuillez vous r\u00e9f\u00e9rer aux coordonn\u00e9es figurant au bas de la pr\u00e9sente d\u00e9claration relative aux cookies. Si vous avez des r\u00e9clamations concernant la mani\u00e8re dont nous traitons vos donn\u00e9es, nous aimerions les entendre, mais vous avez \u00e9galement le droit de d\u00e9poser une plainte aupr\u00e8s de l&rsquo;autorit\u00e9 de contr\u00f4le (l&rsquo;autorit\u00e9 de protection des donn\u00e9es).  <\/p>\n<ol start=\"9\">\n<li><strong>Activation\/d\u00e9sactivation et suppression des cookies<\/strong><\/li>\n<\/ol>\n<p>Vous pouvez utiliser votre navigateur Internet pour supprimer les cookies automatiquement ou manuellement. Vous pouvez \u00e9galement sp\u00e9cifier que certains cookies ne peuvent pas \u00eatre plac\u00e9s. Vous pouvez \u00e9galement modifier les param\u00e8tres de votre navigateur Internet de mani\u00e8re \u00e0 recevoir un message chaque fois qu&rsquo;un cookie est plac\u00e9. Pour plus d&rsquo;informations sur ces options, veuillez vous r\u00e9f\u00e9rer aux instructions de la section d&rsquo;aide de votre navigateur.   <\/p>\n<p>Veuillez noter que notre site web peut ne pas fonctionner correctement si tous les cookies sont d\u00e9sactiv\u00e9s. Si vous supprimez les cookies de votre navigateur, ils seront \u00e0 nouveau plac\u00e9s apr\u00e8s votre consentement lorsque vous visiterez \u00e0 nouveau nos sites web. <\/p>\n<ol start=\"10\">\n<li><strong>Coordonn\u00e9es de la personne \u00e0 contacter<\/strong><\/li>\n<\/ol>\n<p>Pour toute question et\/ou commentaire concernant notre politique en mati\u00e8re de cookies et la pr\u00e9sente d\u00e9claration, veuillez nous contacter en utilisant les coordonn\u00e9es ci-dessous :<\/p>\n<ul>\n<li>La personne responsable est <strong>Carlos Uriarte<\/strong><\/li>\n<li>Son num\u00e9ro de TVA est le suivant : <strong>B39755897<\/strong> <\/li>\n<li>Son adresse est la suivante <strong>Pol\u00edgono Ind. de Guarnizo. Centro de Negocios, Nave 3, 39611, Guarnizo, Cantabria  <\/strong><\/li>\n<li><strong>Adresse \u00e9lectronique: info@byebirds.com<\/strong><\/li>\n<\/ul>\n\t\t\t\t\t\t\t\t<\/div>\n\t\t\t\t<\/div>\n\t\t\t\t\t<\/div>\n\t\t<\/div>\n\t\t\t\t\t<\/div>\n\t\t<\/section>\n\t\t\t\t<\/div>\n\t\t","protected":false},"excerpt":{"rendered":"<p>Cookies Introduction Notre site web (ci-apr\u00e8s : \u00ab le site web \u00bb) utilise des cookies et d&rsquo;autres technologies connexes (par [&hellip;]<\/p>\n","protected":false},"author":1,"featured_media":0,"parent":0,"menu_order":0,"comment_status":"closed","ping_status":"closed","template":"","meta":{"site-sidebar-layout":"no-sidebar","site-content-layout":"","ast-site-content-layout":"full-width-container","site-content-style":"default","site-sidebar-style":"default","ast-global-header-display":"","ast-banner-title-visibility":"","ast-main-header-display":"","ast-hfb-above-header-display":"","ast-hfb-below-header-display":"","ast-hfb-mobile-header-display":"","site-post-title":"disabled","ast-breadcrumbs-content":"","ast-featured-img":"disabled","footer-sml-layout":"","theme-transparent-header-meta":"","adv-header-id-meta":"","stick-header-meta":"","header-above-stick-meta":"","header-main-stick-meta":"","header-below-stick-meta":"","astra-migrate-meta-layouts":"default","ast-page-background-enabled":"default","ast-page-background-meta":{"desktop":{"background-color":"var(--ast-global-color-4)","background-image":"","background-repeat":"repeat","background-position":"center center","background-size":"auto","background-attachment":"scroll","background-type":"","background-media":"","overlay-type":"","overlay-color":"","overlay-opacity":"","overlay-gradient":""},"tablet":{"background-color":"","background-image":"","background-repeat":"repeat","background-position":"center center","background-size":"auto","background-attachment":"scroll","background-type":"","background-media":"","overlay-type":"","overlay-color":"","overlay-opacity":"","overlay-gradient":""},"mobile":{"background-color":"","background-image":"","background-repeat":"repeat","background-position":"center center","background-size":"auto","background-attachment":"scroll","background-type":"","background-media":"","overlay-type":"","overlay-color":"","overlay-opacity":"","overlay-gradient":""}},"ast-content-background-meta":{"desktop":{"background-color":"var(--ast-global-color-5)","background-image":"","background-repeat":"repeat","background-position":"center center","background-size":"auto","background-attachment":"scroll","background-type":"","background-media":"","overlay-type":"","overlay-color":"","overlay-opacity":"","overlay-gradient":""},"tablet":{"background-color":"var(--ast-global-color-5)","background-image":"","background-repeat":"repeat","background-position":"center center","background-size":"auto","background-attachment":"scroll","background-type":"","background-media":"","overlay-type":"","overlay-color":"","overlay-opacity":"","overlay-gradient":""},"mobile":{"background-color":"var(--ast-global-color-5)","background-image":"","background-repeat":"repeat","background-position":"center center","background-size":"auto","background-attachment":"scroll","background-type":"","background-media":"","overlay-type":"","overlay-color":"","overlay-opacity":"","overlay-gradient":""}},"footnotes":""},"class_list":["post-1412","page","type-page","status-publish","hentry"],"_links":{"self":[{"href":"https:\/\/byebirds.com\/fr\/wp-json\/wp\/v2\/pages\/1412","targetHints":{"allow":["GET"]}}],"collection":[{"href":"https:\/\/byebirds.com\/fr\/wp-json\/wp\/v2\/pages"}],"about":[{"href":"https:\/\/byebirds.com\/fr\/wp-json\/wp\/v2\/types\/page"}],"author":[{"embeddable":true,"href":"https:\/\/byebirds.com\/fr\/wp-json\/wp\/v2\/users\/1"}],"replies":[{"embeddable":true,"href":"https:\/\/byebirds.com\/fr\/wp-json\/wp\/v2\/comments?post=1412"}],"version-history":[{"count":1,"href":"https:\/\/byebirds.com\/fr\/wp-json\/wp\/v2\/pages\/1412\/revisions"}],"predecessor-version":[{"id":1413,"href":"https:\/\/byebirds.com\/fr\/wp-json\/wp\/v2\/pages\/1412\/revisions\/1413"}],"wp:attachment":[{"href":"https:\/\/byebirds.com\/fr\/wp-json\/wp\/v2\/media?parent=1412"}],"curies":[{"name":"wp","href":"https:\/\/api.w.org\/{rel}","templated":true}]}}