{"id":1471,"date":"2024-11-12T18:23:48","date_gmt":"2024-11-12T17:23:48","guid":{"rendered":"https:\/\/byebirds.com\/avis-juridique\/"},"modified":"2024-11-12T21:05:02","modified_gmt":"2024-11-12T20:05:02","slug":"avis-juridique","status":"publish","type":"page","link":"https:\/\/byebirds.com\/fr\/avis-juridique\/","title":{"rendered":"Avis juridique"},"content":{"rendered":"\t\t<div data-elementor-type=\"wp-page\" data-elementor-id=\"1471\" class=\"elementor elementor-1471 elementor-1338\" data-elementor-post-type=\"page\">\n\t\t\t\t\t\t<section class=\"ob-is-breaking-bad elementor-section elementor-top-section elementor-element elementor-element-68d4295 elementor-section-boxed elementor-section-height-default elementor-section-height-default\" data-id=\"68d4295\" data-element_type=\"section\" data-settings=\"{&quot;_ob_bbad_use_it&quot;:&quot;yes&quot;,&quot;_ob_bbad_sssic_use&quot;:&quot;no&quot;,&quot;_ob_glider_is_slider&quot;:&quot;no&quot;}\">\n\t\t\t\t\t\t<div class=\"elementor-container elementor-column-gap-default\">\n\t\t\t\t\t<div class=\"elementor-column elementor-col-100 elementor-top-column elementor-element elementor-element-ad5ba79\" data-id=\"ad5ba79\" data-element_type=\"column\" data-settings=\"{&quot;_ob_bbad_is_stalker&quot;:&quot;no&quot;,&quot;_ob_teleporter_use&quot;:false,&quot;_ob_column_hoveranimator&quot;:&quot;no&quot;,&quot;_ob_column_has_pseudo&quot;:&quot;no&quot;}\">\n\t\t\t<div class=\"elementor-widget-wrap elementor-element-populated\">\n\t\t\t\t\t\t<div class=\"elementor-element elementor-element-489715a ob-harakiri-inherit ob-has-background-overlay elementor-widget elementor-widget-heading\" data-id=\"489715a\" data-element_type=\"widget\" data-settings=\"{&quot;_ob_use_harakiri&quot;:&quot;yes&quot;,&quot;_ob_harakiri_writing_mode&quot;:&quot;inherit&quot;,&quot;_ob_harakiri_text_clip&quot;:&quot;none&quot;,&quot;_ob_perspektive_use&quot;:&quot;no&quot;,&quot;_ob_poopart_use&quot;:&quot;yes&quot;,&quot;_ob_shadough_use&quot;:&quot;no&quot;,&quot;_ob_allow_hoveranimator&quot;:&quot;no&quot;,&quot;_ob_widget_stalker_use&quot;:&quot;no&quot;}\" data-widget_type=\"heading.default\">\n\t\t\t\t<div class=\"elementor-widget-container\">\n\t\t\t\t\t<h2 class=\"elementor-heading-title elementor-size-default\">Avis juridique<\/h2>\t\t\t\t<\/div>\n\t\t\t\t<\/div>\n\t\t\t\t<div class=\"elementor-element elementor-element-9a5fea1 ob-harakiri-inherit ob-has-background-overlay elementor-widget elementor-widget-text-editor\" data-id=\"9a5fea1\" data-element_type=\"widget\" data-settings=\"{&quot;_ob_use_harakiri&quot;:&quot;yes&quot;,&quot;_ob_harakiri_writing_mode&quot;:&quot;inherit&quot;,&quot;_ob_postman_use&quot;:&quot;no&quot;,&quot;_ob_perspektive_use&quot;:&quot;no&quot;,&quot;_ob_poopart_use&quot;:&quot;yes&quot;,&quot;_ob_shadough_use&quot;:&quot;no&quot;,&quot;_ob_allow_hoveranimator&quot;:&quot;no&quot;,&quot;_ob_widget_stalker_use&quot;:&quot;no&quot;}\" data-widget_type=\"text-editor.default\">\n\t\t\t\t<div class=\"elementor-widget-container\">\n\t\t\t\t\t\t\t\t\t<ol>\n<li><strong>OBJECTIF ET ACCEPTATION<\/strong><\/li>\n<\/ol>\n<p>Le pr\u00e9sent avis juridique r\u00e9git l&rsquo;utilisation du site web (ci-apr\u00e8s d\u00e9nomm\u00e9 \u00ab le site web \u00bb), qui est la propri\u00e9t\u00e9 de <strong>ByeBirds.<\/strong><br \/><strong>(ci-apr\u00e8s, le PROPRI\u00c9TAIRE DU SITE WEB).<\/strong><\/p>\n<p>La navigation sur le site web du PROPRI\u00c9TAIRE DU SITE WEB conf\u00e8re la condition d&rsquo;utilisateur de ce dernier et implique l&rsquo;acceptation totale et sans r\u00e9serve de toutes et chacune des dispositions incluses dans les pr\u00e9sentes mentions l\u00e9gales, qui peuvent faire l&rsquo;objet de modifications.<\/p>\n<p>L&rsquo;utilisateur s&rsquo;engage \u00e0 faire un usage correct du site Web conform\u00e9ment aux lois, \u00e0 la bonne foi, \u00e0 l&rsquo;ordre public, aux usages de la circulation et au pr\u00e9sent avis juridique. L&rsquo;utilisateur sera responsable envers le PROPRI\u00c9TAIRE DU SITE WEB ou envers des tiers de tout dommage pouvant r\u00e9sulter d&rsquo;un manquement \u00e0 cette obligation. <\/p>\n<ol start=\"2\">\n<li><strong>IDENTIFICATION ET COMMUNICATIONS<\/strong><\/li>\n<\/ol>\n<p>LE PROPRI\u00c9TAIRE DU SITE WEB, conform\u00e9ment \u00e0 la loi 34\/2002, du 11 juillet, sur les services de la soci\u00e9t\u00e9 de l&rsquo;information et le commerce \u00e9lectronique, vous informe que :<\/p>\n<ul>\n<li>La persona responsable es <strong>Carlos Uriarte<\/strong><\/li>\n<li>Son num\u00e9ro de TVA est le suivant : <strong>B39755897<\/strong><\/li>\n<li>Son adresse est la suivante<strong> Pol\u00edgono Ind. de Guarnizo. Centro de Negocios, Nave 3, 39611, Guarnizo, Cantabria  <\/strong><\/li>\n<li>Adresse \u00e9lectronique: <strong>info@byebirds.com<\/strong><\/li>\n<li>Inscrit au registre du commerce.<\/li>\n<\/ul>\n<p>Pour nous contacter, nous mettons \u00e0 votre disposition diff\u00e9rents moyens de contact qui sont d\u00e9taill\u00e9s ci-dessous :<\/p>\n<ul>\n<li>Adresse \u00e9lectronique: <strong>info@byebirds.com<\/strong><\/li>\n<li>T\u00e9l\u00e9phone:<strong><span aria-label=\"Llamar al n\u00famero de tel\u00e9fono 601 54 83 80\">655 64 26 28<\/span><\/strong><\/li>\n<\/ul>\n<p>Toutes les notifications et communications entre les utilisateurs et le PROPRI\u00c9TAIRE DU SITE WEB sont consid\u00e9r\u00e9es comme effectives, \u00e0 toutes fins utiles, lorsqu&rsquo;elles sont effectu\u00e9es par voie postale ou par tout autre moyen susmentionn\u00e9.<\/p>\n<ol start=\"3\">\n<li><strong>CONDITIONS D&rsquo;ACC\u00c8S ET D&rsquo;UTILISATION<\/strong><\/li>\n<\/ol>\n<p>Le site web et ses services sont d&rsquo;acc\u00e8s libre et gratuit. Toutefois, le PROPRI\u00c9TAIRE DU SITE WEB conditionne l&rsquo;utilisation de certains des services offerts sur son site web \u00e0 l&rsquo;accomplissement pr\u00e9alable du formulaire correspondant.<\/p>\n<p>L&rsquo;utilisateur garantit l&rsquo;authenticit\u00e9 et l&rsquo;actualit\u00e9 de toutes les donn\u00e9es fournies au PROPRI\u00c9TAIRE DU SITE WEB et sera seul responsable de toute d\u00e9claration fausse ou inexacte.<\/p>\n<p>L&rsquo;utilisateur s&rsquo;engage express\u00e9ment \u00e0 faire un usage appropri\u00e9 des contenus et des services du PROPRI\u00c9TAIRE DU SITE WEB et \u00e0 ne pas les utiliser, entre autres, pour :<\/p>\n<ol>\n<li>Diffuser des contenus criminels, violents, pornographiques, racistes, x\u00e9nophobes, injurieux, terroristes ou, en g\u00e9n\u00e9ral, contraires \u00e0 la loi ou \u00e0 l&rsquo;ordre public.<\/li>\n<li>Introduire dans le r\u00e9seau des virus informatiques ou effectuer des actions susceptibles d&rsquo;alt\u00e9rer, d&rsquo;endommager, d&rsquo;interrompre ou de g\u00e9n\u00e9rer des erreurs ou des dommages aux documents \u00e9lectroniques, aux donn\u00e9es ou aux syst\u00e8mes physiques et logiques du PROPRI\u00c9TAIRE DU SITE WEB ou de tiers ; ainsi qu&rsquo;entraver l&rsquo;acc\u00e8s d&rsquo;autres utilisateurs au site web et \u00e0 ses services par la consommation massive des ressources informatiques gr\u00e2ce auxquelles le PROPRI\u00c9TAIRE DU SITE WEB fournit ses services.<\/li>\n<li>Tenter d&rsquo;acc\u00e9der aux comptes de courrier \u00e9lectronique d&rsquo;autres utilisateurs ou \u00e0 des zones restreintes des syst\u00e8mes informatiques du PROPRI\u00c9TAIRE DU SITE WEB ou de tiers et, le cas \u00e9ch\u00e9ant, d&rsquo;en extraire des informations.<\/li>\n<li>enfreindre les droits de propri\u00e9t\u00e9 intellectuelle ou industrielle, ainsi que la confidentialit\u00e9 des informations du PROPRI\u00c9TAIRE DU SITE WEB ou de tiers.<\/li>\n<li>Usurper l&rsquo;identit\u00e9 d&rsquo;un autre utilisateur, des autorit\u00e9s publiques ou d&rsquo;un tiers.<\/li>\n<li>Reproduire, copier, distribuer, mettre \u00e0 disposition ou de toute autre mani\u00e8re communiquer publiquement, transformer ou modifier le contenu, sauf autorisation du titulaire des droits correspondants ou autorisation l\u00e9gale.<\/li>\n<li>collecter des donn\u00e9es \u00e0 des fins publicitaires et envoyer de la publicit\u00e9 de toute nature et des communications \u00e0 des fins de vente ou \u00e0 d&rsquo;autres fins commerciales sans demande ou consentement pr\u00e9alable.<\/li>\n<\/ol>\n<p>Tous les contenus du site, tels que les textes, les photographies, les graphiques, les images, les ic\u00f4nes, la technologie, le logiciel, ainsi que sa conception graphique et ses codes sources, constituent une \u0153uvre dont la propri\u00e9t\u00e9 appartient au PROPRI\u00c9TAIRE DU SITE WEB, et aucun des droits d&rsquo;exploitation de celle-ci ne peut \u00eatre consid\u00e9r\u00e9 comme transf\u00e9r\u00e9 \u00e0 l&rsquo;utilisateur au-del\u00e0 de ce qui est strictement n\u00e9cessaire \u00e0 l&rsquo;utilisation correcte du site.<\/p>\n<p>En r\u00e9sum\u00e9, les utilisateurs qui acc\u00e8dent \u00e0 ce site web peuvent visualiser les contenus et r\u00e9aliser, le cas \u00e9ch\u00e9ant, des copies priv\u00e9es autoris\u00e9es, \u00e0 condition que les \u00e9l\u00e9ments reproduits ne soient pas c\u00e9d\u00e9s ult\u00e9rieurement \u00e0 des tiers, ni install\u00e9s sur des serveurs connect\u00e9s \u00e0 des r\u00e9seaux, ni soumis \u00e0 un quelconque type d&rsquo;exploitation. De m\u00eame, toutes les marques, noms commerciaux ou signes distinctifs de toute nature qui apparaissent sur le site web sont la propri\u00e9t\u00e9 du PROPRI\u00c9TAIRE DU SITE WEB, sans que l&rsquo;on puisse consid\u00e9rer que l&rsquo;utilisation ou l&rsquo;acc\u00e8s \u00e0 ceux-ci conf\u00e8re \u00e0 l&rsquo;utilisateur un quelconque droit sur ceux-ci. <\/p>\n<p>La distribution, la modification, le transfert ou la communication publique des contenus et tout autre acte qui n&rsquo;a pas \u00e9t\u00e9 express\u00e9ment autoris\u00e9 par le titulaire des droits d&rsquo;exploitation sont interdits.<\/p>\n<p>L&rsquo;\u00e9tablissement d&rsquo;un lien hypertexte n&rsquo;implique en aucun cas l&rsquo;existence d&rsquo;une relation entre le PROPRI\u00c9TAIRE DU SITE WEB et le propri\u00e9taire du site web sur lequel il est \u00e9tabli, ni l&rsquo;acceptation et l&rsquo;approbation par le PROPRI\u00c9TAIRE DU SITE WEB de son contenu ou de ses services. Les personnes qui ont l&rsquo;intention d&rsquo;\u00e9tablir un lien hypertexte doivent demander l&rsquo;autorisation \u00e9crite pr\u00e9alable du PROPRI\u00c9TAIRE DU SITE. En tout \u00e9tat de cause, l&rsquo;hyperlien permettra uniquement d&rsquo;acc\u00e9der \u00e0 la page d&rsquo;accueil ou \u00e0 la page d&rsquo;accueil de notre site web, et devra \u00e9galement s&rsquo;abstenir de faire des d\u00e9clarations ou des indications fausses, inexactes ou incorrectes sur le PROPRI\u00c9TAIRE DU SITE WEB, ou d&rsquo;inclure des contenus ill\u00e9gaux, contraires aux bonnes m\u0153urs et \u00e0 l&rsquo;ordre public. Le PROPRI\u00c9TAIRE DU SITE WEB n&rsquo;est pas responsable de l&rsquo;utilisation que chaque utilisateur fait du mat\u00e9riel mis \u00e0 disposition sur ce site web, ni des actions r\u00e9alis\u00e9es sur la base de celui-ci.   <\/p>\n<ol start=\"4\">\n<li><strong>EXCLUSION DES GARANTIES ET DE LA RESPONSABILIT\u00c9<\/strong><\/li>\n<\/ol>\n<p>L&rsquo;acc\u00e8s \u00e0 l&rsquo;ensemble du contenu n&rsquo;est pas enti\u00e8rement garanti, pas plus que son exhaustivit\u00e9, son exactitude, sa validit\u00e9 ou son actualit\u00e9, ou encore son ad\u00e9quation ou son utilit\u00e9 dans un but sp\u00e9cifique.<\/p>\n<p>LE PROPRI\u00c9TAIRE DU SITE WEB exclut, dans la mesure permise par la loi, toute responsabilit\u00e9 pour des dommages de quelque nature que ce soit r\u00e9sultant de :<\/p>\n<ol>\n<li>L&rsquo;impossibilit\u00e9 d&rsquo;acc\u00e9der au site web ou le manque de v\u00e9racit\u00e9, d&rsquo;exactitude, d&rsquo;exhaustivit\u00e9 et\/ou d&rsquo;actualit\u00e9 du contenu, ainsi que l&rsquo;existence de vices et de d\u00e9fauts de toute nature dans le contenu transmis, diffus\u00e9, stock\u00e9, mis \u00e0 la disposition de ceux qui ont acc\u00e9d\u00e9 par le biais du site web ou des services offerts.<\/li>\n<li>La pr\u00e9sence de virus ou d&rsquo;autres \u00e9l\u00e9ments dans le contenu qui peuvent causer des alt\u00e9rations dans les syst\u00e8mes informatiques, les documents \u00e9lectroniques ou les donn\u00e9es des utilisateurs.<\/li>\n<li>le non-respect de la loi, de la bonne foi, de l&rsquo;ordre public, des usages de la circulation et du pr\u00e9sent avis juridique en raison d&rsquo;une utilisation incorrecte du site web. En particulier, et \u00e0 titre d&rsquo;exemple, le PROPRI\u00c9TAIRE DU SITE INTERNET n&rsquo;est pas responsable des actions de tiers qui violent les droits de propri\u00e9t\u00e9 intellectuelle et industrielle, les secrets d&rsquo;affaires, les droits \u00e0 l&rsquo;honneur, \u00e0 l&rsquo;intimit\u00e9 personnelle et familiale et \u00e0 l&rsquo;image de soi, ainsi que la r\u00e9glementation sur la concurrence d\u00e9loyale et la publicit\u00e9 ill\u00e9gale. <\/li>\n<\/ol>\n<p>De m\u00eame, le PROPRI\u00c9TAIRE DU SITE WEB d\u00e9cline toute responsabilit\u00e9 pour les informations qui se trouvent en dehors de ce site et qui ne sont pas g\u00e9r\u00e9es directement par notre webmaster. La fonction des liens qui apparaissent sur ce site est exclusivement d&rsquo;informer l&rsquo;utilisateur de l&rsquo;existence d&rsquo;autres sources susceptibles d&rsquo;\u00e9largir le contenu offert sur ce site. Le PROPRI\u00c9TAIRE DU SITE NE GARANTIT PAS LE FONCTIONNEMENT OU L&rsquo;ACCESSIBILIT\u00c9 DES SITES LI\u00c9S, NI NE SUGG\u00c8RE, INVITE OU RECOMMANDE DE LES VISITER, NI N&rsquo;EST RESPONSABLE DES R\u00c9SULTATS OBTENUS. Le PROPRI\u00c9TAIRE DU SITE n&rsquo;est pas responsable de l&rsquo;\u00e9tablissement d&rsquo;hyperliens par des tiers.   <\/p>\n<ol start=\"5\">\n<li><strong>POL\u00cdTICA DE PRIVACIDAD<\/strong><\/li>\n<\/ol>\n<p>Vous pouvez consulter notre politique de confidentialit\u00e9 \u00e0 l&rsquo;adresse suivante <strong><u><a href=\"https:\/\/hornynails.com\/politicas-de-privacidad\/\">lien<\/a><\/u><\/strong>.<\/p>\n<ol start=\"6\">\n<li><strong>PROC\u00c9DURE EN CAS D&rsquo;ACTIVIT\u00c9S ILL\u00c9GALES<\/strong><\/li>\n<\/ol>\n<p>Si un utilisateur ou un tiers consid\u00e8re qu&rsquo;il existe des faits ou des circonstances qui r\u00e9v\u00e8lent le caract\u00e8re illicite de l&rsquo;utilisation de tout contenu et\/ou de la r\u00e9alisation de toute activit\u00e9 sur les pages web incluses ou accessibles par le site web, il doit envoyer une notification au PROPRI\u00c9TAIRE DU SITE WEB en s&rsquo;identifiant d\u00fbment, en pr\u00e9cisant les infractions pr\u00e9sum\u00e9es et en d\u00e9clarant express\u00e9ment, sous sa propre responsabilit\u00e9, que les informations fournies dans la notification sont exactes.<\/p>\n<p>Les parties se soumettent express\u00e9ment \u00e0 la juridiction et \u00e0 la comp\u00e9tence des cours et tribunaux correspondant au domicile de l&rsquo;utilisateur ou \u00e0 ceux du lieu d&rsquo;ex\u00e9cution de l&rsquo;obligation contractuelle pour toute question ou tout diff\u00e9rend pouvant r\u00e9sulter de l&rsquo;interpr\u00e9tation, de l&rsquo;ex\u00e9cution et de la r\u00e9alisation du pr\u00e9sent contrat.<\/p>\n<ol start=\"7\">\n<li><strong>PUBLICATIONS<\/strong><\/li>\n<\/ol>\n<p>Les informations administratives fournies par le biais du site web ne remplacent pas la publication l\u00e9gale des lois, r\u00e8glements, plans, dispositions g\u00e9n\u00e9rales et actes qui doivent \u00eatre formellement publi\u00e9s dans les journaux officiels des administrations publiques, qui sont le seul instrument attestant de leur authenticit\u00e9 et de leur contenu. Les informations disponibles sur ce site web doivent \u00eatre consid\u00e9r\u00e9es comme un guide sans aucune valeur juridique. <\/p>\n\t\t\t\t\t\t\t\t<\/div>\n\t\t\t\t<\/div>\n\t\t\t\t\t<\/div>\n\t\t<\/div>\n\t\t\t\t\t<\/div>\n\t\t<\/section>\n\t\t\t\t<\/div>\n\t\t","protected":false},"excerpt":{"rendered":"<p>Avis juridique OBJECTIF ET ACCEPTATION Le pr\u00e9sent avis juridique r\u00e9git l&rsquo;utilisation du site web (ci-apr\u00e8s d\u00e9nomm\u00e9 \u00ab le site web [&hellip;]<\/p>\n","protected":false},"author":1,"featured_media":0,"parent":0,"menu_order":0,"comment_status":"closed","ping_status":"closed","template":"","meta":{"site-sidebar-layout":"no-sidebar","site-content-layout":"","ast-site-content-layout":"full-width-container","site-content-style":"default","site-sidebar-style":"default","ast-global-header-display":"","ast-banner-title-visibility":"","ast-main-header-display":"","ast-hfb-above-header-display":"","ast-hfb-below-header-display":"","ast-hfb-mobile-header-display":"","site-post-title":"disabled","ast-breadcrumbs-content":"","ast-featured-img":"disabled","footer-sml-layout":"","theme-transparent-header-meta":"","adv-header-id-meta":"","stick-header-meta":"","header-above-stick-meta":"","header-main-stick-meta":"","header-below-stick-meta":"","astra-migrate-meta-layouts":"default","ast-page-background-enabled":"default","ast-page-background-meta":{"desktop":{"background-color":"var(--ast-global-color-4)","background-image":"","background-repeat":"repeat","background-position":"center center","background-size":"auto","background-attachment":"scroll","background-type":"","background-media":"","overlay-type":"","overlay-color":"","overlay-opacity":"","overlay-gradient":""},"tablet":{"background-color":"","background-image":"","background-repeat":"repeat","background-position":"center center","background-size":"auto","background-attachment":"scroll","background-type":"","background-media":"","overlay-type":"","overlay-color":"","overlay-opacity":"","overlay-gradient":""},"mobile":{"background-color":"","background-image":"","background-repeat":"repeat","background-position":"center center","background-size":"auto","background-attachment":"scroll","background-type":"","background-media":"","overlay-type":"","overlay-color":"","overlay-opacity":"","overlay-gradient":""}},"ast-content-background-meta":{"desktop":{"background-color":"var(--ast-global-color-5)","background-image":"","background-repeat":"repeat","background-position":"center center","background-size":"auto","background-attachment":"scroll","background-type":"","background-media":"","overlay-type":"","overlay-color":"","overlay-opacity":"","overlay-gradient":""},"tablet":{"background-color":"var(--ast-global-color-5)","background-image":"","background-repeat":"repeat","background-position":"center center","background-size":"auto","background-attachment":"scroll","background-type":"","background-media":"","overlay-type":"","overlay-color":"","overlay-opacity":"","overlay-gradient":""},"mobile":{"background-color":"var(--ast-global-color-5)","background-image":"","background-repeat":"repeat","background-position":"center center","background-size":"auto","background-attachment":"scroll","background-type":"","background-media":"","overlay-type":"","overlay-color":"","overlay-opacity":"","overlay-gradient":""}},"footnotes":""},"class_list":["post-1471","page","type-page","status-publish","hentry"],"_links":{"self":[{"href":"https:\/\/byebirds.com\/fr\/wp-json\/wp\/v2\/pages\/1471","targetHints":{"allow":["GET"]}}],"collection":[{"href":"https:\/\/byebirds.com\/fr\/wp-json\/wp\/v2\/pages"}],"about":[{"href":"https:\/\/byebirds.com\/fr\/wp-json\/wp\/v2\/types\/page"}],"author":[{"embeddable":true,"href":"https:\/\/byebirds.com\/fr\/wp-json\/wp\/v2\/users\/1"}],"replies":[{"embeddable":true,"href":"https:\/\/byebirds.com\/fr\/wp-json\/wp\/v2\/comments?post=1471"}],"version-history":[{"count":1,"href":"https:\/\/byebirds.com\/fr\/wp-json\/wp\/v2\/pages\/1471\/revisions"}],"predecessor-version":[{"id":1472,"href":"https:\/\/byebirds.com\/fr\/wp-json\/wp\/v2\/pages\/1471\/revisions\/1472"}],"wp:attachment":[{"href":"https:\/\/byebirds.com\/fr\/wp-json\/wp\/v2\/media?parent=1471"}],"curies":[{"name":"wp","href":"https:\/\/api.w.org\/{rel}","templated":true}]}}