{"id":1473,"date":"2024-09-23T11:03:11","date_gmt":"2024-09-23T09:03:11","guid":{"rendered":"https:\/\/byebirds.com\/etudes-de-cas\/"},"modified":"2024-11-19T11:59:19","modified_gmt":"2024-11-19T10:59:19","slug":"etudes-de-cas","status":"publish","type":"page","link":"https:\/\/byebirds.com\/fr\/etudes-de-cas\/","title":{"rendered":"\u00c9tudes de cas"},"content":{"rendered":"\t\t<div data-elementor-type=\"wp-page\" data-elementor-id=\"1473\" class=\"elementor elementor-1473 elementor-921\" data-elementor-post-type=\"page\">\n\t\t\t\t\t\t<section class=\"ob-is-breaking-bad elementor-section elementor-top-section elementor-element elementor-element-857d2cf elementor-section-boxed elementor-section-height-default elementor-section-height-default\" data-id=\"857d2cf\" data-element_type=\"section\" data-settings=\"{&quot;_ob_bbad_use_it&quot;:&quot;yes&quot;,&quot;_ob_bbad_sssic_use&quot;:&quot;no&quot;,&quot;_ob_glider_is_slider&quot;:&quot;no&quot;}\">\n\t\t\t\t\t\t<div class=\"elementor-container elementor-column-gap-default\">\n\t\t\t\t\t<div class=\"elementor-column elementor-col-100 elementor-top-column elementor-element elementor-element-46951ca\" data-id=\"46951ca\" data-element_type=\"column\" data-settings=\"{&quot;_ob_bbad_is_stalker&quot;:&quot;no&quot;,&quot;_ob_teleporter_use&quot;:false,&quot;_ob_column_hoveranimator&quot;:&quot;no&quot;,&quot;_ob_column_has_pseudo&quot;:&quot;no&quot;}\">\n\t\t\t<div class=\"elementor-widget-wrap elementor-element-populated\">\n\t\t\t\t\t\t<div class=\"elementor-element elementor-element-6e2ed6a ob-harakiri-inherit ob-has-background-overlay elementor-widget elementor-widget-heading\" data-id=\"6e2ed6a\" data-element_type=\"widget\" data-settings=\"{&quot;_ob_use_harakiri&quot;:&quot;yes&quot;,&quot;_ob_harakiri_writing_mode&quot;:&quot;inherit&quot;,&quot;_ob_harakiri_text_clip&quot;:&quot;none&quot;,&quot;_ob_perspektive_use&quot;:&quot;no&quot;,&quot;_ob_poopart_use&quot;:&quot;yes&quot;,&quot;_ob_shadough_use&quot;:&quot;no&quot;,&quot;_ob_allow_hoveranimator&quot;:&quot;no&quot;,&quot;_ob_widget_stalker_use&quot;:&quot;no&quot;}\" data-widget_type=\"heading.default\">\n\t\t\t\t<div class=\"elementor-widget-container\">\n\t\t\t\t\t<h2 class=\"elementor-heading-title elementor-size-default\">\u00c9tudes de cas<\/h2>\t\t\t\t<\/div>\n\t\t\t\t<\/div>\n\t\t\t\t<div class=\"elementor-element elementor-element-0537d5b elementor-widget-divider--view-line ob-has-background-overlay elementor-widget elementor-widget-divider\" data-id=\"0537d5b\" data-element_type=\"widget\" data-settings=\"{&quot;_ob_perspektive_use&quot;:&quot;no&quot;,&quot;_ob_poopart_use&quot;:&quot;yes&quot;,&quot;_ob_shadough_use&quot;:&quot;no&quot;,&quot;_ob_allow_hoveranimator&quot;:&quot;no&quot;,&quot;_ob_widget_stalker_use&quot;:&quot;no&quot;}\" data-widget_type=\"divider.default\">\n\t\t\t\t<div class=\"elementor-widget-container\">\n\t\t\t\t\t\t\t<div class=\"elementor-divider\">\n\t\t\t<span class=\"elementor-divider-separator\">\n\t\t\t\t\t\t<\/span>\n\t\t<\/div>\n\t\t\t\t\t\t<\/div>\n\t\t\t\t<\/div>\n\t\t\t\t<div class=\"elementor-element elementor-element-3cf4e96 elementor-grid-2 elementor-grid-tablet-2 elementor-grid-mobile-1 elementor-posts--thumbnail-top ob-has-background-overlay elementor-widget elementor-widget-posts\" data-id=\"3cf4e96\" data-element_type=\"widget\" data-settings=\"{&quot;classic_columns&quot;:&quot;2&quot;,&quot;classic_columns_tablet&quot;:&quot;2&quot;,&quot;classic_columns_mobile&quot;:&quot;1&quot;,&quot;classic_row_gap&quot;:{&quot;unit&quot;:&quot;px&quot;,&quot;size&quot;:35,&quot;sizes&quot;:[]},&quot;classic_row_gap_tablet&quot;:{&quot;unit&quot;:&quot;px&quot;,&quot;size&quot;:&quot;&quot;,&quot;sizes&quot;:[]},&quot;classic_row_gap_mobile&quot;:{&quot;unit&quot;:&quot;px&quot;,&quot;size&quot;:&quot;&quot;,&quot;sizes&quot;:[]},&quot;_ob_perspektive_use&quot;:&quot;no&quot;,&quot;_ob_poopart_use&quot;:&quot;yes&quot;,&quot;_ob_shadough_use&quot;:&quot;no&quot;,&quot;_ob_allow_hoveranimator&quot;:&quot;no&quot;,&quot;_ob_widget_stalker_use&quot;:&quot;no&quot;}\" data-widget_type=\"posts.classic\">\n\t\t\t\t<div class=\"elementor-widget-container\">\n\t\t\t\t\t\t\t<div class=\"elementor-posts-container elementor-posts elementor-posts--skin-classic elementor-grid\">\n\t\t\t\t<article class=\"elementor-post elementor-grid-item post-2002 post type-post status-publish format-standard has-post-thumbnail hentry category-non-classifiee\">\n\t\t\t\t<a class=\"elementor-post__thumbnail__link\" href=\"https:\/\/byebirds.com\/fr\/bains-thermaux-szechenyi-budapest-hungria\/\" tabindex=\"-1\" >\n\t\t\t<div class=\"elementor-post__thumbnail\"><img fetchpriority=\"high\" decoding=\"async\" width=\"2139\" height=\"1144\" src=\"https:\/\/byebirds.com\/wp-content\/uploads\/2024\/09\/PORTADA5.jpg\" class=\"attachment-full size-full wp-image-2016\" alt=\"\" srcset=\"https:\/\/byebirds.com\/wp-content\/uploads\/2024\/09\/PORTADA5.jpg 2139w, https:\/\/byebirds.com\/wp-content\/uploads\/2024\/09\/PORTADA5-300x160.jpg 300w, https:\/\/byebirds.com\/wp-content\/uploads\/2024\/09\/PORTADA5-1024x548.jpg 1024w, https:\/\/byebirds.com\/wp-content\/uploads\/2024\/09\/PORTADA5-768x411.jpg 768w, https:\/\/byebirds.com\/wp-content\/uploads\/2024\/09\/PORTADA5-1536x821.jpg 1536w, https:\/\/byebirds.com\/wp-content\/uploads\/2024\/09\/PORTADA5-2048x1095.jpg 2048w\" sizes=\"(max-width: 2139px) 100vw, 2139px\" \/><\/div>\n\t\t<\/a>\n\t\t\t\t<div class=\"elementor-post__text\">\n\t\t\t\t<h3 class=\"elementor-post__title\">\n\t\t\t<a href=\"https:\/\/byebirds.com\/fr\/bains-thermaux-szechenyi-budapest-hungria\/\" >\n\t\t\t\tBains thermaux Sz\u00e9chenyi, Budapest, Hungr\u00eda\t\t\t<\/a>\n\t\t<\/h3>\n\t\t\t\t<div class=\"elementor-post__excerpt\">\n\t\t\t<p>Le bain thermal Sz\u00e9chenyi de Budapest est le plus grand bain m\u00e9dicinal d&rsquo;Europe. Construit en 1913 dans un style n\u00e9o-baroque d&rsquo;apr\u00e8s les plans de Gy\u0151z\u0151 Czigler, le bain est situ\u00e9 dans le parc de la ville. Malgr\u00e9 les pics et<\/p>\n\t\t<\/div>\n\t\t\n\t\t<a class=\"elementor-post__read-more\" href=\"https:\/\/byebirds.com\/fr\/bains-thermaux-szechenyi-budapest-hungria\/\" aria-label=\"Read more about Bains thermaux Sz\u00e9chenyi, Budapest, Hungr\u00eda\" tabindex=\"-1\" >\n\t\t\tEn savoir plus\t\t<\/a>\n\n\t\t\t\t<\/div>\n\t\t\t\t<\/article>\n\t\t\t\t<article class=\"elementor-post elementor-grid-item post-2018 post type-post status-publish format-standard has-post-thumbnail hentry category-non-classifiee\">\n\t\t\t\t<a class=\"elementor-post__thumbnail__link\" href=\"https:\/\/byebirds.com\/fr\/monastere-des-hieronymites-lisboa-portugal\/\" tabindex=\"-1\" >\n\t\t\t<div class=\"elementor-post__thumbnail\"><img decoding=\"async\" width=\"2139\" height=\"1144\" src=\"https:\/\/byebirds.com\/wp-content\/uploads\/2024\/09\/PORTADA4.jpg\" class=\"attachment-full size-full wp-image-2024\" alt=\"\" srcset=\"https:\/\/byebirds.com\/wp-content\/uploads\/2024\/09\/PORTADA4.jpg 2139w, https:\/\/byebirds.com\/wp-content\/uploads\/2024\/09\/PORTADA4-300x160.jpg 300w, https:\/\/byebirds.com\/wp-content\/uploads\/2024\/09\/PORTADA4-1024x548.jpg 1024w, https:\/\/byebirds.com\/wp-content\/uploads\/2024\/09\/PORTADA4-768x411.jpg 768w, https:\/\/byebirds.com\/wp-content\/uploads\/2024\/09\/PORTADA4-1536x821.jpg 1536w, https:\/\/byebirds.com\/wp-content\/uploads\/2024\/09\/PORTADA4-2048x1095.jpg 2048w\" sizes=\"(max-width: 2139px) 100vw, 2139px\" \/><\/div>\n\t\t<\/a>\n\t\t\t\t<div class=\"elementor-post__text\">\n\t\t\t\t<h3 class=\"elementor-post__title\">\n\t\t\t<a href=\"https:\/\/byebirds.com\/fr\/monastere-des-hieronymites-lisboa-portugal\/\" >\n\t\t\t\tMonast\u00e8re des Hi\u00e9ronymites, Lisboa, Portugal\t\t\t<\/a>\n\t\t<\/h3>\n\t\t\t\t<div class=\"elementor-post__excerpt\">\n\t\t\t<p>Construit par l&rsquo;infant Henri le Navigateur vers 1459 et class\u00e9 en 1983 au patrimoine mondial de l&rsquo;UNESCO, c&rsquo;est le monument le plus important du Portugal. Situ\u00e9e en bord de mer, elle \u00e9tait confront\u00e9e au probl\u00e8me des mouettes qui se posaient<\/p>\n\t\t<\/div>\n\t\t\n\t\t<a class=\"elementor-post__read-more\" href=\"https:\/\/byebirds.com\/fr\/monastere-des-hieronymites-lisboa-portugal\/\" aria-label=\"Read more about Monast\u00e8re des Hi\u00e9ronymites, Lisboa, Portugal\" tabindex=\"-1\" >\n\t\t\tEn savoir plus\t\t<\/a>\n\n\t\t\t\t<\/div>\n\t\t\t\t<\/article>\n\t\t\t\t<article class=\"elementor-post elementor-grid-item post-2026 post type-post status-publish format-standard has-post-thumbnail hentry category-non-classifiee\">\n\t\t\t\t<a class=\"elementor-post__thumbnail__link\" href=\"https:\/\/byebirds.com\/fr\/hippodrome-de-newbury-berkshire-reino-unido\/\" tabindex=\"-1\" >\n\t\t\t<div class=\"elementor-post__thumbnail\"><img decoding=\"async\" width=\"2139\" height=\"1144\" src=\"https:\/\/byebirds.com\/wp-content\/uploads\/2024\/09\/PORTADA3.jpg\" class=\"attachment-full size-full wp-image-2030\" alt=\"\" srcset=\"https:\/\/byebirds.com\/wp-content\/uploads\/2024\/09\/PORTADA3.jpg 2139w, https:\/\/byebirds.com\/wp-content\/uploads\/2024\/09\/PORTADA3-300x160.jpg 300w, https:\/\/byebirds.com\/wp-content\/uploads\/2024\/09\/PORTADA3-1024x548.jpg 1024w, https:\/\/byebirds.com\/wp-content\/uploads\/2024\/09\/PORTADA3-768x411.jpg 768w, https:\/\/byebirds.com\/wp-content\/uploads\/2024\/09\/PORTADA3-1536x821.jpg 1536w, https:\/\/byebirds.com\/wp-content\/uploads\/2024\/09\/PORTADA3-2048x1095.jpg 2048w\" sizes=\"(max-width: 2139px) 100vw, 2139px\" \/><\/div>\n\t\t<\/a>\n\t\t\t\t<div class=\"elementor-post__text\">\n\t\t\t\t<h3 class=\"elementor-post__title\">\n\t\t\t<a href=\"https:\/\/byebirds.com\/fr\/hippodrome-de-newbury-berkshire-reino-unido\/\" >\n\t\t\t\tHippodrome de Newbury, Berkshire, Reino Unido\t\t\t<\/a>\n\t\t<\/h3>\n\t\t\t\t<div class=\"elementor-post__excerpt\">\n\t\t\t<p>L&rsquo;hippodrome de Newbury est un hippodrome situ\u00e9 dans la paroisse civile de Greenham, \u00e0 c\u00f4t\u00e9 de la ville de Newbury, dans le Berkshire, en Angleterre. Il propose des courses de plat et de saut d&rsquo;obstacles. Il accueille l&rsquo;une des 31<\/p>\n\t\t<\/div>\n\t\t\n\t\t<a class=\"elementor-post__read-more\" href=\"https:\/\/byebirds.com\/fr\/hippodrome-de-newbury-berkshire-reino-unido\/\" aria-label=\"Read more about Hippodrome de Newbury, Berkshire, Reino Unido\" tabindex=\"-1\" >\n\t\t\tEn savoir plus\t\t<\/a>\n\n\t\t\t\t<\/div>\n\t\t\t\t<\/article>\n\t\t\t\t<article class=\"elementor-post elementor-grid-item post-2048 post type-post status-publish format-standard has-post-thumbnail hentry category-non-classifiee\">\n\t\t\t\t<a class=\"elementor-post__thumbnail__link\" href=\"https:\/\/byebirds.com\/fr\/eglise-de-saint-nicolas-de-maule-francia\/\" tabindex=\"-1\" >\n\t\t\t<div class=\"elementor-post__thumbnail\"><img loading=\"lazy\" decoding=\"async\" width=\"2139\" height=\"1144\" src=\"https:\/\/byebirds.com\/wp-content\/uploads\/2024\/09\/PORTADA2.jpg\" class=\"attachment-full size-full wp-image-2034\" alt=\"\" srcset=\"https:\/\/byebirds.com\/wp-content\/uploads\/2024\/09\/PORTADA2.jpg 2139w, https:\/\/byebirds.com\/wp-content\/uploads\/2024\/09\/PORTADA2-300x160.jpg 300w, https:\/\/byebirds.com\/wp-content\/uploads\/2024\/09\/PORTADA2-1024x548.jpg 1024w, https:\/\/byebirds.com\/wp-content\/uploads\/2024\/09\/PORTADA2-768x411.jpg 768w, https:\/\/byebirds.com\/wp-content\/uploads\/2024\/09\/PORTADA2-1536x821.jpg 1536w, https:\/\/byebirds.com\/wp-content\/uploads\/2024\/09\/PORTADA2-2048x1095.jpg 2048w\" sizes=\"(max-width: 2139px) 100vw, 2139px\" \/><\/div>\n\t\t<\/a>\n\t\t\t\t<div class=\"elementor-post__text\">\n\t\t\t\t<h3 class=\"elementor-post__title\">\n\t\t\t<a href=\"https:\/\/byebirds.com\/fr\/eglise-de-saint-nicolas-de-maule-francia\/\" >\n\t\t\t\t\u00c9glise de Saint-Nicolas de Maule, Francia\t\t\t<\/a>\n\t\t<\/h3>\n\t\t\t\t<div class=\"elementor-post__excerpt\">\n\t\t\t<p>L&rsquo;\u00e9glise Saint-Nicolas est un \u00e9difice roman et gothique du XIe si\u00e8cle situ\u00e9 sur la commune fran\u00e7aise de Maule, dans les Yvelines, en \u00cele-de-France. Elle a \u00e9t\u00e9 inscrite au titre des monuments historiques par arr\u00eat\u00e9 du 19 mars 1883. Une soixantaine<\/p>\n\t\t<\/div>\n\t\t\n\t\t<a class=\"elementor-post__read-more\" href=\"https:\/\/byebirds.com\/fr\/eglise-de-saint-nicolas-de-maule-francia\/\" aria-label=\"Read more about \u00c9glise de Saint-Nicolas de Maule, Francia\" tabindex=\"-1\" >\n\t\t\tEn savoir plus\t\t<\/a>\n\n\t\t\t\t<\/div>\n\t\t\t\t<\/article>\n\t\t\t\t<article class=\"elementor-post elementor-grid-item post-2032 post type-post status-publish format-standard has-post-thumbnail hentry category-non-classifiee\">\n\t\t\t\t<a class=\"elementor-post__thumbnail__link\" href=\"https:\/\/byebirds.com\/fr\/walton-on-thames-bridge-surrey-reino-unido\/\" tabindex=\"-1\" >\n\t\t\t<div class=\"elementor-post__thumbnail\"><img loading=\"lazy\" decoding=\"async\" width=\"2139\" height=\"1144\" src=\"https:\/\/byebirds.com\/wp-content\/uploads\/2024\/09\/PORTADA1.jpg\" class=\"attachment-full size-full wp-image-2033\" alt=\"\" srcset=\"https:\/\/byebirds.com\/wp-content\/uploads\/2024\/09\/PORTADA1.jpg 2139w, https:\/\/byebirds.com\/wp-content\/uploads\/2024\/09\/PORTADA1-300x160.jpg 300w, https:\/\/byebirds.com\/wp-content\/uploads\/2024\/09\/PORTADA1-1024x548.jpg 1024w, https:\/\/byebirds.com\/wp-content\/uploads\/2024\/09\/PORTADA1-768x411.jpg 768w, https:\/\/byebirds.com\/wp-content\/uploads\/2024\/09\/PORTADA1-1536x821.jpg 1536w, https:\/\/byebirds.com\/wp-content\/uploads\/2024\/09\/PORTADA1-2048x1095.jpg 2048w\" sizes=\"(max-width: 2139px) 100vw, 2139px\" \/><\/div>\n\t\t<\/a>\n\t\t\t\t<div class=\"elementor-post__text\">\n\t\t\t\t<h3 class=\"elementor-post__title\">\n\t\t\t<a href=\"https:\/\/byebirds.com\/fr\/walton-on-thames-bridge-surrey-reino-unido\/\" >\n\t\t\t\tWalton on Thames Bridge, Surrey, Reino Unido\t\t\t<\/a>\n\t\t<\/h3>\n\t\t\t\t<div class=\"elementor-post__excerpt\">\n\t\t\t<p>Walton Bridge est un pont routier sur la Tamise en Angleterre, qui enjambe la route A244 entre Walton-on-Thames et Shepperton, et traverse la Tamise entre les \u00e9cluses de Sunbury et de Shepperton. Il s&rsquo;agit du premier pont routier sur la<\/p>\n\t\t<\/div>\n\t\t\n\t\t<a class=\"elementor-post__read-more\" href=\"https:\/\/byebirds.com\/fr\/walton-on-thames-bridge-surrey-reino-unido\/\" aria-label=\"Read more about Walton on Thames Bridge, Surrey, Reino Unido\" tabindex=\"-1\" >\n\t\t\tEn savoir plus\t\t<\/a>\n\n\t\t\t\t<\/div>\n\t\t\t\t<\/article>\n\t\t\t\t<\/div>\n\t\t\n\t\t\t\t\t\t<\/div>\n\t\t\t\t<\/div>\n\t\t\t\t\t<\/div>\n\t\t<\/div>\n\t\t\t\t\t<\/div>\n\t\t<\/section>\n\t\t\t\t<\/div>\n\t\t","protected":false},"excerpt":{"rendered":"<p>\u00c9tudes de cas<\/p>\n","protected":false},"author":1,"featured_media":0,"parent":0,"menu_order":0,"comment_status":"closed","ping_status":"closed","template":"","meta":{"site-sidebar-layout":"no-sidebar","site-content-layout":"","ast-site-content-layout":"full-width-container","site-content-style":"default","site-sidebar-style":"default","ast-global-header-display":"","ast-banner-title-visibility":"","ast-main-header-display":"","ast-hfb-above-header-display":"","ast-hfb-below-header-display":"","ast-hfb-mobile-header-display":"","site-post-title":"disabled","ast-breadcrumbs-content":"","ast-featured-img":"disabled","footer-sml-layout":"","theme-transparent-header-meta":"","adv-header-id-meta":"","stick-header-meta":"","header-above-stick-meta":"","header-main-stick-meta":"","header-below-stick-meta":"","astra-migrate-meta-layouts":"default","ast-page-background-enabled":"default","ast-page-background-meta":{"desktop":{"background-color":"var(--ast-global-color-4)","background-image":"","background-repeat":"repeat","background-position":"center center","background-size":"auto","background-attachment":"scroll","background-type":"","background-media":"","overlay-type":"","overlay-color":"","overlay-opacity":"","overlay-gradient":""},"tablet":{"background-color":"","background-image":"","background-repeat":"repeat","background-position":"center center","background-size":"auto","background-attachment":"scroll","background-type":"","background-media":"","overlay-type":"","overlay-color":"","overlay-opacity":"","overlay-gradient":""},"mobile":{"background-color":"","background-image":"","background-repeat":"repeat","background-position":"center center","background-size":"auto","background-attachment":"scroll","background-type":"","background-media":"","overlay-type":"","overlay-color":"","overlay-opacity":"","overlay-gradient":""}},"ast-content-background-meta":{"desktop":{"background-color":"var(--ast-global-color-5)","background-image":"","background-repeat":"repeat","background-position":"center center","background-size":"auto","background-attachment":"scroll","background-type":"","background-media":"","overlay-type":"","overlay-color":"","overlay-opacity":"","overlay-gradient":""},"tablet":{"background-color":"var(--ast-global-color-5)","background-image":"","background-repeat":"repeat","background-position":"center center","background-size":"auto","background-attachment":"scroll","background-type":"","background-media":"","overlay-type":"","overlay-color":"","overlay-opacity":"","overlay-gradient":""},"mobile":{"background-color":"var(--ast-global-color-5)","background-image":"","background-repeat":"repeat","background-position":"center center","background-size":"auto","background-attachment":"scroll","background-type":"","background-media":"","overlay-type":"","overlay-color":"","overlay-opacity":"","overlay-gradient":""}},"footnotes":""},"class_list":["post-1473","page","type-page","status-publish","hentry"],"_links":{"self":[{"href":"https:\/\/byebirds.com\/fr\/wp-json\/wp\/v2\/pages\/1473","targetHints":{"allow":["GET"]}}],"collection":[{"href":"https:\/\/byebirds.com\/fr\/wp-json\/wp\/v2\/pages"}],"about":[{"href":"https:\/\/byebirds.com\/fr\/wp-json\/wp\/v2\/types\/page"}],"author":[{"embeddable":true,"href":"https:\/\/byebirds.com\/fr\/wp-json\/wp\/v2\/users\/1"}],"replies":[{"embeddable":true,"href":"https:\/\/byebirds.com\/fr\/wp-json\/wp\/v2\/comments?post=1473"}],"version-history":[{"count":4,"href":"https:\/\/byebirds.com\/fr\/wp-json\/wp\/v2\/pages\/1473\/revisions"}],"predecessor-version":[{"id":2633,"href":"https:\/\/byebirds.com\/fr\/wp-json\/wp\/v2\/pages\/1473\/revisions\/2633"}],"wp:attachment":[{"href":"https:\/\/byebirds.com\/fr\/wp-json\/wp\/v2\/media?parent=1473"}],"curies":[{"name":"wp","href":"https:\/\/api.w.org\/{rel}","templated":true}]}}