{"id":1477,"date":"2024-11-12T18:31:47","date_gmt":"2024-11-12T17:31:47","guid":{"rendered":"https:\/\/byebirds.com\/vie-privee\/"},"modified":"2024-11-12T21:20:56","modified_gmt":"2024-11-12T20:20:56","slug":"vie-privee","status":"publish","type":"page","link":"https:\/\/byebirds.com\/fr\/vie-privee\/","title":{"rendered":"Vie priv\u00e9e"},"content":{"rendered":"\t\t<div data-elementor-type=\"wp-page\" data-elementor-id=\"1477\" class=\"elementor elementor-1477 elementor-1358\" data-elementor-post-type=\"page\">\n\t\t\t\t\t\t<section class=\"ob-is-breaking-bad elementor-section elementor-top-section elementor-element elementor-element-4bc90cb elementor-section-boxed elementor-section-height-default elementor-section-height-default\" data-id=\"4bc90cb\" data-element_type=\"section\" data-settings=\"{&quot;_ob_bbad_use_it&quot;:&quot;yes&quot;,&quot;_ob_bbad_sssic_use&quot;:&quot;no&quot;,&quot;_ob_glider_is_slider&quot;:&quot;no&quot;}\">\n\t\t\t\t\t\t<div class=\"elementor-container elementor-column-gap-default\">\n\t\t\t\t\t<div class=\"elementor-column elementor-col-100 elementor-top-column elementor-element elementor-element-261b807\" data-id=\"261b807\" data-element_type=\"column\" data-settings=\"{&quot;_ob_bbad_is_stalker&quot;:&quot;no&quot;,&quot;_ob_teleporter_use&quot;:false,&quot;_ob_column_hoveranimator&quot;:&quot;no&quot;,&quot;_ob_column_has_pseudo&quot;:&quot;no&quot;}\">\n\t\t\t<div class=\"elementor-widget-wrap elementor-element-populated\">\n\t\t\t\t\t\t<div class=\"elementor-element elementor-element-d939fd9 ob-harakiri-inherit ob-has-background-overlay elementor-widget elementor-widget-heading\" data-id=\"d939fd9\" data-element_type=\"widget\" data-settings=\"{&quot;_ob_use_harakiri&quot;:&quot;yes&quot;,&quot;_ob_harakiri_writing_mode&quot;:&quot;inherit&quot;,&quot;_ob_harakiri_text_clip&quot;:&quot;none&quot;,&quot;_ob_perspektive_use&quot;:&quot;no&quot;,&quot;_ob_poopart_use&quot;:&quot;yes&quot;,&quot;_ob_shadough_use&quot;:&quot;no&quot;,&quot;_ob_allow_hoveranimator&quot;:&quot;no&quot;,&quot;_ob_widget_stalker_use&quot;:&quot;no&quot;}\" data-widget_type=\"heading.default\">\n\t\t\t\t<div class=\"elementor-widget-container\">\n\t\t\t\t\t<h2 class=\"elementor-heading-title elementor-size-default\">Vie priv\u00e9e<\/h2>\t\t\t\t<\/div>\n\t\t\t\t<\/div>\n\t\t\t\t<div class=\"elementor-element elementor-element-c8dca7f ob-harakiri-inherit ob-has-background-overlay elementor-widget elementor-widget-text-editor\" data-id=\"c8dca7f\" data-element_type=\"widget\" data-settings=\"{&quot;_ob_use_harakiri&quot;:&quot;yes&quot;,&quot;_ob_harakiri_writing_mode&quot;:&quot;inherit&quot;,&quot;_ob_postman_use&quot;:&quot;no&quot;,&quot;_ob_perspektive_use&quot;:&quot;no&quot;,&quot;_ob_poopart_use&quot;:&quot;yes&quot;,&quot;_ob_shadough_use&quot;:&quot;no&quot;,&quot;_ob_allow_hoveranimator&quot;:&quot;no&quot;,&quot;_ob_widget_stalker_use&quot;:&quot;no&quot;}\" data-widget_type=\"text-editor.default\">\n\t\t\t\t<div class=\"elementor-widget-container\">\n\t\t\t\t\t\t\t\t\t<p>Lorsque nous avons besoin d&rsquo;obtenir des informations de votre part, nous vous demanderons toujours de les fournir volontairement et express\u00e9ment. Les donn\u00e9es collect\u00e9es par le biais des formulaires de collecte de donn\u00e9es sur le site web ou par d&rsquo;autres moyens seront incorpor\u00e9es dans les syst\u00e8mes de traitement de <strong>ByeBirds.<\/strong> <\/p>\n<p>Cette entit\u00e9 traitera les donn\u00e9es de mani\u00e8re confidentielle et exclusivement dans le but d&rsquo;offrir les services demand\u00e9s, avec toutes les garanties l\u00e9gales et de s\u00e9curit\u00e9 impos\u00e9es par le r\u00e8glement (UE) 2016\/679 du Parlement europ\u00e9en et du Conseil, du 27 avril 2016, sur la protection des personnes physiques \u00e0 l&rsquo;\u00e9gard du traitement des donn\u00e9es \u00e0 caract\u00e8re personnel et la libre circulation de ces donn\u00e9es et la loi 34\/2002, du 11 juillet, sur les services de la soci\u00e9t\u00e9 de l&rsquo;information et le commerce \u00e9lectronique.<\/p>\n<p><strong>Qui est le responsable du traitement de vos donn\u00e9es ?<\/strong><\/p>\n<ul>\n<li>La personne responsable est <b>Carlos Uriarte<\/b><\/li>\n<li>Son num\u00e9ro de TVA est le suivant : <strong>B39755897<\/strong> <\/li>\n<li>Son adresse est la suivante <strong>Pol\u00edgono Ind. de Guarnizo. Centro de Negocios, Nave 3, 39611, Guarnizo, Cantabria  <\/strong><\/li>\n<li>Adresse \u00e9lectronique: <strong>info@byebirds.com<\/strong><\/li>\n<li>Enregistr\u00e9 au R. Mercantil.<\/li>\n<\/ul>\n<p><strong>CONTACTER LE D\u00c9L\u00c9GU\u00c9 \u00c0 LA PROTECTION DES DONN\u00c9ES<\/strong><\/p>\n<p><strong>\u00c0 quelles fins traitons-nous vos donn\u00e9es personnelles ?<\/strong><\/p>\n<p><strong>ByeBirds <\/strong>nous traitons les informations qui nous sont fournies par les personnes concern\u00e9es de mani\u00e8re loyale, licite et transparente, dans le respect du r\u00e8glement UE 2016\/679 du 27 avril 2016 du Parlement europ\u00e9en et du Conseil et de la loi 3\/2018 du 5 d\u00e9cembre 2018 relative \u00e0 la protection des donn\u00e9es et \u00e0 la garantie des droits num\u00e9riques.<\/p>\n<p><strong><u>Si vous \u00eates un CLIENT ou un UTILISATEUR<\/u><\/strong>:<\/p>\n<p>Si vous \u00eates un client ou un utilisateur, nous traiterons les cat\u00e9gories suivantes de donn\u00e9es \u00e0 caract\u00e8re personnel :<\/p>\n<ul>\n<li>Donn\u00e9es d&rsquo;identification (nom, pr\u00e9nom, num\u00e9ro de carte d&rsquo;identit\u00e9&#8230;)<\/li>\n<li>Coordonn\u00e9es (email, Whatsapp&#8230;)<\/li>\n<li>Coordonn\u00e9es bancaires (num\u00e9ro de compte, carte bancaire&#8230;)<\/li>\n<li>Autres donn\u00e9es (fournies par la personne concern\u00e9e dans des formulaires ouverts ou des communications)<\/li>\n<\/ul>\n<p>Nous traitons vos donn\u00e9es dans le but de :<\/p>\n<ul>\n<li>G\u00e9rer les services, les informations et\/ou les produits demand\u00e9s.<\/li>\n<li>Pour envoyer des communications d&rsquo;int\u00e9r\u00eat (si la partie int\u00e9ress\u00e9e a donn\u00e9 l&rsquo;autorisation appropri\u00e9e).<\/li>\n<li>Respecter les obligations l\u00e9gales applicables au responsable du traitement des donn\u00e9es.<\/li>\n<\/ul>\n<p><strong><u>Si vous \u00eates un EMPLOY\u00c9 ou un DEMANDEUR D&rsquo;EMPLOI :<\/u><\/strong><\/p>\n<p>Si vous \u00eates un employ\u00e9 ou un candidat, nous traiterons les cat\u00e9gories de donn\u00e9es \u00e0 caract\u00e8re personnel suivantes<\/p>\n<ul>\n<li>Datos de identificaci\u00f3n (apellidos, nombre, n\u00famero de documento de identidad, etc.)<\/li>\n<li>Donn\u00e9es figurant dans le curriculum vitae (\u00e9tudes, exp\u00e9rience professionnelle, loisirs&#8230;)<\/li>\n<li>Coordonn\u00e9es (email, Whatsapp&#8230;)<\/li>\n<li>Coordonn\u00e9es bancaires (num\u00e9ro de compte, titulaire, mandat SEPA)<\/li>\n<li>Image<\/li>\n<li>Otros datos (facilitados por el interesado en formularios abiertos o comunicaciones)<\/li>\n<\/ul>\n<p>Nous traitons vos donn\u00e9es dans le but de :<\/p>\n<ul>\n<li>G\u00e9rer les droits et obligations li\u00e9s \u00e0 la relation contractuelle.<\/li>\n<li>S\u00e9lection des candidats<\/li>\n<li>Utilisation, reproduction ou publication de l&rsquo;image, du nom et de la voix (avec l&rsquo;autorisation de la personne concern\u00e9e)<\/li>\n<li>Respecter les obligations l\u00e9gales des entreprises.<\/li>\n<\/ul>\n<p><strong><u>Si vous \u00eates un FOURNISSEUR de notre soci\u00e9t\u00e9<\/u><\/strong> :<\/p>\n<p>Si vous \u00eates un fournisseur, nous traiterons les cat\u00e9gories suivantes de donn\u00e9es \u00e0 caract\u00e8re personnel :<br data-mce-bogus=\"1\"><\/p>\n<ul>\n<li>Donn\u00e9es d&rsquo;identification (nom, pr\u00e9nom, num\u00e9ro de carte d&rsquo;identit\u00e9, etc.)<\/li>\n<li>Coordonn\u00e9es (email, Whatsapp&#8230;)<\/li>\n<li>Coordonn\u00e9es bancaires (num\u00e9ro de compte, facturation&#8230;)<\/li>\n<li>Autres donn\u00e9es (fournies par la personne concern\u00e9e dans des formulaires ouverts ou des communications)<\/li>\n<\/ul>\n<p>Nous traitons vos donn\u00e9es dans le but de :<\/p>\n<ul>\n<li>Gestion administrative, comptable et fiscale.<\/li>\n<li>Suivi et contr\u00f4le de la relation commerciale.<\/li>\n<li>Remplir les obligations l\u00e9gales des entreprises<\/li>\n<\/ul>\n<p><strong>Suis-je oblig\u00e9 de fournir des donn\u00e9es \u00e0 caract\u00e8re personnel ?<\/strong><\/p>\n<p><strong>ByeBirds <\/strong> ne demandera que les donn\u00e9es strictement n\u00e9cessaires \u00e0 la r\u00e9alisation de la finalit\u00e9 pour laquelle elles sont collect\u00e9es, de sorte que si elles ne sont pas fournies, le service demand\u00e9 ne pourra pas \u00eatre fourni.<\/p>\n<p><strong>Combien de temps conserverons-nous vos donn\u00e9es ?<\/strong><\/p>\n<p>Les donn\u00e9es \u00e0 caract\u00e8re personnel fournies et obtenues dans le cadre de la relation entre la personne concern\u00e9e et <strong>ByeBirds<\/strong> seront conserv\u00e9es pendant une p\u00e9riode maximale de 5 ans \u00e0 compter de la derni\u00e8re confirmation d&rsquo;int\u00e9r\u00eat ou aussi longtemps que la loi nous y oblige, auquel cas elles seront correctement bloqu\u00e9es et supprim\u00e9es lorsqu&rsquo;elles ne seront plus n\u00e9cessaires.<\/p>\n<p><strong>Quelle est la l\u00e9gitimit\u00e9 du traitement de vos donn\u00e9es ?<\/strong><\/p>\n<p>Conform\u00e9ment \u00e0 l&rsquo;article 6.1 du R\u00e8glement UE 2016\/679 du 27 avril, nous vous informons que la l\u00e9gitimit\u00e9 du traitement de vos donn\u00e9es est la suivante :<\/p>\n<ol>\n<li><em>la personne concern\u00e9e a donn\u00e9 son consentement au traitement de ses donn\u00e9es \u00e0 caract\u00e8re personnel pour une ou plusieurs finalit\u00e9s d\u00e9termin\u00e9es et\/ou<\/em><\/li>\n<li><em>le traitement est n\u00e9cessaire au respect d&rsquo;une obligation l\u00e9gale applicable au responsable du traitement et\/ou<\/em><\/li>\n<li><em>le traitement est n\u00e9cessaire aux fins des int\u00e9r\u00eats l\u00e9gitimes poursuivis par le responsable du traitement ou par un tiers, \u00e0 condition que ne pr\u00e9valent pas sur ces int\u00e9r\u00eats les int\u00e9r\u00eats ou les libert\u00e9s et droits fondamentaux de la personne concern\u00e9e qui exigent une protection des donn\u00e9es \u00e0 caract\u00e8re personnel, en particulier lorsque la personne concern\u00e9e est un enfant.<\/em><\/li>\n<\/ol>\n<p><strong> <\/strong><\/p>\n<p><strong>\u00c0 quels destinataires vos donn\u00e9es seront-elles communiqu\u00e9es ?<\/strong><\/p>\n<p>Les donn\u00e9es trait\u00e9es par <strong>ByeBirds<\/strong> peuvent \u00eatre communiqu\u00e9es \u00e0 des tiers lorsque la loi nous y oblige.<\/p>\n<p>En outre <strong>ByeBirds<\/strong><strong> <\/strong>a des prestataires de services pour lesquels il est n\u00e9cessaire de communiquer des donn\u00e9es dans diff\u00e9rents domaines d&rsquo;activit\u00e9 (administration, comptabilit\u00e9, fiscalit\u00e9, marketing, travail, etc.) La relation avec ces entreprises est r\u00e9glement\u00e9e conform\u00e9ment \u00e0 l&rsquo;article 28 du r\u00e8glement UE 2016\/679 du 27 avril 2016 du Parlement europ\u00e9en et du Conseil (GDPR). Les donn\u00e9es consult\u00e9es aupr\u00e8s de ces soci\u00e9t\u00e9s ne seront utilis\u00e9es qu&rsquo;aux fins commerciales n\u00e9cessaires et ne seront pas conserv\u00e9es \u00e0 d&rsquo;autres fins.  <\/p>\n<p><strong>Quels sont vos droits lorsque vous nous fournissez vos donn\u00e9es ?<\/strong><\/p>\n<p>Toute personne concern\u00e9e a le droit d&rsquo;obtenir la confirmation qu&rsquo;\u00e0 <strong>ByeBirds<\/strong><strong> <\/strong>nous traitons ou non des donn\u00e9es \u00e0 caract\u00e8re personnel vous concernant.<\/p>\n<p>Les personnes int\u00e9ress\u00e9es ont le droit d&rsquo;acc\u00e9der \u00e0 leurs donn\u00e9es personnelles, ainsi que de demander la rectification des donn\u00e9es inexactes ou, le cas \u00e9ch\u00e9ant, de demander leur suppression lorsque, entre autres raisons, les donn\u00e9es ne sont plus n\u00e9cessaires aux fins pour lesquelles elles ont \u00e9t\u00e9 collect\u00e9es.<\/p>\n<p>Dans certaines circonstances, les personnes concern\u00e9es peuvent nous demander de limiter le traitement de leurs donn\u00e9es, auquel cas nous ne conserverons les donn\u00e9es que dans le but d&rsquo;exercer ou de d\u00e9fendre des r\u00e9clamations. Les utilisateurs peuvent \u00e9galement s&rsquo;opposer au traitement de leurs donn\u00e9es. <strong>ByeBirds<\/strong> cesser de traiter les donn\u00e9es, sauf pour des raisons l\u00e9gitimes imp\u00e9rieuses, ou dans le cadre de l&rsquo;exercice ou de la d\u00e9fense de droits. <\/p>\n<p>L&rsquo;utilisateur peut envoyer une lettre \u00e0 <strong>ByeBirds<\/strong><strong>.<\/strong>\u00e0 l&rsquo;adresse du responsable ou par le biais d&rsquo;un courrier \u00e9lectronique indiqu\u00e9 dans l&rsquo;en-t\u00eate de la pr\u00e9sente politique, en joignant une photocopie de leur pi\u00e8ce d&rsquo;identit\u00e9, \u00e0 tout moment et sans frais, \u00e0 l&rsquo;adresse suivante : R\u00e9dacteur en chef de t<\/p>\n<ul>\n<li>R\u00e9voquer les consentements accord\u00e9s.<\/li>\n<li>Obtenir la confirmation que des donn\u00e9es \u00e0 caract\u00e8re personnel concernant l&rsquo;utilisateur sont ou ne sont pas trait\u00e9es.<\/li>\n<li>Acc\u00e9der \u00e0 vos donn\u00e9es personnelles.<\/li>\n<li>Rectifier les donn\u00e9es inexactes ou incompl\u00e8tes.<\/li>\n<li>Demander la suppression de vos donn\u00e9es lorsque, entre autres raisons, les donn\u00e9es ne sont plus n\u00e9cessaires aux fins pour lesquelles elles ont \u00e9t\u00e9 collect\u00e9es.<\/li>\n<li>Obtenir la limitation du traitement des donn\u00e9es lorsque l&rsquo;une des conditions pr\u00e9vues par le r\u00e8glement sur la protection des donn\u00e9es est remplie.<\/li>\n<li>Demander la portabilit\u00e9 de vos donn\u00e9es.<\/li>\n<li>Contacter le DPD de <strong>ByeBirds<\/strong> D\u00e9poser une plainte aupr\u00e8s de l&rsquo;autorit\u00e9 de contr\u00f4le (<a href=\"http:\/\/www.aepd\/\" target=\"_blank\" rel=\"noopener\">www.aepd.es<\/a>.es) dans le cas o\u00f9 ils consid\u00e8rent que leurs droits en vertu des r\u00e9glementations applicables en mati\u00e8re de protection des donn\u00e9es ont \u00e9t\u00e9 viol\u00e9s.<\/li>\n<\/ul>\n<p><strong>ByeBirds <\/strong>adopte les niveaux de s\u00e9curit\u00e9 correspondants requis par la r\u00e9glementation sur la protection des donn\u00e9es \u00e0 caract\u00e8re personnel susmentionn\u00e9e et d&rsquo;autres r\u00e9glementations applicables. Ces niveaux de s\u00e9curit\u00e9 sont obligatoires pour les entit\u00e9s qui acc\u00e8dent \u00e0 nos informations en vertu d&rsquo;une relation contractuelle et\/ou d&rsquo;une prestation de service, en application de l&rsquo;article 28 du R\u00e8glement UE 2016\/679 (GDPR). <\/p>\n<p>Toutefois, elle n&rsquo;assume aucune responsabilit\u00e9 pour les dommages r\u00e9sultant des alt\u00e9rations que des tiers pourraient causer aux syst\u00e8mes informatiques, aux documents \u00e9lectroniques ou aux fichiers de l&rsquo;utilisateur.<\/p>\n<p>Des cookies peuvent \u00eatre utilis\u00e9s lors de la fourniture de services sur le site web. Les cookies sont des fichiers physiques contenant des informations personnelles stock\u00e9es dans le terminal de l&rsquo;utilisateur. L&rsquo;utilisateur peut configurer son navigateur pour emp\u00eacher la cr\u00e9ation de fichiers de cookies ou pour avertir de leur cr\u00e9ation. Consultez notre politique en mati\u00e8re de cookies en cliquant sur le lien que vous trouverez sur ce site web.   <\/p>\n<p>Si vous choisissez de quitter notre site web par le biais de liens vers des sites web qui ne nous appartiennent pas<strong> ByeBirds <\/strong>n&rsquo;est pas responsable des politiques de confidentialit\u00e9 de ces sites web ni des cookies qu&rsquo;ils peuvent stocker sur l&rsquo;ordinateur de l&rsquo;utilisateur.<\/p>\n<p>Notre politique en mati\u00e8re de courrier \u00e9lectronique consiste \u00e0 n&rsquo;envoyer que les communications que vous avez demand\u00e9 \u00e0 recevoir.<\/p>\n<p>Si vous pr\u00e9f\u00e9rez ne pas recevoir ces messages par courrier \u00e9lectronique, nous vous offrirons la possibilit\u00e9 d&rsquo;exercer votre droit d&rsquo;annulation et de renonciation \u00e0 la r\u00e9ception de ces messages, conform\u00e9ment aux dispositions du titre III, article 22 de la loi 34\/2002 relative aux services de la soci\u00e9t\u00e9 de l&rsquo;information et au commerce \u00e9lectronique.<\/p>\n\t\t\t\t\t\t\t\t<\/div>\n\t\t\t\t<\/div>\n\t\t\t\t\t<\/div>\n\t\t<\/div>\n\t\t\t\t\t<\/div>\n\t\t<\/section>\n\t\t\t\t<\/div>\n\t\t","protected":false},"excerpt":{"rendered":"<p>Vie priv\u00e9e Lorsque nous avons besoin d&rsquo;obtenir des informations de votre part, nous vous demanderons toujours de les fournir volontairement [&hellip;]<\/p>\n","protected":false},"author":1,"featured_media":0,"parent":0,"menu_order":0,"comment_status":"closed","ping_status":"closed","template":"","meta":{"site-sidebar-layout":"no-sidebar","site-content-layout":"","ast-site-content-layout":"full-width-container","site-content-style":"default","site-sidebar-style":"default","ast-global-header-display":"","ast-banner-title-visibility":"","ast-main-header-display":"","ast-hfb-above-header-display":"","ast-hfb-below-header-display":"","ast-hfb-mobile-header-display":"","site-post-title":"disabled","ast-breadcrumbs-content":"","ast-featured-img":"disabled","footer-sml-layout":"","theme-transparent-header-meta":"","adv-header-id-meta":"","stick-header-meta":"","header-above-stick-meta":"","header-main-stick-meta":"","header-below-stick-meta":"","astra-migrate-meta-layouts":"default","ast-page-background-enabled":"default","ast-page-background-meta":{"desktop":{"background-color":"var(--ast-global-color-4)","background-image":"","background-repeat":"repeat","background-position":"center center","background-size":"auto","background-attachment":"scroll","background-type":"","background-media":"","overlay-type":"","overlay-color":"","overlay-opacity":"","overlay-gradient":""},"tablet":{"background-color":"","background-image":"","background-repeat":"repeat","background-position":"center center","background-size":"auto","background-attachment":"scroll","background-type":"","background-media":"","overlay-type":"","overlay-color":"","overlay-opacity":"","overlay-gradient":""},"mobile":{"background-color":"","background-image":"","background-repeat":"repeat","background-position":"center center","background-size":"auto","background-attachment":"scroll","background-type":"","background-media":"","overlay-type":"","overlay-color":"","overlay-opacity":"","overlay-gradient":""}},"ast-content-background-meta":{"desktop":{"background-color":"var(--ast-global-color-5)","background-image":"","background-repeat":"repeat","background-position":"center center","background-size":"auto","background-attachment":"scroll","background-type":"","background-media":"","overlay-type":"","overlay-color":"","overlay-opacity":"","overlay-gradient":""},"tablet":{"background-color":"var(--ast-global-color-5)","background-image":"","background-repeat":"repeat","background-position":"center center","background-size":"auto","background-attachment":"scroll","background-type":"","background-media":"","overlay-type":"","overlay-color":"","overlay-opacity":"","overlay-gradient":""},"mobile":{"background-color":"var(--ast-global-color-5)","background-image":"","background-repeat":"repeat","background-position":"center center","background-size":"auto","background-attachment":"scroll","background-type":"","background-media":"","overlay-type":"","overlay-color":"","overlay-opacity":"","overlay-gradient":""}},"footnotes":""},"class_list":["post-1477","page","type-page","status-publish","hentry"],"_links":{"self":[{"href":"https:\/\/byebirds.com\/fr\/wp-json\/wp\/v2\/pages\/1477","targetHints":{"allow":["GET"]}}],"collection":[{"href":"https:\/\/byebirds.com\/fr\/wp-json\/wp\/v2\/pages"}],"about":[{"href":"https:\/\/byebirds.com\/fr\/wp-json\/wp\/v2\/types\/page"}],"author":[{"embeddable":true,"href":"https:\/\/byebirds.com\/fr\/wp-json\/wp\/v2\/users\/1"}],"replies":[{"embeddable":true,"href":"https:\/\/byebirds.com\/fr\/wp-json\/wp\/v2\/comments?post=1477"}],"version-history":[{"count":1,"href":"https:\/\/byebirds.com\/fr\/wp-json\/wp\/v2\/pages\/1477\/revisions"}],"predecessor-version":[{"id":1478,"href":"https:\/\/byebirds.com\/fr\/wp-json\/wp\/v2\/pages\/1477\/revisions\/1478"}],"wp:attachment":[{"href":"https:\/\/byebirds.com\/fr\/wp-json\/wp\/v2\/media?parent=1477"}],"curies":[{"name":"wp","href":"https:\/\/api.w.org\/{rel}","templated":true}]}}