{"id":1537,"date":"2024-10-07T13:53:01","date_gmt":"2024-10-07T11:53:01","guid":{"rendered":"https:\/\/byebirds.com\/10-tipp-a-telepitonek\/"},"modified":"2025-03-03T14:01:18","modified_gmt":"2025-03-03T13:01:18","slug":"10-tipp-a-telepitonek","status":"publish","type":"page","link":"https:\/\/byebirds.com\/hu\/10-tipp-a-telepitonek\/","title":{"rendered":"10 tipp a telep\u00edt\u0151nek"},"content":{"rendered":"\t\t<div data-elementor-type=\"wp-page\" data-elementor-id=\"1537\" class=\"elementor elementor-1537 elementor-1121\" data-elementor-post-type=\"page\">\n\t\t\t\t\t\t<section class=\"ob-is-breaking-bad elementor-section elementor-top-section elementor-element elementor-element-f96519c elementor-section-height-min-height elementor-section-items-bottom elementor-section-boxed elementor-section-height-default\" data-id=\"f96519c\" data-element_type=\"section\" data-settings=\"{&quot;background_background&quot;:&quot;classic&quot;,&quot;_ob_bbad_use_it&quot;:&quot;yes&quot;,&quot;_ob_bbad_sssic_use&quot;:&quot;no&quot;,&quot;_ob_glider_is_slider&quot;:&quot;no&quot;}\">\n\t\t\t\t\t\t\t<div class=\"elementor-background-overlay\"><\/div>\n\t\t\t\t\t\t\t<div class=\"elementor-container elementor-column-gap-default\">\n\t\t\t\t\t<div class=\"elementor-column elementor-col-100 elementor-top-column elementor-element elementor-element-7fb29de\" data-id=\"7fb29de\" data-element_type=\"column\" data-settings=\"{&quot;_ob_bbad_is_stalker&quot;:&quot;no&quot;,&quot;_ob_teleporter_use&quot;:false,&quot;_ob_column_hoveranimator&quot;:&quot;no&quot;,&quot;_ob_column_has_pseudo&quot;:&quot;no&quot;}\">\n\t\t\t<div class=\"elementor-widget-wrap elementor-element-populated\">\n\t\t\t\t\t\t<div class=\"elementor-element elementor-element-7399440 ob-harakiri-inherit ob-has-background-overlay elementor-widget elementor-widget-heading\" data-id=\"7399440\" data-element_type=\"widget\" data-settings=\"{&quot;_ob_use_harakiri&quot;:&quot;yes&quot;,&quot;_ob_harakiri_writing_mode&quot;:&quot;inherit&quot;,&quot;_ob_harakiri_text_clip&quot;:&quot;none&quot;,&quot;_ob_perspektive_use&quot;:&quot;no&quot;,&quot;_ob_poopart_use&quot;:&quot;yes&quot;,&quot;_ob_shadough_use&quot;:&quot;no&quot;,&quot;_ob_allow_hoveranimator&quot;:&quot;no&quot;,&quot;_ob_widget_stalker_use&quot;:&quot;no&quot;}\" data-widget_type=\"heading.default\">\n\t\t\t\t<div class=\"elementor-widget-container\">\n\t\t\t\t\t<h2 class=\"elementor-heading-title elementor-size-default\">10 tipp a telep\u00edt\u0151nek<\/h2>\t\t\t\t<\/div>\n\t\t\t\t<\/div>\n\t\t\t\t\t<\/div>\n\t\t<\/div>\n\t\t\t\t\t<\/div>\n\t\t<\/section>\n\t\t\t\t<section class=\"ob-is-breaking-bad elementor-section elementor-top-section elementor-element elementor-element-083924b elementor-section-boxed elementor-section-height-default elementor-section-height-default\" data-id=\"083924b\" data-element_type=\"section\" data-settings=\"{&quot;background_background&quot;:&quot;classic&quot;,&quot;_ob_bbad_use_it&quot;:&quot;yes&quot;,&quot;_ob_bbad_sssic_use&quot;:&quot;no&quot;,&quot;_ob_glider_is_slider&quot;:&quot;no&quot;}\">\n\t\t\t\t\t\t<div class=\"elementor-container elementor-column-gap-default\">\n\t\t\t\t\t<div class=\"elementor-column elementor-col-100 elementor-top-column elementor-element elementor-element-e521fe7\" data-id=\"e521fe7\" data-element_type=\"column\" data-settings=\"{&quot;_ob_bbad_is_stalker&quot;:&quot;no&quot;,&quot;_ob_teleporter_use&quot;:false,&quot;_ob_column_hoveranimator&quot;:&quot;no&quot;,&quot;_ob_column_has_pseudo&quot;:&quot;no&quot;}\">\n\t\t\t<div class=\"elementor-widget-wrap elementor-element-populated\">\n\t\t\t\t\t\t<div class=\"elementor-element elementor-element-9c48dd4 ob-harakiri-inherit ob-has-background-overlay elementor-widget elementor-widget-text-editor\" data-id=\"9c48dd4\" data-element_type=\"widget\" data-settings=\"{&quot;_ob_use_harakiri&quot;:&quot;yes&quot;,&quot;_ob_harakiri_writing_mode&quot;:&quot;inherit&quot;,&quot;_ob_postman_use&quot;:&quot;no&quot;,&quot;_ob_perspektive_use&quot;:&quot;no&quot;,&quot;_ob_poopart_use&quot;:&quot;yes&quot;,&quot;_ob_shadough_use&quot;:&quot;no&quot;,&quot;_ob_allow_hoveranimator&quot;:&quot;no&quot;,&quot;_ob_widget_stalker_use&quot;:&quot;no&quot;}\" data-widget_type=\"text-editor.default\">\n\t\t\t\t<div class=\"elementor-widget-container\">\n\t\t\t\t\t\t\t\t\t<p>1. A legfontosabb dolog az, hogy a ByeBirds eket a f\u00e9szekhelyre helyezz\u00fck, \u00e9s megakad\u00e1lyozzuk, hogy \u00fajra f\u00e9szkeljenek.<\/p><p>2. \u00c1ltal\u00e1ban a lemezek k\u00f6z\u00f6tti t\u00e1vols\u00e1g nem lehet nagyobb, mint a mad\u00e1r sz\u00e1rnyfeszt\u00e1vols\u00e1ga.<\/p><p>3. A nagyobb madarak, p\u00e9ld\u00e1ul a sir\u00e1lyok \u00e9s a varjak tart\u00e1lyonk\u00e9nt t\u00f6bb term\u00e9ket ig\u00e9nyelnek.(&gt;30g)<\/p><p>4. A verebek elrettent\u00e9se \u00e9rdek\u00e9ben a Byebirds-t folyamatos egyenes vonalban, k\u00f6r\u00fclbel\u00fcl 1 cm vastags\u00e1gban hordja fel.<\/p><p>5. Min\u00e9l t\u00f6bb mad\u00e1r van, ann\u00e1l t\u00f6bb ByeBirds van, \u00e9s ann\u00e1l kisebb t\u00e1vols\u00e1gra kell elhelyezni \u0151ket. A norm\u00e1lis dolog az, hogy ugyanazon a munk\u00e1n bel\u00fcl k\u00fcl\u00f6nb\u00f6z\u0151 anyagokat kell alkalmazni.<\/p><p>6. Ha a probl\u00e9ma nagy, d\u00f6ntse el, hogy k\u00e9t vagy t\u00f6bb p\u00e1rhuzamos ByeBirds vonalat alkalmaz-e<\/p><p>7. Minden telep\u00edt\u00e9si hely m\u00e1s, \u00e9s a k\u00f6rnyezeti \u00e9s szerkezeti felt\u00e9telek figyelembev\u00e9tel\u00e9vel m\u00e9rlegelni \u00e9s tanulm\u00e1nyozni kell.<\/p><p>8. Ha azt \u00e9szleli, hogy 2 h\u00e9t eltelt\u00e9vel is probl\u00e9m\u00e1k vannak a kezelt ter\u00fclettel, adjon hozz\u00e1 t\u00f6bb ByeBirds-et az adott ter\u00fclethez.<\/p><p>9. A madarak nem eszik meg a ByeBirds-et, ha nincs term\u00e9k a tart\u00e1lyban, az az\u00e9rt van, mert be\u00e1ztatta a tollaikba \u00e9s a l\u00e1bukba.<\/p><p>10. Ker\u00fclje es\u0151s napokon t\u00f6rt\u00e9n\u0151 elhelyez\u00e9s\u00e9t, hogy ne legyen r\u00f6gz\u00edt\u00e9si probl\u00e9ma a szilikonnal, \u00e9s ne essenek le a tart\u00e1lyok.<\/p>\t\t\t\t\t\t\t\t<\/div>\n\t\t\t\t<\/div>\n\t\t\t\t\t<\/div>\n\t\t<\/div>\n\t\t\t\t\t<\/div>\n\t\t<\/section>\n\t\t\t\t<\/div>\n\t\t","protected":false},"excerpt":{"rendered":"<p>10 tipp a telep\u00edt\u0151nek 1. A legfontosabb dolog az, hogy a ByeBirds eket a f\u00e9szekhelyre helyezz\u00fck, \u00e9s megakad\u00e1lyozzuk, hogy \u00fajra [&hellip;]<\/p>\n","protected":false},"author":1,"featured_media":0,"parent":0,"menu_order":0,"comment_status":"closed","ping_status":"closed","template":"","meta":{"site-sidebar-layout":"no-sidebar","site-content-layout":"","ast-site-content-layout":"full-width-container","site-content-style":"default","site-sidebar-style":"default","ast-global-header-display":"","ast-banner-title-visibility":"","ast-main-header-display":"","ast-hfb-above-header-display":"","ast-hfb-below-header-display":"","ast-hfb-mobile-header-display":"","site-post-title":"disabled","ast-breadcrumbs-content":"","ast-featured-img":"disabled","footer-sml-layout":"","theme-transparent-header-meta":"","adv-header-id-meta":"","stick-header-meta":"","header-above-stick-meta":"","header-main-stick-meta":"","header-below-stick-meta":"","astra-migrate-meta-layouts":"default","ast-page-background-enabled":"default","ast-page-background-meta":{"desktop":{"background-color":"var(--ast-global-color-4)","background-image":"","background-repeat":"repeat","background-position":"center center","background-size":"auto","background-attachment":"scroll","background-type":"","background-media":"","overlay-type":"","overlay-color":"","overlay-opacity":"","overlay-gradient":""},"tablet":{"background-color":"","background-image":"","background-repeat":"repeat","background-position":"center center","background-size":"auto","background-attachment":"scroll","background-type":"","background-media":"","overlay-type":"","overlay-color":"","overlay-opacity":"","overlay-gradient":""},"mobile":{"background-color":"","background-image":"","background-repeat":"repeat","background-position":"center center","background-size":"auto","background-attachment":"scroll","background-type":"","background-media":"","overlay-type":"","overlay-color":"","overlay-opacity":"","overlay-gradient":""}},"ast-content-background-meta":{"desktop":{"background-color":"var(--ast-global-color-5)","background-image":"","background-repeat":"repeat","background-position":"center center","background-size":"auto","background-attachment":"scroll","background-type":"","background-media":"","overlay-type":"","overlay-color":"","overlay-opacity":"","overlay-gradient":""},"tablet":{"background-color":"var(--ast-global-color-5)","background-image":"","background-repeat":"repeat","background-position":"center center","background-size":"auto","background-attachment":"scroll","background-type":"","background-media":"","overlay-type":"","overlay-color":"","overlay-opacity":"","overlay-gradient":""},"mobile":{"background-color":"var(--ast-global-color-5)","background-image":"","background-repeat":"repeat","background-position":"center center","background-size":"auto","background-attachment":"scroll","background-type":"","background-media":"","overlay-type":"","overlay-color":"","overlay-opacity":"","overlay-gradient":""}},"footnotes":""},"class_list":["post-1537","page","type-page","status-publish","hentry"],"_links":{"self":[{"href":"https:\/\/byebirds.com\/hu\/wp-json\/wp\/v2\/pages\/1537","targetHints":{"allow":["GET"]}}],"collection":[{"href":"https:\/\/byebirds.com\/hu\/wp-json\/wp\/v2\/pages"}],"about":[{"href":"https:\/\/byebirds.com\/hu\/wp-json\/wp\/v2\/types\/page"}],"author":[{"embeddable":true,"href":"https:\/\/byebirds.com\/hu\/wp-json\/wp\/v2\/users\/1"}],"replies":[{"embeddable":true,"href":"https:\/\/byebirds.com\/hu\/wp-json\/wp\/v2\/comments?post=1537"}],"version-history":[{"count":10,"href":"https:\/\/byebirds.com\/hu\/wp-json\/wp\/v2\/pages\/1537\/revisions"}],"predecessor-version":[{"id":2802,"href":"https:\/\/byebirds.com\/hu\/wp-json\/wp\/v2\/pages\/1537\/revisions\/2802"}],"wp:attachment":[{"href":"https:\/\/byebirds.com\/hu\/wp-json\/wp\/v2\/media?parent=1537"}],"curies":[{"name":"wp","href":"https:\/\/api.w.org\/{rel}","templated":true}]}}