{"id":1539,"date":"2024-11-12T18:23:48","date_gmt":"2024-11-12T17:23:48","guid":{"rendered":"https:\/\/byebirds.com\/jogi-kozlemeny\/"},"modified":"2024-11-13T12:09:03","modified_gmt":"2024-11-13T11:09:03","slug":"jogi-kozlemeny","status":"publish","type":"page","link":"https:\/\/byebirds.com\/hu\/jogi-kozlemeny\/","title":{"rendered":"Jogi k\u00f6zlem\u00e9ny<br><br>"},"content":{"rendered":"\t\t<div data-elementor-type=\"wp-page\" data-elementor-id=\"1539\" class=\"elementor elementor-1539 elementor-1338\" data-elementor-post-type=\"page\">\n\t\t\t\t\t\t<section class=\"ob-is-breaking-bad elementor-section elementor-top-section elementor-element elementor-element-68d4295 elementor-section-boxed elementor-section-height-default elementor-section-height-default\" data-id=\"68d4295\" data-element_type=\"section\" data-settings=\"{&quot;_ob_bbad_use_it&quot;:&quot;yes&quot;,&quot;_ob_bbad_sssic_use&quot;:&quot;no&quot;,&quot;_ob_glider_is_slider&quot;:&quot;no&quot;}\">\n\t\t\t\t\t\t<div class=\"elementor-container elementor-column-gap-default\">\n\t\t\t\t\t<div class=\"elementor-column elementor-col-100 elementor-top-column elementor-element elementor-element-ad5ba79\" data-id=\"ad5ba79\" data-element_type=\"column\" data-settings=\"{&quot;_ob_bbad_is_stalker&quot;:&quot;no&quot;,&quot;_ob_teleporter_use&quot;:false,&quot;_ob_column_hoveranimator&quot;:&quot;no&quot;,&quot;_ob_column_has_pseudo&quot;:&quot;no&quot;}\">\n\t\t\t<div class=\"elementor-widget-wrap elementor-element-populated\">\n\t\t\t\t\t\t<div class=\"elementor-element elementor-element-489715a ob-harakiri-inherit ob-has-background-overlay elementor-widget elementor-widget-heading\" data-id=\"489715a\" data-element_type=\"widget\" data-settings=\"{&quot;_ob_use_harakiri&quot;:&quot;yes&quot;,&quot;_ob_harakiri_writing_mode&quot;:&quot;inherit&quot;,&quot;_ob_harakiri_text_clip&quot;:&quot;none&quot;,&quot;_ob_perspektive_use&quot;:&quot;no&quot;,&quot;_ob_poopart_use&quot;:&quot;yes&quot;,&quot;_ob_shadough_use&quot;:&quot;no&quot;,&quot;_ob_allow_hoveranimator&quot;:&quot;no&quot;,&quot;_ob_widget_stalker_use&quot;:&quot;no&quot;}\" data-widget_type=\"heading.default\">\n\t\t\t\t<div class=\"elementor-widget-container\">\n\t\t\t\t\t<h2 class=\"elementor-heading-title elementor-size-default\">Jogi k\u00f6zlem\u00e9ny<br><br><\/h2>\t\t\t\t<\/div>\n\t\t\t\t<\/div>\n\t\t\t\t<div class=\"elementor-element elementor-element-9a5fea1 ob-harakiri-inherit ob-has-background-overlay elementor-widget elementor-widget-text-editor\" data-id=\"9a5fea1\" data-element_type=\"widget\" data-settings=\"{&quot;_ob_use_harakiri&quot;:&quot;yes&quot;,&quot;_ob_harakiri_writing_mode&quot;:&quot;inherit&quot;,&quot;_ob_postman_use&quot;:&quot;no&quot;,&quot;_ob_perspektive_use&quot;:&quot;no&quot;,&quot;_ob_poopart_use&quot;:&quot;yes&quot;,&quot;_ob_shadough_use&quot;:&quot;no&quot;,&quot;_ob_allow_hoveranimator&quot;:&quot;no&quot;,&quot;_ob_widget_stalker_use&quot;:&quot;no&quot;}\" data-widget_type=\"text-editor.default\">\n\t\t\t\t<div class=\"elementor-widget-container\">\n\t\t\t\t\t\t\t\t\t<ol>\n<li><strong>C\u00c9L \u00c9S ELFOGAD\u00c1S<\/strong><\/li>\n<\/ol>\n<p>Jelen jogi nyilatkozat a tulajdonosak\u00e9nt szolg\u00e1l\u00f3 weboldal (a tov\u00e1bbiakban: WEBOLDAL) haszn\u00e1lat\u00e1t szab\u00e1lyozza. <strong>ByeBirds.<\/strong><br \/><strong>.<\/strong>(a tov\u00e1bbiakban: A WEBOLDAL TULAJDONOSA).<\/p>\n<p>A WEBOLDAL TULAJDONOS\u00c1NAK weboldal\u00e1nak b\u00f6ng\u00e9sz\u00e9se a felhaszn\u00e1l\u00f3 st\u00e1tusz\u00e1t rendeli hozz\u00e1, \u00e9s a jelen Jogi k\u00f6zlem\u00e9nyben foglalt minden egyes rendelkez\u00e9s teljes \u00e9s fenntart\u00e1s n\u00e9lk\u00fcli elfogad\u00e1s\u00e1t jelenti, amelyek m\u00f3dos\u00edthat\u00f3k.<\/p>\n<p>A felhaszn\u00e1l\u00f3 k\u00f6telezetts\u00e9get v\u00e1llal arra, hogy a weboldalt a jogszab\u00e1lyoknak, a j\u00f3hiszem\u0171s\u00e9gnek, a k\u00f6zrendnek, a k\u00f6zleked\u00e9si gyakorlatnak \u00e9s a jelen Jogi k\u00f6zlem\u00e9nynek megfelel\u0151en haszn\u00e1lja. A felhaszn\u00e1l\u00f3 felel\u0151ss\u00e9ggel tartozik a WEBOLDAL TULAJDONOS\u00c1J\u00c1VAL vagy harmadik felekkel szemben minden olyan k\u00e1r\u00e9rt, amely az eml\u00edtett k\u00f6telezetts\u00e9g elmulaszt\u00e1s\u00e1b\u00f3l ered. <\/p>\n<ol start=\"2\">\n<li><strong>AZONOS\u00cdT\u00c1S \u00c9S KOMMUNIK\u00c1CI\u00d3<\/strong><\/li>\n<\/ol>\n<p>A WEBOLDAL TULAJDONOSA az inform\u00e1ci\u00f3s t\u00e1rsadalommal \u00f6sszef\u00fcgg\u0151 szolg\u00e1ltat\u00e1sokr\u00f3l \u00e9s az elektronikus kereskedelemr\u0151l sz\u00f3l\u00f3 j\u00falius 11-i 34\/2002 t\u00f6rv\u00e9ny \u00e9rtelm\u00e9ben t\u00e1j\u00e9koztatja \u00d6nt, hogy:<\/p>\n<ul>\n<li>A felel\u0151s szem\u00e9ly<br \/> <strong>Carlos Uriarte<\/strong><\/li>\n<li>Az \u00d6n CIF-je: <strong>B39755897<\/strong><\/li>\n<li>C\u00edme a k\u00f6vetkez\u0151:<strong> Pol\u00edgono Ind. de Guarnizo. Centro de Negocios, Nave 3, 39611, Guarnizo, Cantabria  <\/strong><\/li>\n<li><strong>mail : info@byebirds.com<\/strong><\/li>\n<li>Bejegyezve a kereskedelmi nyilv\u00e1ntart\u00e1sba.<\/li>\n<\/ul>\n<p>A vel\u00fcnk val\u00f3 kommunik\u00e1ci\u00f3hoz k\u00fcl\u00f6nf\u00e9le kapcsolatfelv\u00e9teli m\u00f3dokat k\u00edn\u00e1lunk, amelyeket az al\u00e1bbiakban r\u00e9szletez\u00fcnk:<\/p>\n<ul>\n<li><strong>mail : info@byebirds.com<\/strong><\/li>\n<li>Telefon:<strong> <span aria-label=\"Llamar al n\u00famero de tel\u00e9fono 601 54 83 80\">655 64 26 28<\/span><\/strong><\/li>\n<\/ul>\n<p>Minden \u00e9rtes\u00edt\u00e9s \u00e9s kommunik\u00e1ci\u00f3 a felhaszn\u00e1l\u00f3k \u00e9s a WEBOLDAL TULAJDONOSA k\u00f6z\u00f6tt minden c\u00e9lb\u00f3l hat\u00e9konynak min\u0151s\u00fcl, ha postai \u00faton vagy b\u00e1rmely m\u00e1s, fent r\u00e9szletezett m\u00f3don t\u00f6rt\u00e9nik.<\/p>\n<ol start=\"3\">\n<li><strong>HOZZ\u00c1F\u00c9R\u00c9SI \u00c9S HASZN\u00c1LATI FELT\u00c9TELEK<\/strong><\/li>\n<\/ol>\n<p>A weboldal \u00e9s szolg\u00e1ltat\u00e1sai szabadon hozz\u00e1f\u00e9rhet\u0151k, azonban a WEBOLDAL TULAJDONOSA a weboldal\u00e1n k\u00edn\u00e1lt egyes szolg\u00e1ltat\u00e1sok ig\u00e9nybev\u00e9tel\u00e9t a megfelel\u0151 \u0171rlap el\u0151zetes kit\u00f6lt\u00e9s\u00e9hez k\u00f6ti.<\/p>\n<p>A felhaszn\u00e1l\u00f3 garant\u00e1lja a WEBOLDAL TULAJDONOS\u00c1VAL k\u00f6z\u00f6lt adatok hiteless\u00e9g\u00e9t \u00e9s id\u0151szer\u0171s\u00e9g\u00e9t, \u00e9s kiz\u00e1r\u00f3lagos felel\u0151ss\u00e9get v\u00e1llal a hamis vagy pontatlan nyilatkozatok\u00e9rt.<\/p>\n<p>A felhaszn\u00e1l\u00f3 kifejezetten v\u00e1llalja, hogy a WEBOLDAL TULAJDONOS\u00c1NAK tartalm\u00e1t \u00e9s szolg\u00e1ltat\u00e1sait rendeltet\u00e9sszer\u0171en haszn\u00e1lja, \u00e9s nem haszn\u00e1lja fel t\u00f6bbek k\u00f6z\u00f6tt:<\/p>\n<ol>\n<li>B\u0171n\u00f6z\u0151, er\u0151szakos, pornogr\u00e1f, rasszista, idegengy\u0171l\u00f6l\u0151, s\u00e9rt\u0151, terrorizmust t\u00e1mogat\u00f3, vagy \u00e1ltal\u00e1ban a t\u00f6rv\u00e9nnyel vagy a k\u00f6zrenddel ellent\u00e9tes tartalom terjeszt\u00e9se.<\/li>\n<li>Sz\u00e1m\u00edt\u00f3g\u00e9pes v\u00edrusok bejuttat\u00e1sa a h\u00e1l\u00f3zatba, vagy olyan m\u0171veletek v\u00e9grehajt\u00e1sa, amelyek megv\u00e1ltoztathatj\u00e1k, elronthatj\u00e1k, megszak\u00edthatj\u00e1k vagy hib\u00e1kat gener\u00e1lhatnak vagy k\u00e1ros\u00edthatj\u00e1k a WEBOLDAL TULAJDONOS\u00c1NAK vagy harmadik felek elektronikus dokumentumait, adatait vagy fizikai \u00e9s logikai rendszereit; valamint m\u00e1s felhaszn\u00e1l\u00f3k hozz\u00e1f\u00e9r\u00e9s\u00e9nek akad\u00e1lyoz\u00e1sa a weboldalhoz \u00e9s annak szolg\u00e1ltat\u00e1saihoz a sz\u00e1m\u00edt\u00f3g\u00e9pes er\u0151forr\u00e1sok t\u00f6meges felhaszn\u00e1l\u00e1s\u00e1val, amelyen kereszt\u00fcl A WEBOLDAL TULAJDONOSA szolg\u00e1ltat\u00e1sait ny\u00fajtja.<\/li>\n<li>Megk\u00eds\u00e9reljen hozz\u00e1f\u00e9rni m\u00e1s felhaszn\u00e1l\u00f3k e-mail fi\u00f3kjaihoz vagy a WEBOLDAL TULAJDONOS\u00c1NAK vagy harmadik felek sz\u00e1m\u00edt\u00f3g\u00e9pes rendszereinek korl\u00e1tozott ter\u00fcleteihez, \u00e9s adott esetben inform\u00e1ci\u00f3kat nyerjen ki.<\/li>\n<li>Szellemi vagy ipari tulajdonjogok megs\u00e9rt\u00e9se, valamint a WEBOLDAL TULAJDONOS\u00c1NAK vagy harmadik felek inform\u00e1ci\u00f3inak bizalmas kezel\u00e9se.<\/li>\n<li>M\u00e1s felhaszn\u00e1l\u00f3, k\u00f6zigazgat\u00e1si szervek vagy harmadik f\u00e9l szem\u00e9lyazonoss\u00e1g\u00e1nak megszem\u00e9lyes\u00edt\u00e9se.<\/li>\n<li>A tartalmat reproduk\u00e1lni, m\u00e1solni, terjeszteni, hozz\u00e1f\u00e9rhet\u0151v\u00e9 tenni vagy b\u00e1rmilyen m\u00e1s m\u00f3don nyilv\u00e1nosan k\u00f6z\u00f6lni, \u00e1talak\u00edtani vagy m\u00f3dos\u00edtani, kiv\u00e9ve, ha rendelkezik a megfelel\u0151 jogok tulajdonos\u00e1nak felhatalmaz\u00e1s\u00e1val vagy ez t\u00f6rv\u00e9nyileg megengedett.<\/li>\n<li>Rekl\u00e1moz\u00e1si c\u00e9lb\u00f3l adatokat gy\u0171jt, \u00e9s b\u00e1rmilyen hirdet\u00e9st \u00e9s kommunik\u00e1ci\u00f3t k\u00fcld \u00e9rt\u00e9kes\u00edt\u00e9si vagy egy\u00e9b kereskedelmi c\u00e9lb\u00f3l az \u00d6n el\u0151zetes k\u00e9r\u00e9se vagy hozz\u00e1j\u00e1rul\u00e1sa n\u00e9lk\u00fcl.<\/li>\n<\/ol>\n<p>A weboldal minden tartalma, \u00fagymint sz\u00f6vegek, f\u00e9nyk\u00e9pek, grafik\u00e1k, k\u00e9pek, ikonok, technol\u00f3gia, szoftver, valamint annak grafikai tervez\u00e9se \u00e9s forr\u00e1sk\u00f3djai olyan alkot\u00e1snak min\u0151s\u00fclnek, amelynek tulajdona a WEBOLDAL TULAJDONOS\u00c1T illeti, \u00e9s nem \u00e9rtelmezhet\u0151 \u00e1truh\u00e1zta a felhaszn\u00e1l\u00f3ra a r\u00e1juk vonatkoz\u00f3 minden olyan hasznos\u00edt\u00e1si jogot, amely a weboldal helyes haszn\u00e1lat\u00e1hoz felt\u00e9tlen\u00fcl sz\u00fcks\u00e9ges.<\/p>\n<p>R\u00f6viden, a webhelyet el\u00e9r\u0151 felhaszn\u00e1l\u00f3k megtekinthetik a tartalmat, \u00e9s adott esetben enged\u00e9lyezett mag\u00e1nm\u00e1solatokat k\u00e9sz\u00edthetnek mindaddig, am\u00edg a reproduk\u00e1lt elemeket nem adj\u00e1k \u00e1t harmadik f\u00e9lnek, \u00e9s nem telep\u00edtik a h\u00e1l\u00f3zathoz kapcsol\u00f3d\u00f3 szerverekre, \u00e9s nem vonatkoznak r\u00e1juk semmif\u00e9le kizs\u00e1km\u00e1nyol\u00e1s. Hasonl\u00f3k\u00e9ppen, minden, a weboldalon megjelen\u0151 m\u00e1rka, kereskedelmi n\u00e9v vagy megk\u00fcl\u00f6nb\u00f6ztet\u0151 jelz\u00e9s a WEBOLDAL TULAJDONOS\u00c1NAK tulajdon\u00e1t k\u00e9pezi, an\u00e9lk\u00fcl, hogy meg\u00e9rten\u00e9, hogy a haszn\u00e1lat vagy az ahhoz val\u00f3 hozz\u00e1f\u00e9r\u00e9s a felhaszn\u00e1l\u00f3nak b\u00e1rmilyen jogot biztos\u00edt r\u00e1juk. <\/p>\n<p>Tilos a tartalom terjeszt\u00e9se, m\u00f3dos\u00edt\u00e1sa, \u00e1tad\u00e1sa vagy nyilv\u00e1nos k\u00f6zl\u00e9se, valamint minden olyan tev\u00e9kenys\u00e9g, amelyre a hasznos\u00edt\u00e1si jog tulajdonosa kifejezetten nem adott enged\u00e9lyt.<\/p>\n<p>A hiperhivatkoz\u00e1s l\u00e9trehoz\u00e1sa semmi esetre sem jelenti azt, hogy a WEBOLDAL TULAJDONOSA \u00e9s az azt l\u00e9trehoz\u00f3 weboldal tulajdonosa k\u00f6z\u00f6tt kapcsolat \u00e1llna fenn, sem pedig a WEBOLDAL TULAJDONOSA \u00e1ltali elfogad\u00e1sa \u00e9s j\u00f3v\u00e1hagy\u00e1sa annak tartalm\u00e1hoz vagy szolg\u00e1ltat\u00e1saihoz. . A hiperhivatkoz\u00e1st l\u00e9tes\u00edteni sz\u00e1nd\u00e9koz\u00f3knak el\u0151zetesen \u00edr\u00e1sos enged\u00e9lyt kell k\u00e9rni\u00fck a WEBOLDAL TULAJDONOS\u00c1T\u00d3L. Mindenesetre a hiperhivatkoz\u00e1s csak a honlapunk kezd\u0151lapj\u00e1ra vagy kezd\u0151lapj\u00e1ra enged hozz\u00e1f\u00e9r\u00e9st, tov\u00e1bb\u00e1 tart\u00f3zkodnia kell a WEBOLDAL TULAJDONOS\u00c1RA vonatkoz\u00f3 hamis, pontatlan vagy t\u00e9ves \u00e1ll\u00edt\u00e1sokt\u00f3l, jelz\u00e9sekt\u0151l, illetve illeg\u00e1lis, ellent\u00e9tes tartalomt\u00f3l. a j\u00f3 szok\u00e1sokhoz \u00e9s a k\u00f6zrendhez. A WEBOLDAL TULAJDONOSA nem v\u00e1llal felel\u0151ss\u00e9get az\u00e9rt, hogy az egyes felhaszn\u00e1l\u00f3k az ezen a weboldalon el\u00e9rhet\u0151v\u00e9 tett anyagokat milyen m\u00f3don haszn\u00e1lj\u00e1k fel, illetve az ezek alapj\u00e1n v\u00e9gzett tev\u00e9kenys\u00e9gek\u00e9rt.   <\/p>\n<ol start=\"4\">\n<li><strong>A GARANCIA \u00c9S A FELEL\u0150SS\u00c9G KIZ\u00c1R\u00c1SA<\/strong><\/li>\n<\/ol>\n<p>A weboldal tartalma \u00e1ltal\u00e1nos jelleg\u0171, \u00e9s puszt\u00e1n t\u00e1j\u00e9koztat\u00f3 jelleg\u0171, an\u00e9lk\u00fcl, hogy teljes m\u00e9rt\u00e9kben garant\u00e1ln\u00e1 a teljes tartalomhoz val\u00f3 hozz\u00e1f\u00e9r\u00e9st, sem annak teljess\u00e9g\u00e9t, helyess\u00e9g\u00e9t, \u00e9rv\u00e9nyess\u00e9g\u00e9t vagy id\u0151szer\u0171s\u00e9g\u00e9t, sem pedig egy meghat\u00e1rozott c\u00e9l el\u00e9r\u00e9s\u00e9re val\u00f3 alkalmass\u00e1g\u00e1t vagy hasznoss\u00e1g\u00e1t.<\/p>\n<p>A WEBOLDAL TULAJDONOSA a jogrendszer \u00e1ltal megengedett m\u00e9rt\u00e9kig kiz\u00e1r mindennem\u0171 felel\u0151ss\u00e9get a k\u00f6vetkez\u0151kb\u0151l ered\u0151 k\u00e1rok\u00e9rt:<\/p>\n<ol>\n<li>A weboldalhoz val\u00f3 hozz\u00e1f\u00e9r\u00e9s lehetetlens\u00e9ge vagy a tartalom val\u00f3dis\u00e1g\u00e1nak, pontoss\u00e1g\u00e1nak, teljess\u00e9g\u00e9nek \u00e9s\/vagy id\u0151szer\u0171s\u00e9g\u00e9nek hi\u00e1nya, valamint a tov\u00e1bb\u00edtott, terjesztett, t\u00e1rolt, hozz\u00e1f\u00e9rhet\u0151v\u00e9 tett tartalom mindennem\u0171 hib\u00e1ja \u00e9s hib\u00e1ja. a weboldalon vagy a k\u00edn\u00e1lt szolg\u00e1ltat\u00e1sokon kereszt\u00fcl \u00e9rhet\u0151 el.<\/li>\n<li>V\u00edrusok vagy egy\u00e9b elemek jelenl\u00e9te a tartalomban, amelyek a sz\u00e1m\u00edt\u00f3g\u00e9pes rendszerekben, az elektronikus dokumentumokban vagy a felhaszn\u00e1l\u00f3i adatokban v\u00e1ltoz\u00e1sokat okozhatnak.<\/li>\n<li>A jogszab\u00e1lyok, a j\u00f3hiszem\u0171s\u00e9g, a k\u00f6zrend, a k\u00f6zleked\u00e9si gyakorlat \u00e9s a jelen jogi nyilatkozat be nem tart\u00e1sa a weboldal helytelen haszn\u00e1lat\u00e1b\u00f3l ered\u0151en. A WEBOLDAL TULAJDONOSA nem v\u00e1llal felel\u0151ss\u00e9get harmadik felek olyan cselekm\u00e9nyei\u00e9rt, amelyek s\u00e9rtik a szellemi \u00e9s ipari tulajdonjogokat, az \u00fczleti titkokat, a becs\u00fclethez val\u00f3 jogokat, a szem\u00e9lyes \u00e9s a csal\u00e1di mag\u00e1n\u00e9lethez val\u00f3 jogot, valamint a saj\u00e1t arculat\u00e1t, \u00e9s nem v\u00e1llalnak felel\u0151ss\u00e9get. a tisztess\u00e9gtelen versenyre \u00e9s az illeg\u00e1lis rekl\u00e1moz\u00e1sra vonatkoz\u00f3 el\u0151\u00edr\u00e1sokat. <\/li>\n<\/ol>\n<p>Hasonl\u00f3k\u00e9ppen, A WEBOLDAL TULAJDONOSA elutas\u00edt minden felel\u0151ss\u00e9get azokkal az inform\u00e1ci\u00f3kkal kapcsolatban, amelyek ezen a webhelyen k\u00edv\u00fcl vannak, \u00e9s amelyeket nem k\u00f6zvetlen\u00fcl a webmester\u00fcnk kezel. Az ezen a weboldalon megjelen\u0151 linkek c\u00e9lja kiz\u00e1r\u00f3lag az, hogy t\u00e1j\u00e9koztass\u00e1k a felhaszn\u00e1l\u00f3t olyan egy\u00e9b forr\u00e1sok l\u00e9tez\u00e9s\u00e9r\u0151l, amelyek b\u0151v\u00edthetik a jelen weboldal \u00e1ltal k\u00edn\u00e1lt tartalmat. A WEBOLDAL TULAJDONOSA nem garant\u00e1lja \u00e9s nem v\u00e1llal felel\u0151ss\u00e9get a hivatkozott oldalak m\u0171k\u00f6d\u00e9s\u00e9\u00e9rt vagy el\u00e9rhet\u0151s\u00e9g\u00e9\u00e9rt; nem is javasol, nem h\u00edv vagy aj\u00e1nl l\u00e1togat\u00e1st hozz\u00e1juk, \u00edgy nem v\u00e1llal felel\u0151ss\u00e9get az el\u00e9rt eredm\u00e9ny\u00e9rt. A WEBOLDAL TULAJDONOSA nem v\u00e1llal felel\u0151ss\u00e9get harmadik felek \u00e1ltal l\u00e9trehozott hiperhivatkoz\u00e1sok\u00e9rt.   <\/p>\n<ol start=\"5\">\n<li><strong>ADATV\u00c9DELMI IR\u00c1NYELV<\/strong><\/li>\n<\/ol>\n<p>Adatv\u00e9delmi szab\u00e1lyzatunkat az al\u00e1bbiakban tekintheti meg <strong><u><a href=\"https:\/\/hornynails.com\/politicas-de-privacidad\/\">enlace<\/a><\/u><\/strong>.<\/p>\n<ol start=\"6\">\n<li><strong>ELJ\u00c1R\u00c1S ILLET\u00c9KES TERM\u00c9SZET\u0170 TEV\u00c9KENYS\u00c9GEK V\u00c9GREHAJT\u00c1SA ESET\u00c9N<\/strong><\/li>\n<\/ol>\n<p>Abban az esetben, ha b\u00e1rmely felhaszn\u00e1l\u00f3 vagy harmadik f\u00e9l \u00fagy \u00edt\u00e9li meg, hogy olyan t\u00e9nyek vagy k\u00f6r\u00fclm\u00e9nyek \u00e1llnak fenn, amelyek felfedik a tartalom felhaszn\u00e1l\u00e1s\u00e1nak \u00e9s\/vagy a webhelyen kereszt\u00fcl el\u00e9rhet\u0151 weboldalakon v\u00e9gzett tev\u00e9kenys\u00e9gek jogelleness\u00e9g\u00e9t, k\u00f6teles elk\u00fcldeni egy \u00e9rtes\u00edt\u00e9st a WEBOLDAL TULAJDONOS\u00c1NAK SZ\u00c1M\u00cdT\u00c1SA, \u00d6n megfelel\u0151 azonos\u00edt\u00e1s\u00e1val, a felt\u00e9telezett jogs\u00e9rt\u00e9sek megjel\u00f6l\u00e9s\u00e9vel, valamint kifejezetten \u00e9s saj\u00e1t felel\u0151ss\u00e9g\u00e9re kijelentve, hogy az \u00e9rtes\u00edt\u00e9sben megadott adatok pontosak.<\/p>\n<p>A felek kifejezetten al\u00e1vetik magukat a jelen szerz\u0151d\u00e9s \u00e9rtelmez\u00e9se, betart\u00e1sa \u00e9s v\u00e9grehajt\u00e1sa miatt felmer\u00fcl\u0151 k\u00e9rd\u00e9sek vagy n\u00e9zetelt\u00e9r\u00e9sek eset\u00e9n a felhaszn\u00e1l\u00f3 lak\u00f3helye vagy a teljes\u00edt\u00e9s helye szerinti b\u00edr\u00f3s\u00e1gok illet\u00e9kess\u00e9g\u00e9nek \u00e9s hat\u00e1sk\u00f6r\u00e9nek. a szerz\u0151d\u00e9ses k\u00f6telezetts\u00e9g.<\/p>\n<ol start=\"7\">\n<li><strong>PUBLIK\u00c1CI\u00d3K<\/strong><\/li>\n<\/ol>\n<p>A honlapon kereszt\u00fcl k\u00f6z\u00f6lt adminisztrat\u00edv inform\u00e1ci\u00f3k nem helyettes\u00edtik azon t\u00f6rv\u00e9nyek, rendeletek, tervek, \u00e1ltal\u00e1nos rendelkez\u00e9sek \u00e9s aktusok jogi nyilv\u00e1noss\u00e1g\u00e1t, amelyeket hivatalosan a k\u00f6zigazgat\u00e1si lapokban kell k\u00f6zz\u00e9tenni, amelyek az egyetlen okirat, amely tan\u00fas\u00edtja azok hiteless\u00e9g\u00e9t, tartalom. Az ezen a weboldalon el\u00e9rhet\u0151 inform\u00e1ci\u00f3k jogi \u00e9rv\u00e9nyess\u00e9g n\u00e9lk\u00fcli \u00fatmutat\u00f3k\u00e9nt \u00e9rtelmezend\u0151k. <\/p>\n\t\t\t\t\t\t\t\t<\/div>\n\t\t\t\t<\/div>\n\t\t\t\t\t<\/div>\n\t\t<\/div>\n\t\t\t\t\t<\/div>\n\t\t<\/section>\n\t\t\t\t<\/div>\n\t\t","protected":false},"excerpt":{"rendered":"<p>Jogi k\u00f6zlem\u00e9ny C\u00c9L \u00c9S ELFOGAD\u00c1S Jelen jogi nyilatkozat a tulajdonosak\u00e9nt szolg\u00e1l\u00f3 weboldal (a tov\u00e1bbiakban: WEBOLDAL) haszn\u00e1lat\u00e1t szab\u00e1lyozza. ByeBirds..(a tov\u00e1bbiakban: A [&hellip;]<\/p>\n","protected":false},"author":1,"featured_media":0,"parent":0,"menu_order":0,"comment_status":"closed","ping_status":"closed","template":"","meta":{"site-sidebar-layout":"no-sidebar","site-content-layout":"","ast-site-content-layout":"full-width-container","site-content-style":"default","site-sidebar-style":"default","ast-global-header-display":"","ast-banner-title-visibility":"","ast-main-header-display":"","ast-hfb-above-header-display":"","ast-hfb-below-header-display":"","ast-hfb-mobile-header-display":"","site-post-title":"disabled","ast-breadcrumbs-content":"","ast-featured-img":"disabled","footer-sml-layout":"","theme-transparent-header-meta":"","adv-header-id-meta":"","stick-header-meta":"","header-above-stick-meta":"","header-main-stick-meta":"","header-below-stick-meta":"","astra-migrate-meta-layouts":"default","ast-page-background-enabled":"default","ast-page-background-meta":{"desktop":{"background-color":"var(--ast-global-color-4)","background-image":"","background-repeat":"repeat","background-position":"center center","background-size":"auto","background-attachment":"scroll","background-type":"","background-media":"","overlay-type":"","overlay-color":"","overlay-opacity":"","overlay-gradient":""},"tablet":{"background-color":"","background-image":"","background-repeat":"repeat","background-position":"center center","background-size":"auto","background-attachment":"scroll","background-type":"","background-media":"","overlay-type":"","overlay-color":"","overlay-opacity":"","overlay-gradient":""},"mobile":{"background-color":"","background-image":"","background-repeat":"repeat","background-position":"center center","background-size":"auto","background-attachment":"scroll","background-type":"","background-media":"","overlay-type":"","overlay-color":"","overlay-opacity":"","overlay-gradient":""}},"ast-content-background-meta":{"desktop":{"background-color":"var(--ast-global-color-5)","background-image":"","background-repeat":"repeat","background-position":"center center","background-size":"auto","background-attachment":"scroll","background-type":"","background-media":"","overlay-type":"","overlay-color":"","overlay-opacity":"","overlay-gradient":""},"tablet":{"background-color":"var(--ast-global-color-5)","background-image":"","background-repeat":"repeat","background-position":"center center","background-size":"auto","background-attachment":"scroll","background-type":"","background-media":"","overlay-type":"","overlay-color":"","overlay-opacity":"","overlay-gradient":""},"mobile":{"background-color":"var(--ast-global-color-5)","background-image":"","background-repeat":"repeat","background-position":"center center","background-size":"auto","background-attachment":"scroll","background-type":"","background-media":"","overlay-type":"","overlay-color":"","overlay-opacity":"","overlay-gradient":""}},"footnotes":""},"class_list":["post-1539","page","type-page","status-publish","hentry"],"_links":{"self":[{"href":"https:\/\/byebirds.com\/hu\/wp-json\/wp\/v2\/pages\/1539","targetHints":{"allow":["GET"]}}],"collection":[{"href":"https:\/\/byebirds.com\/hu\/wp-json\/wp\/v2\/pages"}],"about":[{"href":"https:\/\/byebirds.com\/hu\/wp-json\/wp\/v2\/types\/page"}],"author":[{"embeddable":true,"href":"https:\/\/byebirds.com\/hu\/wp-json\/wp\/v2\/users\/1"}],"replies":[{"embeddable":true,"href":"https:\/\/byebirds.com\/hu\/wp-json\/wp\/v2\/comments?post=1539"}],"version-history":[{"count":1,"href":"https:\/\/byebirds.com\/hu\/wp-json\/wp\/v2\/pages\/1539\/revisions"}],"predecessor-version":[{"id":1540,"href":"https:\/\/byebirds.com\/hu\/wp-json\/wp\/v2\/pages\/1539\/revisions\/1540"}],"wp:attachment":[{"href":"https:\/\/byebirds.com\/hu\/wp-json\/wp\/v2\/media?parent=1539"}],"curies":[{"name":"wp","href":"https:\/\/api.w.org\/{rel}","templated":true}]}}