{"id":1541,"date":"2024-09-23T11:03:11","date_gmt":"2024-09-23T09:03:11","guid":{"rendered":"https:\/\/byebirds.com\/esettanulmanyok\/"},"modified":"2024-11-19T12:01:00","modified_gmt":"2024-11-19T11:01:00","slug":"esettanulmanyok","status":"publish","type":"page","link":"https:\/\/byebirds.com\/hu\/esettanulmanyok\/","title":{"rendered":"Esettanulm\u00e1nyok"},"content":{"rendered":"\t\t<div data-elementor-type=\"wp-page\" data-elementor-id=\"1541\" class=\"elementor elementor-1541 elementor-921\" data-elementor-post-type=\"page\">\n\t\t\t\t\t\t<section class=\"ob-is-breaking-bad elementor-section elementor-top-section elementor-element elementor-element-857d2cf elementor-section-boxed elementor-section-height-default elementor-section-height-default\" data-id=\"857d2cf\" data-element_type=\"section\" data-settings=\"{&quot;_ob_bbad_use_it&quot;:&quot;yes&quot;,&quot;_ob_bbad_sssic_use&quot;:&quot;no&quot;,&quot;_ob_glider_is_slider&quot;:&quot;no&quot;}\">\n\t\t\t\t\t\t<div class=\"elementor-container elementor-column-gap-default\">\n\t\t\t\t\t<div class=\"elementor-column elementor-col-100 elementor-top-column elementor-element elementor-element-46951ca\" data-id=\"46951ca\" data-element_type=\"column\" data-settings=\"{&quot;_ob_bbad_is_stalker&quot;:&quot;no&quot;,&quot;_ob_teleporter_use&quot;:false,&quot;_ob_column_hoveranimator&quot;:&quot;no&quot;,&quot;_ob_column_has_pseudo&quot;:&quot;no&quot;}\">\n\t\t\t<div class=\"elementor-widget-wrap elementor-element-populated\">\n\t\t\t\t\t\t<div class=\"elementor-element elementor-element-6e2ed6a ob-harakiri-inherit ob-has-background-overlay elementor-widget elementor-widget-heading\" data-id=\"6e2ed6a\" data-element_type=\"widget\" data-settings=\"{&quot;_ob_use_harakiri&quot;:&quot;yes&quot;,&quot;_ob_harakiri_writing_mode&quot;:&quot;inherit&quot;,&quot;_ob_harakiri_text_clip&quot;:&quot;none&quot;,&quot;_ob_perspektive_use&quot;:&quot;no&quot;,&quot;_ob_poopart_use&quot;:&quot;yes&quot;,&quot;_ob_shadough_use&quot;:&quot;no&quot;,&quot;_ob_allow_hoveranimator&quot;:&quot;no&quot;,&quot;_ob_widget_stalker_use&quot;:&quot;no&quot;}\" data-widget_type=\"heading.default\">\n\t\t\t\t<div class=\"elementor-widget-container\">\n\t\t\t\t\t<h2 class=\"elementor-heading-title elementor-size-default\">Gyakorlati esetek<\/h2>\t\t\t\t<\/div>\n\t\t\t\t<\/div>\n\t\t\t\t<div class=\"elementor-element elementor-element-0537d5b elementor-widget-divider--view-line ob-has-background-overlay elementor-widget elementor-widget-divider\" data-id=\"0537d5b\" data-element_type=\"widget\" data-settings=\"{&quot;_ob_perspektive_use&quot;:&quot;no&quot;,&quot;_ob_poopart_use&quot;:&quot;yes&quot;,&quot;_ob_shadough_use&quot;:&quot;no&quot;,&quot;_ob_allow_hoveranimator&quot;:&quot;no&quot;,&quot;_ob_widget_stalker_use&quot;:&quot;no&quot;}\" data-widget_type=\"divider.default\">\n\t\t\t\t<div class=\"elementor-widget-container\">\n\t\t\t\t\t\t\t<div class=\"elementor-divider\">\n\t\t\t<span class=\"elementor-divider-separator\">\n\t\t\t\t\t\t<\/span>\n\t\t<\/div>\n\t\t\t\t\t\t<\/div>\n\t\t\t\t<\/div>\n\t\t\t\t<div class=\"elementor-element elementor-element-3cf4e96 elementor-grid-2 elementor-grid-tablet-2 elementor-grid-mobile-1 elementor-posts--thumbnail-top ob-has-background-overlay elementor-widget elementor-widget-posts\" data-id=\"3cf4e96\" data-element_type=\"widget\" data-settings=\"{&quot;classic_columns&quot;:&quot;2&quot;,&quot;classic_columns_tablet&quot;:&quot;2&quot;,&quot;classic_columns_mobile&quot;:&quot;1&quot;,&quot;classic_row_gap&quot;:{&quot;unit&quot;:&quot;px&quot;,&quot;size&quot;:35,&quot;sizes&quot;:[]},&quot;classic_row_gap_tablet&quot;:{&quot;unit&quot;:&quot;px&quot;,&quot;size&quot;:&quot;&quot;,&quot;sizes&quot;:[]},&quot;classic_row_gap_mobile&quot;:{&quot;unit&quot;:&quot;px&quot;,&quot;size&quot;:&quot;&quot;,&quot;sizes&quot;:[]},&quot;_ob_perspektive_use&quot;:&quot;no&quot;,&quot;_ob_poopart_use&quot;:&quot;yes&quot;,&quot;_ob_shadough_use&quot;:&quot;no&quot;,&quot;_ob_allow_hoveranimator&quot;:&quot;no&quot;,&quot;_ob_widget_stalker_use&quot;:&quot;no&quot;}\" data-widget_type=\"posts.classic\">\n\t\t\t\t<div class=\"elementor-widget-container\">\n\t\t\t\t\t\t\t<div class=\"elementor-posts-container elementor-posts elementor-posts--skin-classic elementor-grid\">\n\t\t\t\t<article class=\"elementor-post elementor-grid-item post-2059 post type-post status-publish format-standard has-post-thumbnail hentry category-sin-categorizar\">\n\t\t\t\t<a class=\"elementor-post__thumbnail__link\" href=\"https:\/\/byebirds.com\/hu\/szechenyi-termalfurdo-budapest-magyarorszag\/\" tabindex=\"-1\" >\n\t\t\t<div class=\"elementor-post__thumbnail\"><img fetchpriority=\"high\" decoding=\"async\" width=\"2139\" height=\"1144\" src=\"https:\/\/byebirds.com\/wp-content\/uploads\/2024\/09\/PORTADA5.jpg\" class=\"attachment-full size-full wp-image-2088\" alt=\"\" srcset=\"https:\/\/byebirds.com\/wp-content\/uploads\/2024\/09\/PORTADA5.jpg 2139w, https:\/\/byebirds.com\/wp-content\/uploads\/2024\/09\/PORTADA5-300x160.jpg 300w, https:\/\/byebirds.com\/wp-content\/uploads\/2024\/09\/PORTADA5-1024x548.jpg 1024w, https:\/\/byebirds.com\/wp-content\/uploads\/2024\/09\/PORTADA5-768x411.jpg 768w, https:\/\/byebirds.com\/wp-content\/uploads\/2024\/09\/PORTADA5-1536x821.jpg 1536w, https:\/\/byebirds.com\/wp-content\/uploads\/2024\/09\/PORTADA5-2048x1095.jpg 2048w\" sizes=\"(max-width: 2139px) 100vw, 2139px\" \/><\/div>\n\t\t<\/a>\n\t\t\t\t<div class=\"elementor-post__text\">\n\t\t\t\t<h3 class=\"elementor-post__title\">\n\t\t\t<a href=\"https:\/\/byebirds.com\/hu\/szechenyi-termalfurdo-budapest-magyarorszag\/\" >\n\t\t\t\tSz\u00e9chenyi Term\u00e1lf\u00fcrd\u0151, Budapest, Magyarorsz\u00e1g\t\t\t<\/a>\n\t\t<\/h3>\n\t\t\t\t<div class=\"elementor-post__excerpt\">\n\t\t\t<p>A budapesti Sz\u00e9chenyi Term\u00e1lf\u00fcrd\u0151 Eur\u00f3pa legnagyobb gy\u00f3gyf\u00fcrd\u0151je. A Czigler Gy\u0151z\u0151 terve alapj\u00e1n, 1913-ban neobarokk st\u00edlusban \u00e9p\u00fclt f\u00fcrd\u0151 a V\u00e1rosligetben tal\u00e1lhat\u00f3. A t\u00fcsk\u00e9k \u00e9s h\u00e1l\u00f3k ellen\u00e9re sok galamb \u00e9lt \u00e9s f\u00e9szkelt az \u00e9p\u00fcletben, ahol t\u00f6bb f\u00e9szkel\u0151helyet is tal\u00e1ltak. Ugyanez igaz volt<\/p>\n\t\t<\/div>\n\t\t\n\t\t<a class=\"elementor-post__read-more\" href=\"https:\/\/byebirds.com\/hu\/szechenyi-termalfurdo-budapest-magyarorszag\/\" aria-label=\"Read more about Sz\u00e9chenyi Term\u00e1lf\u00fcrd\u0151, Budapest, Magyarorsz\u00e1g\" tabindex=\"-1\" >\n\t\t\tOlvass tov\u00e1bb\t\t<\/a>\n\n\t\t\t\t<\/div>\n\t\t\t\t<\/article>\n\t\t\t\t<article class=\"elementor-post elementor-grid-item post-2132 post type-post status-publish format-standard has-post-thumbnail hentry category-sin-categorizar\">\n\t\t\t\t<a class=\"elementor-post__thumbnail__link\" href=\"https:\/\/byebirds.com\/hu\/jeronimos-kolostor-lisszabon-portugalia\/\" tabindex=\"-1\" >\n\t\t\t<div class=\"elementor-post__thumbnail\"><img decoding=\"async\" width=\"2139\" height=\"1144\" src=\"https:\/\/byebirds.com\/wp-content\/uploads\/2024\/09\/PORTADA4.jpg\" class=\"attachment-full size-full wp-image-2138\" alt=\"\" srcset=\"https:\/\/byebirds.com\/wp-content\/uploads\/2024\/09\/PORTADA4.jpg 2139w, https:\/\/byebirds.com\/wp-content\/uploads\/2024\/09\/PORTADA4-300x160.jpg 300w, https:\/\/byebirds.com\/wp-content\/uploads\/2024\/09\/PORTADA4-1024x548.jpg 1024w, https:\/\/byebirds.com\/wp-content\/uploads\/2024\/09\/PORTADA4-768x411.jpg 768w, https:\/\/byebirds.com\/wp-content\/uploads\/2024\/09\/PORTADA4-1536x821.jpg 1536w, https:\/\/byebirds.com\/wp-content\/uploads\/2024\/09\/PORTADA4-2048x1095.jpg 2048w\" sizes=\"(max-width: 2139px) 100vw, 2139px\" \/><\/div>\n\t\t<\/a>\n\t\t\t\t<div class=\"elementor-post__text\">\n\t\t\t\t<h3 class=\"elementor-post__title\">\n\t\t\t<a href=\"https:\/\/byebirds.com\/hu\/jeronimos-kolostor-lisszabon-portugalia\/\" >\n\t\t\t\tJer\u00f3nimos kolostor, Lisszabon, Portug\u00e1lia\t\t\t<\/a>\n\t\t<\/h3>\n\t\t\t\t<div class=\"elementor-post__excerpt\">\n\t\t\t<p>A Henrik navig\u00e1tor inf\u00e1ns \u00e1ltal 1459 k\u00f6r\u00fcl \u00e9p\u00edttetett, 1983-ban az UNESCO vil\u00e1g\u00f6r\u00f6ks\u00e9g r\u00e9sz\u00e9v\u00e9 nyilv\u00e1n\u00edtott templom Portug\u00e1lia legfontosabb m\u0171eml\u00e9ke. A tenger mellett helyezkedik el, ez\u00e9rt gondot jelentett, hogy a sir\u00e1lyok lesz\u00e1lltak a tet\u0151re \u00e9s f\u00e9szkeltek. Kor\u00e1bban m\u00e1s rendszereket is kipr\u00f3b\u00e1ltak, legut\u00f3bb<\/p>\n\t\t<\/div>\n\t\t\n\t\t<a class=\"elementor-post__read-more\" href=\"https:\/\/byebirds.com\/hu\/jeronimos-kolostor-lisszabon-portugalia\/\" aria-label=\"Read more about Jer\u00f3nimos kolostor, Lisszabon, Portug\u00e1lia\" tabindex=\"-1\" >\n\t\t\tOlvass tov\u00e1bb\t\t<\/a>\n\n\t\t\t\t<\/div>\n\t\t\t\t<\/article>\n\t\t\t\t<article class=\"elementor-post elementor-grid-item post-2162 post type-post status-publish format-standard has-post-thumbnail hentry category-sin-categorizar\">\n\t\t\t\t<a class=\"elementor-post__thumbnail__link\" href=\"https:\/\/byebirds.com\/hu\/newbury-racecourse-berkshire-egyesult-kiralysag\/\" tabindex=\"-1\" >\n\t\t\t<div class=\"elementor-post__thumbnail\"><img decoding=\"async\" width=\"2139\" height=\"1144\" src=\"https:\/\/byebirds.com\/wp-content\/uploads\/2024\/09\/PORTADA3.jpg\" class=\"attachment-full size-full wp-image-2137\" alt=\"\" srcset=\"https:\/\/byebirds.com\/wp-content\/uploads\/2024\/09\/PORTADA3.jpg 2139w, https:\/\/byebirds.com\/wp-content\/uploads\/2024\/09\/PORTADA3-300x160.jpg 300w, https:\/\/byebirds.com\/wp-content\/uploads\/2024\/09\/PORTADA3-1024x548.jpg 1024w, https:\/\/byebirds.com\/wp-content\/uploads\/2024\/09\/PORTADA3-768x411.jpg 768w, https:\/\/byebirds.com\/wp-content\/uploads\/2024\/09\/PORTADA3-1536x821.jpg 1536w, https:\/\/byebirds.com\/wp-content\/uploads\/2024\/09\/PORTADA3-2048x1095.jpg 2048w\" sizes=\"(max-width: 2139px) 100vw, 2139px\" \/><\/div>\n\t\t<\/a>\n\t\t\t\t<div class=\"elementor-post__text\">\n\t\t\t\t<h3 class=\"elementor-post__title\">\n\t\t\t<a href=\"https:\/\/byebirds.com\/hu\/newbury-racecourse-berkshire-egyesult-kiralysag\/\" >\n\t\t\t\tNewbury Racecourse, Berkshire, Egyes\u00fclt Kir\u00e1lys\u00e1g\t\t\t<\/a>\n\t\t<\/h3>\n\t\t\t\t<div class=\"elementor-post__excerpt\">\n\t\t\t<p>A Newbury Racecourse egy versenyp\u00e1lya Greenham polg\u00e1ri pl\u00e9b\u00e1ni\u00e1j\u00e1n, Newbury v\u00e1rosa szomsz\u00e9ds\u00e1g\u00e1ban, az angliai Berkshire-ben. \u00datvonalai vannak s\u00edkfut\u00e1sokhoz \u00e9s \u00e1tugr\u00e1sokhoz. Itt rendezik Nagy-Britannia egyik 31 Group 1-es s\u00edkverseny\u00e9t, a Lockinge Stakes-t. II. Erzs\u00e9bet kir\u00e1lyn\u0151 86. sz\u00fclet\u00e9snapj\u00e1t a Newbury Racecourse-on t\u00f6lt\u00f6tte, ahol<\/p>\n\t\t<\/div>\n\t\t\n\t\t<a class=\"elementor-post__read-more\" href=\"https:\/\/byebirds.com\/hu\/newbury-racecourse-berkshire-egyesult-kiralysag\/\" aria-label=\"Read more about Newbury Racecourse, Berkshire, Egyes\u00fclt Kir\u00e1lys\u00e1g\" tabindex=\"-1\" >\n\t\t\tOlvass tov\u00e1bb\t\t<\/a>\n\n\t\t\t\t<\/div>\n\t\t\t\t<\/article>\n\t\t\t\t<article class=\"elementor-post elementor-grid-item post-2152 post type-post status-publish format-standard has-post-thumbnail hentry category-sin-categorizar\">\n\t\t\t\t<a class=\"elementor-post__thumbnail__link\" href=\"https:\/\/byebirds.com\/hu\/saint-nicolas-de-maule-templom-franciaorszag\/\" tabindex=\"-1\" >\n\t\t\t<div class=\"elementor-post__thumbnail\"><img loading=\"lazy\" decoding=\"async\" width=\"2139\" height=\"1144\" src=\"https:\/\/byebirds.com\/wp-content\/uploads\/2024\/09\/PORTADA2.jpg\" class=\"attachment-full size-full wp-image-2136\" alt=\"\" srcset=\"https:\/\/byebirds.com\/wp-content\/uploads\/2024\/09\/PORTADA2.jpg 2139w, https:\/\/byebirds.com\/wp-content\/uploads\/2024\/09\/PORTADA2-300x160.jpg 300w, https:\/\/byebirds.com\/wp-content\/uploads\/2024\/09\/PORTADA2-1024x548.jpg 1024w, https:\/\/byebirds.com\/wp-content\/uploads\/2024\/09\/PORTADA2-768x411.jpg 768w, https:\/\/byebirds.com\/wp-content\/uploads\/2024\/09\/PORTADA2-1536x821.jpg 1536w, https:\/\/byebirds.com\/wp-content\/uploads\/2024\/09\/PORTADA2-2048x1095.jpg 2048w\" sizes=\"(max-width: 2139px) 100vw, 2139px\" \/><\/div>\n\t\t<\/a>\n\t\t\t\t<div class=\"elementor-post__text\">\n\t\t\t\t<h3 class=\"elementor-post__title\">\n\t\t\t<a href=\"https:\/\/byebirds.com\/hu\/saint-nicolas-de-maule-templom-franciaorszag\/\" >\n\t\t\t\tSaint-Nicolas de Maule templom, Franciaorsz\u00e1g\t\t\t<\/a>\n\t\t<\/h3>\n\t\t\t\t<div class=\"elementor-post__excerpt\">\n\t\t\t<p>A Saint-Nicolas-templom egy 11. sz\u00e1zadi rom\u00e1n \u00e9s g\u00f3tikus \u00e9p\u00fclet a franciaorsz\u00e1gi Maule v\u00e1ros\u00e1ban, Yvelines-ben (\u00cele-de-France). Az 1883. m\u00e1rcius 19-i rendelet \u00e9rtelm\u00e9ben m\u0171eml\u00e9kk\u00e9nt szerepel.A templomban \u00e9l\u0151 mintegy 60 galamb k\u00e1rt tett a tet\u0151ben, a harangtoronyban \u00e9s a homlokzatokban. Ezt a munk\u00e1t<\/p>\n\t\t<\/div>\n\t\t\n\t\t<a class=\"elementor-post__read-more\" href=\"https:\/\/byebirds.com\/hu\/saint-nicolas-de-maule-templom-franciaorszag\/\" aria-label=\"Read more about Saint-Nicolas de Maule templom, Franciaorsz\u00e1g\" tabindex=\"-1\" >\n\t\t\tOlvass tov\u00e1bb\t\t<\/a>\n\n\t\t\t\t<\/div>\n\t\t\t\t<\/article>\n\t\t\t\t<article class=\"elementor-post elementor-grid-item post-2134 post type-post status-publish format-standard has-post-thumbnail hentry category-sin-categorizar\">\n\t\t\t\t<a class=\"elementor-post__thumbnail__link\" href=\"https:\/\/byebirds.com\/hu\/walton-a-temze-hidon-surrey-egyesult-kiralysag\/\" tabindex=\"-1\" >\n\t\t\t<div class=\"elementor-post__thumbnail\"><img loading=\"lazy\" decoding=\"async\" width=\"2139\" height=\"1144\" src=\"https:\/\/byebirds.com\/wp-content\/uploads\/2024\/09\/PORTADA1.jpg\" class=\"attachment-full size-full wp-image-2135\" alt=\"\" srcset=\"https:\/\/byebirds.com\/wp-content\/uploads\/2024\/09\/PORTADA1.jpg 2139w, https:\/\/byebirds.com\/wp-content\/uploads\/2024\/09\/PORTADA1-300x160.jpg 300w, https:\/\/byebirds.com\/wp-content\/uploads\/2024\/09\/PORTADA1-1024x548.jpg 1024w, https:\/\/byebirds.com\/wp-content\/uploads\/2024\/09\/PORTADA1-768x411.jpg 768w, https:\/\/byebirds.com\/wp-content\/uploads\/2024\/09\/PORTADA1-1536x821.jpg 1536w, https:\/\/byebirds.com\/wp-content\/uploads\/2024\/09\/PORTADA1-2048x1095.jpg 2048w\" sizes=\"(max-width: 2139px) 100vw, 2139px\" \/><\/div>\n\t\t<\/a>\n\t\t\t\t<div class=\"elementor-post__text\">\n\t\t\t\t<h3 class=\"elementor-post__title\">\n\t\t\t<a href=\"https:\/\/byebirds.com\/hu\/walton-a-temze-hidon-surrey-egyesult-kiralysag\/\" >\n\t\t\t\tWalton a Temze h\u00eddon, Surrey, Egyes\u00fclt Kir\u00e1lys\u00e1g\t\t\t<\/a>\n\t\t<\/h3>\n\t\t\t\t<div class=\"elementor-post__excerpt\">\n\t\t\t<p>A Walton Bridge egy k\u00f6z\u00fati h\u00edd a Temze foly\u00f3 felett Angli\u00e1ban, amely a Walton-on-Thames \u00e9s Shepperton k\u00f6z\u00f6tti A244-es \u00faton \u00edvel \u00e1t, \u00e9s a Sunbury Lock \u00e9s a Shepperton Lock k\u00f6z\u00f6tti szakaszon \u00edvel \u00e1t a Temz\u00e9n.A h\u00edd az els\u0151 olyan Temze<\/p>\n\t\t<\/div>\n\t\t\n\t\t<a class=\"elementor-post__read-more\" href=\"https:\/\/byebirds.com\/hu\/walton-a-temze-hidon-surrey-egyesult-kiralysag\/\" aria-label=\"Read more about Walton a Temze h\u00eddon, Surrey, Egyes\u00fclt Kir\u00e1lys\u00e1g\" tabindex=\"-1\" >\n\t\t\tOlvass tov\u00e1bb\t\t<\/a>\n\n\t\t\t\t<\/div>\n\t\t\t\t<\/article>\n\t\t\t\t<\/div>\n\t\t\n\t\t\t\t\t\t<\/div>\n\t\t\t\t<\/div>\n\t\t\t\t\t<\/div>\n\t\t<\/div>\n\t\t\t\t\t<\/div>\n\t\t<\/section>\n\t\t\t\t<\/div>\n\t\t","protected":false},"excerpt":{"rendered":"<p>Gyakorlati esetek<\/p>\n","protected":false},"author":1,"featured_media":0,"parent":0,"menu_order":0,"comment_status":"closed","ping_status":"closed","template":"","meta":{"site-sidebar-layout":"no-sidebar","site-content-layout":"","ast-site-content-layout":"full-width-container","site-content-style":"default","site-sidebar-style":"default","ast-global-header-display":"","ast-banner-title-visibility":"","ast-main-header-display":"","ast-hfb-above-header-display":"","ast-hfb-below-header-display":"","ast-hfb-mobile-header-display":"","site-post-title":"disabled","ast-breadcrumbs-content":"","ast-featured-img":"disabled","footer-sml-layout":"","theme-transparent-header-meta":"","adv-header-id-meta":"","stick-header-meta":"","header-above-stick-meta":"","header-main-stick-meta":"","header-below-stick-meta":"","astra-migrate-meta-layouts":"default","ast-page-background-enabled":"default","ast-page-background-meta":{"desktop":{"background-color":"var(--ast-global-color-4)","background-image":"","background-repeat":"repeat","background-position":"center center","background-size":"auto","background-attachment":"scroll","background-type":"","background-media":"","overlay-type":"","overlay-color":"","overlay-opacity":"","overlay-gradient":""},"tablet":{"background-color":"","background-image":"","background-repeat":"repeat","background-position":"center center","background-size":"auto","background-attachment":"scroll","background-type":"","background-media":"","overlay-type":"","overlay-color":"","overlay-opacity":"","overlay-gradient":""},"mobile":{"background-color":"","background-image":"","background-repeat":"repeat","background-position":"center center","background-size":"auto","background-attachment":"scroll","background-type":"","background-media":"","overlay-type":"","overlay-color":"","overlay-opacity":"","overlay-gradient":""}},"ast-content-background-meta":{"desktop":{"background-color":"var(--ast-global-color-5)","background-image":"","background-repeat":"repeat","background-position":"center center","background-size":"auto","background-attachment":"scroll","background-type":"","background-media":"","overlay-type":"","overlay-color":"","overlay-opacity":"","overlay-gradient":""},"tablet":{"background-color":"var(--ast-global-color-5)","background-image":"","background-repeat":"repeat","background-position":"center center","background-size":"auto","background-attachment":"scroll","background-type":"","background-media":"","overlay-type":"","overlay-color":"","overlay-opacity":"","overlay-gradient":""},"mobile":{"background-color":"var(--ast-global-color-5)","background-image":"","background-repeat":"repeat","background-position":"center center","background-size":"auto","background-attachment":"scroll","background-type":"","background-media":"","overlay-type":"","overlay-color":"","overlay-opacity":"","overlay-gradient":""}},"footnotes":""},"class_list":["post-1541","page","type-page","status-publish","hentry"],"_links":{"self":[{"href":"https:\/\/byebirds.com\/hu\/wp-json\/wp\/v2\/pages\/1541","targetHints":{"allow":["GET"]}}],"collection":[{"href":"https:\/\/byebirds.com\/hu\/wp-json\/wp\/v2\/pages"}],"about":[{"href":"https:\/\/byebirds.com\/hu\/wp-json\/wp\/v2\/types\/page"}],"author":[{"embeddable":true,"href":"https:\/\/byebirds.com\/hu\/wp-json\/wp\/v2\/users\/1"}],"replies":[{"embeddable":true,"href":"https:\/\/byebirds.com\/hu\/wp-json\/wp\/v2\/comments?post=1541"}],"version-history":[{"count":4,"href":"https:\/\/byebirds.com\/hu\/wp-json\/wp\/v2\/pages\/1541\/revisions"}],"predecessor-version":[{"id":2642,"href":"https:\/\/byebirds.com\/hu\/wp-json\/wp\/v2\/pages\/1541\/revisions\/2642"}],"wp:attachment":[{"href":"https:\/\/byebirds.com\/hu\/wp-json\/wp\/v2\/media?parent=1541"}],"curies":[{"name":"wp","href":"https:\/\/api.w.org\/{rel}","templated":true}]}}