{"id":1543,"date":"2024-11-12T18:28:03","date_gmt":"2024-11-12T17:28:03","guid":{"rendered":"https:\/\/byebirds.com\/cookie-k\/"},"modified":"2024-11-13T12:16:12","modified_gmt":"2024-11-13T11:16:12","slug":"cookie-k","status":"publish","type":"page","link":"https:\/\/byebirds.com\/hu\/cookie-k\/","title":{"rendered":"Cookie-k"},"content":{"rendered":"\t\t<div data-elementor-type=\"wp-page\" data-elementor-id=\"1543\" class=\"elementor elementor-1543 elementor-1349\" data-elementor-post-type=\"page\">\n\t\t\t\t\t\t<section class=\"ob-is-breaking-bad elementor-section elementor-top-section elementor-element elementor-element-c1d1255 elementor-section-boxed elementor-section-height-default elementor-section-height-default\" data-id=\"c1d1255\" data-element_type=\"section\" data-settings=\"{&quot;_ob_bbad_use_it&quot;:&quot;yes&quot;,&quot;_ob_bbad_sssic_use&quot;:&quot;no&quot;,&quot;_ob_glider_is_slider&quot;:&quot;no&quot;}\">\n\t\t\t\t\t\t<div class=\"elementor-container elementor-column-gap-default\">\n\t\t\t\t\t<div class=\"elementor-column elementor-col-100 elementor-top-column elementor-element elementor-element-4f56b9b\" data-id=\"4f56b9b\" data-element_type=\"column\" data-settings=\"{&quot;_ob_bbad_is_stalker&quot;:&quot;no&quot;,&quot;_ob_teleporter_use&quot;:false,&quot;_ob_column_hoveranimator&quot;:&quot;no&quot;,&quot;_ob_column_has_pseudo&quot;:&quot;no&quot;}\">\n\t\t\t<div class=\"elementor-widget-wrap elementor-element-populated\">\n\t\t\t\t\t\t<div class=\"elementor-element elementor-element-24f7ab4 ob-harakiri-inherit ob-has-background-overlay elementor-widget elementor-widget-heading\" data-id=\"24f7ab4\" data-element_type=\"widget\" data-settings=\"{&quot;_ob_use_harakiri&quot;:&quot;yes&quot;,&quot;_ob_harakiri_writing_mode&quot;:&quot;inherit&quot;,&quot;_ob_harakiri_text_clip&quot;:&quot;none&quot;,&quot;_ob_perspektive_use&quot;:&quot;no&quot;,&quot;_ob_poopart_use&quot;:&quot;yes&quot;,&quot;_ob_shadough_use&quot;:&quot;no&quot;,&quot;_ob_allow_hoveranimator&quot;:&quot;no&quot;,&quot;_ob_widget_stalker_use&quot;:&quot;no&quot;}\" data-widget_type=\"heading.default\">\n\t\t\t\t<div class=\"elementor-widget-container\">\n\t\t\t\t\t<h2 class=\"elementor-heading-title elementor-size-default\">Cookie-k<\/h2>\t\t\t\t<\/div>\n\t\t\t\t<\/div>\n\t\t\t\t<div class=\"elementor-element elementor-element-7750896 ob-harakiri-inherit ob-has-background-overlay elementor-widget elementor-widget-text-editor\" data-id=\"7750896\" data-element_type=\"widget\" data-settings=\"{&quot;_ob_use_harakiri&quot;:&quot;yes&quot;,&quot;_ob_harakiri_writing_mode&quot;:&quot;inherit&quot;,&quot;_ob_postman_use&quot;:&quot;no&quot;,&quot;_ob_perspektive_use&quot;:&quot;no&quot;,&quot;_ob_poopart_use&quot;:&quot;yes&quot;,&quot;_ob_shadough_use&quot;:&quot;no&quot;,&quot;_ob_allow_hoveranimator&quot;:&quot;no&quot;,&quot;_ob_widget_stalker_use&quot;:&quot;no&quot;}\" data-widget_type=\"text-editor.default\">\n\t\t\t\t<div class=\"elementor-widget-container\">\n\t\t\t\t\t\t\t\t\t<ol>\n<li><strong>Bevezet\u00e9s<\/strong><\/li>\n<\/ol>\n<p>Weboldalunk (a tov\u00e1bbiakban: &#8222;webhely&#8221;) s\u00fctiket \u00e9s egy\u00e9b kapcsol\u00f3d\u00f3 technol\u00f3gi\u00e1kat haszn\u00e1l (a k\u00e9nyelem kedv\u00e9\u00e9rt minden technol\u00f3gi\u00e1t &#8222;cookie-nak&#8221; nevez\u00fcnk). A cookie-kat harmadik felek is elhelyezik, akikkel szerz\u0151d\u00e9st k\u00f6t\u00f6tt\u00fcnk. Az al\u00e1bbi dokumentumban t\u00e1j\u00e9koztatjuk \u00d6nt weboldalunkon a cookie-k haszn\u00e1lat\u00e1r\u00f3l.  <\/p>\n<ol start=\"2\">\n<li><strong>Mik azok a s\u00fctik?<\/strong><\/li>\n<\/ol>\n<p>A cookie egy kicsi, egyszer\u0171 f\u00e1jl, amelyet a webhely oldalaival egy\u00fctt k\u00fcldenek el, \u00e9s a b\u00f6ng\u00e9sz\u0151je a sz\u00e1m\u00edt\u00f3g\u00e9pe vagy m\u00e1s eszk\u00f6ze merevlemez\u00e9n t\u00e1rolja. A t\u00e1rolt inform\u00e1ci\u00f3k egy k\u00e9s\u0151bbi l\u00e1togat\u00e1s sor\u00e1n visszaker\u00fclhetnek szervereinkre vagy az \u00e9rintett harmadik felek szervereire. <\/p>\n<ol start=\"3\">\n<li><strong>Mik azok a szkriptek?<\/strong><\/li>\n<\/ol>\n<p>A szkript egy programk\u00f3d, amelyet weboldalunk helyes \u00e9s interakt\u00edv m\u0171k\u00f6d\u00e9s\u00e9hez haszn\u00e1lnak. Ez a k\u00f3d a szerver\u00fcnk\u00f6n vagy az \u00d6n k\u00e9sz\u00fcl\u00e9k\u00e9n fut. <\/p>\n<ol start=\"4\">\n<li><strong>Mi az a web beacon?<\/strong><\/li>\n<\/ol>\n<p>A web beacon (vagy pixel tag) egy kicsi, l\u00e1thatatlan sz\u00f6veg vagy k\u00e9p egy webhelyen, amelyet a webhely forgalm\u00e1nak figyel\u00e9s\u00e9re haszn\u00e1lnak. Ebb\u0151l a c\u00e9lb\u00f3l k\u00fcl\u00f6nf\u00e9le adatokat t\u00e1rolunk \u00d6nr\u0151l webjelz\u0151k seg\u00edts\u00e9g\u00e9vel. <\/p>\n<ol start=\"5\">\n<li><strong>Hozz\u00e1j\u00e1rul<\/strong><\/li>\n<\/ol>\n<p>Amikor el\u0151sz\u00f6r l\u00e1togat meg weboldalunkon, egy felugr\u00f3 ablakot jelen\u00edt\u00fcnk meg, amely ismerteti a s\u00fctiket. Amint r\u00e1kattint a \u201eBe\u00e1ll\u00edt\u00e1sok ment\u00e9se\u201d gombra, felhatalmaz benn\u00fcnket arra, hogy a felugr\u00f3 ablakban kiv\u00e1lasztott s\u00fcti- \u00e9s be\u00e9p\u00fcl\u0151 modul-kateg\u00f3ri\u00e1kat haszn\u00e1ljuk, a jelen cookie nyilatkozatban le\u00edrtak szerint. B\u00f6ng\u00e9sz\u0151j\u00e9n kereszt\u00fcl letilthatja a cookie-k haszn\u00e1lat\u00e1t, de k\u00e9rj\u00fck, vegye figyelembe, hogy el\u0151fordulhat, hogy weboldalunk m\u00e1r nem fog megfelel\u0151en m\u0171k\u00f6dni.  <\/p>\n<p>5.1 Hozz\u00e1j\u00e1rul\u00e1si be\u00e1ll\u00edt\u00e1sok kezel\u00e9se<\/p>\n<p>A felhaszn\u00e1l\u00f3nak jog\u00e1ban \u00e1ll kifejezni beleegyez\u00e9s\u00e9t a hozz\u00e1j\u00e1rul\u00e1s megad\u00e1s\u00e1val, amelyet weboldalunk megl\u00e1togat\u00e1sakor k\u00e9r\u00fcnk.<\/p>\n<p>Az eml\u00edtett hozz\u00e1j\u00e1rul\u00e1s b\u00e1rmikor m\u00f3dos\u00edthat\u00f3.<\/p>\n<ol start=\"6\">\n<li><strong>Cookie-k<\/strong><\/li>\n<\/ol>\n<p>6.1 Technikai vagy funkcion\u00e1lis cookie-k<\/p>\n<p>Egyes cookie-k biztos\u00edtj\u00e1k, hogy a webhely bizonyos r\u00e9szei megfelel\u0151en m\u0171k\u00f6djenek, \u00e9s hogy az \u00d6n felhaszn\u00e1l\u00f3i preferenci\u00e1i ismertek maradjanak. A funkcion\u00e1lis cookie-k elhelyez\u00e9s\u00e9vel megk\u00f6nny\u00edtj\u00fck weboldalunk l\u00e1togat\u00e1s\u00e1t. \u00cdgy nem kell ism\u00e9telten megadnia ugyanazokat az adatokat, amikor felkeresi weboldalunkat, \u00e9s p\u00e9ld\u00e1ul a term\u00e9kek a bev\u00e1s\u00e1rl\u00f3kosar\u00e1ban maradnak, am\u00edg nem fizet. Ezeket a s\u00fctiket az \u00d6n hozz\u00e1j\u00e1rul\u00e1sa n\u00e9lk\u00fcl is elhelyezhetj\u00fck.   <\/p>\n<p>6.2 Analitikai cookie-k<\/p>\n<p>Ezek azok, amelyek \u00e1ltalunk vagy harmadik felek \u00e1ltal j\u00f3l kezelve lehet\u0151v\u00e9 teszik a felhaszn\u00e1l\u00f3k sz\u00e1mszer\u0171s\u00edt\u00e9s\u00e9t, \u00e9s ez\u00e1ltal a k\u00edn\u00e1lt szolg\u00e1ltat\u00e1s felhaszn\u00e1l\u00f3i \u00e1ltali haszn\u00e1lat\u00e1nak m\u00e9r\u00e9s\u00e9t \u00e9s statisztikai elemz\u00e9s\u00e9t. Ennek \u00e9rdek\u00e9ben a weboldalunkon t\u00f6rt\u00e9n\u0151 navig\u00e1ci\u00f3j\u00e1t elemzik, hogy jav\u00edtsuk az \u00e1ltalunk k\u00edn\u00e1lt term\u00e9kek vagy szolg\u00e1ltat\u00e1sok k\u00edn\u00e1lat\u00e1t. <\/p>\n<p>6.3 Rekl\u00e1ms\u00fctik<\/p>\n<p>Olyanok, amelyek \u00e1ltalunk vagy harmadik f\u00e9l \u00e1ltal j\u00f3l kezelve lehet\u0151v\u00e9 teszik sz\u00e1munkra, hogy a lehet\u0151 leghat\u00e9konyabb m\u00f3don kezelj\u00fck a weboldalon a hirdet\u00e9si fel\u00fcletek felk\u00edn\u00e1l\u00e1s\u00e1t, a hirdet\u00e9s tartalm\u00e1t az ig\u00e9nyelt szolg\u00e1ltat\u00e1s tartalm\u00e1hoz, illetve a felhaszn\u00e1l\u00e1shoz igaz\u00edtva. weboldalunkr\u00f3l. Ehhez elemezhetj\u00fck internetes b\u00f6ng\u00e9sz\u00e9si szok\u00e1sait, \u00e9s megjelen\u00edthet\u00fcnk b\u00f6ng\u00e9sz\u00e9si profilj\u00e1hoz kapcsol\u00f3d\u00f3 rekl\u00e1mokat. <\/p>\n<p>6.4 K\u00f6z\u00f6ss\u00e9gi m\u00e9dia gombok<\/p>\n<p>Weboldalunkon gombokat helyezt\u00fcnk el az oldalak hirdet\u00e9s\u00e9re (pl. \u201etetszik, pin\u201d) vagy megoszthatjuk azokat (pl. \u201etweet\u201d) k\u00f6z\u00f6ss\u00e9gi h\u00e1l\u00f3zatokon, mint pl. Ezek a gombok saj\u00e1t k\u00f3djukkal m\u0171k\u00f6dnek. Ez a k\u00f3d s\u00fctiket \u00e1gyaz be. Ezek a k\u00f6z\u00f6ss\u00e9gi m\u00e9dia gombok bizonyos inform\u00e1ci\u00f3kat t\u00e1rolhatnak \u00e9s feldolgozhatnak, \u00edgy szem\u00e9lyre szabott hirdet\u00e9s jelenhet meg \u00d6nnek.   <\/p>\n<p>K\u00e9rj\u00fck, olvassa el ezen k\u00f6z\u00f6ss\u00e9gi h\u00e1l\u00f3zatok adatv\u00e9delmi szab\u00e1lyzat\u00e1t (amely gyakran v\u00e1ltozhat), hogy megtudja, mit tesznek az \u00d6n (szem\u00e9lyes) adataival, amelyeket ezekkel a cookie-kkal dolgoznak fel. A kapott adatok a lehet\u0151 legnagyobb m\u00e9rt\u00e9kben anonimiz\u00e1ltak, \u00e9s az Egyes\u00fclt \u00c1llamokban tal\u00e1lhat\u00f3k <\/p>\n<ol start=\"7\">\n<li><strong>Haszn\u00e1lt s\u00fctik<\/strong><\/li>\n<\/ol>\n<p>Az al\u00e1bbiakban felt\u00fcntetj\u00fck az ezen az oldalon haszn\u00e1lt s\u00fctiket.<\/p>\n<ol start=\"8\">\n<li>Szem\u00e9lyes adatokkal kapcsolatos jogai<\/li>\n<\/ol>\n<p>Szem\u00e9lyes adataival kapcsolatban az al\u00e1bbi jogokkal rendelkezik:<\/p>\n<ul>\n<li>\u00d6nnek joga van tudni, hogy mi\u00e9rt van sz\u00fcks\u00e9g szem\u00e9lyes adataira, mi fog t\u00f6rt\u00e9nni vel\u00fck, \u00e9s mennyi ideig t\u00e1rolj\u00e1k azokat.<\/li>\n<li>Hozz\u00e1f\u00e9r\u00e9si jog: \u00d6nnek joga van hozz\u00e1f\u00e9rni az \u00e1ltalunk ismert szem\u00e9lyes adataihoz.<\/li>\n<li>Helyesb\u00edt\u00e9shez val\u00f3 jog: \u00d6nnek joga van szem\u00e9lyes adatait b\u00e1rmikor kieg\u00e9sz\u00edteni, helyesb\u00edteni, t\u00f6r\u00f6lni vagy z\u00e1rolni.<\/li>\n<li>Ha hozz\u00e1j\u00e1rul\u00e1s\u00e1t adja adatai feldolgoz\u00e1s\u00e1hoz, \u00d6nnek jog\u00e1ban \u00e1ll visszavonni a hozz\u00e1j\u00e1rul\u00e1s\u00e1t, \u00e9s t\u00f6r\u00f6lni szem\u00e9lyes adatait.<\/li>\n<li>Adatai tov\u00e1bb\u00edt\u00e1s\u00e1hoz val\u00f3 jog: jogosult arra, hogy valamennyi szem\u00e9lyes adat\u00e1t az adatkezel\u0151t\u0151l k\u00e9rje, \u00e9s azt teljes eg\u00e9sz\u00e9ben egy m\u00e1sik adatkezel\u0151nek tov\u00e1bb\u00edtsa.<\/li>\n<li>Tiltakoz\u00e1si jog: \u00d6n tiltakozhat adatai kezel\u00e9se ellen. Ennek betartjuk, kiv\u00e9ve, ha az adatkezel\u00e9snek indokolt oka van. <\/li>\n<\/ul>\n<p>E jogok gyakorl\u00e1s\u00e1hoz vegye fel vel\u00fcnk a kapcsolatot. K\u00e9rj\u00fck, tekintse meg a s\u00fcti nyilatkozat alj\u00e1n tal\u00e1lhat\u00f3 el\u00e9rhet\u0151s\u00e9geket. Ha b\u00e1rmilyen panasza van az adatainak kezel\u00e9s\u00e9vel kapcsolatban, sz\u00edvesen k\u00e9rdez\u00fcnk, de joga van panaszt tenni a fel\u00fcgyeleti hat\u00f3s\u00e1ghoz (Adatv\u00e9delmi Hat\u00f3s\u00e1g).  <\/p>\n<ol start=\"9\">\n<li><strong>Cookie-k enged\u00e9lyez\u00e9se\/letilt\u00e1sa \u00e9s t\u00f6rl\u00e9se<\/strong><\/li>\n<\/ol>\n<p>Haszn\u00e1lhatja internetb\u00f6ng\u00e9sz\u0151j\u00e9t a cookie-k automatikus vagy manu\u00e1lis t\u00f6rl\u00e9s\u00e9re. Azt is megadhatja, hogy bizonyos cookie-k ne helyezhet\u0151k el. Egy m\u00e1sik lehet\u0151s\u00e9g az internetb\u00f6ng\u00e9sz\u0151 be\u00e1ll\u00edt\u00e1sainak m\u00f3dos\u00edt\u00e1sa, hogy minden cookie elhelyez\u00e9sekor \u00fczenetet kapjon. Ha t\u00f6bbet szeretne megtudni ezekr\u0151l a lehet\u0151s\u00e9gekr\u0151l, tekintse meg a b\u00f6ng\u00e9sz\u0151je S\u00fag\u00f3 r\u00e9sz\u00e9ben tal\u00e1lhat\u00f3 utas\u00edt\u00e1sokat.   <\/p>\n<p>Felh\u00edvjuk figyelm\u00e9t, hogy el\u0151fordulhat, hogy weboldalunk nem fog megfelel\u0151en m\u0171k\u00f6dni, ha az \u00f6sszes cookie le van tiltva. Ha t\u00f6rli a cookie-kat a b\u00f6ng\u00e9sz\u0151j\u00e9b\u0151l, azok az \u00d6n hozz\u00e1j\u00e1rul\u00e1sa ut\u00e1n \u00fajra el lesznek helyezve, amikor ism\u00e9t felkeresi weboldalunkat. <\/p>\n<ol start=\"10\">\n<li><strong>El\u00e9rhet\u0151s\u00e9gek<\/strong><\/li>\n<\/ol>\n<p>Ha k\u00e9rd\u00e9sei \u00e9s\/vagy \u00e9szrev\u00e9telei vannak a cookie szab\u00e1lyzatunkkal \u00e9s a jelen nyilatkozattal kapcsolatban, k\u00e9rj\u00fck, vegye fel vel\u00fcnk a kapcsolatot az al\u00e1bbi el\u00e9rhet\u0151s\u00e9geken:<\/p>\n<ul>\n<li>A felel\u0151s szem\u00e9ly<br \/><strong>Carlos Uriarte<\/strong><\/li>\n<li>Az \u00d6n CIF-je: <strong>B39755897<\/strong> <\/li>\n<li>C\u00edme a k\u00f6vetkez\u0151: <strong>Pol\u00edgono Ind. de Guarnizo. Centro de Negocios, Nave 3, 39611, Guarnizo, Cantabria  <\/strong><\/li>\n<li><strong>mail : info@byebirds.com<\/strong><\/li>\n<\/ul>\n\t\t\t\t\t\t\t\t<\/div>\n\t\t\t\t<\/div>\n\t\t\t\t\t<\/div>\n\t\t<\/div>\n\t\t\t\t\t<\/div>\n\t\t<\/section>\n\t\t\t\t<\/div>\n\t\t","protected":false},"excerpt":{"rendered":"<p>Cookie-k Bevezet\u00e9s Weboldalunk (a tov\u00e1bbiakban: &#8222;webhely&#8221;) s\u00fctiket \u00e9s egy\u00e9b kapcsol\u00f3d\u00f3 technol\u00f3gi\u00e1kat haszn\u00e1l (a k\u00e9nyelem kedv\u00e9\u00e9rt minden technol\u00f3gi\u00e1t &#8222;cookie-nak&#8221; nevez\u00fcnk). A [&hellip;]<\/p>\n","protected":false},"author":1,"featured_media":0,"parent":0,"menu_order":0,"comment_status":"closed","ping_status":"closed","template":"","meta":{"site-sidebar-layout":"no-sidebar","site-content-layout":"","ast-site-content-layout":"full-width-container","site-content-style":"default","site-sidebar-style":"default","ast-global-header-display":"","ast-banner-title-visibility":"","ast-main-header-display":"","ast-hfb-above-header-display":"","ast-hfb-below-header-display":"","ast-hfb-mobile-header-display":"","site-post-title":"disabled","ast-breadcrumbs-content":"","ast-featured-img":"disabled","footer-sml-layout":"","theme-transparent-header-meta":"","adv-header-id-meta":"","stick-header-meta":"","header-above-stick-meta":"","header-main-stick-meta":"","header-below-stick-meta":"","astra-migrate-meta-layouts":"default","ast-page-background-enabled":"default","ast-page-background-meta":{"desktop":{"background-color":"var(--ast-global-color-4)","background-image":"","background-repeat":"repeat","background-position":"center center","background-size":"auto","background-attachment":"scroll","background-type":"","background-media":"","overlay-type":"","overlay-color":"","overlay-opacity":"","overlay-gradient":""},"tablet":{"background-color":"","background-image":"","background-repeat":"repeat","background-position":"center center","background-size":"auto","background-attachment":"scroll","background-type":"","background-media":"","overlay-type":"","overlay-color":"","overlay-opacity":"","overlay-gradient":""},"mobile":{"background-color":"","background-image":"","background-repeat":"repeat","background-position":"center center","background-size":"auto","background-attachment":"scroll","background-type":"","background-media":"","overlay-type":"","overlay-color":"","overlay-opacity":"","overlay-gradient":""}},"ast-content-background-meta":{"desktop":{"background-color":"var(--ast-global-color-5)","background-image":"","background-repeat":"repeat","background-position":"center center","background-size":"auto","background-attachment":"scroll","background-type":"","background-media":"","overlay-type":"","overlay-color":"","overlay-opacity":"","overlay-gradient":""},"tablet":{"background-color":"var(--ast-global-color-5)","background-image":"","background-repeat":"repeat","background-position":"center center","background-size":"auto","background-attachment":"scroll","background-type":"","background-media":"","overlay-type":"","overlay-color":"","overlay-opacity":"","overlay-gradient":""},"mobile":{"background-color":"var(--ast-global-color-5)","background-image":"","background-repeat":"repeat","background-position":"center center","background-size":"auto","background-attachment":"scroll","background-type":"","background-media":"","overlay-type":"","overlay-color":"","overlay-opacity":"","overlay-gradient":""}},"footnotes":""},"class_list":["post-1543","page","type-page","status-publish","hentry"],"_links":{"self":[{"href":"https:\/\/byebirds.com\/hu\/wp-json\/wp\/v2\/pages\/1543","targetHints":{"allow":["GET"]}}],"collection":[{"href":"https:\/\/byebirds.com\/hu\/wp-json\/wp\/v2\/pages"}],"about":[{"href":"https:\/\/byebirds.com\/hu\/wp-json\/wp\/v2\/types\/page"}],"author":[{"embeddable":true,"href":"https:\/\/byebirds.com\/hu\/wp-json\/wp\/v2\/users\/1"}],"replies":[{"embeddable":true,"href":"https:\/\/byebirds.com\/hu\/wp-json\/wp\/v2\/comments?post=1543"}],"version-history":[{"count":1,"href":"https:\/\/byebirds.com\/hu\/wp-json\/wp\/v2\/pages\/1543\/revisions"}],"predecessor-version":[{"id":1544,"href":"https:\/\/byebirds.com\/hu\/wp-json\/wp\/v2\/pages\/1543\/revisions\/1544"}],"wp:attachment":[{"href":"https:\/\/byebirds.com\/hu\/wp-json\/wp\/v2\/media?parent=1543"}],"curies":[{"name":"wp","href":"https:\/\/api.w.org\/{rel}","templated":true}]}}