{"id":1588,"date":"2024-11-12T18:31:47","date_gmt":"2024-11-12T17:31:47","guid":{"rendered":"https:\/\/byebirds.com\/adatvedelem\/"},"modified":"2024-11-13T12:53:46","modified_gmt":"2024-11-13T11:53:46","slug":"adatvedelem","status":"publish","type":"page","link":"https:\/\/byebirds.com\/hu\/adatvedelem\/","title":{"rendered":"Adatv\u00e9delem"},"content":{"rendered":"\t\t<div data-elementor-type=\"wp-page\" data-elementor-id=\"1588\" class=\"elementor elementor-1588 elementor-1358\" data-elementor-post-type=\"page\">\n\t\t\t\t\t\t<section class=\"ob-is-breaking-bad elementor-section elementor-top-section elementor-element elementor-element-4bc90cb elementor-section-boxed elementor-section-height-default elementor-section-height-default\" data-id=\"4bc90cb\" data-element_type=\"section\" data-settings=\"{&quot;_ob_bbad_use_it&quot;:&quot;yes&quot;,&quot;_ob_bbad_sssic_use&quot;:&quot;no&quot;,&quot;_ob_glider_is_slider&quot;:&quot;no&quot;}\">\n\t\t\t\t\t\t<div class=\"elementor-container elementor-column-gap-default\">\n\t\t\t\t\t<div class=\"elementor-column elementor-col-100 elementor-top-column elementor-element elementor-element-261b807\" data-id=\"261b807\" data-element_type=\"column\" data-settings=\"{&quot;_ob_bbad_is_stalker&quot;:&quot;no&quot;,&quot;_ob_teleporter_use&quot;:false,&quot;_ob_column_hoveranimator&quot;:&quot;no&quot;,&quot;_ob_column_has_pseudo&quot;:&quot;no&quot;}\">\n\t\t\t<div class=\"elementor-widget-wrap elementor-element-populated\">\n\t\t\t\t\t\t<div class=\"elementor-element elementor-element-d939fd9 ob-harakiri-inherit ob-has-background-overlay elementor-widget elementor-widget-heading\" data-id=\"d939fd9\" data-element_type=\"widget\" data-settings=\"{&quot;_ob_use_harakiri&quot;:&quot;yes&quot;,&quot;_ob_harakiri_writing_mode&quot;:&quot;inherit&quot;,&quot;_ob_harakiri_text_clip&quot;:&quot;none&quot;,&quot;_ob_perspektive_use&quot;:&quot;no&quot;,&quot;_ob_poopart_use&quot;:&quot;yes&quot;,&quot;_ob_shadough_use&quot;:&quot;no&quot;,&quot;_ob_allow_hoveranimator&quot;:&quot;no&quot;,&quot;_ob_widget_stalker_use&quot;:&quot;no&quot;}\" data-widget_type=\"heading.default\">\n\t\t\t\t<div class=\"elementor-widget-container\">\n\t\t\t\t\t<h2 class=\"elementor-heading-title elementor-size-default\">Adatv\u00e9delem<\/h2>\t\t\t\t<\/div>\n\t\t\t\t<\/div>\n\t\t\t\t<div class=\"elementor-element elementor-element-c8dca7f ob-harakiri-inherit ob-has-background-overlay elementor-widget elementor-widget-text-editor\" data-id=\"c8dca7f\" data-element_type=\"widget\" data-settings=\"{&quot;_ob_use_harakiri&quot;:&quot;yes&quot;,&quot;_ob_harakiri_writing_mode&quot;:&quot;inherit&quot;,&quot;_ob_postman_use&quot;:&quot;no&quot;,&quot;_ob_perspektive_use&quot;:&quot;no&quot;,&quot;_ob_poopart_use&quot;:&quot;yes&quot;,&quot;_ob_shadough_use&quot;:&quot;no&quot;,&quot;_ob_allow_hoveranimator&quot;:&quot;no&quot;,&quot;_ob_widget_stalker_use&quot;:&quot;no&quot;}\" data-widget_type=\"text-editor.default\">\n\t\t\t\t<div class=\"elementor-widget-container\">\n\t\t\t\t\t\t\t\t\t<p>Ha inform\u00e1ci\u00f3t kell szerezn\u00fcnk \u00d6nt\u0151l, mindig arra k\u00e9rj\u00fck, hogy azt \u00f6nk\u00e9nt \u00e9s kifejezetten adja meg. A weboldalon tal\u00e1lhat\u00f3 adatgy\u0171jt\u0151 \u0171rlapokon kereszt\u00fcl vagy m\u00e1s m\u00f3don gy\u0171jt\u00f6tt adatokat a k\u00f6vetkez\u0151 adatfeldolgoz\u00f3 rendszerekbe \u00e9p\u00edtj\u00fck be <strong>ByeBirds.<\/strong> <\/p>\n<p>Ez a szervezet az adatokat bizalmasan \u00e9s kiz\u00e1r\u00f3lag a k\u00e9rt szolg\u00e1ltat\u00e1sok ny\u00fajt\u00e1sa c\u00e9lj\u00e1b\u00f3l kezeli, a term\u00e9szetes szem\u00e9lyeknek a szem\u00e9lyes adatok kezel\u00e9se tekintet\u00e9ben t\u00f6rt\u00e9n\u0151 v\u00e9delm\u00e9r\u0151l \u00e9s az ilyen adatok szabad \u00e1raml\u00e1s\u00e1r\u00f3l sz\u00f3l\u00f3, 2016. \u00e1prilis 27-i (EU) 2016\/679 eur\u00f3pai parlamenti \u00e9s tan\u00e1csi rendelet \u00e9s az inform\u00e1ci\u00f3s t\u00e1rsadalommal \u00f6sszef\u00fcgg\u0151 szolg\u00e1ltat\u00e1sokr\u00f3l \u00e9s az elektronikus kereskedelemr\u0151l sz\u00f3l\u00f3, j\u00falius 11-i 34\/2002 t\u00f6rv\u00e9ny \u00e1ltal el\u0151\u00edrt jogi \u00e9s biztons\u00e1gi garanci\u00e1kkal.<\/p>\n<p><strong>Ki az \u00d6n adatainak adatkezel\u0151je?<\/strong><\/p>\n<ul>\n<li>A felel\u0151s szem\u00e9ly<br \/><b>Carlos Uriarte<\/b><\/li>\n<li>Az \u00d6n CIF-je: <strong>B39755897<\/strong> <\/li>\n<li>C\u00edme a k\u00f6vetkez\u0151: <strong>Pol\u00edgono Ind. de Guarnizo. Centro de Negocios, Nave 3, 39611, Guarnizo, Cantabria  <\/strong><\/li>\n<li><strong>mail : info@byebirds.com<\/strong><\/li>\n<li>Bejegyezve a R. Mercantilban.<\/li>\n<\/ul>\n<p><strong>KAPCSOLATFELV\u00c9TEL AZ ADATV\u00c9DELMI TISZTVISEL\u0150VEL<\/strong><\/p>\n<p><strong>Milyen c\u00e9lb\u00f3l kezelj\u00fck az \u00d6n szem\u00e9lyes adatait?<\/strong><\/p>\n<p>A <strong>ByeBirds<\/strong> ben loj\u00e1lis, jogszer\u0171 \u00e9s \u00e1tl\u00e1that\u00f3 m\u00f3don, az Eur\u00f3pai Parlament \u00e9s a Tan\u00e1cs \u00e1prilis 27-i 2016\/679\/EU rendelet\u00e9nek \u00e9s az adatv\u00e9delemr\u0151l \u00e9s a digit\u00e1lis jogok biztos\u00edt\u00e1s\u00e1r\u00f3l sz\u00f3l\u00f3 3\/2018. december 5-i t\u00f6rv\u00e9nynek megfelel\u0151en kezelj\u00fck az \u00e9rdekelt felek \u00e1ltal megadott inform\u00e1ci\u00f3kat.<\/p>\n<p><strong><u>Ha \u00d6n V\u00c1LLALKOZ\u00d3 vagy HASZN\u00c1L\u00d3<\/u><\/strong>:<\/p>\n<p>Ha \u00d6n \u00fcgyf\u00e9l vagy felhaszn\u00e1l\u00f3, a szem\u00e9lyes adatok k\u00f6vetkez\u0151 kateg\u00f3ri\u00e1it kezelj\u00fck:<\/p>\n<ul>\n<li>Azonos\u00edt\u00f3 adatok (n\u00e9v, vezet\u00e9kn\u00e9v, szem\u00e9lyi igazolv\u00e1ny sz\u00e1ma&#8230;)<\/li>\n<li>El\u00e9rhet\u0151s\u00e9gek (e-mail, Whatsapp&#8230;)<\/li>\n<li>Banki adatok (sz\u00e1mlasz\u00e1m, bankk\u00e1rtya&#8230;)<\/li>\n<li>Egy\u00e9b adatok (az \u00e9rintett \u00e1ltal ny\u00edlt \u0171rlapokon vagy k\u00f6zlem\u00e9nyekben megadott adatok)<\/li>\n<\/ul>\n<p>Az \u00d6n adatait a k\u00f6vetkez\u0151 c\u00e9lb\u00f3l dolgozzuk fel:<\/p>\n<ul>\n<li>A k\u00e9rt szolg\u00e1ltat\u00e1sok, inform\u00e1ci\u00f3k \u00e9s\/vagy term\u00e9kek kezel\u00e9se.<\/li>\n<li>\u00c9rdekl\u0151d\u00e9sre vonatkoz\u00f3 k\u00f6zlem\u00e9nyek k\u00fcld\u00e9se (ha az \u00e9rdekelt f\u00e9l megfelel\u0151 felhatalmaz\u00e1st adott).<\/li>\n<li>Az adatkezel\u0151re vonatkoz\u00f3 jogi k\u00f6telezetts\u00e9geknek val\u00f3 megfelel\u00e9s.<\/li>\n<\/ul>\n<p><u><strong>Ha \u00d6n FELHASZN\u00c1L\u00d3 vagy \u00c1LL\u00c1SK\u00c9RELMEZ\u0150:<\/strong><\/u><\/p>\n<p>Ha \u00d6n munkav\u00e1llal\u00f3 vagy jelentkez\u0151\/jel\u00f6lt, a szem\u00e9lyes adatok k\u00f6vetkez\u0151 kateg\u00f3ri\u00e1it dolgozzuk fel<\/p>\n<ul>\n<li>Azonos\u00edt\u00f3 adatok (n\u00e9v, vezet\u00e9kn\u00e9v, szem\u00e9lyi igazolv\u00e1ny sz\u00e1ma&#8230;)<\/li>\n<li>Az \u00f6n\u00e9letrajzban szerepl\u0151 adatok (tanulm\u00e1nyok, munkatapasztalat, hobbi&#8230;)<\/li>\n<li>El\u00e9rhet\u0151s\u00e9gek (e-mail, Whatsapp&#8230;)<\/li>\n<li>Banki adatok (sz\u00e1mlasz\u00e1m, sz\u00e1mlatulajdonos, SEPA megb\u00edz\u00e1s)<\/li>\n<li>K\u00e9p<\/li>\n<li>Egy\u00e9b adatok (az \u00e9rintett \u00e1ltal ny\u00edlt \u0171rlapokon vagy k\u00f6zlem\u00e9nyekben megadott adatok)<\/li>\n<\/ul>\n<p>Az \u00d6n adatait a k\u00f6vetkez\u0151 c\u00e9lb\u00f3l dolgozzuk fel:<\/p>\n<ul>\n<li>Kezelje a szerz\u0151d\u00e9ses jogviszonnyal kapcsolatos jogokat \u00e9s k\u00f6telezetts\u00e9geket.<\/li>\n<li>A jel\u00f6ltek kiv\u00e1laszt\u00e1sa<\/li>\n<li>A k\u00e9pm\u00e1s, a n\u00e9v \u00e9s a hang felhaszn\u00e1l\u00e1sa, reproduk\u00e1l\u00e1sa vagy k\u00f6zz\u00e9t\u00e9tele (ha az \u00e9rintett szem\u00e9ly megfelel\u0151en enged\u00e9lyezte).<\/li>\n<li>A v\u00e1llalatok jogi k\u00f6telezetts\u00e9geinek betart\u00e1sa.<\/li>\n<\/ul>\n<p><u><strong>Ha \u00d6n c\u00e9g\u00fcnk SZ\u00c1LL\u00cdT\u00d3JA:<\/strong><\/u><\/p>\n<p>Ha \u00d6n besz\u00e1ll\u00edt\u00f3, a szem\u00e9lyes adatok k\u00f6vetkez\u0151 kateg\u00f3ri\u00e1it fogjuk feldolgozni:<\/p>\n<ul>\n<li>Azonos\u00edt\u00f3 adatok (n\u00e9v, vezet\u00e9kn\u00e9v, szem\u00e9lyi igazolv\u00e1ny sz\u00e1ma&#8230;)<\/li>\n<li>El\u00e9rhet\u0151s\u00e9gek (e-mail, Whatsapp&#8230;)<\/li>\n<li>Banki adatok (sz\u00e1mlasz\u00e1m, sz\u00e1ml\u00e1z\u00e1s&#8230;)<\/li>\n<li>Egy\u00e9b adatok (az \u00e9rintett \u00e1ltal ny\u00edlt \u0171rlapokon vagy k\u00f6zlem\u00e9nyekben megadott adatok)<\/li>\n<\/ul>\n<p>Az \u00d6n adatait a k\u00f6vetkez\u0151 c\u00e9lb\u00f3l dolgozzuk fel:<\/p>\n<ul>\n<li>Adminisztrat\u00edv, sz\u00e1mviteli \u00e9s ad\u00f3\u00fcgyi ir\u00e1ny\u00edt\u00e1s.<\/li>\n<li>Az \u00fczleti kapcsolat nyomon k\u00f6vet\u00e9se \u00e9s ellen\u0151rz\u00e9se.<\/li>\n<li>A v\u00e1llalkoz\u00e1sok jogi k\u00f6telezetts\u00e9geinek teljes\u00edt\u00e9se<\/li>\n<\/ul>\n<p><strong>K\u00f6teles vagyok-e szem\u00e9lyes adatokat megadni?<\/strong><\/p>\n<p><strong>ByeBirds <\/strong>csak azokat az adatokat k\u00e9ri, amelyek felt\u00e9tlen\u00fcl sz\u00fcks\u00e9gesek az adatgy\u0171jt\u00e9s c\u00e9lj\u00e1nak el\u00e9r\u00e9s\u00e9hez, \u00edgy ha ezeket nem adj\u00e1k meg, a k\u00e9rt szolg\u00e1ltat\u00e1s nem ny\u00fajthat\u00f3.<\/p>\n<p><strong>Mennyi ideig \u0151rizz\u00fck meg az adatait?<\/strong><\/p>\n<p>Az \u00e9rintett \u00e9s a <strong>ByeBirds<\/strong> k\u00f6z\u00f6tti kapcsolat sor\u00e1n megadott \u00e9s megszerzett szem\u00e9lyes adatokat az \u00e9rdekl\u0151d\u00e9s utols\u00f3 meger\u0151s\u00edt\u00e9s\u00e9t\u0151l sz\u00e1m\u00edtott legfeljebb 5 \u00e9vig \u0151rizz\u00fck meg, vagy addig, am\u00edg jogi rendelkez\u00e9s k\u00f6telez benn\u00fcnket, amely esetben azokat megfelel\u0151en z\u00e1roljuk \u00e9s t\u00f6r\u00f6lj\u00fck, ha nincs r\u00e1juk sz\u00fcks\u00e9g.<\/p>\n<p><strong>Mi indokolja az \u00d6n adatainak feldolgoz\u00e1s\u00e1t?<\/strong><\/p>\n<p>Az \u00e1prilis 27-i 2016\/679\/EU rendelet 6. cikk\u00e9nek (1) bekezd\u00e9s\u00e9vel \u00f6sszhangban t\u00e1j\u00e9koztatjuk \u00d6nt, hogy az \u00d6n adatainak feldolgoz\u00e1s\u00e1nak jogszer\u0171s\u00e9ge a k\u00f6vetkez\u0151:<\/p>\n<ol>\n<li><em>az \u00e9rintett hozz\u00e1j\u00e1rult szem\u00e9lyes adatainak egy vagy t\u00f6bb meghat\u00e1rozott c\u00e9lb\u00f3l t\u00f6rt\u00e9n\u0151 kezel\u00e9s\u00e9hez \u00e9s\/vagy<\/em><\/li>\n<li><em>az adatkezel\u00e9s az adatkezel\u0151re vonatkoz\u00f3 jogi k\u00f6telezetts\u00e9g teljes\u00edt\u00e9s\u00e9hez sz\u00fcks\u00e9ges \u00e9s\/vagy<\/em><\/li>\n<li><em>az adatkezel\u00e9s az adatkezel\u0151 vagy egy harmadik f\u00e9l jogos \u00e9rdekeinek \u00e9rv\u00e9nyes\u00edt\u00e9s\u00e9hez sz\u00fcks\u00e9ges, felt\u00e9ve, hogy ezen \u00e9rdekekkel szemben nem \u00e9lveznek els\u0151bbs\u00e9get az \u00e9rintett \u00e9rdekei vagy alapvet\u0151 jogai \u00e9s szabads\u00e1gai, amelyek a szem\u00e9lyes adatok v\u00e9delm\u00e9t ig\u00e9nylik, k\u00fcl\u00f6n\u00f6sen, ha az \u00e9rintett gyermek.<\/em><\/li>\n<\/ol>\n<p><strong> <\/strong><\/p>\n<p><strong>Mely c\u00edmzettekkel fogj\u00e1k k\u00f6z\u00f6lni az \u00d6n adatait?<\/strong><\/p>\n<p>A <strong>ByeBirds <\/strong>\u00e1ltal feldolgozott adatokat harmadik f\u00e9llel k\u00f6z\u00f6lhetj\u00fck, ha erre t\u00f6rv\u00e9ny k\u00f6telez minket.<\/p>\n<p>Tov\u00e1bb\u00e1 <strong>ByeBirds<\/strong><strong> <\/strong>rendelkezik olyan szolg\u00e1ltat\u00f3kkal, akik sz\u00e1m\u00e1ra k\u00fcl\u00f6nb\u00f6z\u0151 \u00fczleti ter\u00fcleteken (adminisztr\u00e1ci\u00f3, k\u00f6nyvel\u00e9s, ad\u00f3z\u00e1s, marketing, munkaer\u0151 stb.) sz\u00fcks\u00e9ges az adatok k\u00f6zl\u00e9se. Az ezekkel a c\u00e9gekkel val\u00f3 kapcsolatot az Eur\u00f3pai Parlament \u00e9s a Tan\u00e1cs 2016. \u00e1prilis 27-i 2016\/679\/EU rendelete (GDPR) 28. cikke szab\u00e1lyozza. Az e v\u00e1llalatokt\u00f3l kapott adatokat kiz\u00e1r\u00f3lag a sz\u00fcks\u00e9ges \u00fczleti c\u00e9lokra haszn\u00e1ljuk fel, \u00e9s azokat semmilyen m\u00e1s c\u00e9lra nem \u0151rizz\u00fck meg.  <\/p>\n<p><strong>Milyen jogai vannak, amikor megadja nek\u00fcnk az adatait?<\/strong><\/p>\n<p>Minden \u00e9rdekelt f\u00e9lnek joga van meger\u0151s\u00edt\u00e9st k\u00e9rni arr\u00f3l, hogy a <strong>ByeBirds<\/strong> <strong>.<\/strong>kezeli-e a r\u00e1 vonatkoz\u00f3 szem\u00e9lyes adatokat.<\/p>\n<p>Az \u00e9rdekelt felek jogosultak hozz\u00e1f\u00e9rni szem\u00e9lyes adataikhoz, valamint k\u00e9rhetik a pontatlan adatok helyesb\u00edt\u00e9s\u00e9t, illetve adott esetben k\u00e9rhetik azok t\u00f6rl\u00e9s\u00e9t, ha &#8211; egy\u00e9b okok mellett &#8211; az adatokra m\u00e1r nincs sz\u00fcks\u00e9g azokhoz a c\u00e9lokhoz, amelyekhez azokat gy\u0171jt\u00f6tt\u00e9k.<\/p>\n<p>Bizonyos k\u00f6r\u00fclm\u00e9nyek k\u00f6z\u00f6tt az \u00e9rintettek k\u00e9rhetik, hogy korl\u00e1tozzuk adataik feldolgoz\u00e1s\u00e1t, amely esetben csak az ig\u00e9nyek gyakorl\u00e1sa vagy v\u00e9delme c\u00e9lj\u00e1b\u00f3l t\u00e1roljuk azokat. A felhaszn\u00e1l\u00f3k tiltakozhatnak adataik feldolgoz\u00e1sa ellen is. A <strong>ByeBirds<\/strong> le\u00e1ll\u00edtja az adatok feldolgoz\u00e1s\u00e1t, kiv\u00e9ve k\u00e9nyszer\u00edt\u0151 erej\u0171 jogos okokb\u00f3l, illetve k\u00f6vetel\u00e9sek gyakorl\u00e1sa vagy v\u00e9delme \u00e9rdek\u00e9ben. <\/p>\n<p>A felhaszn\u00e1l\u00f3 b\u00e1rmikor \u00e9s ingyenesen levelet k\u00fcldhet a <strong>ByeBirds<\/strong> <strong>&#8211;<\/strong>nek a felel\u0151s c\u00edm\u00e9re, vagy a jelen Szab\u00e1lyzat fejl\u00e9c\u00e9ben megadott e-mail c\u00edmre, csatolva szem\u00e9lyazonoss\u00e1gi okm\u00e1ny\u00e1nak f\u00e9nym\u00e1solat\u00e1t, annak \u00e9rdek\u00e9ben, hogy:<\/p>\n<ul>\n<li>A megadott hozz\u00e1j\u00e1rul\u00e1sok visszavon\u00e1sa.<\/li>\n<li>Meger\u0151s\u00edt\u00e9st k\u00e9rhet arr\u00f3l, hogy a Felhaszn\u00e1l\u00f3ra vonatkoz\u00f3 szem\u00e9lyes adatok feldolgoz\u00e1sa folyamatban van-e vagy sem.<\/li>\n<li>Hozz\u00e1f\u00e9r\u00e9s a szem\u00e9lyes adatokhoz.<\/li>\n<li>A pontatlan vagy hi\u00e1nyos adatok helyesb\u00edt\u00e9se.<\/li>\n<li>k\u00e9rheti adatai t\u00f6rl\u00e9s\u00e9t, t\u00f6bbek k\u00f6z\u00f6tt akkor, ha az adatokra m\u00e1r nincs sz\u00fcks\u00e9g azokhoz a c\u00e9lokhoz, amelyekhez azokat gy\u0171jt\u00f6tt\u00e9k.<\/li>\n<li>Az adatfeldolgoz\u00e1s korl\u00e1toz\u00e1s\u00e1t k\u00e9rheti, ha az adatv\u00e9delmi rendeletekben el\u0151\u00edrt felt\u00e9telek b\u00e1rmelyike teljes\u00fcl.<\/li>\n<li>K\u00e9rje adatai hordozhat\u00f3s\u00e1g\u00e1t.<\/li>\n<li>Kapcsolatfelv\u00e9tel a <strong>ByeBirds<\/strong> adatv\u00e9delmi tisztvisel\u0151j\u00e9vel Panaszt ny\u00fajthat be a fel\u00fcgyeleti hat\u00f3s\u00e1gn\u00e1l <a href=\"http:\/\/www.aepd\/\" target=\"_blank\" rel=\"noopener\">(www.aepd.<\/a>es.es), ha \u00fagy v\u00e9li, hogy az alkalmazand\u00f3 adatv\u00e9delmi szab\u00e1lyok szerinti jogai s\u00e9r\u00fcltek.<\/li>\n<\/ul>\n<p>A <strong>ByeBirds<\/strong> a fent eml\u00edtett szem\u00e9lyes adatok v\u00e9delm\u00e9re vonatkoz\u00f3 szab\u00e1lyoz\u00e1sok \u00e9s m\u00e1s vonatkoz\u00f3 szab\u00e1lyoz\u00e1sok \u00e1ltal megk\u00f6vetelt megfelel\u0151 biztons\u00e1gi szinteket alkalmazza. Ezek a biztons\u00e1gi szintek az EU 2016\/679 rendelet (GDPR) 28. cikke \u00e9rtelm\u00e9ben k\u00f6telez\u0151ek azon szervezetek sz\u00e1m\u00e1ra, amelyek szerz\u0151d\u00e9ses kapcsolat \u00e9s\/vagy szolg\u00e1ltat\u00e1sny\u00fajt\u00e1s alapj\u00e1n hozz\u00e1f\u00e9rnek az adatainkhoz. <\/p>\n<p>Ugyanakkor nem v\u00e1llal felel\u0151ss\u00e9get a harmadik felek \u00e1ltal a felhaszn\u00e1l\u00f3 sz\u00e1m\u00edt\u00f3g\u00e9pes rendszereinek, elektronikus dokumentumainak vagy f\u00e1jljainak megv\u00e1ltoztat\u00e1s\u00e1b\u00f3l ered\u0151 k\u00e1rok\u00e9rt.<\/p>\n<p>A weboldal szolg\u00e1ltat\u00e1sainak ny\u00fajt\u00e1sa sor\u00e1n s\u00fctiket haszn\u00e1lhatunk. A s\u00fctik a felhaszn\u00e1l\u00f3 saj\u00e1t termin\u00e1lj\u00e1n t\u00e1rolt, szem\u00e9lyes inform\u00e1ci\u00f3kat tartalmaz\u00f3 fizikai f\u00e1jlok. A felhaszn\u00e1l\u00f3 be\u00e1ll\u00edthatja a b\u00f6ng\u00e9sz\u0151j\u00e9t \u00fagy, hogy megakad\u00e1lyozza a cookie-f\u00e1jlok l\u00e9trehoz\u00e1s\u00e1t, vagy figyelmeztessen azok l\u00e9trehoz\u00e1s\u00e1ra. Ellen\u0151rizze a s\u00fctikre vonatkoz\u00f3 szab\u00e1lyzatunkat a weboldalon tal\u00e1lhat\u00f3 linken kereszt\u00fcl.   <\/p>\n<p>Ha \u00fagy d\u00f6nt, hogy olyan weboldalakra mutat\u00f3 linkeken kereszt\u00fcl hagyja el weboldalunkat, amelyek nem a mi v\u00e1llalatunkhoz tartoznak, a <strong>ByeBirds<\/strong> nem v\u00e1llal felel\u0151ss\u00e9get ezen weboldalak adatv\u00e9delmi ir\u00e1nyelvei\u00e9rt vagy az \u00e1ltaluk a felhaszn\u00e1l\u00f3 sz\u00e1m\u00edt\u00f3g\u00e9p\u00e9n t\u00e1rolt cookie-k\u00e9rt.<\/p>\n<p>Ir\u00e1nyelv\u00fcnk az e-mailekkel kapcsolatban az, hogy csak olyan \u00fczeneteket k\u00fcld\u00fcnk, amelyek fogad\u00e1s\u00e1t \u00d6n k\u00e9rte.<\/p>\n<p>Ha \u00d6n nem szeretn\u00e9 ezeket az \u00fczeneteket e-mailben megkapni, felaj\u00e1nljuk \u00d6nnek a lehet\u0151s\u00e9get, hogy az inform\u00e1ci\u00f3s t\u00e1rsadalommal \u00e9s az elektronikus kereskedelemmel kapcsolatos szolg\u00e1ltat\u00e1sokr\u00f3l sz\u00f3l\u00f3 34\/2002-es t\u00f6rv\u00e9ny III. c\u00edm\u00e9nek 22. cikk\u00e9ben foglalt rendelkez\u00e9sekkel \u00f6sszhangban \u00e9ljen a t\u00f6rl\u00e9si jog\u00e1val \u00e9s lemondjon az \u00fczenetek \u00e1tv\u00e9tel\u00e9r\u0151l.<\/p>\n\t\t\t\t\t\t\t\t<\/div>\n\t\t\t\t<\/div>\n\t\t\t\t\t<\/div>\n\t\t<\/div>\n\t\t\t\t\t<\/div>\n\t\t<\/section>\n\t\t\t\t<\/div>\n\t\t","protected":false},"excerpt":{"rendered":"<p>Adatv\u00e9delem Ha inform\u00e1ci\u00f3t kell szerezn\u00fcnk \u00d6nt\u0151l, mindig arra k\u00e9rj\u00fck, hogy azt \u00f6nk\u00e9nt \u00e9s kifejezetten adja meg. A weboldalon tal\u00e1lhat\u00f3 adatgy\u0171jt\u0151 [&hellip;]<\/p>\n","protected":false},"author":1,"featured_media":0,"parent":0,"menu_order":0,"comment_status":"closed","ping_status":"closed","template":"","meta":{"site-sidebar-layout":"no-sidebar","site-content-layout":"","ast-site-content-layout":"full-width-container","site-content-style":"default","site-sidebar-style":"default","ast-global-header-display":"","ast-banner-title-visibility":"","ast-main-header-display":"","ast-hfb-above-header-display":"","ast-hfb-below-header-display":"","ast-hfb-mobile-header-display":"","site-post-title":"disabled","ast-breadcrumbs-content":"","ast-featured-img":"disabled","footer-sml-layout":"","theme-transparent-header-meta":"","adv-header-id-meta":"","stick-header-meta":"","header-above-stick-meta":"","header-main-stick-meta":"","header-below-stick-meta":"","astra-migrate-meta-layouts":"default","ast-page-background-enabled":"default","ast-page-background-meta":{"desktop":{"background-color":"var(--ast-global-color-4)","background-image":"","background-repeat":"repeat","background-position":"center center","background-size":"auto","background-attachment":"scroll","background-type":"","background-media":"","overlay-type":"","overlay-color":"","overlay-opacity":"","overlay-gradient":""},"tablet":{"background-color":"","background-image":"","background-repeat":"repeat","background-position":"center center","background-size":"auto","background-attachment":"scroll","background-type":"","background-media":"","overlay-type":"","overlay-color":"","overlay-opacity":"","overlay-gradient":""},"mobile":{"background-color":"","background-image":"","background-repeat":"repeat","background-position":"center center","background-size":"auto","background-attachment":"scroll","background-type":"","background-media":"","overlay-type":"","overlay-color":"","overlay-opacity":"","overlay-gradient":""}},"ast-content-background-meta":{"desktop":{"background-color":"var(--ast-global-color-5)","background-image":"","background-repeat":"repeat","background-position":"center center","background-size":"auto","background-attachment":"scroll","background-type":"","background-media":"","overlay-type":"","overlay-color":"","overlay-opacity":"","overlay-gradient":""},"tablet":{"background-color":"var(--ast-global-color-5)","background-image":"","background-repeat":"repeat","background-position":"center center","background-size":"auto","background-attachment":"scroll","background-type":"","background-media":"","overlay-type":"","overlay-color":"","overlay-opacity":"","overlay-gradient":""},"mobile":{"background-color":"var(--ast-global-color-5)","background-image":"","background-repeat":"repeat","background-position":"center center","background-size":"auto","background-attachment":"scroll","background-type":"","background-media":"","overlay-type":"","overlay-color":"","overlay-opacity":"","overlay-gradient":""}},"footnotes":""},"class_list":["post-1588","page","type-page","status-publish","hentry"],"_links":{"self":[{"href":"https:\/\/byebirds.com\/hu\/wp-json\/wp\/v2\/pages\/1588","targetHints":{"allow":["GET"]}}],"collection":[{"href":"https:\/\/byebirds.com\/hu\/wp-json\/wp\/v2\/pages"}],"about":[{"href":"https:\/\/byebirds.com\/hu\/wp-json\/wp\/v2\/types\/page"}],"author":[{"embeddable":true,"href":"https:\/\/byebirds.com\/hu\/wp-json\/wp\/v2\/users\/1"}],"replies":[{"embeddable":true,"href":"https:\/\/byebirds.com\/hu\/wp-json\/wp\/v2\/comments?post=1588"}],"version-history":[{"count":1,"href":"https:\/\/byebirds.com\/hu\/wp-json\/wp\/v2\/pages\/1588\/revisions"}],"predecessor-version":[{"id":1589,"href":"https:\/\/byebirds.com\/hu\/wp-json\/wp\/v2\/pages\/1588\/revisions\/1589"}],"wp:attachment":[{"href":"https:\/\/byebirds.com\/hu\/wp-json\/wp\/v2\/media?parent=1588"}],"curies":[{"name":"wp","href":"https:\/\/api.w.org\/{rel}","templated":true}]}}