{"id":1592,"date":"2024-11-12T18:23:48","date_gmt":"2024-11-12T17:23:48","guid":{"rendered":"https:\/\/byebirds.com\/avviso-legale\/"},"modified":"2024-11-13T13:03:23","modified_gmt":"2024-11-13T12:03:23","slug":"avviso-legale","status":"publish","type":"page","link":"https:\/\/byebirds.com\/it\/avviso-legale\/","title":{"rendered":"Avviso legale"},"content":{"rendered":"\t\t<div data-elementor-type=\"wp-page\" data-elementor-id=\"1592\" class=\"elementor elementor-1592 elementor-1338\" data-elementor-post-type=\"page\">\n\t\t\t\t\t\t<section class=\"ob-is-breaking-bad elementor-section elementor-top-section elementor-element elementor-element-68d4295 elementor-section-boxed elementor-section-height-default elementor-section-height-default\" data-id=\"68d4295\" data-element_type=\"section\" data-settings=\"{&quot;_ob_bbad_use_it&quot;:&quot;yes&quot;,&quot;_ob_bbad_sssic_use&quot;:&quot;no&quot;,&quot;_ob_glider_is_slider&quot;:&quot;no&quot;}\">\n\t\t\t\t\t\t<div class=\"elementor-container elementor-column-gap-default\">\n\t\t\t\t\t<div class=\"elementor-column elementor-col-100 elementor-top-column elementor-element elementor-element-ad5ba79\" data-id=\"ad5ba79\" data-element_type=\"column\" data-settings=\"{&quot;_ob_bbad_is_stalker&quot;:&quot;no&quot;,&quot;_ob_teleporter_use&quot;:false,&quot;_ob_column_hoveranimator&quot;:&quot;no&quot;,&quot;_ob_column_has_pseudo&quot;:&quot;no&quot;}\">\n\t\t\t<div class=\"elementor-widget-wrap elementor-element-populated\">\n\t\t\t\t\t\t<div class=\"elementor-element elementor-element-489715a ob-harakiri-inherit ob-has-background-overlay elementor-widget elementor-widget-heading\" data-id=\"489715a\" data-element_type=\"widget\" data-settings=\"{&quot;_ob_use_harakiri&quot;:&quot;yes&quot;,&quot;_ob_harakiri_writing_mode&quot;:&quot;inherit&quot;,&quot;_ob_harakiri_text_clip&quot;:&quot;none&quot;,&quot;_ob_perspektive_use&quot;:&quot;no&quot;,&quot;_ob_poopart_use&quot;:&quot;yes&quot;,&quot;_ob_shadough_use&quot;:&quot;no&quot;,&quot;_ob_allow_hoveranimator&quot;:&quot;no&quot;,&quot;_ob_widget_stalker_use&quot;:&quot;no&quot;}\" data-widget_type=\"heading.default\">\n\t\t\t\t<div class=\"elementor-widget-container\">\n\t\t\t\t\t<h2 class=\"elementor-heading-title elementor-size-default\">Avviso legale<\/h2>\t\t\t\t<\/div>\n\t\t\t\t<\/div>\n\t\t\t\t<div class=\"elementor-element elementor-element-9a5fea1 ob-harakiri-inherit ob-has-background-overlay elementor-widget elementor-widget-text-editor\" data-id=\"9a5fea1\" data-element_type=\"widget\" data-settings=\"{&quot;_ob_use_harakiri&quot;:&quot;yes&quot;,&quot;_ob_harakiri_writing_mode&quot;:&quot;inherit&quot;,&quot;_ob_postman_use&quot;:&quot;no&quot;,&quot;_ob_perspektive_use&quot;:&quot;no&quot;,&quot;_ob_poopart_use&quot;:&quot;yes&quot;,&quot;_ob_shadough_use&quot;:&quot;no&quot;,&quot;_ob_allow_hoveranimator&quot;:&quot;no&quot;,&quot;_ob_widget_stalker_use&quot;:&quot;no&quot;}\" data-widget_type=\"text-editor.default\">\n\t\t\t\t<div class=\"elementor-widget-container\">\n\t\t\t\t\t\t\t\t\t<ol>\n<li><strong>SCOPO E ACCETTAZIONE<\/strong><\/li>\n<\/ol>\n<p>Il presente avviso legale regola l&#8217;uso del sito web (di seguito, IL SITO WEB), di propriet\u00e0 di <strong>ByeBirds<\/strong><strong>. <\/strong>(di seguito, IL PROPRIETARIO DEL SITO).<\/p>\n<p>La navigazione sul sito web del PROPRIETARIO DEL SITO conferisce la condizione di utente dello stesso e implica l&#8217;accettazione integrale e senza riserve di tutte le disposizioni incluse nel presente Avviso legale, che pu\u00f2 subire modifiche.<\/p>\n<p>L&#8217;utente si impegna a fare un uso corretto del sito web nel rispetto della legge, della buona fede, dell&#8217;ordine pubblico, degli usi del traffico e del presente Avviso Legale. L&#8217;utente sar\u00e0 responsabile nei confronti del PROPRIETARIO DEL SITO WEB o di terzi per eventuali danni causati dalla violazione di tale obbligo. <\/p>\n<ol start=\"2\">\n<li><strong>IDENTIFICAZIONE E COMUNICAZIONE<\/strong><\/li>\n<\/ol>\n<p>IL PROPRIETARIO DEL SITO, in conformit\u00e0 con la legge 34\/2002, dell&#8217;11 luglio, sui servizi della societ\u00e0 dell&#8217;informazione e del commercio elettronico, informa che:<\/p>\n<ul>\n<li>La persona responsabile \u00e8 <strong>Carlos Uriarte<\/strong><\/li>\n<li>Il suo numero di partita IVA \u00e8: <strong>B39755897<\/strong><\/li>\n<li>Il suo indirizzo \u00e8 a:<strong> Pol\u00edgono Ind. de Guarnizo. Centro de Negocios, Nave 3, 39611, Guarnizo, Cantabria  <\/strong><\/li>\n<li>Indirizzo e-mail <strong>: info@byebirds.com<\/strong><\/li>\n<li>Iscritta al registro delle imprese.<\/li>\n<\/ul>\n<p>Per contattarci, vi mettiamo a disposizione diverse modalit\u00e0 di contatto che sono riportate di seguito:<\/p>\n<ul>\n<li>Indirizzo e-mail <strong>: info@byebirds.com<\/strong><\/li>\n<li>Telefono:<strong> <span aria-label=\"Llamar al n\u00famero de tel\u00e9fono 601 54 83 80\">655 64 26 28<\/span><\/strong><\/li>\n<\/ul>\n<p>Tutte le notifiche e le comunicazioni tra gli utenti e il PROPRIETARIO DEL SITO WEB saranno considerate efficaci, a tutti gli effetti, quando vengono effettuate per posta o con qualsiasi altro mezzo sopra menzionato.<\/p>\n<ol start=\"3\">\n<li><strong>CONDIZIONI DI ACCESSO E DI UTILIZZO<\/strong><\/li>\n<\/ol>\n<p>Il sito web e i suoi servizi sono di libero accesso, tuttavia il PROPRIETARIO DEL SITO WEB condiziona l&#8217;utilizzo di alcuni dei servizi offerti sul sito web alla previa compilazione del modulo corrispondente.<\/p>\n<p>L&#8217;utente garantisce l&#8217;autenticit\u00e0 e l&#8217;attualit\u00e0 di tutti i dati forniti al PROPRIETARIO DEL SITO WEB ed \u00e8 l&#8217;unico responsabile di eventuali dichiarazioni false o inesatte.<\/p>\n<p>L&#8217;utente si impegna espressamente a fare un uso appropriato dei contenuti e dei servizi del PROPRIETARIO DEL SITO WEB e a non utilizzarli, tra l&#8217;altro, per:<\/p>\n<ol>\n<li>Diffondere contenuti criminali, violenti, pornografici, razzisti, xenofobi, offensivi, terroristici o, in generale, contrari alla legge o all&#8217;ordine pubblico.<\/li>\n<li>Introdurre nella rete virus informatici o compiere azioni in grado di alterare, danneggiare, interrompere o generare errori o danni a documenti elettronici, dati o sistemi fisici e logici del PROPRIETARIO DEL SITO WEB o di terzi; nonch\u00e9 ostacolare l&#8217;accesso di altri utenti al sito web e ai suoi servizi attraverso il consumo massiccio delle risorse informatiche con cui il PROPRIETARIO DEL SITO WEB fornisce i suoi servizi.<\/li>\n<li>Tentare di accedere agli account di posta elettronica di altri utenti o ad aree riservate dei sistemi informatici del PROPRIETARIO DEL SITO WEB o di terzi e, se del caso, estrarre informazioni.<\/li>\n<li>Violare i diritti di propriet\u00e0 intellettuale o industriale, nonch\u00e9 la riservatezza delle informazioni del PROPRIETARIO DEL SITO WEB o di terzi.<\/li>\n<li>Impersonare un altro utente, le autorit\u00e0 pubbliche o una terza parte.<\/li>\n<li>Riprodurre, copiare, distribuire, rendere disponibile o in qualsiasi altro modo comunicare pubblicamente, trasformare o modificare i contenuti, a meno che non sia autorizzato dal titolare dei relativi diritti o a meno che non sia legalmente consentito.<\/li>\n<li>Raccogliere dati a fini pubblicitari e inviare pubblicit\u00e0 di qualsiasi tipo e comunicazioni a scopo di vendita o altri scopi commerciali senza previa richiesta o consenso.<\/li>\n<\/ol>\n<p>Tutti i contenuti del sito web, quali testi, fotografie, grafici, immagini, icone, tecnologia, software, nonch\u00e9 il suo design grafico e i codici sorgente, costituiscono un&#8217;opera la cui propriet\u00e0 appartiene al PROPRIETARIO DEL SITO WEB, e nessuno dei diritti di sfruttamento degli stessi pu\u00f2 intendersi trasferito all&#8217;utente al di l\u00e0 di quanto strettamente necessario per il corretto utilizzo del sito web.<\/p>\n<p>In breve, gli utenti che accedono a questo sito web possono visualizzarne i contenuti e farne, se del caso, copie private autorizzate, a condizione che gli elementi riprodotti non vengano successivamente ceduti a terzi, n\u00e9 installati su server collegati in rete, n\u00e9 sottoposti a qualsiasi tipo di sfruttamento. Allo stesso modo, tutti i marchi, i nomi commerciali o i segni distintivi di qualsiasi tipo che compaiono sul sito web sono di propriet\u00e0 del PROPRIETARIO DEL SITO, senza che l&#8217;uso o l&#8217;accesso agli stessi attribuisca all&#8217;utente alcun diritto sugli stessi. <\/p>\n<p>Sono vietati la distribuzione, la modifica, il trasferimento o la comunicazione pubblica dei contenuti e qualsiasi altro atto non espressamente autorizzato dal titolare dei diritti di sfruttamento.<\/p>\n<p>La creazione di un collegamento ipertestuale non implica in alcun caso l&#8217;esistenza di un rapporto tra IL TITOLARE DEL SITO WEB e il proprietario del sito web in cui \u00e8 stato creato, n\u00e9 l&#8217;accettazione e l&#8217;approvazione da parte del TITOLARE DEL SITO WEB dei suoi contenuti o servizi. Le persone che intendono stabilire un collegamento ipertestuale devono richiedere la preventiva autorizzazione scritta del PROPRIETARIO DEL SITO WEB. In ogni caso, il collegamento ipertestuale consentir\u00e0 esclusivamente l&#8217;accesso alla home-page o alla pagina iniziale del nostro sito web, e dovr\u00e0 inoltre astenersi dal fare dichiarazioni o indicazioni false, imprecise o inesatte sul PROPRIETARIO DEL SITO WEB, o includere contenuti illegali, contrari ai buoni costumi e all&#8217;ordine pubblico. IL PROPRIETARIO DEL SITO WEB non \u00e8 responsabile dell&#8217;uso che ciascun utente fa dei materiali messi a disposizione su questo sito web n\u00e9 delle azioni compiute sulla base degli stessi.   <\/p>\n<ol start=\"4\">\n<li><strong>ESCLUSIONE DI GARANZIE E RESPONSABILIT\u00c0<\/strong><\/li>\n<\/ol>\n<p>Il contenuto di questo sito web \u00e8 di natura generale e ha uno scopo puramente informativo; l&#8217;accesso a tutti i contenuti non \u00e8 pienamente garantito, n\u00e9 la loro completezza, correttezza, validit\u00e0 o tempestivit\u00e0, n\u00e9 la loro idoneit\u00e0 o utilit\u00e0 per uno scopo specifico.<\/p>\n<p>Il PROPRIETARIO DEL SITO esclude, nella misura consentita dalla legge, qualsiasi responsabilit\u00e0 per danni di qualsiasi tipo derivanti da:<\/p>\n<ol>\n<li>L&#8217;impossibilit\u00e0 di accedere al sito web o la mancanza di veridicit\u00e0, accuratezza, completezza e\/o tempestivit\u00e0 dei contenuti, nonch\u00e9 l&#8217;esistenza di vizi e difetti di qualsiasi tipo nei contenuti trasmessi, diffusi, archiviati, resi disponibili e accessibili attraverso il sito web o i servizi offerti.<\/li>\n<li>La presenza di virus o di altri elementi nei contenuti che possono causare alterazioni nei sistemi informatici, nei documenti elettronici o nei dati degli utenti.<\/li>\n<li>L&#8217;inosservanza della legge, della buona fede, dell&#8217;ordine pubblico, degli usi del traffico e del presente avviso legale come conseguenza di un uso scorretto del sito web. In particolare, e a titolo esemplificativo, il PROPRIETARIO DEL SITO non \u00e8 responsabile delle azioni di terzi che violino i diritti di propriet\u00e0 intellettuale e industriale, i segreti aziendali, i diritti all&#8217;onore, la privacy personale e familiare e l&#8217;immagine di s\u00e9, nonch\u00e9 le norme sulla concorrenza sleale e la pubblicit\u00e0 illegale. <\/li>\n<\/ol>\n<p>Allo stesso modo, IL PROPRIETARIO DEL SITO web declina ogni responsabilit\u00e0 per le informazioni che si trovano al di fuori di questo sito e che non sono gestite direttamente dal nostro webmaster. La funzione dei link che compaiono su questo sito \u00e8 esclusivamente quella di informare l&#8217;utente dell&#8217;esistenza di altre fonti che possono ampliare il contenuto offerto da questo sito. Il PROPRIETARIO DEL SITO non garantisce n\u00e9 si assume la responsabilit\u00e0 del funzionamento o dell&#8217;accessibilit\u00e0 dei siti collegati, n\u00e9 suggerisce, invita o raccomanda di visitarli, n\u00e9 sar\u00e0 responsabile dei risultati ottenuti. Il PROPRIETARIO DEL SITO non \u00e8 responsabile della creazione di collegamenti ipertestuali da parte di terzi.   <\/p>\n<ol start=\"5\">\n<li><strong>INFORMATIVA SULLA PRIVACY<\/strong><\/li>\n<\/ol>\n<p>\u00c8 possibile consultare la nostra politica sulla privacy al seguente indirizzo <strong><u><a href=\"https:\/\/hornynails.com\/politicas-de-privacidad\/\">enlace<\/a><\/u><\/strong>.<\/p>\n<ol start=\"6\">\n<li><strong>PROCEDURA IN CASO DI ATTIVIT\u00c0 ILLECITE<\/strong><\/li>\n<\/ol>\n<p>Nel caso in cui un utente o un terzo ritenga che esistano fatti o circostanze che rivelino il carattere illecito dell&#8217;uso di qualsiasi contenuto e\/o dello svolgimento di qualsiasi attivit\u00e0 sulle pagine web incluse o accessibili attraverso il sito web, dovr\u00e0 inviare una notifica al TITOLARE DEL SITO web identificandosi debitamente, specificando le presunte violazioni e dichiarando espressamente, sotto la propria responsabilit\u00e0, che le informazioni fornite nella notifica sono accurate.<\/p>\n<p>Le parti si rimettono espressamente alla giurisdizione e alla competenza delle Corti e dei Tribunali corrispondenti al domicilio dell&#8217;utente o a quelli del luogo di adempimento dell&#8217;obbligazione contrattuale per qualsiasi questione o divergenza che possa sorgere a causa dell&#8217;interpretazione, dell&#8217;adempimento e dell&#8217;esecuzione del presente contratto.<\/p>\n<ol start=\"7\">\n<li><strong>PUBBLICAZIONI<\/strong><\/li>\n<\/ol>\n<p>Le informazioni amministrative fornite attraverso il sito web non sostituiscono la pubblicazione legale di leggi, regolamenti, piani, disposizioni generali e atti che devono essere formalmente pubblicati nelle gazzette ufficiali delle pubbliche amministrazioni, che sono l&#8217;unico strumento che ne attesta l&#8217;autenticit\u00e0 e il contenuto. Le informazioni disponibili su questo sito web devono essere intese come una guida senza alcuno scopo di validit\u00e0 legale. <\/p>\n\t\t\t\t\t\t\t\t<\/div>\n\t\t\t\t<\/div>\n\t\t\t\t\t<\/div>\n\t\t<\/div>\n\t\t\t\t\t<\/div>\n\t\t<\/section>\n\t\t\t\t<\/div>\n\t\t","protected":false},"excerpt":{"rendered":"<p>Avviso legale SCOPO E ACCETTAZIONE Il presente avviso legale regola l&#8217;uso del sito web (di seguito, IL SITO WEB), di [&hellip;]<\/p>\n","protected":false},"author":1,"featured_media":0,"parent":0,"menu_order":0,"comment_status":"closed","ping_status":"closed","template":"","meta":{"site-sidebar-layout":"no-sidebar","site-content-layout":"","ast-site-content-layout":"full-width-container","site-content-style":"default","site-sidebar-style":"default","ast-global-header-display":"","ast-banner-title-visibility":"","ast-main-header-display":"","ast-hfb-above-header-display":"","ast-hfb-below-header-display":"","ast-hfb-mobile-header-display":"","site-post-title":"disabled","ast-breadcrumbs-content":"","ast-featured-img":"disabled","footer-sml-layout":"","theme-transparent-header-meta":"","adv-header-id-meta":"","stick-header-meta":"","header-above-stick-meta":"","header-main-stick-meta":"","header-below-stick-meta":"","astra-migrate-meta-layouts":"default","ast-page-background-enabled":"default","ast-page-background-meta":{"desktop":{"background-color":"var(--ast-global-color-4)","background-image":"","background-repeat":"repeat","background-position":"center center","background-size":"auto","background-attachment":"scroll","background-type":"","background-media":"","overlay-type":"","overlay-color":"","overlay-opacity":"","overlay-gradient":""},"tablet":{"background-color":"","background-image":"","background-repeat":"repeat","background-position":"center center","background-size":"auto","background-attachment":"scroll","background-type":"","background-media":"","overlay-type":"","overlay-color":"","overlay-opacity":"","overlay-gradient":""},"mobile":{"background-color":"","background-image":"","background-repeat":"repeat","background-position":"center center","background-size":"auto","background-attachment":"scroll","background-type":"","background-media":"","overlay-type":"","overlay-color":"","overlay-opacity":"","overlay-gradient":""}},"ast-content-background-meta":{"desktop":{"background-color":"var(--ast-global-color-5)","background-image":"","background-repeat":"repeat","background-position":"center center","background-size":"auto","background-attachment":"scroll","background-type":"","background-media":"","overlay-type":"","overlay-color":"","overlay-opacity":"","overlay-gradient":""},"tablet":{"background-color":"var(--ast-global-color-5)","background-image":"","background-repeat":"repeat","background-position":"center center","background-size":"auto","background-attachment":"scroll","background-type":"","background-media":"","overlay-type":"","overlay-color":"","overlay-opacity":"","overlay-gradient":""},"mobile":{"background-color":"var(--ast-global-color-5)","background-image":"","background-repeat":"repeat","background-position":"center center","background-size":"auto","background-attachment":"scroll","background-type":"","background-media":"","overlay-type":"","overlay-color":"","overlay-opacity":"","overlay-gradient":""}},"footnotes":""},"class_list":["post-1592","page","type-page","status-publish","hentry"],"_links":{"self":[{"href":"https:\/\/byebirds.com\/it\/wp-json\/wp\/v2\/pages\/1592","targetHints":{"allow":["GET"]}}],"collection":[{"href":"https:\/\/byebirds.com\/it\/wp-json\/wp\/v2\/pages"}],"about":[{"href":"https:\/\/byebirds.com\/it\/wp-json\/wp\/v2\/types\/page"}],"author":[{"embeddable":true,"href":"https:\/\/byebirds.com\/it\/wp-json\/wp\/v2\/users\/1"}],"replies":[{"embeddable":true,"href":"https:\/\/byebirds.com\/it\/wp-json\/wp\/v2\/comments?post=1592"}],"version-history":[{"count":1,"href":"https:\/\/byebirds.com\/it\/wp-json\/wp\/v2\/pages\/1592\/revisions"}],"predecessor-version":[{"id":1593,"href":"https:\/\/byebirds.com\/it\/wp-json\/wp\/v2\/pages\/1592\/revisions\/1593"}],"wp:attachment":[{"href":"https:\/\/byebirds.com\/it\/wp-json\/wp\/v2\/media?parent=1592"}],"curies":[{"name":"wp","href":"https:\/\/api.w.org\/{rel}","templated":true}]}}