{"id":1594,"date":"2024-09-23T11:03:11","date_gmt":"2024-09-23T09:03:11","guid":{"rendered":"https:\/\/byebirds.com\/casi-di-studio\/"},"modified":"2024-11-19T11:59:56","modified_gmt":"2024-11-19T10:59:56","slug":"casi-di-studio","status":"publish","type":"page","link":"https:\/\/byebirds.com\/it\/casi-di-studio\/","title":{"rendered":"Casi di studio"},"content":{"rendered":"\t\t<div data-elementor-type=\"wp-page\" data-elementor-id=\"1594\" class=\"elementor elementor-1594 elementor-921\" data-elementor-post-type=\"page\">\n\t\t\t\t\t\t<section class=\"ob-is-breaking-bad elementor-section elementor-top-section elementor-element elementor-element-857d2cf elementor-section-boxed elementor-section-height-default elementor-section-height-default\" data-id=\"857d2cf\" data-element_type=\"section\" data-settings=\"{&quot;_ob_bbad_use_it&quot;:&quot;yes&quot;,&quot;_ob_bbad_sssic_use&quot;:&quot;no&quot;,&quot;_ob_glider_is_slider&quot;:&quot;no&quot;}\">\n\t\t\t\t\t\t<div class=\"elementor-container elementor-column-gap-default\">\n\t\t\t\t\t<div class=\"elementor-column elementor-col-100 elementor-top-column elementor-element elementor-element-46951ca\" data-id=\"46951ca\" data-element_type=\"column\" data-settings=\"{&quot;_ob_bbad_is_stalker&quot;:&quot;no&quot;,&quot;_ob_teleporter_use&quot;:false,&quot;_ob_column_hoveranimator&quot;:&quot;no&quot;,&quot;_ob_column_has_pseudo&quot;:&quot;no&quot;}\">\n\t\t\t<div class=\"elementor-widget-wrap elementor-element-populated\">\n\t\t\t\t\t\t<div class=\"elementor-element elementor-element-6e2ed6a ob-harakiri-inherit ob-has-background-overlay elementor-widget elementor-widget-heading\" data-id=\"6e2ed6a\" data-element_type=\"widget\" data-settings=\"{&quot;_ob_use_harakiri&quot;:&quot;yes&quot;,&quot;_ob_harakiri_writing_mode&quot;:&quot;inherit&quot;,&quot;_ob_harakiri_text_clip&quot;:&quot;none&quot;,&quot;_ob_perspektive_use&quot;:&quot;no&quot;,&quot;_ob_poopart_use&quot;:&quot;yes&quot;,&quot;_ob_shadough_use&quot;:&quot;no&quot;,&quot;_ob_allow_hoveranimator&quot;:&quot;no&quot;,&quot;_ob_widget_stalker_use&quot;:&quot;no&quot;}\" data-widget_type=\"heading.default\">\n\t\t\t\t<div class=\"elementor-widget-container\">\n\t\t\t\t\t<h2 class=\"elementor-heading-title elementor-size-default\">Casi di studio<\/h2>\t\t\t\t<\/div>\n\t\t\t\t<\/div>\n\t\t\t\t<div class=\"elementor-element elementor-element-0537d5b elementor-widget-divider--view-line ob-has-background-overlay elementor-widget elementor-widget-divider\" data-id=\"0537d5b\" data-element_type=\"widget\" data-settings=\"{&quot;_ob_perspektive_use&quot;:&quot;no&quot;,&quot;_ob_poopart_use&quot;:&quot;yes&quot;,&quot;_ob_shadough_use&quot;:&quot;no&quot;,&quot;_ob_allow_hoveranimator&quot;:&quot;no&quot;,&quot;_ob_widget_stalker_use&quot;:&quot;no&quot;}\" data-widget_type=\"divider.default\">\n\t\t\t\t<div class=\"elementor-widget-container\">\n\t\t\t\t\t\t\t<div class=\"elementor-divider\">\n\t\t\t<span class=\"elementor-divider-separator\">\n\t\t\t\t\t\t<\/span>\n\t\t<\/div>\n\t\t\t\t\t\t<\/div>\n\t\t\t\t<\/div>\n\t\t\t\t<div class=\"elementor-element elementor-element-3cf4e96 elementor-grid-2 elementor-grid-tablet-2 elementor-grid-mobile-1 elementor-posts--thumbnail-top ob-has-background-overlay elementor-widget elementor-widget-posts\" data-id=\"3cf4e96\" data-element_type=\"widget\" data-settings=\"{&quot;classic_columns&quot;:&quot;2&quot;,&quot;classic_columns_tablet&quot;:&quot;2&quot;,&quot;classic_columns_mobile&quot;:&quot;1&quot;,&quot;classic_row_gap&quot;:{&quot;unit&quot;:&quot;px&quot;,&quot;size&quot;:35,&quot;sizes&quot;:[]},&quot;classic_row_gap_tablet&quot;:{&quot;unit&quot;:&quot;px&quot;,&quot;size&quot;:&quot;&quot;,&quot;sizes&quot;:[]},&quot;classic_row_gap_mobile&quot;:{&quot;unit&quot;:&quot;px&quot;,&quot;size&quot;:&quot;&quot;,&quot;sizes&quot;:[]},&quot;_ob_perspektive_use&quot;:&quot;no&quot;,&quot;_ob_poopart_use&quot;:&quot;yes&quot;,&quot;_ob_shadough_use&quot;:&quot;no&quot;,&quot;_ob_allow_hoveranimator&quot;:&quot;no&quot;,&quot;_ob_widget_stalker_use&quot;:&quot;no&quot;}\" data-widget_type=\"posts.classic\">\n\t\t\t\t<div class=\"elementor-widget-container\">\n\t\t\t\t\t\t\t<div class=\"elementor-posts-container elementor-posts elementor-posts--skin-classic elementor-grid\">\n\t\t\t\t<article class=\"elementor-post elementor-grid-item post-2167 post type-post status-publish format-standard has-post-thumbnail hentry category-non-categorizzato\">\n\t\t\t\t<a class=\"elementor-post__thumbnail__link\" href=\"https:\/\/byebirds.com\/it\/bagni-termali-szechenyi-budapest-ungheria\/\" tabindex=\"-1\" >\n\t\t\t<div class=\"elementor-post__thumbnail\"><img fetchpriority=\"high\" decoding=\"async\" width=\"2139\" height=\"1144\" src=\"https:\/\/byebirds.com\/wp-content\/uploads\/2024\/09\/PORTADA5.jpg\" class=\"attachment-full size-full wp-image-2181\" alt=\"\" srcset=\"https:\/\/byebirds.com\/wp-content\/uploads\/2024\/09\/PORTADA5.jpg 2139w, https:\/\/byebirds.com\/wp-content\/uploads\/2024\/09\/PORTADA5-300x160.jpg 300w, https:\/\/byebirds.com\/wp-content\/uploads\/2024\/09\/PORTADA5-1024x548.jpg 1024w, https:\/\/byebirds.com\/wp-content\/uploads\/2024\/09\/PORTADA5-768x411.jpg 768w, https:\/\/byebirds.com\/wp-content\/uploads\/2024\/09\/PORTADA5-1536x821.jpg 1536w, https:\/\/byebirds.com\/wp-content\/uploads\/2024\/09\/PORTADA5-2048x1095.jpg 2048w\" sizes=\"(max-width: 2139px) 100vw, 2139px\" \/><\/div>\n\t\t<\/a>\n\t\t\t\t<div class=\"elementor-post__text\">\n\t\t\t\t<h3 class=\"elementor-post__title\">\n\t\t\t<a href=\"https:\/\/byebirds.com\/it\/bagni-termali-szechenyi-budapest-ungheria\/\" >\n\t\t\t\tBagni Termali Sz\u00e9chenyi, Budapest, Ungheria\t\t\t<\/a>\n\t\t<\/h3>\n\t\t\t\t<div class=\"elementor-post__excerpt\">\n\t\t\t<p>Il Bagno Termale Sz\u00e9chenyi di Budapest \u00e8 il pi\u00f9 grande bagno termale d&#8217;Europa. Costruiti nel 1913 in stile neobarocco secondo il progetto di Gy\u0151z\u0151 Czigler, i bagni si trovano nel parco cittadino. Nonostante le punte e le reti, molti piccioni<\/p>\n\t\t<\/div>\n\t\t\n\t\t<a class=\"elementor-post__read-more\" href=\"https:\/\/byebirds.com\/it\/bagni-termali-szechenyi-budapest-ungheria\/\" aria-label=\"Read more about Bagni Termali Sz\u00e9chenyi, Budapest, Ungheria\" tabindex=\"-1\" >\n\t\t\tPer saperne di pi\u00f9\t\t<\/a>\n\n\t\t\t\t<\/div>\n\t\t\t\t<\/article>\n\t\t\t\t<article class=\"elementor-post elementor-grid-item post-2200 post type-post status-publish format-standard has-post-thumbnail hentry category-non-categorizzato\">\n\t\t\t\t<a class=\"elementor-post__thumbnail__link\" href=\"https:\/\/byebirds.com\/it\/monastero-di-jeronimos-lisbona-portogallo\/\" tabindex=\"-1\" >\n\t\t\t<div class=\"elementor-post__thumbnail\"><img decoding=\"async\" width=\"2139\" height=\"1144\" src=\"https:\/\/byebirds.com\/wp-content\/uploads\/2024\/09\/PORTADA4.jpg\" class=\"attachment-full size-full wp-image-2206\" alt=\"\" srcset=\"https:\/\/byebirds.com\/wp-content\/uploads\/2024\/09\/PORTADA4.jpg 2139w, https:\/\/byebirds.com\/wp-content\/uploads\/2024\/09\/PORTADA4-300x160.jpg 300w, https:\/\/byebirds.com\/wp-content\/uploads\/2024\/09\/PORTADA4-1024x548.jpg 1024w, https:\/\/byebirds.com\/wp-content\/uploads\/2024\/09\/PORTADA4-768x411.jpg 768w, https:\/\/byebirds.com\/wp-content\/uploads\/2024\/09\/PORTADA4-1536x821.jpg 1536w, https:\/\/byebirds.com\/wp-content\/uploads\/2024\/09\/PORTADA4-2048x1095.jpg 2048w\" sizes=\"(max-width: 2139px) 100vw, 2139px\" \/><\/div>\n\t\t<\/a>\n\t\t\t\t<div class=\"elementor-post__text\">\n\t\t\t\t<h3 class=\"elementor-post__title\">\n\t\t\t<a href=\"https:\/\/byebirds.com\/it\/monastero-di-jeronimos-lisbona-portogallo\/\" >\n\t\t\t\tMonastero di Jer\u00f3nimos, Lisbona, Portogallo\t\t\t<\/a>\n\t\t<\/h3>\n\t\t\t\t<div class=\"elementor-post__excerpt\">\n\t\t\t<p>Costruito dall&#8217;Infante Enrico il Navigatore intorno al 1459 e classificato nel 1983 come Patrimonio dell&#8217;Umanit\u00e0 dell&#8217;UNESCO, \u00e8 il monumento pi\u00f9 importante del Portogallo. Essendo situata in riva al mare, si poneva il problema dell&#8217;atterraggio dei gabbiani sul tetto e della<\/p>\n\t\t<\/div>\n\t\t\n\t\t<a class=\"elementor-post__read-more\" href=\"https:\/\/byebirds.com\/it\/monastero-di-jeronimos-lisbona-portogallo\/\" aria-label=\"Read more about Monastero di Jer\u00f3nimos, Lisbona, Portogallo\" tabindex=\"-1\" >\n\t\t\tPer saperne di pi\u00f9\t\t<\/a>\n\n\t\t\t\t<\/div>\n\t\t\t\t<\/article>\n\t\t\t\t<article class=\"elementor-post elementor-grid-item post-2194 post type-post status-publish format-standard has-post-thumbnail hentry category-non-categorizzato\">\n\t\t\t\t<a class=\"elementor-post__thumbnail__link\" href=\"https:\/\/byebirds.com\/it\/ippodromo-di-newbury-berkshire-regno-unito\/\" tabindex=\"-1\" >\n\t\t\t<div class=\"elementor-post__thumbnail\"><img decoding=\"async\" width=\"2139\" height=\"1144\" src=\"https:\/\/byebirds.com\/wp-content\/uploads\/2024\/09\/PORTADA3.jpg\" class=\"attachment-full size-full wp-image-2198\" alt=\"\" srcset=\"https:\/\/byebirds.com\/wp-content\/uploads\/2024\/09\/PORTADA3.jpg 2139w, https:\/\/byebirds.com\/wp-content\/uploads\/2024\/09\/PORTADA3-300x160.jpg 300w, https:\/\/byebirds.com\/wp-content\/uploads\/2024\/09\/PORTADA3-1024x548.jpg 1024w, https:\/\/byebirds.com\/wp-content\/uploads\/2024\/09\/PORTADA3-768x411.jpg 768w, https:\/\/byebirds.com\/wp-content\/uploads\/2024\/09\/PORTADA3-1536x821.jpg 1536w, https:\/\/byebirds.com\/wp-content\/uploads\/2024\/09\/PORTADA3-2048x1095.jpg 2048w\" sizes=\"(max-width: 2139px) 100vw, 2139px\" \/><\/div>\n\t\t<\/a>\n\t\t\t\t<div class=\"elementor-post__text\">\n\t\t\t\t<h3 class=\"elementor-post__title\">\n\t\t\t<a href=\"https:\/\/byebirds.com\/it\/ippodromo-di-newbury-berkshire-regno-unito\/\" >\n\t\t\t\tIppodromo di Newbury, Berkshire, Regno Unito\t\t\t<\/a>\n\t\t<\/h3>\n\t\t\t\t<div class=\"elementor-post__excerpt\">\n\t\t\t<p>L&#8217;ippodromo di Newbury \u00e8 un ippodromo situato nella parrocchia civile di Greenham, adiacente alla citt\u00e0 di Newbury, nel Berkshire, in Inghilterra. Dispone di percorsi per gare in piano e salti. Ospita una delle 31 corse in piano di Gruppo 1<\/p>\n\t\t<\/div>\n\t\t\n\t\t<a class=\"elementor-post__read-more\" href=\"https:\/\/byebirds.com\/it\/ippodromo-di-newbury-berkshire-regno-unito\/\" aria-label=\"Read more about Ippodromo di Newbury, Berkshire, Regno Unito\" tabindex=\"-1\" >\n\t\t\tPer saperne di pi\u00f9\t\t<\/a>\n\n\t\t\t\t<\/div>\n\t\t\t\t<\/article>\n\t\t\t\t<article class=\"elementor-post elementor-grid-item post-2183 post type-post status-publish format-standard has-post-thumbnail hentry category-non-categorizzato\">\n\t\t\t\t<a class=\"elementor-post__thumbnail__link\" href=\"https:\/\/byebirds.com\/it\/chiesa-di-saint-nicolas-de-maule-francia\/\" tabindex=\"-1\" >\n\t\t\t<div class=\"elementor-post__thumbnail\"><img loading=\"lazy\" decoding=\"async\" width=\"2139\" height=\"1144\" src=\"https:\/\/byebirds.com\/wp-content\/uploads\/2024\/09\/PORTADA2.jpg\" class=\"attachment-full size-full wp-image-2192\" alt=\"\" srcset=\"https:\/\/byebirds.com\/wp-content\/uploads\/2024\/09\/PORTADA2.jpg 2139w, https:\/\/byebirds.com\/wp-content\/uploads\/2024\/09\/PORTADA2-300x160.jpg 300w, https:\/\/byebirds.com\/wp-content\/uploads\/2024\/09\/PORTADA2-1024x548.jpg 1024w, https:\/\/byebirds.com\/wp-content\/uploads\/2024\/09\/PORTADA2-768x411.jpg 768w, https:\/\/byebirds.com\/wp-content\/uploads\/2024\/09\/PORTADA2-1536x821.jpg 1536w, https:\/\/byebirds.com\/wp-content\/uploads\/2024\/09\/PORTADA2-2048x1095.jpg 2048w\" sizes=\"(max-width: 2139px) 100vw, 2139px\" \/><\/div>\n\t\t<\/a>\n\t\t\t\t<div class=\"elementor-post__text\">\n\t\t\t\t<h3 class=\"elementor-post__title\">\n\t\t\t<a href=\"https:\/\/byebirds.com\/it\/chiesa-di-saint-nicolas-de-maule-francia\/\" >\n\t\t\t\tChiesa di Saint-Nicolas de Maule, Francia\t\t\t<\/a>\n\t\t<\/h3>\n\t\t\t\t<div class=\"elementor-post__excerpt\">\n\t\t\t<p>La chiesa di Saint-Nicolas \u00e8 un edificio romanico e gotico dell&#8217;XI secolo situato nella citt\u00e0 francese di Maule, nell&#8217;Yvelines, \u00cele-de-France. \u00c8 stata dichiarata monumento storico con decreto del 19 marzo 1883.Circa 60 piccioni che vivevano nella chiesa hanno causato danni<\/p>\n\t\t<\/div>\n\t\t\n\t\t<a class=\"elementor-post__read-more\" href=\"https:\/\/byebirds.com\/it\/chiesa-di-saint-nicolas-de-maule-francia\/\" aria-label=\"Read more about Chiesa di Saint-Nicolas de Maule, Francia\" tabindex=\"-1\" >\n\t\t\tPer saperne di pi\u00f9\t\t<\/a>\n\n\t\t\t\t<\/div>\n\t\t\t\t<\/article>\n\t\t\t\t<article class=\"elementor-post elementor-grid-item post-2208 post type-post status-publish format-standard has-post-thumbnail hentry category-non-categorizzato\">\n\t\t\t\t<a class=\"elementor-post__thumbnail__link\" href=\"https:\/\/byebirds.com\/it\/walton-sul-tamigi-bridge-surrey-regno-unito\/\" tabindex=\"-1\" >\n\t\t\t<div class=\"elementor-post__thumbnail\"><img loading=\"lazy\" decoding=\"async\" width=\"2139\" height=\"1144\" src=\"https:\/\/byebirds.com\/wp-content\/uploads\/2024\/09\/PORTADA1.jpg\" class=\"attachment-full size-full wp-image-2209\" alt=\"\" srcset=\"https:\/\/byebirds.com\/wp-content\/uploads\/2024\/09\/PORTADA1.jpg 2139w, https:\/\/byebirds.com\/wp-content\/uploads\/2024\/09\/PORTADA1-300x160.jpg 300w, https:\/\/byebirds.com\/wp-content\/uploads\/2024\/09\/PORTADA1-1024x548.jpg 1024w, https:\/\/byebirds.com\/wp-content\/uploads\/2024\/09\/PORTADA1-768x411.jpg 768w, https:\/\/byebirds.com\/wp-content\/uploads\/2024\/09\/PORTADA1-1536x821.jpg 1536w, https:\/\/byebirds.com\/wp-content\/uploads\/2024\/09\/PORTADA1-2048x1095.jpg 2048w\" sizes=\"(max-width: 2139px) 100vw, 2139px\" \/><\/div>\n\t\t<\/a>\n\t\t\t\t<div class=\"elementor-post__text\">\n\t\t\t\t<h3 class=\"elementor-post__title\">\n\t\t\t<a href=\"https:\/\/byebirds.com\/it\/walton-sul-tamigi-bridge-surrey-regno-unito\/\" >\n\t\t\t\tWalton sul Tamigi Bridge, Surrey, Regno Unito\t\t\t<\/a>\n\t\t<\/h3>\n\t\t\t\t<div class=\"elementor-post__excerpt\">\n\t\t\t<p>Il Walton Bridge \u00e8 un ponte stradale sul Tamigi in Inghilterra, che attraversa la strada A244 tra Walton-on-Thames e Shepperton, e attraversa il Tamigi nel tratto tra Sunbury Lock e Shepperton Lock.Il ponte \u00e8 il primo ponte stradale sul Tamigi<\/p>\n\t\t<\/div>\n\t\t\n\t\t<a class=\"elementor-post__read-more\" href=\"https:\/\/byebirds.com\/it\/walton-sul-tamigi-bridge-surrey-regno-unito\/\" aria-label=\"Read more about Walton sul Tamigi Bridge, Surrey, Regno Unito\" tabindex=\"-1\" >\n\t\t\tPer saperne di pi\u00f9\t\t<\/a>\n\n\t\t\t\t<\/div>\n\t\t\t\t<\/article>\n\t\t\t\t<\/div>\n\t\t\n\t\t\t\t\t\t<\/div>\n\t\t\t\t<\/div>\n\t\t\t\t\t<\/div>\n\t\t<\/div>\n\t\t\t\t\t<\/div>\n\t\t<\/section>\n\t\t\t\t<\/div>\n\t\t","protected":false},"excerpt":{"rendered":"<p>Casi di studio<\/p>\n","protected":false},"author":1,"featured_media":0,"parent":0,"menu_order":0,"comment_status":"closed","ping_status":"closed","template":"","meta":{"site-sidebar-layout":"no-sidebar","site-content-layout":"","ast-site-content-layout":"full-width-container","site-content-style":"default","site-sidebar-style":"default","ast-global-header-display":"","ast-banner-title-visibility":"","ast-main-header-display":"","ast-hfb-above-header-display":"","ast-hfb-below-header-display":"","ast-hfb-mobile-header-display":"","site-post-title":"disabled","ast-breadcrumbs-content":"","ast-featured-img":"disabled","footer-sml-layout":"","theme-transparent-header-meta":"","adv-header-id-meta":"","stick-header-meta":"","header-above-stick-meta":"","header-main-stick-meta":"","header-below-stick-meta":"","astra-migrate-meta-layouts":"default","ast-page-background-enabled":"default","ast-page-background-meta":{"desktop":{"background-color":"var(--ast-global-color-4)","background-image":"","background-repeat":"repeat","background-position":"center center","background-size":"auto","background-attachment":"scroll","background-type":"","background-media":"","overlay-type":"","overlay-color":"","overlay-opacity":"","overlay-gradient":""},"tablet":{"background-color":"","background-image":"","background-repeat":"repeat","background-position":"center center","background-size":"auto","background-attachment":"scroll","background-type":"","background-media":"","overlay-type":"","overlay-color":"","overlay-opacity":"","overlay-gradient":""},"mobile":{"background-color":"","background-image":"","background-repeat":"repeat","background-position":"center center","background-size":"auto","background-attachment":"scroll","background-type":"","background-media":"","overlay-type":"","overlay-color":"","overlay-opacity":"","overlay-gradient":""}},"ast-content-background-meta":{"desktop":{"background-color":"var(--ast-global-color-5)","background-image":"","background-repeat":"repeat","background-position":"center center","background-size":"auto","background-attachment":"scroll","background-type":"","background-media":"","overlay-type":"","overlay-color":"","overlay-opacity":"","overlay-gradient":""},"tablet":{"background-color":"var(--ast-global-color-5)","background-image":"","background-repeat":"repeat","background-position":"center center","background-size":"auto","background-attachment":"scroll","background-type":"","background-media":"","overlay-type":"","overlay-color":"","overlay-opacity":"","overlay-gradient":""},"mobile":{"background-color":"var(--ast-global-color-5)","background-image":"","background-repeat":"repeat","background-position":"center center","background-size":"auto","background-attachment":"scroll","background-type":"","background-media":"","overlay-type":"","overlay-color":"","overlay-opacity":"","overlay-gradient":""}},"footnotes":""},"class_list":["post-1594","page","type-page","status-publish","hentry"],"_links":{"self":[{"href":"https:\/\/byebirds.com\/it\/wp-json\/wp\/v2\/pages\/1594","targetHints":{"allow":["GET"]}}],"collection":[{"href":"https:\/\/byebirds.com\/it\/wp-json\/wp\/v2\/pages"}],"about":[{"href":"https:\/\/byebirds.com\/it\/wp-json\/wp\/v2\/types\/page"}],"author":[{"embeddable":true,"href":"https:\/\/byebirds.com\/it\/wp-json\/wp\/v2\/users\/1"}],"replies":[{"embeddable":true,"href":"https:\/\/byebirds.com\/it\/wp-json\/wp\/v2\/comments?post=1594"}],"version-history":[{"count":4,"href":"https:\/\/byebirds.com\/it\/wp-json\/wp\/v2\/pages\/1594\/revisions"}],"predecessor-version":[{"id":2636,"href":"https:\/\/byebirds.com\/it\/wp-json\/wp\/v2\/pages\/1594\/revisions\/2636"}],"wp:attachment":[{"href":"https:\/\/byebirds.com\/it\/wp-json\/wp\/v2\/media?parent=1594"}],"curies":[{"name":"wp","href":"https:\/\/api.w.org\/{rel}","templated":true}]}}