{"id":1641,"date":"2024-11-12T18:31:47","date_gmt":"2024-11-12T17:31:47","guid":{"rendered":"https:\/\/byebirds.com\/privacy\/"},"modified":"2024-11-13T13:42:02","modified_gmt":"2024-11-13T12:42:02","slug":"privacy","status":"publish","type":"page","link":"https:\/\/byebirds.com\/it\/privacy\/","title":{"rendered":"Privacy"},"content":{"rendered":"\t\t<div data-elementor-type=\"wp-page\" data-elementor-id=\"1641\" class=\"elementor elementor-1641 elementor-1358\" data-elementor-post-type=\"page\">\n\t\t\t\t\t\t<section class=\"ob-is-breaking-bad elementor-section elementor-top-section elementor-element elementor-element-4bc90cb elementor-section-boxed elementor-section-height-default elementor-section-height-default\" data-id=\"4bc90cb\" data-element_type=\"section\" data-settings=\"{&quot;_ob_bbad_use_it&quot;:&quot;yes&quot;,&quot;_ob_bbad_sssic_use&quot;:&quot;no&quot;,&quot;_ob_glider_is_slider&quot;:&quot;no&quot;}\">\n\t\t\t\t\t\t<div class=\"elementor-container elementor-column-gap-default\">\n\t\t\t\t\t<div class=\"elementor-column elementor-col-100 elementor-top-column elementor-element elementor-element-261b807\" data-id=\"261b807\" data-element_type=\"column\" data-settings=\"{&quot;_ob_bbad_is_stalker&quot;:&quot;no&quot;,&quot;_ob_teleporter_use&quot;:false,&quot;_ob_column_hoveranimator&quot;:&quot;no&quot;,&quot;_ob_column_has_pseudo&quot;:&quot;no&quot;}\">\n\t\t\t<div class=\"elementor-widget-wrap elementor-element-populated\">\n\t\t\t\t\t\t<div class=\"elementor-element elementor-element-d939fd9 ob-harakiri-inherit ob-has-background-overlay elementor-widget elementor-widget-heading\" data-id=\"d939fd9\" data-element_type=\"widget\" data-settings=\"{&quot;_ob_use_harakiri&quot;:&quot;yes&quot;,&quot;_ob_harakiri_writing_mode&quot;:&quot;inherit&quot;,&quot;_ob_harakiri_text_clip&quot;:&quot;none&quot;,&quot;_ob_perspektive_use&quot;:&quot;no&quot;,&quot;_ob_poopart_use&quot;:&quot;yes&quot;,&quot;_ob_shadough_use&quot;:&quot;no&quot;,&quot;_ob_allow_hoveranimator&quot;:&quot;no&quot;,&quot;_ob_widget_stalker_use&quot;:&quot;no&quot;}\" data-widget_type=\"heading.default\">\n\t\t\t\t<div class=\"elementor-widget-container\">\n\t\t\t\t\t<h2 class=\"elementor-heading-title elementor-size-default\">Privacy<\/h2>\t\t\t\t<\/div>\n\t\t\t\t<\/div>\n\t\t\t\t<div class=\"elementor-element elementor-element-c8dca7f ob-harakiri-inherit ob-has-background-overlay elementor-widget elementor-widget-text-editor\" data-id=\"c8dca7f\" data-element_type=\"widget\" data-settings=\"{&quot;_ob_use_harakiri&quot;:&quot;yes&quot;,&quot;_ob_harakiri_writing_mode&quot;:&quot;inherit&quot;,&quot;_ob_postman_use&quot;:&quot;no&quot;,&quot;_ob_perspektive_use&quot;:&quot;no&quot;,&quot;_ob_poopart_use&quot;:&quot;yes&quot;,&quot;_ob_shadough_use&quot;:&quot;no&quot;,&quot;_ob_allow_hoveranimator&quot;:&quot;no&quot;,&quot;_ob_widget_stalker_use&quot;:&quot;no&quot;}\" data-widget_type=\"text-editor.default\">\n\t\t\t\t<div class=\"elementor-widget-container\">\n\t\t\t\t\t\t\t\t\t<p>Quando avremo bisogno di ottenere informazioni da te, ti chiederemo sempre di fornircele espressamente e volontariamente. I dati raccolti tramite i moduli di raccolta dati sul sito web o altri mezzi saranno incorporati nei sistemi di elaborazione di <strong>ByeBirds<\/strong>. <\/p>\n<p>Questa entit\u00e0 tratter\u00e0 i dati in modo confidenziale ed esclusivamente allo scopo di offrire i servizi richiesti, con tutte le garanzie legali e di sicurezza imposte dal Regolamento (UE) 2016\/679 del Parlamento Europeo e del Consiglio, del 27 aprile 2016. , relativa alla protezione delle persone fisiche con riguardo al trattamento dei dati personali e alla libera circolazione di tali dati e alla legge 34\/2002, dell&#8217;11 luglio, sui servizi della societ\u00e0 dell&#8217;informazione e del commercio elettronico.<\/p>\n<p><strong>Chi \u00e8 responsabile del trattamento dei tuoi dati?<\/strong><\/p>\n<ul>\n<li>La persona responsabile \u00e8 <b>Carlos Uriarte<\/b><\/li>\n<li>Il tuo numero di partita IVA \u00e8: <strong>B39755897<\/strong> <\/li>\n<li>Il suo indirizzo \u00e8 a: <strong>Pol\u00edgono Ind. de Guarnizo. Centro de Negocios, Nave 3, 39611, Guarnizo, Cantabria  <\/strong><\/li>\n<li>Indirizzo e-mail <strong>: info@byebirds.com<\/strong><\/li>\n<li>Registrato R. Mercantile.<\/li>\n<\/ul>\n<p><strong>CONTATTO DELEGATO ALLA PROTEZIONE DEI DATI<\/strong><\/p>\n<p><strong>Per quale scopo trattiamo i tuoi dati personali?<\/strong><\/p>\n<p>In <strong>ByeBirds<\/strong> trattiamo le informazioni forniteci dalle parti interessate in modo leale, lecito e trasparente nel rispetto del regolamento UE 2016\/679 del 27 aprile del Parlamento Europeo e del Consiglio e della Legge 3\/2018 del 5 dicembre sulla protezione dei dati e garanzia dei diritti digitali.<\/p>\n<p><u><strong>Se sei un CLIENTE o un UTENTE:<\/strong><\/u><\/p>\n<p>Se sei un cliente o un utente, tratteremo le seguenti categorie di dati personali:<\/p>\n<ul>\n<li>Dati identificativi (nome, cognome, carta d&#8217;identit\u00e0&#8230;)<\/li>\n<li>Informazioni di contatto (e-mail, Whatsapp&#8230;)<\/li>\n<li>Coordinate bancarie (numero di conto, carta di credito&#8230;)<\/li>\n<li>Altri dati (forniti dall&#8217;interessato in moduli aperti o comunicazioni)<\/li>\n<\/ul>\n<p>Trattiamo i tuoi dati allo scopo di:<\/p>\n<ul>\n<li>Gestire i servizi, le informazioni e\/o i prodotti richiesti.<\/li>\n<li>Inviare comunicazioni di interesse (se l&#8217;interessato ha dato la dovuta autorizzazione)<\/li>\n<li>Rispettare gli obblighi legali applicabili alla persona responsabile.<\/li>\n<\/ul>\n<p><u><strong>Se sei un DIPENDENTE o un CANDIDATO AL LAVORO:<\/strong><\/u><\/p>\n<p>Se sei un dipendente o un candidato\/candidato, tratteremo le seguenti categorie di dati personali<\/p>\n<ul>\n<li>Dati identificativi (nome, cognome, carta d&#8217;identit\u00e0&#8230;)<\/li>\n<li>Dati inseriti nel curriculum (studi, esperienze lavorative, hobby&#8230;)<\/li>\n<li>Informazioni di contatto (e-mail, Whatsapp&#8230;)<\/li>\n<li>Coordinate bancarie (numero di conto, titolare, mandato SEPA)<\/li>\n<li>Immagine<\/li>\n<li>Altri dati (forniti dall&#8217;interessato in moduli aperti o comunicazioni)<\/li>\n<\/ul>\n<p>Trattiamo i tuoi dati allo scopo di:<\/p>\n<ul>\n<li>Gestire i diritti e gli obblighi legati al rapporto contrattuale.<\/li>\n<li>Selezione dei candidati<\/li>\n<li>Uso, reproducci\u00f3n o publicaci\u00f3n de imagen, nombre y voz (si el interesado hubiera prestado la debida autorizaci\u00f3n)<\/li>\n<li>Rispettare gli obblighi legali delle aziende.<\/li>\n<\/ul>\n<p><u><strong>Se sei un FORNITORE della nostra azienda:<\/strong><\/u><\/p>\n<p>Se sei un fornitore, tratteremo le seguenti categorie di dati personali:<\/p>\n<ul>\n<li>Dati identificativi (nome, cognome, carta d&#8217;identit\u00e0&#8230;)<\/li>\n<li>Informazioni di contatto (e-mail, Whatsapp&#8230;)<\/li>\n<li>Coordinate bancarie (numero di conto, fatturazione&#8230;)<\/li>\n<li>Altri dati (forniti dall&#8217;interessato in moduli aperti o comunicazioni)<\/li>\n<\/ul>\n<p>Trattiamo i tuoi dati allo scopo di:<\/p>\n<ul>\n<li>Gestione amministrativa, contabile e fiscale.<\/li>\n<li>Monitoraggio e controllo del rapporto commerciale.<\/li>\n<li>Rispettare gli obblighi legali delle aziende<\/li>\n<\/ul>\n<p><strong>Sono obbligato a fornire i dati personali?<\/strong><\/p>\n<p><strong>ByeBirds<\/strong> richieder\u00e0 solo i dati strettamente necessari a raggiungere lo scopo per cui vengono raccolti, pertanto in mancanza di essi il servizio richiesto non potr\u00e0 essere fornito.<\/p>\n<p><strong>Per quanto tempo conserveremo i tuoi dati?<\/strong><\/p>\n<p>I dati personali forniti e ottenuti nel corso del rapporto tra l&#8217;interessato e <strong>ByeBirds<\/strong> saranno conservati per un periodo massimo di 5 anni dall&#8217;ultima conferma di interesse o finch\u00e9 una disposizione di legge ci obblighi, nel qual caso saranno conservati debitamente bloccati e cancellati quando non necessari.<\/p>\n<p><strong>Qual \u00e8 la legittimit\u00e0 del trattamento dei tuoi dati?<\/strong><\/p>\n<p>In conformit\u00e0 all&#8217;articolo 6.1 del Regolamento UE 2016\/679 del 27 aprile, ti informiamo che la legittimit\u00e0 del trattamento dei tuoi dati \u00e8 la seguente:<\/p>\n<ol>\n<li><em>L&#8217;interessato ha prestato il consenso al trattamento dei propri dati personali per una o pi\u00f9 finalit\u00e0 specifiche e\/o<\/em><\/li>\n<li><em>Il trattamento \u00e8 necessario per adempiere ad un obbligo legale applicabile al responsabile del trattamento e\/o<\/em><\/li>\n<li><em>Il trattamento \u00e8 necessario per il soddisfacimento degli interessi legittimi perseguiti dal titolare del trattamento o da terzi, a condizione che su tali interessi non prevalgano gli interessi o i diritti e le libert\u00e0 fondamentali dell&#8217;interessato che richiedono la protezione dei dati personali, in particolare quando l&#8217;interessato \u00e8 un bambino.<\/em><\/li>\n<\/ol>\n<p><strong> <\/strong><\/p>\n<p><strong>A quali destinatari verranno comunicati i tuoi dati?<\/strong><\/p>\n<p>I dati trattati da <strong>ByeBirds<\/strong> potranno essere comunicati a terzi quando una disposizione di legge lo imponga.<\/p>\n<p>Allo stesso modo <strong>ByeBirds<\/strong><strong> <\/strong>Dispone di fornitori di servizi ai quali \u00e8 necessario comunicare i dati in diverse aree aziendali (amministrazione, contabilit\u00e0, fiscalit\u00e0, marketing, lavoro&#8230;). Il rapporto con tali societ\u00e0 \u00e8 regolato ai sensi dell&#8217;articolo 28 del Regolamento UE 2016\/679 del 27 aprile del Parlamento Europeo e del Consiglio (GDPR). I dati a cui accedono queste societ\u00e0 verranno utilizzati solo per lo scopo aziendale necessario e non verranno conservati per alcuno scopo successivo.  <\/p>\n<p><strong>Quali sono i tuoi diritti quando ci fornisci i tuoi dati?<\/strong><\/p>\n<p>Qualsiasi interessato ha il diritto di ottenere conferma se presso <strong>ByeBirds<\/strong> <strong>.<\/strong>stiamo trattando dati personali che lo riguardano o meno.<\/p>\n<p>Gli interessati hanno il diritto di accedere ai propri dati personali, nonch\u00e9 di richiedere la rettifica di dati inesatti o, se del caso, richiederne la cancellazione quando, tra le altre ragioni, i dati non sono pi\u00f9 necessari per gli scopi per i quali sono stati raccolti.<\/p>\n<p>In determinate circostanze, gli interessati possono richiedere la limitazione del trattamento dei propri dati, nel qual caso li conserveremo solo per l&#8217;esercizio o la difesa dei reclami. Gli utenti possono inoltre opporsi al trattamento dei propri dati. <strong>ByeBirds<\/strong> interromper\u00e0 il trattamento dei dati, salvo che per motivi legittimi e convincenti o nell&#8217;esercizio o nella difesa di reclami. <\/p>\n<p>L&#8217;utente potr\u00e0 inviare una lettera a <strong>ByeBirds<\/strong><strong>,<\/strong> all&#8217;indirizzo del responsabile, o tramite una email indicata nell&#8217;intestazione della presente Policy, allegando una fotocopia del proprio documento di identit\u00e0, in qualsiasi momento e gratuitamente, a:<\/p>\n<ul>\n<li>Revocare i consensi prestati.<\/li>\n<li>Ottenere la conferma che sia o meno in corso un trattamento di dati personali che riguardano l&#8217;Utente.<\/li>\n<li>Accedi ai tuoi dati personali.<\/li>\n<li>Rettificare dati inesatti o incompleti.<\/li>\n<li>Richiedere la cancellazione dei tuoi dati quando, tra gli altri motivi, i dati non sono pi\u00f9 necessari per gli scopi per i quali sono stati raccolti.<\/li>\n<li>Ottenere la limitazione del trattamento dei dati quando ricorre una delle condizioni previste dalla normativa sulla protezione dei dati.<\/li>\n<li>Richiedi la portabilit\u00e0 dei tuoi dati.<\/li>\n<li>Contatta il DPO di <strong>ByeBirds<\/strong> Presenta un reclamo all&#8217;autorit\u00e0 di controllo <a href=\"http:\/\/www.aepd\/\" target=\"_blank\" rel=\"noopener\">(www.aepd.<\/a>es.es) se ritieni che siano stati violati i diritti riconosciuti dalla normativa applicabile sulla protezione dei dati.<\/li>\n<\/ul>\n<p><strong>ByeBirds<\/strong> adotta i corrispondenti livelli di sicurezza richiesti dalla suddetta normativa sulla Protezione dei Dati Personali e dalle altre normative applicabili. Tali livelli di sicurezza sono richiesti per quei soggetti che accedono alle nostre informazioni in virt\u00f9 di un rapporto contrattuale e\/o di fornitura di servizi, in applicazione dell&#8217;articolo 28 del Regolamento UE 2016\/679 (RGPD). <\/p>\n<p>Tuttavia, non si assume alcuna responsabilit\u00e0 per danni derivanti da alterazioni che terzi potrebbero causare ai sistemi informatici, ai documenti o ai file elettronici dell&#8217;utente.<\/p>\n<p>I cookie possono essere utilizzati durante la fornitura dei servizi del sito web. I cookie sono file fisici di informazioni personali ospitati sul terminale dell&#8217;utente. L&#8217;utente ha la possibilit\u00e0 di configurare il proprio programma del browser in modo tale da impedire o avvisare la creazione di file cookie. Consulta la nostra cookie policy attraverso il link che troverai su questo sito.   <\/p>\n<p>Se si sceglie di lasciare il nostro sito Web tramite collegamenti a siti Web che non appartengono alla nostra entit\u00e0, <strong>ByeBirds<\/strong> non sar\u00e0 responsabile delle politiche sulla privacy di detti siti Web o dei cookie che potrebbero archiviare sul computer dell&#8217;utente.<\/p>\n<p>La nostra politica e-mail si concentra solo sull&#8217;invio delle comunicazioni che hai richiesto di ricevere.<\/p>\n<p>Se preferisci non ricevere questi messaggi via e-mail, ti offriremo attraverso di essi la possibilit\u00e0 di esercitare il tuo diritto di cancellazione e di rinuncia alla ricezione di questi messaggi, in conformit\u00e0 con le disposizioni del Titolo III, articolo 22 della Legge 34\/2002 sul Servizi per la societ\u00e0 dell&#8217;informazione e il commercio elettronico.<\/p>\n\t\t\t\t\t\t\t\t<\/div>\n\t\t\t\t<\/div>\n\t\t\t\t\t<\/div>\n\t\t<\/div>\n\t\t\t\t\t<\/div>\n\t\t<\/section>\n\t\t\t\t<\/div>\n\t\t","protected":false},"excerpt":{"rendered":"<p>Privacy Quando avremo bisogno di ottenere informazioni da te, ti chiederemo sempre di fornircele espressamente e volontariamente. I dati raccolti [&hellip;]<\/p>\n","protected":false},"author":1,"featured_media":0,"parent":0,"menu_order":0,"comment_status":"closed","ping_status":"closed","template":"","meta":{"site-sidebar-layout":"no-sidebar","site-content-layout":"","ast-site-content-layout":"full-width-container","site-content-style":"default","site-sidebar-style":"default","ast-global-header-display":"","ast-banner-title-visibility":"","ast-main-header-display":"","ast-hfb-above-header-display":"","ast-hfb-below-header-display":"","ast-hfb-mobile-header-display":"","site-post-title":"disabled","ast-breadcrumbs-content":"","ast-featured-img":"disabled","footer-sml-layout":"","theme-transparent-header-meta":"","adv-header-id-meta":"","stick-header-meta":"","header-above-stick-meta":"","header-main-stick-meta":"","header-below-stick-meta":"","astra-migrate-meta-layouts":"default","ast-page-background-enabled":"default","ast-page-background-meta":{"desktop":{"background-color":"var(--ast-global-color-4)","background-image":"","background-repeat":"repeat","background-position":"center center","background-size":"auto","background-attachment":"scroll","background-type":"","background-media":"","overlay-type":"","overlay-color":"","overlay-opacity":"","overlay-gradient":""},"tablet":{"background-color":"","background-image":"","background-repeat":"repeat","background-position":"center center","background-size":"auto","background-attachment":"scroll","background-type":"","background-media":"","overlay-type":"","overlay-color":"","overlay-opacity":"","overlay-gradient":""},"mobile":{"background-color":"","background-image":"","background-repeat":"repeat","background-position":"center center","background-size":"auto","background-attachment":"scroll","background-type":"","background-media":"","overlay-type":"","overlay-color":"","overlay-opacity":"","overlay-gradient":""}},"ast-content-background-meta":{"desktop":{"background-color":"var(--ast-global-color-5)","background-image":"","background-repeat":"repeat","background-position":"center center","background-size":"auto","background-attachment":"scroll","background-type":"","background-media":"","overlay-type":"","overlay-color":"","overlay-opacity":"","overlay-gradient":""},"tablet":{"background-color":"var(--ast-global-color-5)","background-image":"","background-repeat":"repeat","background-position":"center center","background-size":"auto","background-attachment":"scroll","background-type":"","background-media":"","overlay-type":"","overlay-color":"","overlay-opacity":"","overlay-gradient":""},"mobile":{"background-color":"var(--ast-global-color-5)","background-image":"","background-repeat":"repeat","background-position":"center center","background-size":"auto","background-attachment":"scroll","background-type":"","background-media":"","overlay-type":"","overlay-color":"","overlay-opacity":"","overlay-gradient":""}},"footnotes":""},"class_list":["post-1641","page","type-page","status-publish","hentry"],"_links":{"self":[{"href":"https:\/\/byebirds.com\/it\/wp-json\/wp\/v2\/pages\/1641","targetHints":{"allow":["GET"]}}],"collection":[{"href":"https:\/\/byebirds.com\/it\/wp-json\/wp\/v2\/pages"}],"about":[{"href":"https:\/\/byebirds.com\/it\/wp-json\/wp\/v2\/types\/page"}],"author":[{"embeddable":true,"href":"https:\/\/byebirds.com\/it\/wp-json\/wp\/v2\/users\/1"}],"replies":[{"embeddable":true,"href":"https:\/\/byebirds.com\/it\/wp-json\/wp\/v2\/comments?post=1641"}],"version-history":[{"count":1,"href":"https:\/\/byebirds.com\/it\/wp-json\/wp\/v2\/pages\/1641\/revisions"}],"predecessor-version":[{"id":1642,"href":"https:\/\/byebirds.com\/it\/wp-json\/wp\/v2\/pages\/1641\/revisions\/1642"}],"wp:attachment":[{"href":"https:\/\/byebirds.com\/it\/wp-json\/wp\/v2\/media?parent=1641"}],"curies":[{"name":"wp","href":"https:\/\/api.w.org\/{rel}","templated":true}]}}