{"id":1643,"date":"2024-10-07T13:53:01","date_gmt":"2024-10-07T11:53:01","guid":{"rendered":"https:\/\/byebirds.com\/10-wskazowek-dla-instalatora\/"},"modified":"2024-11-18T12:11:05","modified_gmt":"2024-11-18T11:11:05","slug":"10-wskazowek-dla-instalatora","status":"publish","type":"page","link":"https:\/\/byebirds.com\/pl\/10-wskazowek-dla-instalatora\/","title":{"rendered":"10 wskaz\u00f3wek dla instalatora"},"content":{"rendered":"\t\t<div data-elementor-type=\"wp-page\" data-elementor-id=\"1643\" class=\"elementor elementor-1643 elementor-1121\" data-elementor-post-type=\"page\">\n\t\t\t\t\t\t<section class=\"ob-is-breaking-bad elementor-section elementor-top-section elementor-element elementor-element-f96519c elementor-section-height-min-height elementor-section-items-bottom elementor-section-boxed elementor-section-height-default\" data-id=\"f96519c\" data-element_type=\"section\" data-settings=\"{&quot;background_background&quot;:&quot;classic&quot;,&quot;_ob_bbad_use_it&quot;:&quot;yes&quot;,&quot;_ob_bbad_sssic_use&quot;:&quot;no&quot;,&quot;_ob_glider_is_slider&quot;:&quot;no&quot;}\">\n\t\t\t\t\t\t\t<div class=\"elementor-background-overlay\"><\/div>\n\t\t\t\t\t\t\t<div class=\"elementor-container elementor-column-gap-default\">\n\t\t\t\t\t<div class=\"elementor-column elementor-col-100 elementor-top-column elementor-element elementor-element-7fb29de\" data-id=\"7fb29de\" data-element_type=\"column\" data-settings=\"{&quot;_ob_bbad_is_stalker&quot;:&quot;no&quot;,&quot;_ob_teleporter_use&quot;:false,&quot;_ob_column_hoveranimator&quot;:&quot;no&quot;,&quot;_ob_column_has_pseudo&quot;:&quot;no&quot;}\">\n\t\t\t<div class=\"elementor-widget-wrap elementor-element-populated\">\n\t\t\t\t\t\t<div class=\"elementor-element elementor-element-7399440 ob-harakiri-inherit ob-has-background-overlay elementor-widget elementor-widget-heading\" data-id=\"7399440\" data-element_type=\"widget\" data-settings=\"{&quot;_ob_use_harakiri&quot;:&quot;yes&quot;,&quot;_ob_harakiri_writing_mode&quot;:&quot;inherit&quot;,&quot;_ob_harakiri_text_clip&quot;:&quot;none&quot;,&quot;_ob_perspektive_use&quot;:&quot;no&quot;,&quot;_ob_poopart_use&quot;:&quot;yes&quot;,&quot;_ob_shadough_use&quot;:&quot;no&quot;,&quot;_ob_allow_hoveranimator&quot;:&quot;no&quot;,&quot;_ob_widget_stalker_use&quot;:&quot;no&quot;}\" data-widget_type=\"heading.default\">\n\t\t\t\t<div class=\"elementor-widget-container\">\n\t\t\t\t\t<h2 class=\"elementor-heading-title elementor-size-default\">10 wskaz\u00f3wek dla instalator\u00f3w<\/h2>\t\t\t\t<\/div>\n\t\t\t\t<\/div>\n\t\t\t\t\t<\/div>\n\t\t<\/div>\n\t\t\t\t\t<\/div>\n\t\t<\/section>\n\t\t\t\t<section class=\"ob-is-breaking-bad elementor-section elementor-top-section elementor-element elementor-element-083924b elementor-section-boxed elementor-section-height-default elementor-section-height-default\" data-id=\"083924b\" data-element_type=\"section\" data-settings=\"{&quot;background_background&quot;:&quot;classic&quot;,&quot;_ob_bbad_use_it&quot;:&quot;yes&quot;,&quot;_ob_bbad_sssic_use&quot;:&quot;no&quot;,&quot;_ob_glider_is_slider&quot;:&quot;no&quot;}\">\n\t\t\t\t\t\t<div class=\"elementor-container elementor-column-gap-default\">\n\t\t\t\t\t<div class=\"elementor-column elementor-col-100 elementor-top-column elementor-element elementor-element-e521fe7\" data-id=\"e521fe7\" data-element_type=\"column\" data-settings=\"{&quot;_ob_bbad_is_stalker&quot;:&quot;no&quot;,&quot;_ob_teleporter_use&quot;:false,&quot;_ob_column_hoveranimator&quot;:&quot;no&quot;,&quot;_ob_column_has_pseudo&quot;:&quot;no&quot;}\">\n\t\t\t<div class=\"elementor-widget-wrap elementor-element-populated\">\n\t\t\t\t\t\t<div class=\"elementor-element elementor-element-9c48dd4 ob-harakiri-inherit ob-has-background-overlay elementor-widget elementor-widget-text-editor\" data-id=\"9c48dd4\" data-element_type=\"widget\" data-settings=\"{&quot;_ob_use_harakiri&quot;:&quot;yes&quot;,&quot;_ob_harakiri_writing_mode&quot;:&quot;inherit&quot;,&quot;_ob_postman_use&quot;:&quot;no&quot;,&quot;_ob_perspektive_use&quot;:&quot;no&quot;,&quot;_ob_poopart_use&quot;:&quot;yes&quot;,&quot;_ob_shadough_use&quot;:&quot;no&quot;,&quot;_ob_allow_hoveranimator&quot;:&quot;no&quot;,&quot;_ob_widget_stalker_use&quot;:&quot;no&quot;}\" data-widget_type=\"text-editor.default\">\n\t\t\t\t<div class=\"elementor-widget-container\">\n\t\t\t\t\t\t\t\t\t<p>1. Najwa\u017cniejsz\u0105 rzecz\u0105 jest umieszczenie ByeBirds w miejscu gniazda i niedopuszczenie do ponownego zagnie\u017cd\u017cenia si\u0119.<\/p>\n<p>2. Og\u00f3lnie rzecz bior\u0105c, przestrze\u0144 mi\u0119dzy p\u0142ytami nie powinna by\u0107 wi\u0119ksza ni\u017c rozpi\u0119to\u015b\u0107 skrzyde\u0142 ptaka.<\/p>\n<p>3. Wi\u0119ksze ptaki, takie jak mewy i wrony, wymagaj\u0105 dodania wi\u0119kszej ilo\u015bci produktu do pojemnika. (&gt;30g)<\/p>\n<p>4. Aby odstraszy\u0107 wr\u00f3ble, na\u0142\u00f3\u017c Byebirds ci\u0105g\u0142\u0105, prost\u0105 lini\u0105 o grubo\u015bci oko\u0142o 1 cm.<\/p>\n<p>5. Im wi\u0119cej jest ptak\u00f3w, tym wi\u0119cej ByeBird\u00f3w i w mniejszej odleg\u0142o\u015bci trzeba je umie\u015bci\u0107. Normaln\u0105 rzecz\u0105 jest to, \u017ce w ramach tej samej pracy nale\u017cy zastosowa\u0107 r\u00f3\u017cne substancje. <\/p>\n<p>6. Je\u015bli problem jest du\u017cy, zdecyduj, czy zastosowa\u0107 dwie lub wi\u0119cej r\u00f3wnoleg\u0142ych linii ByeBirds<\/p>\n<p>7. Ka\u017cde miejsce instalacji jest inne i nale\u017cy je rozwa\u017cy\u0107 i zbada\u0107, bior\u0105c pod uwag\u0119 warunki \u015brodowiskowe i strukturalne.<\/p>\n<p>8. Je\u015bli zauwa\u017cysz, \u017ce po 2 tygodniach nadal wyst\u0119puj\u0105 problemy na leczonym obszarze, dodaj wi\u0119cej ByeBirds na ten obszar.<\/p>\n<p>9. Ptaki nie jedz\u0105 ByeBirds, je\u015bli w pojemniku nie ma produktu, to dlatego, \u017ce zamoczy\u0142 go w pi\u00f3rach i nogach.<\/p>\n<p>10. Unikaj umieszczania go w deszczowe dni, aby nie by\u0142o problem\u00f3w z mocowaniem silikonu i aby zapobiec spadaniu pojemnik\u00f3w.<\/p>\n\t\t\t\t\t\t\t\t<\/div>\n\t\t\t\t<\/div>\n\t\t\t\t\t<\/div>\n\t\t<\/div>\n\t\t\t\t\t<\/div>\n\t\t<\/section>\n\t\t\t\t<\/div>\n\t\t","protected":false},"excerpt":{"rendered":"<p>10 wskaz\u00f3wek dla instalator\u00f3w 1. Najwa\u017cniejsz\u0105 rzecz\u0105 jest umieszczenie ByeBirds w miejscu gniazda i niedopuszczenie do ponownego zagnie\u017cd\u017cenia si\u0119. 2. [&hellip;]<\/p>\n","protected":false},"author":1,"featured_media":0,"parent":0,"menu_order":0,"comment_status":"closed","ping_status":"closed","template":"","meta":{"site-sidebar-layout":"no-sidebar","site-content-layout":"","ast-site-content-layout":"full-width-container","site-content-style":"default","site-sidebar-style":"default","ast-global-header-display":"","ast-banner-title-visibility":"","ast-main-header-display":"","ast-hfb-above-header-display":"","ast-hfb-below-header-display":"","ast-hfb-mobile-header-display":"","site-post-title":"disabled","ast-breadcrumbs-content":"","ast-featured-img":"disabled","footer-sml-layout":"","theme-transparent-header-meta":"","adv-header-id-meta":"","stick-header-meta":"","header-above-stick-meta":"","header-main-stick-meta":"","header-below-stick-meta":"","astra-migrate-meta-layouts":"default","ast-page-background-enabled":"default","ast-page-background-meta":{"desktop":{"background-color":"var(--ast-global-color-4)","background-image":"","background-repeat":"repeat","background-position":"center center","background-size":"auto","background-attachment":"scroll","background-type":"","background-media":"","overlay-type":"","overlay-color":"","overlay-opacity":"","overlay-gradient":""},"tablet":{"background-color":"","background-image":"","background-repeat":"repeat","background-position":"center center","background-size":"auto","background-attachment":"scroll","background-type":"","background-media":"","overlay-type":"","overlay-color":"","overlay-opacity":"","overlay-gradient":""},"mobile":{"background-color":"","background-image":"","background-repeat":"repeat","background-position":"center center","background-size":"auto","background-attachment":"scroll","background-type":"","background-media":"","overlay-type":"","overlay-color":"","overlay-opacity":"","overlay-gradient":""}},"ast-content-background-meta":{"desktop":{"background-color":"var(--ast-global-color-5)","background-image":"","background-repeat":"repeat","background-position":"center center","background-size":"auto","background-attachment":"scroll","background-type":"","background-media":"","overlay-type":"","overlay-color":"","overlay-opacity":"","overlay-gradient":""},"tablet":{"background-color":"var(--ast-global-color-5)","background-image":"","background-repeat":"repeat","background-position":"center center","background-size":"auto","background-attachment":"scroll","background-type":"","background-media":"","overlay-type":"","overlay-color":"","overlay-opacity":"","overlay-gradient":""},"mobile":{"background-color":"var(--ast-global-color-5)","background-image":"","background-repeat":"repeat","background-position":"center center","background-size":"auto","background-attachment":"scroll","background-type":"","background-media":"","overlay-type":"","overlay-color":"","overlay-opacity":"","overlay-gradient":""}},"footnotes":""},"class_list":["post-1643","page","type-page","status-publish","hentry"],"_links":{"self":[{"href":"https:\/\/byebirds.com\/pl\/wp-json\/wp\/v2\/pages\/1643","targetHints":{"allow":["GET"]}}],"collection":[{"href":"https:\/\/byebirds.com\/pl\/wp-json\/wp\/v2\/pages"}],"about":[{"href":"https:\/\/byebirds.com\/pl\/wp-json\/wp\/v2\/types\/page"}],"author":[{"embeddable":true,"href":"https:\/\/byebirds.com\/pl\/wp-json\/wp\/v2\/users\/1"}],"replies":[{"embeddable":true,"href":"https:\/\/byebirds.com\/pl\/wp-json\/wp\/v2\/comments?post=1643"}],"version-history":[{"count":4,"href":"https:\/\/byebirds.com\/pl\/wp-json\/wp\/v2\/pages\/1643\/revisions"}],"predecessor-version":[{"id":2584,"href":"https:\/\/byebirds.com\/pl\/wp-json\/wp\/v2\/pages\/1643\/revisions\/2584"}],"wp:attachment":[{"href":"https:\/\/byebirds.com\/pl\/wp-json\/wp\/v2\/media?parent=1643"}],"curies":[{"name":"wp","href":"https:\/\/api.w.org\/{rel}","templated":true}]}}