{"id":1645,"date":"2024-11-12T18:23:48","date_gmt":"2024-11-12T17:23:48","guid":{"rendered":"https:\/\/byebirds.com\/nota-prawna\/"},"modified":"2024-11-13T15:11:53","modified_gmt":"2024-11-13T14:11:53","slug":"nota-prawna","status":"publish","type":"page","link":"https:\/\/byebirds.com\/pl\/nota-prawna\/","title":{"rendered":"Nota prawna"},"content":{"rendered":"\t\t<div data-elementor-type=\"wp-page\" data-elementor-id=\"1645\" class=\"elementor elementor-1645 elementor-1338\" data-elementor-post-type=\"page\">\n\t\t\t\t\t\t<section class=\"ob-is-breaking-bad elementor-section elementor-top-section elementor-element elementor-element-68d4295 elementor-section-boxed elementor-section-height-default elementor-section-height-default\" data-id=\"68d4295\" data-element_type=\"section\" data-settings=\"{&quot;_ob_bbad_use_it&quot;:&quot;yes&quot;,&quot;_ob_bbad_sssic_use&quot;:&quot;no&quot;,&quot;_ob_glider_is_slider&quot;:&quot;no&quot;}\">\n\t\t\t\t\t\t<div class=\"elementor-container elementor-column-gap-default\">\n\t\t\t\t\t<div class=\"elementor-column elementor-col-100 elementor-top-column elementor-element elementor-element-ad5ba79\" data-id=\"ad5ba79\" data-element_type=\"column\" data-settings=\"{&quot;_ob_bbad_is_stalker&quot;:&quot;no&quot;,&quot;_ob_teleporter_use&quot;:false,&quot;_ob_column_hoveranimator&quot;:&quot;no&quot;,&quot;_ob_column_has_pseudo&quot;:&quot;no&quot;}\">\n\t\t\t<div class=\"elementor-widget-wrap elementor-element-populated\">\n\t\t\t\t\t\t<div class=\"elementor-element elementor-element-489715a ob-harakiri-inherit ob-has-background-overlay elementor-widget elementor-widget-heading\" data-id=\"489715a\" data-element_type=\"widget\" data-settings=\"{&quot;_ob_use_harakiri&quot;:&quot;yes&quot;,&quot;_ob_harakiri_writing_mode&quot;:&quot;inherit&quot;,&quot;_ob_harakiri_text_clip&quot;:&quot;none&quot;,&quot;_ob_perspektive_use&quot;:&quot;no&quot;,&quot;_ob_poopart_use&quot;:&quot;yes&quot;,&quot;_ob_shadough_use&quot;:&quot;no&quot;,&quot;_ob_allow_hoveranimator&quot;:&quot;no&quot;,&quot;_ob_widget_stalker_use&quot;:&quot;no&quot;}\" data-widget_type=\"heading.default\">\n\t\t\t\t<div class=\"elementor-widget-container\">\n\t\t\t\t\t<h2 class=\"elementor-heading-title elementor-size-default\">Nota prawna<\/h2>\t\t\t\t<\/div>\n\t\t\t\t<\/div>\n\t\t\t\t<div class=\"elementor-element elementor-element-9a5fea1 ob-harakiri-inherit ob-has-background-overlay elementor-widget elementor-widget-text-editor\" data-id=\"9a5fea1\" data-element_type=\"widget\" data-settings=\"{&quot;_ob_use_harakiri&quot;:&quot;yes&quot;,&quot;_ob_harakiri_writing_mode&quot;:&quot;inherit&quot;,&quot;_ob_postman_use&quot;:&quot;no&quot;,&quot;_ob_perspektive_use&quot;:&quot;no&quot;,&quot;_ob_poopart_use&quot;:&quot;yes&quot;,&quot;_ob_shadough_use&quot;:&quot;no&quot;,&quot;_ob_allow_hoveranimator&quot;:&quot;no&quot;,&quot;_ob_widget_stalker_use&quot;:&quot;no&quot;}\" data-widget_type=\"text-editor.default\">\n\t\t\t\t<div class=\"elementor-widget-container\">\n\t\t\t\t\t\t\t\t\t<ol>\n<li><strong>CEL I AKCEPTACJA<\/strong><\/li>\n<\/ol>\n<p>Niniejsza nota prawna reguluje korzystanie z serwisu internetowego (zwanego dalej STRONA INTERNETOWA), kt\u00f3rego w\u0142a\u015bcicielem jest <strong>ByeBirds<\/strong><strong>.<\/strong>(dalej: W\u0141A\u015aCICIEL STRONY INTERNETOWEJ).<\/p>\n<p>Przegl\u0105danie strony internetowej W\u0141A\u015aCICIELA STRONY INTERNETOWEJ nadaje status jej u\u017cytkownika i oznacza pe\u0142n\u0105 i bez zastrze\u017ce\u0144 akceptacj\u0119 ka\u017cdego z postanowie\u0144 zawartych w niniejszej Nocie prawnej, kt\u00f3ra mo\u017ce ulec zmianie.<\/p>\n<p>U\u017cytkownik zobowi\u0105zuje si\u0119 do prawid\u0142owego korzystania ze strony internetowej, zgodnie z prawem, dobr\u0105 wiar\u0105, porz\u0105dkiem publicznym, praktykami drogowymi i niniejsz\u0105 Not\u0105 prawn\u0105. U\u017cytkownik ponosi odpowiedzialno\u015b\u0107 wobec W\u0141A\u015aCICIELA STRONY INTERNETOWEJ lub os\u00f3b trzecich za wszelkie szkody, jakie mog\u0105 powsta\u0107 w wyniku niedope\u0142nienia tego obowi\u0105zku. <\/p>\n<ol start=\"2\">\n<li><strong>IDENTYFIKACJA I KOMUNIKACJA<\/strong><\/li>\n<\/ol>\n<p>W\u0141A\u015aCICIEL STRONY INTERNETOWEJ, zgodnie z ustaw\u0105 nr 34\/2002 z dnia 11 lipca o us\u0142ugach spo\u0142ecze\u0144stwa informacyjnego i handlu elektronicznym, informuje, \u017ce:<\/p>\n<ul>\n<li>Osob\u0105 odpowiedzialn\u0105 jest <strong>Carlos Uriarte<\/strong><\/li>\n<li>Tw\u00f3j CIF to: <strong>B39755897<\/strong><\/li>\n<li>Jego adres jest pod adresem:<strong> Pol\u00edgono Ind. de Guarnizo. Centro de Negocios, Nave 3, 39611, Guarnizo, Cantabria  <\/strong><\/li>\n<li>E-mail<strong>: info@byebirds.com<\/strong><\/li>\n<li>Zarejestrowany w rejestrze handlowym.<\/li>\n<\/ul>\n<p>Aby m\u00f3c si\u0119 z nami komunikowa\u0107, oferujemy r\u00f3\u017cne sposoby kontaktu, kt\u00f3re szczeg\u00f3\u0142owo opisujemy poni\u017cej:<\/p>\n<ul>\n<li>E-mail<strong>: info@byebirds.com<\/strong><\/li>\n<li>Telefon:<strong><span aria-label=\"Llamar al n\u00famero de tel\u00e9fono 601 54 83 80\">655 64 26 28<\/span><\/strong><\/li>\n<\/ul>\n<p>Wszelkie powiadomienia i komunikacja pomi\u0119dzy u\u017cytkownikami a W\u0141A\u015aCICIELEM STRONY INTERNETOWEJ b\u0119d\u0105 uwa\u017cane za skuteczne, we wszystkich celach, je\u015bli zostan\u0105 przes\u0142ane poczt\u0105 lub w inny spos\u00f3b wyszczeg\u00f3lniony powy\u017cej.<\/p>\n<ol start=\"3\">\n<li><strong>WARUNKI DOST\u0118PU I KORZYSTANIA<\/strong><\/li>\n<\/ol>\n<p>Strona internetowa i jej us\u0142ugi s\u0105 og\u00f3lnodost\u0119pne, jednak\u017ce W\u0141A\u015aCICIEL STRONY INTERNETOWEJ uzale\u017cnia korzystanie z niekt\u00f3rych us\u0142ug oferowanych na swojej stronie internetowej od uprzedniego wype\u0142nienia odpowiedniego formularza.<\/p>\n<p>U\u017cytkownik gwarantuje autentyczno\u015b\u0107 i aktualno\u015b\u0107 wszystkich danych przekazywanych W\u0141A\u015aCICIELOWI STRONY INTERNETOWEJ i ponosi wy\u0142\u0105czn\u0105 odpowiedzialno\u015b\u0107 za wszelkie z\u0142o\u017cone fa\u0142szywe lub niedok\u0142adne o\u015bwiadczenia.<\/p>\n<p>U\u017cytkownik wyra\u017anie zobowi\u0105zuje si\u0119 do prawid\u0142owego korzystania z tre\u015bci i us\u0142ug W\u0141A\u015aCICIELA STRONY INTERNETOWEJ i niewykorzystywania ich m.in. do:<\/p>\n<ol>\n<li>Rozpowszechniaj tre\u015bci o charakterze przest\u0119pczym, brutalnym, pornograficznym, rasistowskim, ksenofobicznym, obra\u017aliwym, wspieraj\u0105cym terroryzm lub og\u00f3lnie sprzecznymi z prawem lub porz\u0105dkiem publicznym.<\/li>\n<li>Wprowadza\u0107 wirusy komputerowe do sieci lub przeprowadza\u0107 dzia\u0142ania, kt\u00f3re mog\u0105 zmieni\u0107, zepsu\u0107, przerwa\u0107 lub wygenerowa\u0107 b\u0142\u0119dy lub uszkodzenia dokument\u00f3w elektronicznych, danych lub system\u00f3w fizycznych i logicznych W\u0141A\u015aCICIELA STRONY INTERNETOWEJ lub os\u00f3b trzecich; a tak\u017ce utrudnianie innym u\u017cytkownikom dost\u0119pu do serwisu i jego us\u0142ug poprzez masowe zu\u017cycie zasob\u00f3w komputera, za po\u015brednictwem kt\u00f3rego W\u0141A\u015aCICIEL STRONY INTERNETOWEJ \u015bwiadczy swoje us\u0142ugi.<\/li>\n<li>Pr\u00f3bowa\u0107 uzyska\u0107 dost\u0119p do kont e-mail innych u\u017cytkownik\u00f3w lub zastrze\u017conych obszar\u00f3w system\u00f3w komputerowych W\u0141A\u015aCICIELA STRONY INTERNETOWEJ lub stron trzecich i, w stosownych przypadkach, wydobywa\u0107 informacje.<\/li>\n<li>Naruszaj\u0105 prawa w\u0142asno\u015bci intelektualnej lub przemys\u0142owej, a tak\u017ce naruszaj\u0105 poufno\u015b\u0107 informacji W\u0141A\u015aCICIELA STRONY INTERNETOWEJ lub os\u00f3b trzecich.<\/li>\n<li>Podszywa\u0107 si\u0119 pod to\u017csamo\u015b\u0107 innego u\u017cytkownika, organ\u00f3w administracji publicznej lub strony trzeciej.<\/li>\n<li>Powiela\u0107, kopiowa\u0107, rozpowszechnia\u0107, udost\u0119pnia\u0107 lub w jakikolwiek inny spos\u00f3b publicznie przekazywa\u0107, przekszta\u0142ca\u0107 lub modyfikowa\u0107 zawarto\u015b\u0107, chyba \u017ce posiadasz upowa\u017cnienie w\u0142a\u015bciciela odpowiednich praw lub jest to prawnie dozwolone.<\/li>\n<li>Zbieraj dane do cel\u00f3w reklamowych i wysy\u0142aj wszelkiego rodzaju reklamy i komunikaty w celach sprzeda\u017cowych lub w innych celach komercyjnych bez Twojej wcze\u015bniejszej pro\u015bby i zgody.<\/li>\n<\/ol>\n<p>Ca\u0142a zawarto\u015b\u0107 serwisu, taka jak teksty, zdj\u0119cia, grafiki, obrazy, ikony, technologia, oprogramowanie, a tak\u017ce jego projekt graficzny i kody \u017ar\u00f3d\u0142owe, stanowi\u0105 utw\u00f3r, kt\u00f3rego w\u0142asno\u015b\u0107 stanowi w\u0142asno\u015b\u0107 W\u0141A\u015aCICIELA STRONY INTERNETOWEJ i nie mog\u0105 by\u0107 rozumiane jako przeni\u00f3s\u0142 na u\u017cytkownika wszelkie prawa do korzystania z nich w zakresie wykraczaj\u0105cym poza to, co jest \u015bci\u015ble niezb\u0119dne do prawid\u0142owego korzystania ze strony internetowej.<\/p>\n<p>Kr\u00f3tko m\u00f3wi\u0105c, u\u017cytkownicy uzyskuj\u0105cy dost\u0119p do tej witryny internetowej mog\u0105 przegl\u0105da\u0107 jej zawarto\u015b\u0107 i w razie potrzeby wykonywa\u0107 autoryzowane kopie prywatne, o ile powielone elementy nie zostan\u0105 nast\u0119pnie przekazane osobom trzecim, nie zostan\u0105 zainstalowane na serwerach pod\u0142\u0105czonych do sieci ani nie b\u0119d\u0105 podlega\u0107 \u017cadnego rodzaju wyzysku. Podobnie wszystkie marki, nazwy handlowe lub wszelkiego rodzaju znaki wyr\u00f3\u017cniaj\u0105ce pojawiaj\u0105ce si\u0119 na stronie internetowej s\u0105 w\u0142asno\u015bci\u0105 W\u0141A\u015aCICIELA STRONY INTERNETOWEJ, bez zrozumienia, \u017ce \u200b\u200bu\u017cycie lub dost\u0119p do nich przyznaje u\u017cytkownikowi jakiekolwiek prawa do nich. <\/p>\n<p>Dystrybucja, modyfikacja, przekazywanie lub publiczne udost\u0119pnianie tre\u015bci oraz wszelkie inne dzia\u0142ania, kt\u00f3re nie zosta\u0142y wyra\u017anie autoryzowane przez w\u0142a\u015bciciela praw do eksploatacji, s\u0105 zabronione.<\/p>\n<p>Utworzenie hiper\u0142\u0105cza nie oznacza w \u017cadnym przypadku istnienia powi\u0105za\u0144 pomi\u0119dzy W\u0141A\u015aCICIELEM STRONY INTERNETOWEJ a w\u0142a\u015bcicielem strony internetowej, na kt\u00f3rej jest ono umieszczone, ani akceptacji i zatwierdzenia przez W\u0141A\u015aCICIELA STRONY INTERNETOWEJ jej tre\u015bci lub us\u0142ug. . Osoby zamierzaj\u0105ce umie\u015bci\u0107 hiper\u0142\u0105cze musz\u0105 wcze\u015bniej zwr\u00f3ci\u0107 si\u0119 o pisemn\u0105 zgod\u0119 W\u0141A\u015aCICIELA STRONY INTERNETOWEJ. W ka\u017cdym przypadku hiper\u0142\u0105cze umo\u017cliwi jedynie dost\u0119p do strony g\u0142\u00f3wnej lub strony startowej naszej witryny i nie mo\u017ce zawiera\u0107 fa\u0142szywych, niedok\u0142adnych lub b\u0142\u0119dnych o\u015bwiadcze\u0144 lub wskaz\u00f3wek na temat W\u0141A\u015aCICIELA STRONY INTERNETOWEJ lub zawiera\u0107 nielegalnych, sprzecznych tre\u015bci. dobrych obyczaj\u00f3w i porz\u0105dku publicznego. W\u0141A\u015aCICIEL STRONY INTERNETOWEJ nie ponosi odpowiedzialno\u015bci za spos\u00f3b wykorzystania przez ka\u017cdego u\u017cytkownika materia\u0142\u00f3w udost\u0119pnionych w tym serwisie ani za dzia\u0142ania podejmowane na ich podstawie.   <\/p>\n<ol start=\"4\">\n<li><strong>WY\u0141\u0104CZENIE GWARANCJI I ODPOWIEDZIALNO\u015aCI<\/strong><\/li>\n<\/ol>\n<p>Zawarto\u015b\u0107 tej witryny ma charakter og\u00f3lny i ma cel wy\u0142\u0105cznie informacyjny, nie gwarantuj\u0105c w pe\u0142ni dost\u0119pu do wszystkich tre\u015bci, ani ich kompletno\u015bci, poprawno\u015bci, wa\u017cno\u015bci i aktualno\u015bci, ani przydatno\u015bci lub przydatno\u015bci do okre\u015blonego celu.<\/p>\n<p>W\u0141A\u015aCICIEL STRONY INTERNETOWEJ wyklucza, w zakresie dozwolonym przez system prawny, jak\u0105kolwiek odpowiedzialno\u015b\u0107 za szkody jakiegokolwiek rodzaju powsta\u0142e na skutek:<\/p>\n<ol>\n<li>Niemo\u017cno\u015b\u0107 dost\u0119pu do strony internetowej lub brak prawdziwo\u015bci, dok\u0142adno\u015bci, kompletno\u015bci i\/lub aktualno\u015bci tre\u015bci, a tak\u017ce istnienie wad i wad wszelkiego rodzaju tre\u015bci przesy\u0142anych, rozpowszechnianych, przechowywanych, udost\u0119pnianych osobom, kt\u00f3re uzyskano dost\u0119p za po\u015brednictwem strony internetowej lub oferowanych us\u0142ug.<\/li>\n<li>Obecno\u015b\u0107 wirus\u00f3w lub innych element\u00f3w w tre\u015bci, kt\u00f3re mog\u0105 powodowa\u0107 zmiany w systemach komputerowych, dokumentach elektronicznych lub danych u\u017cytkownika.<\/li>\n<li>Nieprzestrzeganie prawa, dobrej wiary, porz\u0105dku publicznego, praktyk drogowych i niniejszej informacji prawnej w wyniku nieprawid\u0142owego korzystania ze strony internetowej. W szczeg\u00f3lno\u015bci, tytu\u0142em przyk\u0142adu, W\u0141A\u015aCICIEL STRONY INTERNETOWEJ nie ponosi odpowiedzialno\u015bci za dzia\u0142ania os\u00f3b trzecich naruszaj\u0105ce prawa w\u0142asno\u015bci intelektualnej i przemys\u0142owej, tajemnice przedsi\u0119biorstwa, prawa do czci, prywatno\u015b\u0107 osobist\u0105 i rodzinn\u0105 oraz w\u0142asny wizerunek, a tak\u017ce przepisy dotycz\u0105ce nieuczciwej konkurencji i nielegalnej reklamy. <\/li>\n<\/ol>\n<p>Podobnie W\u0141A\u015aCICIEL STRONY INTERNETOWEJ nie ponosi \u017cadnej odpowiedzialno\u015bci za informacje znajduj\u0105ce si\u0119 poza t\u0105 witryn\u0105 i kt\u00f3rymi nie zarz\u0105dza bezpo\u015brednio nasz webmaster. Funkcja link\u00f3w pojawiaj\u0105cych si\u0119 na tej stronie internetowej polega wy\u0142\u0105cznie na informowaniu u\u017cytkownika o istnieniu innych \u017ar\u00f3de\u0142, kt\u00f3re mog\u0105 rozszerzy\u0107 zawarto\u015b\u0107 oferowan\u0105 przez t\u0119 stron\u0119. W\u0141A\u015aCICIEL STRONY INTERNETOWEJ nie gwarantuje ani nie ponosi odpowiedzialno\u015bci za dzia\u0142anie lub dost\u0119pno\u015b\u0107 stron, do kt\u00f3rych prowadz\u0105 linki; nie sugeruje, nie zaprasza ani nie poleca ich odwiedzania, zatem nie ponosi odpowiedzialno\u015bci za uzyskany wynik. W\u0141A\u015aCICIEL STRONY INTERNETOWEJ nie ponosi odpowiedzialno\u015bci za umieszczanie hiper\u0142\u0105czy przez osoby trzecie.   <\/p>\n<ol start=\"5\">\n<li><strong>POLITYKA PRYWATNO\u015aCI<\/strong><\/li>\n<\/ol>\n<p>Z nasz\u0105 polityk\u0105 prywatno\u015bci mo\u017cesz zapozna\u0107 si\u0119 poni\u017cej <strong><u><a href=\"https:\/\/hornynails.com\/politicas-de-privacidad\/\">enlace<\/a><\/u><\/strong>.<\/p>\n<ol start=\"6\">\n<li><strong>POST\u0118POWANIE W PRZYPADKU PROWADZENIA DZIA\u0141ALNO\u015aCI O NIELEGALNYM CHARAKTERZE<\/strong><\/li>\n<\/ol>\n<p>W przypadku, gdy jakikolwiek u\u017cytkownik lub osoba trzecia uzna, \u017ce \u200b\u200bistniej\u0105 fakty lub okoliczno\u015bci ujawniaj\u0105ce nielegalny charakter wykorzystania jakiejkolwiek tre\u015bci i\/lub wykonywania jakiejkolwiek czynno\u015bci na stronach internetowych zawartych lub dost\u0119pnych za po\u015brednictwem witryny internetowej, musi wys\u0142a\u0107 powiadomienie W\u0141A\u015aCICIELA STRONY INTERNETOWEJ, nale\u017cycie identyfikuj\u0105c si\u0119, okre\u015blaj\u0105c domniemane naruszenia i wyra\u017anie o\u015bwiadczaj\u0105c i na swoj\u0105 odpowiedzialno\u015b\u0107, \u017ce informacje podane w powiadomieniu s\u0105 dok\u0142adne.<\/p>\n<p>Strony wyra\u017anie poddaj\u0105 si\u0119, w przypadku jakichkolwiek pyta\u0144 lub nieporozumie\u0144, kt\u00f3re mog\u0105 wynikn\u0105\u0107 w zwi\u0105zku z interpretacj\u0105, przestrzeganiem i wykonaniem niniejszej umowy, jurysdykcji i kompetencji s\u0105d\u00f3w i trybuna\u0142\u00f3w w\u0142a\u015bciwych dla miejsca zamieszkania u\u017cytkownika lub miejsca spe\u0142nienia zobowi\u0105zanie umowne.<\/p>\n<ol start=\"7\">\n<li><strong>PUBLIKACJE<\/strong><\/li>\n<\/ol>\n<p>Informacje administracyjne udost\u0119pniane za po\u015brednictwem serwisu nie zast\u0119puj\u0105 prawnej publikacji przepis\u00f3w ustawowych, wykonawczych, plan\u00f3w, przepis\u00f3w og\u00f3lnych i akt\u00f3w, kt\u00f3re podlegaj\u0105 formalnej publikacji w dziennikach urz\u0119dowych administracji publicznej, co stanowi jedyny instrument po\u015bwiadczaj\u0105cy ich autentyczno\u015b\u0107 i tre\u015b\u0107. Informacje dost\u0119pne na tej stronie nale\u017cy rozumie\u0107 jako wskaz\u00f3wki nie posiadaj\u0105ce mocy prawnej. <\/p>\n\t\t\t\t\t\t\t\t<\/div>\n\t\t\t\t<\/div>\n\t\t\t\t\t<\/div>\n\t\t<\/div>\n\t\t\t\t\t<\/div>\n\t\t<\/section>\n\t\t\t\t<\/div>\n\t\t","protected":false},"excerpt":{"rendered":"<p>Nota prawna CEL I AKCEPTACJA Niniejsza nota prawna reguluje korzystanie z serwisu internetowego (zwanego dalej STRONA INTERNETOWA), kt\u00f3rego w\u0142a\u015bcicielem jest [&hellip;]<\/p>\n","protected":false},"author":1,"featured_media":0,"parent":0,"menu_order":0,"comment_status":"closed","ping_status":"closed","template":"","meta":{"site-sidebar-layout":"no-sidebar","site-content-layout":"","ast-site-content-layout":"full-width-container","site-content-style":"default","site-sidebar-style":"default","ast-global-header-display":"","ast-banner-title-visibility":"","ast-main-header-display":"","ast-hfb-above-header-display":"","ast-hfb-below-header-display":"","ast-hfb-mobile-header-display":"","site-post-title":"disabled","ast-breadcrumbs-content":"","ast-featured-img":"disabled","footer-sml-layout":"","theme-transparent-header-meta":"","adv-header-id-meta":"","stick-header-meta":"","header-above-stick-meta":"","header-main-stick-meta":"","header-below-stick-meta":"","astra-migrate-meta-layouts":"default","ast-page-background-enabled":"default","ast-page-background-meta":{"desktop":{"background-color":"var(--ast-global-color-4)","background-image":"","background-repeat":"repeat","background-position":"center center","background-size":"auto","background-attachment":"scroll","background-type":"","background-media":"","overlay-type":"","overlay-color":"","overlay-opacity":"","overlay-gradient":""},"tablet":{"background-color":"","background-image":"","background-repeat":"repeat","background-position":"center center","background-size":"auto","background-attachment":"scroll","background-type":"","background-media":"","overlay-type":"","overlay-color":"","overlay-opacity":"","overlay-gradient":""},"mobile":{"background-color":"","background-image":"","background-repeat":"repeat","background-position":"center center","background-size":"auto","background-attachment":"scroll","background-type":"","background-media":"","overlay-type":"","overlay-color":"","overlay-opacity":"","overlay-gradient":""}},"ast-content-background-meta":{"desktop":{"background-color":"var(--ast-global-color-5)","background-image":"","background-repeat":"repeat","background-position":"center center","background-size":"auto","background-attachment":"scroll","background-type":"","background-media":"","overlay-type":"","overlay-color":"","overlay-opacity":"","overlay-gradient":""},"tablet":{"background-color":"var(--ast-global-color-5)","background-image":"","background-repeat":"repeat","background-position":"center center","background-size":"auto","background-attachment":"scroll","background-type":"","background-media":"","overlay-type":"","overlay-color":"","overlay-opacity":"","overlay-gradient":""},"mobile":{"background-color":"var(--ast-global-color-5)","background-image":"","background-repeat":"repeat","background-position":"center center","background-size":"auto","background-attachment":"scroll","background-type":"","background-media":"","overlay-type":"","overlay-color":"","overlay-opacity":"","overlay-gradient":""}},"footnotes":""},"class_list":["post-1645","page","type-page","status-publish","hentry"],"_links":{"self":[{"href":"https:\/\/byebirds.com\/pl\/wp-json\/wp\/v2\/pages\/1645","targetHints":{"allow":["GET"]}}],"collection":[{"href":"https:\/\/byebirds.com\/pl\/wp-json\/wp\/v2\/pages"}],"about":[{"href":"https:\/\/byebirds.com\/pl\/wp-json\/wp\/v2\/types\/page"}],"author":[{"embeddable":true,"href":"https:\/\/byebirds.com\/pl\/wp-json\/wp\/v2\/users\/1"}],"replies":[{"embeddable":true,"href":"https:\/\/byebirds.com\/pl\/wp-json\/wp\/v2\/comments?post=1645"}],"version-history":[{"count":1,"href":"https:\/\/byebirds.com\/pl\/wp-json\/wp\/v2\/pages\/1645\/revisions"}],"predecessor-version":[{"id":1646,"href":"https:\/\/byebirds.com\/pl\/wp-json\/wp\/v2\/pages\/1645\/revisions\/1646"}],"wp:attachment":[{"href":"https:\/\/byebirds.com\/pl\/wp-json\/wp\/v2\/media?parent=1645"}],"curies":[{"name":"wp","href":"https:\/\/api.w.org\/{rel}","templated":true}]}}