{"id":1649,"date":"2024-11-12T18:28:03","date_gmt":"2024-11-12T17:28:03","guid":{"rendered":"https:\/\/byebirds.com\/cookies\/"},"modified":"2024-11-13T15:17:12","modified_gmt":"2024-11-13T14:17:12","slug":"cookies","status":"publish","type":"page","link":"https:\/\/byebirds.com\/pl\/cookies\/","title":{"rendered":"Cookies"},"content":{"rendered":"\t\t<div data-elementor-type=\"wp-page\" data-elementor-id=\"1649\" class=\"elementor elementor-1649 elementor-1349\" data-elementor-post-type=\"page\">\n\t\t\t\t\t\t<section class=\"ob-is-breaking-bad elementor-section elementor-top-section elementor-element elementor-element-c1d1255 elementor-section-boxed elementor-section-height-default elementor-section-height-default\" data-id=\"c1d1255\" data-element_type=\"section\" data-settings=\"{&quot;_ob_bbad_use_it&quot;:&quot;yes&quot;,&quot;_ob_bbad_sssic_use&quot;:&quot;no&quot;,&quot;_ob_glider_is_slider&quot;:&quot;no&quot;}\">\n\t\t\t\t\t\t<div class=\"elementor-container elementor-column-gap-default\">\n\t\t\t\t\t<div class=\"elementor-column elementor-col-100 elementor-top-column elementor-element elementor-element-4f56b9b\" data-id=\"4f56b9b\" data-element_type=\"column\" data-settings=\"{&quot;_ob_bbad_is_stalker&quot;:&quot;no&quot;,&quot;_ob_teleporter_use&quot;:false,&quot;_ob_column_hoveranimator&quot;:&quot;no&quot;,&quot;_ob_column_has_pseudo&quot;:&quot;no&quot;}\">\n\t\t\t<div class=\"elementor-widget-wrap elementor-element-populated\">\n\t\t\t\t\t\t<div class=\"elementor-element elementor-element-24f7ab4 ob-harakiri-inherit ob-has-background-overlay elementor-widget elementor-widget-heading\" data-id=\"24f7ab4\" data-element_type=\"widget\" data-settings=\"{&quot;_ob_use_harakiri&quot;:&quot;yes&quot;,&quot;_ob_harakiri_writing_mode&quot;:&quot;inherit&quot;,&quot;_ob_harakiri_text_clip&quot;:&quot;none&quot;,&quot;_ob_perspektive_use&quot;:&quot;no&quot;,&quot;_ob_poopart_use&quot;:&quot;yes&quot;,&quot;_ob_shadough_use&quot;:&quot;no&quot;,&quot;_ob_allow_hoveranimator&quot;:&quot;no&quot;,&quot;_ob_widget_stalker_use&quot;:&quot;no&quot;}\" data-widget_type=\"heading.default\">\n\t\t\t\t<div class=\"elementor-widget-container\">\n\t\t\t\t\t<h2 class=\"elementor-heading-title elementor-size-default\">Cookies<\/h2>\t\t\t\t<\/div>\n\t\t\t\t<\/div>\n\t\t\t\t<div class=\"elementor-element elementor-element-7750896 ob-harakiri-inherit ob-has-background-overlay elementor-widget elementor-widget-text-editor\" data-id=\"7750896\" data-element_type=\"widget\" data-settings=\"{&quot;_ob_use_harakiri&quot;:&quot;yes&quot;,&quot;_ob_harakiri_writing_mode&quot;:&quot;inherit&quot;,&quot;_ob_postman_use&quot;:&quot;no&quot;,&quot;_ob_perspektive_use&quot;:&quot;no&quot;,&quot;_ob_poopart_use&quot;:&quot;yes&quot;,&quot;_ob_shadough_use&quot;:&quot;no&quot;,&quot;_ob_allow_hoveranimator&quot;:&quot;no&quot;,&quot;_ob_widget_stalker_use&quot;:&quot;no&quot;}\" data-widget_type=\"text-editor.default\">\n\t\t\t\t<div class=\"elementor-widget-container\">\n\t\t\t\t\t\t\t\t\t<ol>\n<li><strong>Wst\u0119p<\/strong><\/li>\n<\/ol>\n<p>Nasza strona internetowa (dalej: \u201estrona internetowa\u201d) wykorzystuje pliki cookies i inne powi\u0105zane technologie (dla wygody wszystkie technologie nazywane s\u0105 \u201ecookies\u201d). Pliki cookies umieszczaj\u0105 tak\u017ce strony trzecie, z kt\u00f3rymi wsp\u00f3\u0142pracujemy. W poni\u017cszym dokumencie informujemy Ci\u0119 o u\u017cywaniu plik\u00f3w cookies na naszej stronie internetowej.  <\/p>\n<ol start=\"2\">\n<li><strong>Co to s\u0105 pliki cookie?<\/strong><\/li>\n<\/ol>\n<p>Plik cookie to ma\u0142y, prosty plik wysy\u0142any wraz ze stronami tej witryny i przechowywany przez Twoj\u0105 przegl\u0105dark\u0119 na dysku twardym Twojego komputera lub innego urz\u0105dzenia. Przechowywane informacje mog\u0105 zosta\u0107 zwr\u00f3cone na nasze serwery lub serwery odpowiednich stron trzecich podczas kolejnej wizyty. <\/p>\n<ol start=\"3\">\n<li><strong>Co to s\u0105 skrypty?<\/strong><\/li>\n<\/ol>\n<p>Skrypt to fragment kodu programu u\u017cywany do zapewnienia prawid\u0142owego i interaktywnego dzia\u0142ania naszej witryny internetowej. Ten kod dzia\u0142a na naszym serwerze lub na Twoim urz\u0105dzeniu. <\/p>\n<ol start=\"4\">\n<li><strong>Co to jest sygna\u0142 nawigacyjny w sieci Web?<\/strong><\/li>\n<\/ol>\n<p>Sygna\u0142 nawigacyjny w sieci Web (lub znacznik pikselowy) to ma\u0142y, niewidoczny fragment tekstu lub obrazu w witrynie internetowej, kt\u00f3ry s\u0142u\u017cy do monitorowania ruchu w witrynie. W tym celu r\u00f3\u017cne dane o Tobie s\u0105 przechowywane za pomoc\u0105 sygna\u0142\u00f3w nawigacyjnych. <\/p>\n<ol start=\"5\">\n<li><strong>Zgoda<\/strong><\/li>\n<\/ol>\n<p>Kiedy odwiedzisz nasz\u0105 stron\u0119 po raz pierwszy, wy\u015bwietlimy Ci wyskakuj\u0105ce okienko z obja\u015bnieniem plik\u00f3w cookie. Gdy tylko klikniesz \u201eZapisz preferencje\u201d, upowa\u017cniasz nas do korzystania z kategorii plik\u00f3w cookie i wtyczek wybranych w wyskakuj\u0105cym oknie, zgodnie z opisem w niniejszej deklaracji dotycz\u0105cej plik\u00f3w cookie. Mo\u017cesz wy\u0142\u0105czy\u0107 obs\u0142ug\u0119 plik\u00f3w cookies w swojej przegl\u0105darce, ale pami\u0119taj, \u017ce nasza strona internetowa mo\u017ce nie dzia\u0142a\u0107 prawid\u0142owo.  <\/p>\n<p>5.1 Zarz\u0105dzanie ustawieniami zg\u00f3d<\/p>\n<p>U\u017cytkownik ma prawo wyrazi\u0107 swoj\u0105 zgod\u0119 poprzez wyra\u017cenie zgody, o kt\u00f3r\u0105 poprosimy podczas odwiedzania naszej witryny.<\/p>\n<p>Zgoda ta mo\u017ce by\u0107 modyfikowana w dowolnym momencie.<\/p>\n<ol start=\"6\">\n<li><strong>Cookies<\/strong><\/li>\n<\/ol>\n<p>6.1 Techniczne lub funkcjonalne pliki cookie<\/p>\n<p>Niekt\u00f3re pliki cookie zapewniaj\u0105 prawid\u0142owe dzia\u0142anie niekt\u00f3rych cz\u0119\u015bci witryny i poznanie preferencji u\u017cytkownika. Umieszczaj\u0105c funkcjonalne pliki cookies, u\u0142atwiamy Ci odwiedzanie naszej strony internetowej. Dzi\u0119ki temu nie musisz wielokrotnie wpisywa\u0107 tych samych informacji podczas odwiedzania naszej strony internetowej i np. artyku\u0142y pozostaj\u0105 w Twoim koszyku do czasu uiszczenia p\u0142atno\u015bci. Mo\u017cemy umie\u015bci\u0107 te pliki cookie bez Twojej zgody.   <\/p>\n<p>6.2 Analityczne pliki cookie<\/p>\n<p>To takie, kt\u00f3re dobrze potraktowane przez nas lub przez osoby trzecie, pozwalaj\u0105 nam okre\u015bli\u0107 ilo\u015bciowo liczb\u0119 u\u017cytkownik\u00f3w, a tym samym przeprowadzi\u0107 pomiar i analiz\u0119 statystyczn\u0105 korzystania przez u\u017cytkownik\u00f3w z oferowanej us\u0142ugi. W tym celu analizowana jest Twoja nawigacja na naszej stronie internetowej, aby ulepszy\u0107 ofert\u0119 oferowanych przez nas produkt\u00f3w lub us\u0142ug. <\/p>\n<p>6.3 Reklamowe pliki cookies<\/p>\n<p>To takie, kt\u00f3re dobrze potraktowane przez nas lub przez osoby trzecie, pozwalaj\u0105 nam w najefektywniejszy spos\u00f3b zarz\u0105dza\u0107 ofert\u0105 powierzchni reklamowych w serwisie, dostosowuj\u0105c tre\u015b\u0107 reklamy do tre\u015bci \u017c\u0105danej us\u0142ugi lub wykorzystywanego sposobu u\u017cytkowania. naszej strony internetowej. W tym celu mo\u017cemy analizowa\u0107 Twoje nawyki przegl\u0105dania Internetu i wy\u015bwietla\u0107 Ci reklamy powi\u0105zane z Twoim profilem przegl\u0105dania. <\/p>\n<p>6.4 Przyciski medi\u00f3w spo\u0142eczno\u015bciowych<\/p>\n<p>Na naszej stronie umie\u015bcili\u015bmy przyciski umo\u017cliwiaj\u0105ce reklamowanie stron (np. \u201epolubienie\u201d, przypinanie) lub udost\u0119pnianie ich (np. \u201etweetowanie\u201d) w sieciach spo\u0142eczno\u015bciowych takich jak. Przyciski te dzia\u0142aj\u0105 przy u\u017cyciu w\u0142asnego kodu. Ten kod osadza pliki cookie. Te przyciski medi\u00f3w spo\u0142eczno\u015bciowych mog\u0105 przechowywa\u0107 i przetwarza\u0107 okre\u015blone informacje, w zwi\u0105zku z czym mo\u017ce zosta\u0107 wy\u015bwietlona Ci spersonalizowana reklama.   <\/p>\n<p>Prosimy zapozna\u0107 si\u0119 z polityk\u0105 prywatno\u015bci tych sieci spo\u0142eczno\u015bciowych (kt\u00f3ra mo\u017ce si\u0119 cz\u0119sto zmienia\u0107), aby dowiedzie\u0107 si\u0119, co robi\u0105 z Twoimi (osobistymi) danymi, kt\u00f3re przetwarzaj\u0105 za pomoc\u0105 tych plik\u00f3w cookie. Dane, kt\u00f3re otrzymuj\u0105, s\u0105 w miar\u0119 mo\u017cliwo\u015bci anonimowe i znajduj\u0105 si\u0119 w Stanach Zjednoczonych <\/p>\n<ol start=\"7\">\n<li><strong>U\u017cywane pliki cookie<\/strong><\/li>\n<\/ol>\n<p>Poni\u017cej wskazujemy pliki cookies wykorzystywane na tej stronie.<\/p>\n<ol start=\"8\">\n<li>Twoje prawa dotycz\u0105ce danych osobowych<\/li>\n<\/ol>\n<p>Przys\u0142uguj\u0105 Ci nast\u0119puj\u0105ce prawa dotycz\u0105ce Twoich danych osobowych:<\/p>\n<ul>\n<li>Masz prawo wiedzie\u0107, dlaczego Twoje dane osobowe s\u0105 potrzebne, co si\u0119 z nimi stanie i jak d\u0142ugo b\u0119d\u0105 przechowywane.<\/li>\n<li>Prawo dost\u0119pu: Masz prawo dost\u0119pu do swoich danych osobowych, kt\u00f3re znamy.<\/li>\n<li>Prawo do sprostowania: masz prawo do uzupe\u0142nienia, sprostowania, usuni\u0119cia lub zablokowania swoich danych osobowych, kiedy tylko chcesz.<\/li>\n<li>Je\u017celi wyrazi\u0142e\u015b nam zgod\u0119 na przetwarzanie swoich danych, masz prawo do jej cofni\u0119cia i usuni\u0119cia swoich danych osobowych.<\/li>\n<li>Prawo do przenoszenia danych: masz prawo \u017c\u0105dania od administratora wszystkich swoich danych osobowych oraz przeniesienia ich w ca\u0142o\u015bci do innego administratora danych.<\/li>\n<li>Prawo do sprzeciwu: mo\u017cesz sprzeciwi\u0107 si\u0119 przetwarzaniu Twoich danych. Przestrzegamy tego, chyba \u017ce istniej\u0105 uzasadnione podstawy przetwarzania. <\/li>\n<\/ul>\n<p>Aby skorzysta\u0107 z tych praw, skontaktuj si\u0119 z nami. Prosimy zapozna\u0107 si\u0119 z danymi kontaktowymi znajduj\u0105cymi si\u0119 na dole niniejszego o\u015bwiadczenia dotycz\u0105cego plik\u00f3w cookie. Je\u017celi masz jakiekolwiek skargi dotycz\u0105ce sposobu, w jaki post\u0119pujemy z Twoimi danymi, chcieliby\u015bmy je pozna\u0107, ale masz r\u00f3wnie\u017c prawo z\u0142o\u017cy\u0107 skarg\u0119 do organu nadzorczego (Urz\u0105du Ochrony Danych).  <\/p>\n<ol start=\"9\">\n<li><strong>W\u0142\u0105czanie\/wy\u0142\u0105czanie i usuwanie plik\u00f3w cookie<\/strong><\/li>\n<\/ol>\n<p>Mo\u017cesz u\u017cywa\u0107 swojej przegl\u0105darki internetowej do automatycznego lub r\u0119cznego usuwania plik\u00f3w cookies. Mo\u017cesz tak\u017ce okre\u015bli\u0107, \u017ce nie mo\u017cna umieszcza\u0107 niekt\u00f3rych plik\u00f3w cookie. Inn\u0105 mo\u017cliwo\u015bci\u0105 jest zmiana ustawie\u0144 przegl\u0105darki internetowej w taki spos\u00f3b, aby za ka\u017cdym razem, gdy zostanie umieszczony plik cookie, pojawia\u0142a si\u0119 informacja. Aby uzyska\u0107 wi\u0119cej informacji na temat tych opcji, zapoznaj si\u0119 z instrukcjami w sekcji Pomoc swojej przegl\u0105darki.   <\/p>\n<p>Nale\u017cy pami\u0119ta\u0107, \u017ce nasza strona internetowa mo\u017ce nie dzia\u0142a\u0107 poprawnie, je\u015bli wszystkie pliki cookie zostan\u0105 wy\u0142\u0105czone. Je\u015bli usuniesz pliki cookie ze swojej przegl\u0105darki, zostan\u0105 one ponownie umieszczone po Twojej zgodzie, gdy ponownie odwiedzisz nasze strony internetowe. <\/p>\n<ol start=\"10\">\n<li><strong>Dane kontaktowe<\/strong><\/li>\n<\/ol>\n<p>W przypadku pyta\u0144 i\/lub komentarzy dotycz\u0105cych naszej polityki dotycz\u0105cej plik\u00f3w cookie oraz niniejszego o\u015bwiadczenia, prosimy o kontakt, korzystaj\u0105c z nast\u0119puj\u0105cych danych kontaktowych:<\/p>\n<ul>\n<li>Osob\u0105 odpowiedzialn\u0105 jest <strong>Carlos Uriarte<\/strong><\/li>\n<li>Tw\u00f3j CIF to: <strong>B39755897<\/strong> <\/li>\n<li>Jego adres jest pod adresem: <strong>Pol\u00edgono Ind. de Guarnizo. Centro de Negocios, Nave 3, 39611, Guarnizo, Cantabria  <\/strong><\/li>\n<li>E-mail<strong>: info@byebirds.com<\/strong><\/li>\n<\/ul>\n\t\t\t\t\t\t\t\t<\/div>\n\t\t\t\t<\/div>\n\t\t\t\t\t<\/div>\n\t\t<\/div>\n\t\t\t\t\t<\/div>\n\t\t<\/section>\n\t\t\t\t<\/div>\n\t\t","protected":false},"excerpt":{"rendered":"<p>Cookies Wst\u0119p Nasza strona internetowa (dalej: \u201estrona internetowa\u201d) wykorzystuje pliki cookies i inne powi\u0105zane technologie (dla wygody wszystkie technologie nazywane [&hellip;]<\/p>\n","protected":false},"author":1,"featured_media":0,"parent":0,"menu_order":0,"comment_status":"closed","ping_status":"closed","template":"","meta":{"site-sidebar-layout":"no-sidebar","site-content-layout":"","ast-site-content-layout":"full-width-container","site-content-style":"default","site-sidebar-style":"default","ast-global-header-display":"","ast-banner-title-visibility":"","ast-main-header-display":"","ast-hfb-above-header-display":"","ast-hfb-below-header-display":"","ast-hfb-mobile-header-display":"","site-post-title":"disabled","ast-breadcrumbs-content":"","ast-featured-img":"disabled","footer-sml-layout":"","theme-transparent-header-meta":"","adv-header-id-meta":"","stick-header-meta":"","header-above-stick-meta":"","header-main-stick-meta":"","header-below-stick-meta":"","astra-migrate-meta-layouts":"default","ast-page-background-enabled":"default","ast-page-background-meta":{"desktop":{"background-color":"var(--ast-global-color-4)","background-image":"","background-repeat":"repeat","background-position":"center center","background-size":"auto","background-attachment":"scroll","background-type":"","background-media":"","overlay-type":"","overlay-color":"","overlay-opacity":"","overlay-gradient":""},"tablet":{"background-color":"","background-image":"","background-repeat":"repeat","background-position":"center center","background-size":"auto","background-attachment":"scroll","background-type":"","background-media":"","overlay-type":"","overlay-color":"","overlay-opacity":"","overlay-gradient":""},"mobile":{"background-color":"","background-image":"","background-repeat":"repeat","background-position":"center center","background-size":"auto","background-attachment":"scroll","background-type":"","background-media":"","overlay-type":"","overlay-color":"","overlay-opacity":"","overlay-gradient":""}},"ast-content-background-meta":{"desktop":{"background-color":"var(--ast-global-color-5)","background-image":"","background-repeat":"repeat","background-position":"center center","background-size":"auto","background-attachment":"scroll","background-type":"","background-media":"","overlay-type":"","overlay-color":"","overlay-opacity":"","overlay-gradient":""},"tablet":{"background-color":"var(--ast-global-color-5)","background-image":"","background-repeat":"repeat","background-position":"center center","background-size":"auto","background-attachment":"scroll","background-type":"","background-media":"","overlay-type":"","overlay-color":"","overlay-opacity":"","overlay-gradient":""},"mobile":{"background-color":"var(--ast-global-color-5)","background-image":"","background-repeat":"repeat","background-position":"center center","background-size":"auto","background-attachment":"scroll","background-type":"","background-media":"","overlay-type":"","overlay-color":"","overlay-opacity":"","overlay-gradient":""}},"footnotes":""},"class_list":["post-1649","page","type-page","status-publish","hentry"],"_links":{"self":[{"href":"https:\/\/byebirds.com\/pl\/wp-json\/wp\/v2\/pages\/1649","targetHints":{"allow":["GET"]}}],"collection":[{"href":"https:\/\/byebirds.com\/pl\/wp-json\/wp\/v2\/pages"}],"about":[{"href":"https:\/\/byebirds.com\/pl\/wp-json\/wp\/v2\/types\/page"}],"author":[{"embeddable":true,"href":"https:\/\/byebirds.com\/pl\/wp-json\/wp\/v2\/users\/1"}],"replies":[{"embeddable":true,"href":"https:\/\/byebirds.com\/pl\/wp-json\/wp\/v2\/comments?post=1649"}],"version-history":[{"count":1,"href":"https:\/\/byebirds.com\/pl\/wp-json\/wp\/v2\/pages\/1649\/revisions"}],"predecessor-version":[{"id":1650,"href":"https:\/\/byebirds.com\/pl\/wp-json\/wp\/v2\/pages\/1649\/revisions\/1650"}],"wp:attachment":[{"href":"https:\/\/byebirds.com\/pl\/wp-json\/wp\/v2\/media?parent=1649"}],"curies":[{"name":"wp","href":"https:\/\/api.w.org\/{rel}","templated":true}]}}