{"id":1696,"date":"2024-11-12T18:23:48","date_gmt":"2024-11-12T17:23:48","guid":{"rendered":"https:\/\/byebirds.com\/aviso-legal\/"},"modified":"2024-11-13T15:41:47","modified_gmt":"2024-11-13T14:41:47","slug":"aviso-legal","status":"publish","type":"page","link":"https:\/\/byebirds.com\/pt-pt\/aviso-legal\/","title":{"rendered":"Aviso Legal"},"content":{"rendered":"\t\t<div data-elementor-type=\"wp-page\" data-elementor-id=\"1696\" class=\"elementor elementor-1696 elementor-1338\" data-elementor-post-type=\"page\">\n\t\t\t\t\t\t<section class=\"ob-is-breaking-bad elementor-section elementor-top-section elementor-element elementor-element-68d4295 elementor-section-boxed elementor-section-height-default elementor-section-height-default\" data-id=\"68d4295\" data-element_type=\"section\" data-settings=\"{&quot;_ob_bbad_use_it&quot;:&quot;yes&quot;,&quot;_ob_bbad_sssic_use&quot;:&quot;no&quot;,&quot;_ob_glider_is_slider&quot;:&quot;no&quot;}\">\n\t\t\t\t\t\t<div class=\"elementor-container elementor-column-gap-default\">\n\t\t\t\t\t<div class=\"elementor-column elementor-col-100 elementor-top-column elementor-element elementor-element-ad5ba79\" data-id=\"ad5ba79\" data-element_type=\"column\" data-settings=\"{&quot;_ob_bbad_is_stalker&quot;:&quot;no&quot;,&quot;_ob_teleporter_use&quot;:false,&quot;_ob_column_hoveranimator&quot;:&quot;no&quot;,&quot;_ob_column_has_pseudo&quot;:&quot;no&quot;}\">\n\t\t\t<div class=\"elementor-widget-wrap elementor-element-populated\">\n\t\t\t\t\t\t<div class=\"elementor-element elementor-element-489715a ob-harakiri-inherit ob-has-background-overlay elementor-widget elementor-widget-heading\" data-id=\"489715a\" data-element_type=\"widget\" data-settings=\"{&quot;_ob_use_harakiri&quot;:&quot;yes&quot;,&quot;_ob_harakiri_writing_mode&quot;:&quot;inherit&quot;,&quot;_ob_harakiri_text_clip&quot;:&quot;none&quot;,&quot;_ob_perspektive_use&quot;:&quot;no&quot;,&quot;_ob_poopart_use&quot;:&quot;yes&quot;,&quot;_ob_shadough_use&quot;:&quot;no&quot;,&quot;_ob_allow_hoveranimator&quot;:&quot;no&quot;,&quot;_ob_widget_stalker_use&quot;:&quot;no&quot;}\" data-widget_type=\"heading.default\">\n\t\t\t\t<div class=\"elementor-widget-container\">\n\t\t\t\t\t<h2 class=\"elementor-heading-title elementor-size-default\">Aviso Legal<\/h2>\t\t\t\t<\/div>\n\t\t\t\t<\/div>\n\t\t\t\t<div class=\"elementor-element elementor-element-9a5fea1 ob-harakiri-inherit ob-has-background-overlay elementor-widget elementor-widget-text-editor\" data-id=\"9a5fea1\" data-element_type=\"widget\" data-settings=\"{&quot;_ob_use_harakiri&quot;:&quot;yes&quot;,&quot;_ob_harakiri_writing_mode&quot;:&quot;inherit&quot;,&quot;_ob_postman_use&quot;:&quot;no&quot;,&quot;_ob_perspektive_use&quot;:&quot;no&quot;,&quot;_ob_poopart_use&quot;:&quot;yes&quot;,&quot;_ob_shadough_use&quot;:&quot;no&quot;,&quot;_ob_allow_hoveranimator&quot;:&quot;no&quot;,&quot;_ob_widget_stalker_use&quot;:&quot;no&quot;}\" data-widget_type=\"text-editor.default\">\n\t\t\t\t<div class=\"elementor-widget-container\">\n\t\t\t\t\t\t\t\t\t<ol>\n<li><strong>OBJETIVO E ACEITA\u00c7\u00c3O<\/strong><\/li>\n<\/ol>\n<p>Este aviso legal regula a utiliza\u00e7\u00e3o do site (doravante, O SITE), do qual \u00e9 propriet\u00e1rio.<strong>ByeBirds.<\/strong><br \/><strong> <\/strong>(doravante, O PROPRIET\u00c1RIO DO SITE).<\/p>\n<p>A navega\u00e7\u00e3o no site do PROPRIET\u00c1RIO DA WEB atribui a condi\u00e7\u00e3o de utilizador do mesmo e implica a aceita\u00e7\u00e3o plena e sem reservas de todas e cada uma das disposi\u00e7\u00f5es inclu\u00eddas no presente Aviso Legal, que podem ser modificadas.<\/p>\n<p>O utilizador compromete-se a fazer uma utiliza\u00e7\u00e3o correta do site de acordo com as leis, a boa f\u00e9, a ordem p\u00fablica, as pr\u00e1ticas de tr\u00e1fego e este Aviso Legal. O utilizador ser\u00e1 respons\u00e1vel perante O PROPRIET\u00c1RIO DO SITE ou perante terceiros por quaisquer danos que possam ser causados \u200b\u200bpelo incumprimento da referida obriga\u00e7\u00e3o. <\/p>\n<ol start=\"2\">\n<li><strong>IDENTIFICA\u00c7\u00c3O E COMUNICA\u00c7\u00d5ES<\/strong><\/li>\n<\/ol>\n<p>O PROPRIET\u00c1RIO DO SITE, em cumprimento da Lei 34\/2002, de 11 de Julho, de Servi\u00e7os da Sociedade da Informa\u00e7\u00e3o e Com\u00e9rcio Electr\u00f3nico, informa que:<\/p>\n<ul>\n<li>O respons\u00e1vel \u00e9 <strong>Carlos Uriarte<\/strong><\/li>\n<li>O seu CIF \u00e9: <strong>B39755897<\/strong><\/li>\n<li>O endere\u00e7o dele \u00e9:<strong> Pol\u00edgono Ind. de Guarnizo. Centro de Negocios, Nave 3, 39611, Guarnizo, Cantabria  <\/strong><\/li>\n<li>E-mail<strong>: info@byebirds.com<\/strong><\/li>\n<li>Inscrito no registo comercial.<\/li>\n<\/ul>\n<p>Para comunicar connosco, disponibilizamos diversos meios de contacto que detalhamos a seguir:<\/p>\n<ul>\n<li>E-mail<strong>: info@byebirds.com<\/strong><\/li>\n<li>Telefone:<strong><span aria-label=\"Llamar al n\u00famero de tel\u00e9fono 601 54 83 80\">655 64 26 28<\/span><\/strong><\/li>\n<\/ul>\n<p>Todas as notifica\u00e7\u00f5es e comunica\u00e7\u00f5es entre os utilizadores e o PROPRIET\u00c1RIO DO SITE ser\u00e3o consideradas eficazes, para todos os efeitos, quando realizadas por correio postal ou qualquer outro meio acima detalhado.<\/p>\n<ol start=\"3\">\n<li><strong>CONDI\u00c7\u00d5ES DE ACESSO E UTILIZA\u00c7\u00c3O<\/strong><\/li>\n<\/ol>\n<p>O site e os seus servi\u00e7os s\u00e3o de livre acesso, no entanto, O PROPRIET\u00c1RIO DO SITE condiciona a utiliza\u00e7\u00e3o de alguns dos servi\u00e7os oferecidos no seu site ao pr\u00e9vio preenchimento do formul\u00e1rio correspondente.<\/p>\n<p>O utilizador garante a autenticidade e atualidade de todos os dados comunicados ao PROPRIET\u00c1RIO DO SITE e ser\u00e1 o \u00fanico respons\u00e1vel por quaisquer declara\u00e7\u00f5es falsas ou inexatas que realize.<\/p>\n<p>O utilizador compromete-se expressamente a fazer um uso adequado dos conte\u00fados e servi\u00e7os do PROPRIET\u00c1RIO DO SITE e a n\u00e3o os utilizar para, entre outros:<\/p>\n<ol>\n<li>Difundir conte\u00fados criminosos, violentos, pornogr\u00e1ficos, racistas, xen\u00f3fobos, ofensivos, de apoio ao terrorismo ou, em geral, contr\u00e1rios \u00e0 lei ou \u00e0 ordem p\u00fablica.<\/li>\n<li>Introduzir v\u00edrus inform\u00e1ticos na rede ou realizar a\u00e7\u00f5es que possam alterar, estragar, interromper ou gerar erros ou danos nos documentos eletr\u00f3nicos, dados ou sistemas f\u00edsicos e l\u00f3gicos do PROPRIET\u00c1RIO DO SITE ou de terceiros; bem como dificultar o acesso de outros utilizadores ao site e aos seus servi\u00e7os atrav\u00e9s do consumo massivo de recursos inform\u00e1ticos atrav\u00e9s dos quais O PROPRIET\u00c1RIO DO SITE presta os seus servi\u00e7os.<\/li>\n<li>Tentar aceder \u00e0s contas de correio eletr\u00f3nico de outros utilizadores ou \u00e1reas restritas dos sistemas inform\u00e1ticos do PROPRIET\u00c1RIO DO SITE ou de terceiros e, se for caso disso, extrair informa\u00e7\u00e3o.<\/li>\n<li>Violar direitos de propriedade intelectual ou industrial, bem como violar a confidencialidade da informa\u00e7\u00e3o do PROPRIET\u00c1RIO DO SITE ou de terceiros.<\/li>\n<li>Personificar a identidade de outro utilizador, de administra\u00e7\u00f5es p\u00fablicas ou de terceiros.<\/li>\n<li>Reproduzir, copiar, distribuir, disponibilizar ou de qualquer outra forma comunicar publicamente, transformar ou modificar os conte\u00fados, a menos que tenha autoriza\u00e7\u00e3o do titular dos direitos correspondentes ou seja legalmente permitido.<\/li>\n<li>Recolher dados para fins publicit\u00e1rios e enviar publicidade de qualquer tipo e comunica\u00e7\u00f5es para vendas ou outros fins comerciais sem o seu pedido ou consentimento pr\u00e9vio.<\/li>\n<\/ol>\n<p>Todos os conte\u00fados do site, tais como textos, fotografias, gr\u00e1ficos, imagens, \u00edcones, tecnologia, software, bem como o seu design gr\u00e1fico e c\u00f3digos-fonte, constituem uma obra cuja propriedade pertence ao PROPRIET\u00c1RIO DO SITE, n\u00e3o podendo ser entendido como cede ao utilizador quaisquer direitos de explora\u00e7\u00e3o sobre os mesmos para al\u00e9m do estritamente necess\u00e1rio \u00e0 correta utiliza\u00e7\u00e3o do site.<\/p>\n<p>Em suma, os utilizadores que acedam a este site podem visualizar os conte\u00fados e realizar, se for caso disso, c\u00f3pias privadas autorizadas, desde que os elementos reproduzidos n\u00e3o sejam posteriormente transferidos a terceiros, nem sejam instalados em servidores ligados a redes, nem estejam sujeitos a qualquer tipo de explora\u00e7\u00e3o. Da mesma forma, todas as marcas, nomes comerciais ou sinais distintivos de qualquer esp\u00e9cie que apare\u00e7am no site s\u00e3o propriedade do PROPRIET\u00c1RIO DO SITE, sem que se entenda que a utiliza\u00e7\u00e3o ou acesso ao mesmo confere ao utilizador qualquer direito sobre os mesmos. <\/p>\n<p>\u00c9 proibida a distribui\u00e7\u00e3o, modifica\u00e7\u00e3o, transfer\u00eancia ou comunica\u00e7\u00e3o p\u00fablica dos conte\u00fados e qualquer outro ato que n\u00e3o tenha sido expressamente autorizado pelo titular dos direitos de explora\u00e7\u00e3o.<\/p>\n<p>O estabelecimento de uma hiperliga\u00e7\u00e3o n\u00e3o implica em caso algum a exist\u00eancia de rela\u00e7\u00f5es entre O PROPRIET\u00c1RIO DO SITE e o propriet\u00e1rio do site onde se encontra estabelecido, nem a aceita\u00e7\u00e3o e aprova\u00e7\u00e3o por parte do PROPRIET\u00c1RIO DO SITE dos seus conte\u00fados ou servi\u00e7os. Aqueles que pretendam estabelecer uma hiperliga\u00e7\u00e3o dever\u00e3o solicitar previamente autoriza\u00e7\u00e3o por escrito ao PROPRIET\u00c1RIO DO SITE. Em qualquer caso, o hiperlink apenas permitir\u00e1 o acesso \u00e0 p\u00e1gina inicial ou p\u00e1gina inicial do nosso site, devendo tamb\u00e9m abster-se de fazer declara\u00e7\u00f5es ou indica\u00e7\u00f5es falsas, inexatas ou incorretas sobre O PROPRIET\u00c1RIO DO SITE, ou incluir conte\u00fados ilegais e contr\u00e1rios. costumes e \u00e0 ordem p\u00fablica. O PROPRIET\u00c1RIO DO SITE n\u00e3o se responsabiliza pela utiliza\u00e7\u00e3o que cada utilizador d\u00ea aos materiais disponibilizados neste site ou pelas a\u00e7\u00f5es realizadas a partir dos mesmos.   <\/p>\n<ol start=\"4\">\n<li><strong>EXCLUS\u00c3O DE GARANTIAS E RESPONSABILIDADE<\/strong><\/li>\n<\/ol>\n<p>O conte\u00fado deste site \u00e9 de car\u00e1cter geral e tem uma finalidade meramente informativa, n\u00e3o garantindo integralmente o acesso a todo o conte\u00fado, nem a sua integralidade, correc\u00e7\u00e3o, validade ou actualidade, nem a sua adequa\u00e7\u00e3o ou utilidade para um objectivo espec\u00edfico.<\/p>\n<p>O PROPRIET\u00c1RIO DO SITE exclui, na medida do permitido pela ordem jur\u00eddica, qualquer responsabilidade por danos de qualquer natureza derivados de:<\/p>\n<ol>\n<li>A impossibilidade de acesso ao site ou a falta de veracidade, exatid\u00e3o, integralidade e\/ou atualidade dos conte\u00fados, bem como a exist\u00eancia de v\u00edcios e defeitos de todo o tipo de conte\u00fados transmitidos, divulgados, armazenados, disponibilizados a quem foi acedido atrav\u00e9s do site ou dos servi\u00e7os oferecidos.<\/li>\n<li>A presen\u00e7a de v\u00edrus ou outros elementos nos conte\u00fados que possam provocar altera\u00e7\u00f5es nos sistemas inform\u00e1ticos, nos documentos eletr\u00f3nicos ou nos dados dos utilizadores.<\/li>\n<li>O incumprimento das leis, da boa-f\u00e9, da ordem p\u00fablica, das pr\u00e1ticas de tr\u00e2nsito e deste aviso legal como consequ\u00eancia da utiliza\u00e7\u00e3o incorreta do site. Em particular, e a t\u00edtulo de exemplo, O PROPRIET\u00c1RIO DO SITE n\u00e3o \u00e9 respons\u00e1vel pelas a\u00e7\u00f5es de terceiros que violem os direitos de propriedade intelectual e industrial, os segredos comerciais, os direitos \u00e0 honra, a privacidade pessoal e familiar e a pr\u00f3pria imagem, bem como regulamentos sobre concorr\u00eancia desleal e publicidade ilegal. <\/li>\n<\/ol>\n<p>Da mesma forma, O PROPRIET\u00c1RIO DO SITE declina qualquer responsabilidade relativamente \u00e0 informa\u00e7\u00e3o que esteja fora deste site e n\u00e3o seja gerida diretamente pelo nosso webmaster. A fun\u00e7\u00e3o dos links que aparecem neste site \u00e9 exclusivamente informar o utilizador sobre a exist\u00eancia de outras fontes que possam ampliar os conte\u00fados oferecidos por este site. O PROPRIET\u00c1RIO DO SITE n\u00e3o garante nem \u00e9 respons\u00e1vel pelo funcionamento ou acessibilidade dos sites vinculados; nem sugere, convida ou recomenda uma visita aos mesmos, pelo que n\u00e3o ser\u00e1 respons\u00e1vel pelo resultado obtido. O PROPRIET\u00c1RIO DO SITE n\u00e3o se responsabiliza pelo estabelecimento de hiperliga\u00e7\u00f5es por terceiros.   <\/p>\n<ol start=\"5\">\n<li><strong>POL\u00cdTICA DE PRIVACIDADE<\/strong><\/li>\n<\/ol>\n<p>Pode rever a nossa pol\u00edtica de privacidade no seguinte <strong><u><a href=\"https:\/\/hornynails.com\/politicas-de-privacidad\/\">enlace<\/a><\/u><\/strong>.<\/p>\n<ol start=\"6\">\n<li><strong>PROCEDIMENTO EM CASO DE REALIZA\u00c7\u00c3O DE ATIVIDADES DE NATUREZA IL\u00cdCITA<\/strong><\/li>\n<\/ol>\n<p>Caso algum utilizador ou terceiro considere que existem factos ou circunst\u00e2ncias que revelam o car\u00e1cter il\u00edcito da utiliza\u00e7\u00e3o de qualquer conte\u00fado e\/ou da realiza\u00e7\u00e3o de qualquer atividade nas p\u00e1ginas web inclu\u00eddas ou acess\u00edveis atrav\u00e9s do site, dever\u00e1 enviar um notifica\u00e7\u00e3o ao PROPRIET\u00c1RIO DO SITE, identificando- se devidamente, especificando as alegadas infra\u00e7\u00f5es e declarando expressamente e sob a sua responsabilidade que as informa\u00e7\u00f5es prestadas na notifica\u00e7\u00e3o s\u00e3o verdadeiras.<\/p>\n<p>As partes submetem-se expressamente, para quaisquer d\u00favidas ou diverg\u00eancias que possam surgir devido \u00e0 interpreta\u00e7\u00e3o, cumprimento e execu\u00e7\u00e3o deste contrato, \u00e0 jurisdi\u00e7\u00e3o e compet\u00eancia dos Tribunais e Tribunais correspondentes ao domic\u00edlio do utilizador ou aos do local de cumprimento da obriga\u00e7\u00e3o contratual.<\/p>\n<ol start=\"7\">\n<li><strong>PUBLICA\u00c7\u00d5ES<\/strong><\/li>\n<\/ol>\n<p>A informa\u00e7\u00e3o administrativa disponibilizada atrav\u00e9s do site n\u00e3o substitui a publicidade legal das leis, regulamentos, planos, disposi\u00e7\u00f5es gerais e atos que devam ser formalmente publicados nos di\u00e1rios oficiais das administra\u00e7\u00f5es p\u00fablicas, os quais constituem o \u00fanico instrumento que atesta a sua autenticidade e contente. A informa\u00e7\u00e3o dispon\u00edvel neste site deve ser entendida como um guia sem validade legal. <\/p>\n\t\t\t\t\t\t\t\t<\/div>\n\t\t\t\t<\/div>\n\t\t\t\t\t<\/div>\n\t\t<\/div>\n\t\t\t\t\t<\/div>\n\t\t<\/section>\n\t\t\t\t<\/div>\n\t\t","protected":false},"excerpt":{"rendered":"<p>Aviso Legal OBJETIVO E ACEITA\u00c7\u00c3O Este aviso legal regula a utiliza\u00e7\u00e3o do site (doravante, O SITE), do qual \u00e9 propriet\u00e1rio.ByeBirds. [&hellip;]<\/p>\n","protected":false},"author":1,"featured_media":0,"parent":0,"menu_order":0,"comment_status":"closed","ping_status":"closed","template":"","meta":{"site-sidebar-layout":"no-sidebar","site-content-layout":"","ast-site-content-layout":"full-width-container","site-content-style":"default","site-sidebar-style":"default","ast-global-header-display":"","ast-banner-title-visibility":"","ast-main-header-display":"","ast-hfb-above-header-display":"","ast-hfb-below-header-display":"","ast-hfb-mobile-header-display":"","site-post-title":"disabled","ast-breadcrumbs-content":"","ast-featured-img":"disabled","footer-sml-layout":"","theme-transparent-header-meta":"","adv-header-id-meta":"","stick-header-meta":"","header-above-stick-meta":"","header-main-stick-meta":"","header-below-stick-meta":"","astra-migrate-meta-layouts":"default","ast-page-background-enabled":"default","ast-page-background-meta":{"desktop":{"background-color":"var(--ast-global-color-4)","background-image":"","background-repeat":"repeat","background-position":"center center","background-size":"auto","background-attachment":"scroll","background-type":"","background-media":"","overlay-type":"","overlay-color":"","overlay-opacity":"","overlay-gradient":""},"tablet":{"background-color":"","background-image":"","background-repeat":"repeat","background-position":"center center","background-size":"auto","background-attachment":"scroll","background-type":"","background-media":"","overlay-type":"","overlay-color":"","overlay-opacity":"","overlay-gradient":""},"mobile":{"background-color":"","background-image":"","background-repeat":"repeat","background-position":"center center","background-size":"auto","background-attachment":"scroll","background-type":"","background-media":"","overlay-type":"","overlay-color":"","overlay-opacity":"","overlay-gradient":""}},"ast-content-background-meta":{"desktop":{"background-color":"var(--ast-global-color-5)","background-image":"","background-repeat":"repeat","background-position":"center center","background-size":"auto","background-attachment":"scroll","background-type":"","background-media":"","overlay-type":"","overlay-color":"","overlay-opacity":"","overlay-gradient":""},"tablet":{"background-color":"var(--ast-global-color-5)","background-image":"","background-repeat":"repeat","background-position":"center center","background-size":"auto","background-attachment":"scroll","background-type":"","background-media":"","overlay-type":"","overlay-color":"","overlay-opacity":"","overlay-gradient":""},"mobile":{"background-color":"var(--ast-global-color-5)","background-image":"","background-repeat":"repeat","background-position":"center center","background-size":"auto","background-attachment":"scroll","background-type":"","background-media":"","overlay-type":"","overlay-color":"","overlay-opacity":"","overlay-gradient":""}},"footnotes":""},"class_list":["post-1696","page","type-page","status-publish","hentry"],"_links":{"self":[{"href":"https:\/\/byebirds.com\/pt-pt\/wp-json\/wp\/v2\/pages\/1696","targetHints":{"allow":["GET"]}}],"collection":[{"href":"https:\/\/byebirds.com\/pt-pt\/wp-json\/wp\/v2\/pages"}],"about":[{"href":"https:\/\/byebirds.com\/pt-pt\/wp-json\/wp\/v2\/types\/page"}],"author":[{"embeddable":true,"href":"https:\/\/byebirds.com\/pt-pt\/wp-json\/wp\/v2\/users\/1"}],"replies":[{"embeddable":true,"href":"https:\/\/byebirds.com\/pt-pt\/wp-json\/wp\/v2\/comments?post=1696"}],"version-history":[{"count":1,"href":"https:\/\/byebirds.com\/pt-pt\/wp-json\/wp\/v2\/pages\/1696\/revisions"}],"predecessor-version":[{"id":1697,"href":"https:\/\/byebirds.com\/pt-pt\/wp-json\/wp\/v2\/pages\/1696\/revisions\/1697"}],"wp:attachment":[{"href":"https:\/\/byebirds.com\/pt-pt\/wp-json\/wp\/v2\/media?parent=1696"}],"curies":[{"name":"wp","href":"https:\/\/api.w.org\/{rel}","templated":true}]}}