{"id":1703,"date":"2024-11-12T18:28:03","date_gmt":"2024-11-12T17:28:03","guid":{"rendered":"https:\/\/byebirds.com\/cookies\/"},"modified":"2024-11-13T16:34:06","modified_gmt":"2024-11-13T15:34:06","slug":"cookies","status":"publish","type":"page","link":"https:\/\/byebirds.com\/pt-pt\/cookies\/","title":{"rendered":"Cookies"},"content":{"rendered":"\t\t<div data-elementor-type=\"wp-page\" data-elementor-id=\"1703\" class=\"elementor elementor-1703 elementor-1349\" data-elementor-post-type=\"page\">\n\t\t\t\t\t\t<section class=\"ob-is-breaking-bad elementor-section elementor-top-section elementor-element elementor-element-c1d1255 elementor-section-boxed elementor-section-height-default elementor-section-height-default\" data-id=\"c1d1255\" data-element_type=\"section\" data-settings=\"{&quot;_ob_bbad_use_it&quot;:&quot;yes&quot;,&quot;_ob_bbad_sssic_use&quot;:&quot;no&quot;,&quot;_ob_glider_is_slider&quot;:&quot;no&quot;}\">\n\t\t\t\t\t\t<div class=\"elementor-container elementor-column-gap-default\">\n\t\t\t\t\t<div class=\"elementor-column elementor-col-100 elementor-top-column elementor-element elementor-element-4f56b9b\" data-id=\"4f56b9b\" data-element_type=\"column\" data-settings=\"{&quot;_ob_bbad_is_stalker&quot;:&quot;no&quot;,&quot;_ob_teleporter_use&quot;:false,&quot;_ob_column_hoveranimator&quot;:&quot;no&quot;,&quot;_ob_column_has_pseudo&quot;:&quot;no&quot;}\">\n\t\t\t<div class=\"elementor-widget-wrap elementor-element-populated\">\n\t\t\t\t\t\t<div class=\"elementor-element elementor-element-24f7ab4 ob-harakiri-inherit ob-has-background-overlay elementor-widget elementor-widget-heading\" data-id=\"24f7ab4\" data-element_type=\"widget\" data-settings=\"{&quot;_ob_use_harakiri&quot;:&quot;yes&quot;,&quot;_ob_harakiri_writing_mode&quot;:&quot;inherit&quot;,&quot;_ob_harakiri_text_clip&quot;:&quot;none&quot;,&quot;_ob_perspektive_use&quot;:&quot;no&quot;,&quot;_ob_poopart_use&quot;:&quot;yes&quot;,&quot;_ob_shadough_use&quot;:&quot;no&quot;,&quot;_ob_allow_hoveranimator&quot;:&quot;no&quot;,&quot;_ob_widget_stalker_use&quot;:&quot;no&quot;}\" data-widget_type=\"heading.default\">\n\t\t\t\t<div class=\"elementor-widget-container\">\n\t\t\t\t\t<h2 class=\"elementor-heading-title elementor-size-default\">Cookies<\/h2>\t\t\t\t<\/div>\n\t\t\t\t<\/div>\n\t\t\t\t<div class=\"elementor-element elementor-element-7750896 ob-harakiri-inherit ob-has-background-overlay elementor-widget elementor-widget-text-editor\" data-id=\"7750896\" data-element_type=\"widget\" data-settings=\"{&quot;_ob_use_harakiri&quot;:&quot;yes&quot;,&quot;_ob_harakiri_writing_mode&quot;:&quot;inherit&quot;,&quot;_ob_postman_use&quot;:&quot;no&quot;,&quot;_ob_perspektive_use&quot;:&quot;no&quot;,&quot;_ob_poopart_use&quot;:&quot;yes&quot;,&quot;_ob_shadough_use&quot;:&quot;no&quot;,&quot;_ob_allow_hoveranimator&quot;:&quot;no&quot;,&quot;_ob_widget_stalker_use&quot;:&quot;no&quot;}\" data-widget_type=\"text-editor.default\">\n\t\t\t\t<div class=\"elementor-widget-container\">\n\t\t\t\t\t\t\t\t\t<ol>\n<li><strong>Introdu\u00e7\u00e3o<\/strong><\/li>\n<\/ol>\n<p>O nosso website (doravante: \u201co website\u201d) utiliza cookies e outras tecnologias relacionadas (por conveni\u00eancia, todas as tecnologias s\u00e3o denominadas \u201ccookies\u201d). Os cookies s\u00e3o tamb\u00e9m colocados por terceiros que contratamos. No seguinte documento informamos sobre a utiliza\u00e7\u00e3o de cookies no nosso site.  <\/p>\n<ol start=\"2\">\n<li><strong>O que s\u00e3o cookies?<\/strong><\/li>\n<\/ol>\n<p>Um cookie \u00e9 um ficheiro pequeno e simples que \u00e9 enviado juntamente com as p\u00e1ginas deste website e armazenado pelo seu browser no disco r\u00edgido do seu computador ou de outro dispositivo. As informa\u00e7\u00f5es armazenadas podem ser devolvidas aos nossos servidores ou aos servidores de terceiros relevantes durante uma visita subsequente. <\/p>\n<ol start=\"3\">\n<li><strong>O que s\u00e3o gui\u00f5es?<\/strong><\/li>\n<\/ol>\n<p>Um script \u00e9 um peda\u00e7o de c\u00f3digo de programa utilizado para fazer com que o nosso website funcione de forma correta e interativa. Este c\u00f3digo \u00e9 executado no nosso servidor ou no seu dispositivo. <\/p>\n<ol start=\"4\">\n<li><strong>O que \u00e9 um web beacon?<\/strong><\/li>\n<\/ol>\n<p>Um web beacon (ou pixel tag) \u00e9 um pequeno peda\u00e7o de texto ou imagem invis\u00edvel num website que \u00e9 utilizado para monitorizar o tr\u00e1fego num website. Para este efeito, v\u00e1rios dados sobre si s\u00e3o armazenados atrav\u00e9s de web beacons. <\/p>\n<ol start=\"5\">\n<li><strong>Consentimento<\/strong><\/li>\n<\/ol>\n<p>Quando visita o nosso website pela primeira vez, mostraremos uma janela pop-up a explicar os cookies. Assim que clicar em \u201cGuardar Prefer\u00eancias\u201d, autoriza-nos a utilizar as categorias de cookies e plug-ins que selecionou na janela pop-up, conforme descrito nesta declara\u00e7\u00e3o de cookies. Pode desativar o uso de cookies atrav\u00e9s do seu navegador, mas note que o nosso website pode deixar de funcionar corretamente.  <\/p>\n<p>5.1 Gest\u00e3o de configura\u00e7\u00f5es de consentimento<\/p>\n<p>O utilizador tem o direito de manifestar a sua concord\u00e2ncia, fornecendo o consentimento que solicitaremos ao visitar o nosso site.<\/p>\n<p>O referido consentimento poder\u00e1 ser modificado a qualquer momento.<\/p>\n<ol start=\"6\">\n<li><strong>Cookies<\/strong><\/li>\n<\/ol>\n<p>6.1 Cookies t\u00e9cnicos ou funcionais<\/p>\n<p>Alguns cookies garantem que determinadas partes do website funcionam corretamente e que as suas prefer\u00eancias de utilizador permanecem conhecidas. Ao colocar cookies funcionais, facilitamos a sua visita ao nosso site. Desta forma, n\u00e3o necessita de introduzir repetidamente as mesmas informa\u00e7\u00f5es quando visita o nosso site e, por exemplo, os artigos permanecem no seu carrinho de compras at\u00e9 que efetue o pagamento. Poderemos colocar estes cookies sem o seu consentimento.   <\/p>\n<p>6.2 Cookies anal\u00edticos<\/p>\n<p>S\u00e3o aqueles que, bem tratados por n\u00f3s ou por terceiros, nos permitem quantificar o n\u00famero de utilizadores e assim realizar a medi\u00e7\u00e3o e an\u00e1lise estat\u00edstica da utiliza\u00e7\u00e3o que os utilizadores fazem do servi\u00e7o oferecido. Para tal, \u00e9 analisada a sua navega\u00e7\u00e3o no nosso site, de forma a melhorar a oferta de produtos ou servi\u00e7os que oferecemos. <\/p>\n<p>6.3 Cookies publicit\u00e1rios<\/p>\n<p>S\u00e3o aqueles que, bem tratados por n\u00f3s ou por terceiros, nos permitem gerir da forma mais eficiente poss\u00edvel a oferta de espa\u00e7o publicit\u00e1rio no site, adaptando o conte\u00fado do an\u00fancio ao conte\u00fado do servi\u00e7o solicitado ou \u00e0 utiliza\u00e7\u00e3o efectuada. Para tal, podemos analisar os seus h\u00e1bitos de navega\u00e7\u00e3o na Internet e mostrar-lhe publicidade relacionada com o seu perfil de navega\u00e7\u00e3o. <\/p>\n<p>6.4 Bot\u00f5es de redes sociais<\/p>\n<p>No nosso website inclu\u00edmos bot\u00f5es para anunciar p\u00e1ginas (por exemplo, \u201cgosto, fixar\u201d) ou partilh\u00e1-las (por exemplo, \u201ctweet\u201d) em redes sociais como. Estes bot\u00f5es funcionam usando o seu pr\u00f3prio c\u00f3digo. Este c\u00f3digo incorpora cookies. Estes bot\u00f5es de redes sociais podem armazenar e processar determinadas informa\u00e7\u00f5es, pelo que um an\u00fancio personalizado poder\u00e1 ser-lhe mostrado.   <\/p>\n<p>Por favor leia a pol\u00edtica de privacidade destas redes sociais (que pode mudar frequentemente) para saber o que fazem com os seus dados (pessoais) que tratam atrav\u00e9s destes cookies. Os dados que recebem s\u00e3o anonimizados tanto quanto poss\u00edvel e est\u00e3o localizados nos Estados <\/p>\n<ol start=\"7\">\n<li><strong>Cookies usados<\/strong><\/li>\n<\/ol>\n<p>Abaixo indicamos os cookies utilizados neste site.<\/p>\n<ol start=\"8\">\n<li>Os seus direitos em rela\u00e7\u00e3o aos dados pessoais<\/li>\n<\/ol>\n<p>Tem os seguintes direitos em rela\u00e7\u00e3o aos seus dados pessoais:<\/p>\n<ul>\n<li>Tem o direito de saber por que raz\u00e3o os seus dados pessoais s\u00e3o necess\u00e1rios, o que lhes acontecer\u00e1 e durante quanto tempo ser\u00e3o conservados.<\/li>\n<li>Direito de acesso: Tem o direito de aceder aos dados pessoais que conhecemos.<\/li>\n<li>Direito \u00e0 retifica\u00e7\u00e3o: tem o direito de completar, retificar, apagar ou bloquear os seus dados pessoais sempre que desejar.<\/li>\n<li>Se nos der o seu consentimento para tratar os seus dados, tem o direito de revogar esse consentimento e de ver os seus dados pessoais eliminados.<\/li>\n<li>Direito de transferir os seus dados: tem o direito de solicitar todos os seus dados pessoais ao respons\u00e1vel pelo tratamento e de os transferir na sua totalidade para outro respons\u00e1vel pelo tratamento.<\/li>\n<li>Direito de oposi\u00e7\u00e3o: pode opor-se ao tratamento dos seus dados. Cumprimos isto, a menos que haja motivos justificados para o processamento. <\/li>\n<\/ul>\n<p>Para exercer estes direitos, por favor contacte-nos. Consulte os dados de contacto na parte inferior desta declara\u00e7\u00e3o de cookies. Se tiver alguma reclama\u00e7\u00e3o sobre a forma como tratamos os seus dados, gostar\u00edamos de o ouvir, mas tamb\u00e9m tem o direito de apresentar uma reclama\u00e7\u00e3o \u00e0 autoridade de controlo (Autoridade de Prote\u00e7\u00e3o de Dados).  <\/p>\n<ol start=\"9\">\n<li><strong>Ativar\/desativar e eliminar cookies<\/strong><\/li>\n<\/ol>\n<p>Pode utilizar o seu navegador de Internet para eliminar cookies autom\u00e1tica ou manualmente. Tamb\u00e9m pode especificar que determinados cookies n\u00e3o podem ser colocados. Outra op\u00e7\u00e3o \u00e9 alterar as defini\u00e7\u00f5es do seu navegador de Internet para que receba uma mensagem sempre que um cookie \u00e9 colocado. Para obter mais informa\u00e7\u00f5es sobre estas op\u00e7\u00f5es, consulte as instru\u00e7\u00f5es na sec\u00e7\u00e3o Ajuda do seu navegador.   <\/p>\n<p>Tenha em aten\u00e7\u00e3o que o nosso website poder\u00e1 n\u00e3o funcionar corretamente se todos os cookies estiverem desativados. Se eliminar os cookies do seu navegador, estes ser\u00e3o colocados novamente ap\u00f3s o seu consentimento quando voltar a visitar os nossos websites. <\/p>\n<ol start=\"10\">\n<li><strong>Detalhes de contacto<\/strong><\/li>\n<\/ol>\n<p>Para quest\u00f5es e\/ou coment\u00e1rios sobre a nossa pol\u00edtica de cookies e esta declara\u00e7\u00e3o, por favor contacte-nos atrav\u00e9s dos seguintes dados de contacto:<\/p>\n<ul>\n<li>Ou seja respons\u00e1vel <strong>Carlos Uriarte<\/strong><\/li>\n<li>O seu CIF \u00e9: <strong>B39755897<\/strong> <\/li>\n<li>O endere\u00e7o dele \u00e9: <strong>Pol\u00edgono Ind. de Guarnizo. Centro de Negocios, Nave 3, 39611, Guarnizo, Cantabria  <\/strong><\/li>\n<li>E-mail<strong>: info@byebirds.com<\/strong><\/li>\n<\/ul>\n\t\t\t\t\t\t\t\t<\/div>\n\t\t\t\t<\/div>\n\t\t\t\t\t<\/div>\n\t\t<\/div>\n\t\t\t\t\t<\/div>\n\t\t<\/section>\n\t\t\t\t<\/div>\n\t\t","protected":false},"excerpt":{"rendered":"<p>Cookies Introdu\u00e7\u00e3o O nosso website (doravante: \u201co website\u201d) utiliza cookies e outras tecnologias relacionadas (por conveni\u00eancia, todas as tecnologias s\u00e3o [&hellip;]<\/p>\n","protected":false},"author":1,"featured_media":0,"parent":0,"menu_order":0,"comment_status":"closed","ping_status":"closed","template":"","meta":{"site-sidebar-layout":"no-sidebar","site-content-layout":"","ast-site-content-layout":"full-width-container","site-content-style":"default","site-sidebar-style":"default","ast-global-header-display":"","ast-banner-title-visibility":"","ast-main-header-display":"","ast-hfb-above-header-display":"","ast-hfb-below-header-display":"","ast-hfb-mobile-header-display":"","site-post-title":"disabled","ast-breadcrumbs-content":"","ast-featured-img":"disabled","footer-sml-layout":"","theme-transparent-header-meta":"","adv-header-id-meta":"","stick-header-meta":"","header-above-stick-meta":"","header-main-stick-meta":"","header-below-stick-meta":"","astra-migrate-meta-layouts":"default","ast-page-background-enabled":"default","ast-page-background-meta":{"desktop":{"background-color":"var(--ast-global-color-4)","background-image":"","background-repeat":"repeat","background-position":"center center","background-size":"auto","background-attachment":"scroll","background-type":"","background-media":"","overlay-type":"","overlay-color":"","overlay-opacity":"","overlay-gradient":""},"tablet":{"background-color":"","background-image":"","background-repeat":"repeat","background-position":"center center","background-size":"auto","background-attachment":"scroll","background-type":"","background-media":"","overlay-type":"","overlay-color":"","overlay-opacity":"","overlay-gradient":""},"mobile":{"background-color":"","background-image":"","background-repeat":"repeat","background-position":"center center","background-size":"auto","background-attachment":"scroll","background-type":"","background-media":"","overlay-type":"","overlay-color":"","overlay-opacity":"","overlay-gradient":""}},"ast-content-background-meta":{"desktop":{"background-color":"var(--ast-global-color-5)","background-image":"","background-repeat":"repeat","background-position":"center center","background-size":"auto","background-attachment":"scroll","background-type":"","background-media":"","overlay-type":"","overlay-color":"","overlay-opacity":"","overlay-gradient":""},"tablet":{"background-color":"var(--ast-global-color-5)","background-image":"","background-repeat":"repeat","background-position":"center center","background-size":"auto","background-attachment":"scroll","background-type":"","background-media":"","overlay-type":"","overlay-color":"","overlay-opacity":"","overlay-gradient":""},"mobile":{"background-color":"var(--ast-global-color-5)","background-image":"","background-repeat":"repeat","background-position":"center center","background-size":"auto","background-attachment":"scroll","background-type":"","background-media":"","overlay-type":"","overlay-color":"","overlay-opacity":"","overlay-gradient":""}},"footnotes":""},"class_list":["post-1703","page","type-page","status-publish","hentry"],"_links":{"self":[{"href":"https:\/\/byebirds.com\/pt-pt\/wp-json\/wp\/v2\/pages\/1703","targetHints":{"allow":["GET"]}}],"collection":[{"href":"https:\/\/byebirds.com\/pt-pt\/wp-json\/wp\/v2\/pages"}],"about":[{"href":"https:\/\/byebirds.com\/pt-pt\/wp-json\/wp\/v2\/types\/page"}],"author":[{"embeddable":true,"href":"https:\/\/byebirds.com\/pt-pt\/wp-json\/wp\/v2\/users\/1"}],"replies":[{"embeddable":true,"href":"https:\/\/byebirds.com\/pt-pt\/wp-json\/wp\/v2\/comments?post=1703"}],"version-history":[{"count":1,"href":"https:\/\/byebirds.com\/pt-pt\/wp-json\/wp\/v2\/pages\/1703\/revisions"}],"predecessor-version":[{"id":1705,"href":"https:\/\/byebirds.com\/pt-pt\/wp-json\/wp\/v2\/pages\/1703\/revisions\/1705"}],"wp:attachment":[{"href":"https:\/\/byebirds.com\/pt-pt\/wp-json\/wp\/v2\/media?parent=1703"}],"curies":[{"name":"wp","href":"https:\/\/api.w.org\/{rel}","templated":true}]}}