{"id":1747,"date":"2024-11-12T18:31:47","date_gmt":"2024-11-12T17:31:47","guid":{"rendered":"https:\/\/byebirds.com\/privacidade\/"},"modified":"2024-11-13T17:08:25","modified_gmt":"2024-11-13T16:08:25","slug":"privacidade","status":"publish","type":"page","link":"https:\/\/byebirds.com\/pt-pt\/privacidade\/","title":{"rendered":"Privacidade"},"content":{"rendered":"\t\t<div data-elementor-type=\"wp-page\" data-elementor-id=\"1747\" class=\"elementor elementor-1747 elementor-1358\" data-elementor-post-type=\"page\">\n\t\t\t\t\t\t<section class=\"ob-is-breaking-bad elementor-section elementor-top-section elementor-element elementor-element-4bc90cb elementor-section-boxed elementor-section-height-default elementor-section-height-default\" data-id=\"4bc90cb\" data-element_type=\"section\" data-settings=\"{&quot;_ob_bbad_use_it&quot;:&quot;yes&quot;,&quot;_ob_bbad_sssic_use&quot;:&quot;no&quot;,&quot;_ob_glider_is_slider&quot;:&quot;no&quot;}\">\n\t\t\t\t\t\t<div class=\"elementor-container elementor-column-gap-default\">\n\t\t\t\t\t<div class=\"elementor-column elementor-col-100 elementor-top-column elementor-element elementor-element-261b807\" data-id=\"261b807\" data-element_type=\"column\" data-settings=\"{&quot;_ob_bbad_is_stalker&quot;:&quot;no&quot;,&quot;_ob_teleporter_use&quot;:false,&quot;_ob_column_hoveranimator&quot;:&quot;no&quot;,&quot;_ob_column_has_pseudo&quot;:&quot;no&quot;}\">\n\t\t\t<div class=\"elementor-widget-wrap elementor-element-populated\">\n\t\t\t\t\t\t<div class=\"elementor-element elementor-element-d939fd9 ob-harakiri-inherit ob-has-background-overlay elementor-widget elementor-widget-heading\" data-id=\"d939fd9\" data-element_type=\"widget\" data-settings=\"{&quot;_ob_use_harakiri&quot;:&quot;yes&quot;,&quot;_ob_harakiri_writing_mode&quot;:&quot;inherit&quot;,&quot;_ob_harakiri_text_clip&quot;:&quot;none&quot;,&quot;_ob_perspektive_use&quot;:&quot;no&quot;,&quot;_ob_poopart_use&quot;:&quot;yes&quot;,&quot;_ob_shadough_use&quot;:&quot;no&quot;,&quot;_ob_allow_hoveranimator&quot;:&quot;no&quot;,&quot;_ob_widget_stalker_use&quot;:&quot;no&quot;}\" data-widget_type=\"heading.default\">\n\t\t\t\t<div class=\"elementor-widget-container\">\n\t\t\t\t\t<h2 class=\"elementor-heading-title elementor-size-default\">Privacidade<\/h2>\t\t\t\t<\/div>\n\t\t\t\t<\/div>\n\t\t\t\t<div class=\"elementor-element elementor-element-c8dca7f ob-harakiri-inherit ob-has-background-overlay elementor-widget elementor-widget-text-editor\" data-id=\"c8dca7f\" data-element_type=\"widget\" data-settings=\"{&quot;_ob_use_harakiri&quot;:&quot;yes&quot;,&quot;_ob_harakiri_writing_mode&quot;:&quot;inherit&quot;,&quot;_ob_postman_use&quot;:&quot;no&quot;,&quot;_ob_perspektive_use&quot;:&quot;no&quot;,&quot;_ob_poopart_use&quot;:&quot;yes&quot;,&quot;_ob_shadough_use&quot;:&quot;no&quot;,&quot;_ob_allow_hoveranimator&quot;:&quot;no&quot;,&quot;_ob_widget_stalker_use&quot;:&quot;no&quot;}\" data-widget_type=\"text-editor.default\">\n\t\t\t\t<div class=\"elementor-widget-container\">\n\t\t\t\t\t\t\t\t\t<p>Quando precisarmos de obter informa\u00e7\u00f5es suas, pediremos sempre que as forne\u00e7a expressa e voluntariamente. Os dados recolhidos atrav\u00e9s dos formul\u00e1rios de recolha de dados existentes no website ou outros meios ser\u00e3o incorporados nos sistemas de tratamento da <strong>ByeBirds<\/strong>. <\/p>\n<p>Esta entidade tratar\u00e1 os dados de forma confidencial e exclusivamente para efeitos de oferta dos servi\u00e7os solicitados, com todas as garantias legais e de seguran\u00e7a impostas pelo Regulamento (UE) 2016\/679 do Parlamento Europeu e do Conselho, de 27 de abril de 2016., relativa \u00e0 protec\u00e7\u00e3o das pessoas singulares no que respeita ao tratamento de dados pessoais e \u00e0 livre circula\u00e7\u00e3o desses dados e \u00e0 Lei 34\/2002, de 11 de Julho, sobre Servi\u00e7os Societ\u00e1rios do Informa\u00e7\u00e3o e Com\u00e9rcio Eletr\u00f3nico.<\/p>\n<p><strong>Quem \u00e9 o respons\u00e1vel pelo tratamento dos seus dados?<\/strong><\/p>\n<ul>\n<li>Seja respons\u00e1vel <b>Carlos Uriarte<\/b><\/li>\n<li>O seu CIF \u00e9: <strong>B39755897<\/strong> <\/li>\n<li>O endere\u00e7o dele \u00e9: <strong>Pol\u00edgono Ind. de Guarnizo. Centro de Negocios, Nave 3, 39611, Guarnizo, Cantabria  <\/strong><\/li>\n<li>E-mail<strong>: info@byebirds.com<\/strong><\/li>\n<li>Seja respons\u00e1vel<\/li>\n<\/ul>\n<p><strong>CONTACTO DO DELEGADO DE PROTE\u00c7\u00c3O DE DADOS<\/strong><\/p>\n<p><strong>Com que finalidade tratamos os seus dados pessoais?<\/strong><\/p>\n<p>Na <strong>ByeBirds<\/strong> tratamos as informa\u00e7\u00f5es que nos s\u00e3o fornecidas pelas partes interessadas de forma leal, legal e transparente, em conformidade com os regulamentos da UE 2016\/679 de 27 de abril do Parlamento Europeu e do Conselho e a Lei 3\/2018 de 5 de dezembro sobre Prote\u00e7\u00e3o de Dados e garantia de direitos digitais.<\/p>\n<p><u><strong>Se \u00e9 CLIENTE ou UTILIZADOR:<\/strong><\/u><\/p>\n<p>Se for cliente ou utilizador, iremos tratar as seguintes categorias de dados pessoais:<\/p>\n<ul>\n<li>Dados de identifica\u00e7\u00e3o (nome, apelido, BI&#8230;)<\/li>\n<li>Informa\u00e7\u00e3o de contacto (e-mail, Whatsapp\u2026)<\/li>\n<li>Dados banc\u00e1rios (n\u00famero de conta, cart\u00e3o banc\u00e1rio\u2026)<\/li>\n<li>Outros dados (fornecidos pelo interessado em formul\u00e1rios abertos ou comunica\u00e7\u00f5es)<\/li>\n<\/ul>\n<p>Tratamos os seus dados com a finalidade de:<\/p>\n<ul>\n<li>Gerir os servi\u00e7os, informa\u00e7\u00f5es e\/ou produtos solicitados.<\/li>\n<li>Enviar comunica\u00e7\u00f5es de interesse (caso o interessado tenha dado a devida autoriza\u00e7\u00e3o)<\/li>\n<li>Cumprir as obriga\u00e7\u00f5es legais aplic\u00e1veis ao respons\u00e1vel.<\/li>\n<\/ul>\n<p><u><strong>Se \u00e9 EMPREGADO ou CANDIDATO A EMPREGO<\/strong><\/u>:<\/p>\n<p>Se for um funcion\u00e1rio ou candidato\/candidato, trataremos as seguintes categorias de dados pessoais<\/p>\n<ul>\n<li>Dados de identifica\u00e7\u00e3o (nome, apelido, BI&#8230;)<\/li>\n<li>Dados inclu\u00eddos no curr\u00edculo (estudos, experi\u00eancia profissional, passatempos&#8230;)<\/li>\n<li>Informa\u00e7\u00e3o de contacto (e-mail, Whatsapp\u2026)<\/li>\n<li>Dados banc\u00e1rios (n\u00famero da conta, propriet\u00e1rio, mandato SEPA)<\/li>\n<li>Imagem<\/li>\n<li>Outros dados (fornecidos aos interessados em formul\u00e1rios abertos ou comunica\u00e7\u00f5es)<\/li>\n<\/ul>\n<p>Tratamos os seus dados com a finalidade de:<\/p>\n<ul>\n<li>Gerir os direitos e obriga\u00e7\u00f5es relacionados com a rela\u00e7\u00e3o contratual.<\/li>\n<li>Sele\u00e7\u00e3o de candidatos<\/li>\n<li>Utiliza\u00e7\u00e3o, reprodu\u00e7\u00e3o ou publica\u00e7\u00e3o de imagem, nome e voz (caso o interessado tenha dado a devida autoriza\u00e7\u00e3o)<\/li>\n<li>Cumprir as obriga\u00e7\u00f5es legais das empresas.<\/li>\n<\/ul>\n<p><strong><u>Se \u00e9 um FORNECEDOR da nossa empresa:<\/u><\/strong><\/p>\n<p>Se for um fornecedor, processaremos as seguintes categorias de dados pessoais:<\/p>\n<ul>\n<li>Dados de identifica\u00e7\u00e3o (nome, apelido, BI&#8230;)<\/li>\n<li>Informa\u00e7\u00e3o de contacto (e-mail, Whatsapp\u2026)<\/li>\n<li>Dados banc\u00e1rios (n\u00famero de conta, fatura\u00e7\u00e3o&#8230;)<\/li>\n<li>Outros dados (fornecidos aos interessados em formul\u00e1rios abertos ou comunica\u00e7\u00f5es)<\/li>\n<\/ul>\n<p>Tratamos os seus dados com a finalidade de:<\/p>\n<ul>\n<li>Gest\u00e3o administrativa, contabil\u00edstica e fiscal.<\/li>\n<li>Acompanhamento e controlo da rela\u00e7\u00e3o comercial.<\/li>\n<li>Cumprir as obriga\u00e7\u00f5es legais das empresas<\/li>\n<\/ul>\n<p><strong>Sou obrigado a fornecer dados pessoais?<\/strong><\/p>\n<p><strong>ByeBirds <\/strong> Apenas solicitar\u00e1 os dados estritamente necess\u00e1rios \u00e0 prossecu\u00e7\u00e3o da finalidade para a qual s\u00e3o recolhidos, pelo que se n\u00e3o forem fornecidos, o servi\u00e7o solicitado n\u00e3o poder\u00e1 ser prestado.<\/p>\n<p><strong>Por quanto tempo conservaremos os seus dados?<\/strong><\/p>\n<p>Os dados pessoais fornecidos e obtidos durante a rela\u00e7\u00e3o entre o interessado e a<strong> ByeBirds <\/strong>ser\u00e3o conservados pelo prazo m\u00e1ximo de 5 anos a contar da \u00faltima confirma\u00e7\u00e3o de interesse ou enquanto nos obrigar uma disposi\u00e7\u00e3o legal, caso em que ser\u00e3o mantidos devidamente bloqueados e exclu\u00eddos quando n\u00e3o for necess\u00e1rio.<\/p>\n<p><strong>Qual a legitimidade para o tratamento dos seus dados?<\/strong><\/p>\n<p>Em cumprimento do artigo 6.1 do Regulamento UE 2016\/679 de 27 de abril, informamos que a legitimidade para o tratamento dos seus dados \u00e9 a seguinte:<\/p>\n<ol>\n<li><em>O interessado deu o seu consentimento para o tratamento dos seus dados pessoais para uma ou mais finalidades espec\u00edficas e\/ou<\/em><\/li>\n<li><em>O tratamento \u00e9 necess\u00e1rio para o cumprimento de uma obriga\u00e7\u00e3o legal aplic\u00e1vel ao respons\u00e1vel pelo tratamento e\/ou<\/em><\/li>\n<li><em>O tratamento \u00e9 necess\u00e1rio para a satisfa\u00e7\u00e3o de interesses leg\u00edtimos prosseguidos pelo respons\u00e1vel pelo tratamento ou por terceiro, desde que tais interesses n\u00e3o se sobreponham aos interesses ou direitos e liberdades fundamentais do interessado que exijam a prote\u00e7\u00e3o dos dados pessoais, nomeadamente quando o interessado \u00e9 uma crian\u00e7a .<\/em><\/li>\n<\/ol>\n<p><strong> <\/strong><\/p>\n<p><strong>A que destinat\u00e1rios ser\u00e3o comunicados os seus dados?<\/strong><\/p>\n<p>Os dados tratados pela <strong>ByeBirds<\/strong> poder\u00e3o ser comunicados a terceiros quando uma disposi\u00e7\u00e3o legal o obrigue.<\/p>\n<p>Al\u00e9m disso <strong>ByeBirds<\/strong><strong> <\/strong>cuenta con proveedores de servicios para los cuales es necesario realizar comunicaci\u00f3n de datos en diferentes \u00e1reas empresariales (administraci\u00f3n, contabilidad, fiscalidad, marketing, laboral\u2026). La relaci\u00f3n con estas empresas est\u00e1 regulada seg\u00fan el art\u00edculo 28 del Reglamento UE 2016\/679 de 27 de abril del Parlamento Europeo y del Consejo (RGPD). Los datos accedidos desde dichas empresas solo ser\u00e1n utilizados para el fin empresarial necesario no siendo conservados para cualquier fin ulterior.  <\/p>\n<p><strong>Quais s\u00e3o os seus direitos quando nos fornece os seus dados?<\/strong><\/p>\n<p>Qualquer interessado tem o direito de obter a confirma\u00e7\u00e3o se na <strong>ByeBirds<\/strong> <strong>.<\/strong>estamos ou n\u00e3o a tratar dados pessoais que lhe digam respeito.<\/p>\n<p>Os interessados t\u00eam o direito de aceder aos seus dados pessoais, bem como solicitar a retifica\u00e7\u00e3o dos dados inexatos ou, se for o caso, solicitar a sua elimina\u00e7\u00e3o quando, entre outros motivos, os dados j\u00e1 n\u00e3o sejam necess\u00e1rios para os fins para os quais foram recolhidos.<\/p>\n<p>Em determinadas circunst\u00e2ncias, os interessados poder\u00e3o solicitar a limita\u00e7\u00e3o do tratamento dos seus dados, caso em que apenas os conservaremos para o exerc\u00edcio ou defesa de reclama\u00e7\u00f5es. Os utilizadores podem tamb\u00e9m opor-se ao tratamento dos seus dados. A <strong>ByeBirds<\/strong> deixar\u00e1 de tratar os dados, salvo por motivos leg\u00edtimos imperiosos, ou no exerc\u00edcio ou defesa de reclama\u00e7\u00f5es. <\/p>\n<p>O utilizador poder\u00e1 enviar uma carta \u00e0 <strong>ByeBirds<\/strong><strong>, <\/strong>para o endere\u00e7o do respons\u00e1vel, ou atrav\u00e9s do e-mail indicado no cabe\u00e7alho desta Pol\u00edtica, anexando fotoc\u00f3pia do seu documento de identidade, a qualquer momento e gratuitamente, para:<\/p>\n<ul>\n<li>Revogar os consentimentos concedidos.<\/li>\n<li>Obter confirma\u00e7\u00e3o sobre se os dados pessoais que dizem respeito ao Utilizador est\u00e3o ou n\u00e3o a ser tratados.<\/li>\n<li>Aceda aos seus dados pessoais.<\/li>\n<li>Retifique dados imprecisos ou incompletos.<\/li>\n<li>Solicitar a elimina\u00e7\u00e3o dos seus dados quando, entre outros motivos, os dados j\u00e1 n\u00e3o forem necess\u00e1rios para as finalidades para as quais foram recolhidos.<\/li>\n<li>Obter a limita\u00e7\u00e3o do tratamento de dados quando se verifique alguma das condi\u00e7\u00f5es previstas na regulamenta\u00e7\u00e3o de prote\u00e7\u00e3o de dados.<\/li>\n<li>Solicite a portabilidade dos seus dados.<\/li>\n<li>Contacte o DPO da <strong>ByeBirds<\/strong>. Apresente uma queixa junto da autoridade de supervis\u00e3o (<a href=\"http:\/\/www.aepd\/\" target=\"_blank\" rel=\"noopener\">www.aepd<\/a>.es.es) se considerar que os direitos reconhecidos pelos regulamentos de prote\u00e7\u00e3o de dados aplic\u00e1veis foram violados.<\/li>\n<\/ul>\n<p><strong>A ByeBirds<\/strong> adota os correspondentes n\u00edveis de seguran\u00e7a exigidos pelos referidos regulamentos de Prote\u00e7\u00e3o de Dados Pessoais e demais regulamentos aplic\u00e1veis. Estes n\u00edveis de seguran\u00e7a s\u00e3o exigidos para aquelas entidades que acedem \u00e0 nossa informa\u00e7\u00e3o em virtude de uma rela\u00e7\u00e3o contratual e\/ou presta\u00e7\u00e3o de servi\u00e7o, em aplica\u00e7\u00e3o do artigo 28.\u00ba do Regulamento UE 2016\/679 (RGPD). <\/p>\n<p>No entanto, n\u00e3o assume qualquer responsabilidade por danos decorrentes de altera\u00e7\u00f5es que terceiros possam causar nos sistemas inform\u00e1ticos, documentos eletr\u00f3nicos ou ficheiros do utilizador.<\/p>\n<p>Os cookies podem ser utilizados durante a presta\u00e7\u00e3o dos servi\u00e7os do site. Os cookies s\u00e3o ficheiros f\u00edsicos de informa\u00e7\u00e3o pessoal alojados no pr\u00f3prio terminal do utilizador. O utilizador tem a possibilidade de configurar o seu programa de navega\u00e7\u00e3o para que a cria\u00e7\u00e3o de ficheiros cookies seja impedida ou avisada sobre a mesma. Reveja a nossa pol\u00edtica de cookies atrav\u00e9s do link que encontrar\u00e1 neste site.   <\/p>\n<p>Se optar por sair do nosso site atrav\u00e9s de links para sites que n\u00e3o pertencem \u00e0 nossa entidade, a <strong>ByeBirds<\/strong> n\u00e3o ser\u00e1 respons\u00e1vel pelas pol\u00edticas de privacidade de tais sites ou pelos cookies que estes possam armazenar no computador do utilizador.<\/p>\n<p>A nossa pol\u00edtica de e-mail centra-se no envio apenas das comunica\u00e7\u00f5es que tenha solicitado receber.<\/p>\n<p>Se preferir n\u00e3o receber estas mensagens por correio electr\u00f3nico, ofereceremos atrav\u00e9s deles a possibilidade de exercer o seu direito de cancelar e renunciar \u00e0 recep\u00e7\u00e3o destas mensagens, de acordo com o disposto no T\u00edtulo III, artigo 22 da Lei 34\/2002 sobre Servi\u00e7os para a Sociedade da Informa\u00e7\u00e3o e Com\u00e9rcio Electr\u00f3nico.<\/p>\n\t\t\t\t\t\t\t\t<\/div>\n\t\t\t\t<\/div>\n\t\t\t\t\t<\/div>\n\t\t<\/div>\n\t\t\t\t\t<\/div>\n\t\t<\/section>\n\t\t\t\t<\/div>\n\t\t","protected":false},"excerpt":{"rendered":"<p>Privacidade Quando precisarmos de obter informa\u00e7\u00f5es suas, pediremos sempre que as forne\u00e7a expressa e voluntariamente. Os dados recolhidos atrav\u00e9s dos [&hellip;]<\/p>\n","protected":false},"author":1,"featured_media":0,"parent":0,"menu_order":0,"comment_status":"closed","ping_status":"closed","template":"","meta":{"site-sidebar-layout":"no-sidebar","site-content-layout":"","ast-site-content-layout":"full-width-container","site-content-style":"default","site-sidebar-style":"default","ast-global-header-display":"","ast-banner-title-visibility":"","ast-main-header-display":"","ast-hfb-above-header-display":"","ast-hfb-below-header-display":"","ast-hfb-mobile-header-display":"","site-post-title":"disabled","ast-breadcrumbs-content":"","ast-featured-img":"disabled","footer-sml-layout":"","theme-transparent-header-meta":"","adv-header-id-meta":"","stick-header-meta":"","header-above-stick-meta":"","header-main-stick-meta":"","header-below-stick-meta":"","astra-migrate-meta-layouts":"default","ast-page-background-enabled":"default","ast-page-background-meta":{"desktop":{"background-color":"var(--ast-global-color-4)","background-image":"","background-repeat":"repeat","background-position":"center center","background-size":"auto","background-attachment":"scroll","background-type":"","background-media":"","overlay-type":"","overlay-color":"","overlay-opacity":"","overlay-gradient":""},"tablet":{"background-color":"","background-image":"","background-repeat":"repeat","background-position":"center center","background-size":"auto","background-attachment":"scroll","background-type":"","background-media":"","overlay-type":"","overlay-color":"","overlay-opacity":"","overlay-gradient":""},"mobile":{"background-color":"","background-image":"","background-repeat":"repeat","background-position":"center center","background-size":"auto","background-attachment":"scroll","background-type":"","background-media":"","overlay-type":"","overlay-color":"","overlay-opacity":"","overlay-gradient":""}},"ast-content-background-meta":{"desktop":{"background-color":"var(--ast-global-color-5)","background-image":"","background-repeat":"repeat","background-position":"center center","background-size":"auto","background-attachment":"scroll","background-type":"","background-media":"","overlay-type":"","overlay-color":"","overlay-opacity":"","overlay-gradient":""},"tablet":{"background-color":"var(--ast-global-color-5)","background-image":"","background-repeat":"repeat","background-position":"center center","background-size":"auto","background-attachment":"scroll","background-type":"","background-media":"","overlay-type":"","overlay-color":"","overlay-opacity":"","overlay-gradient":""},"mobile":{"background-color":"var(--ast-global-color-5)","background-image":"","background-repeat":"repeat","background-position":"center center","background-size":"auto","background-attachment":"scroll","background-type":"","background-media":"","overlay-type":"","overlay-color":"","overlay-opacity":"","overlay-gradient":""}},"footnotes":""},"class_list":["post-1747","page","type-page","status-publish","hentry"],"_links":{"self":[{"href":"https:\/\/byebirds.com\/pt-pt\/wp-json\/wp\/v2\/pages\/1747","targetHints":{"allow":["GET"]}}],"collection":[{"href":"https:\/\/byebirds.com\/pt-pt\/wp-json\/wp\/v2\/pages"}],"about":[{"href":"https:\/\/byebirds.com\/pt-pt\/wp-json\/wp\/v2\/types\/page"}],"author":[{"embeddable":true,"href":"https:\/\/byebirds.com\/pt-pt\/wp-json\/wp\/v2\/users\/1"}],"replies":[{"embeddable":true,"href":"https:\/\/byebirds.com\/pt-pt\/wp-json\/wp\/v2\/comments?post=1747"}],"version-history":[{"count":1,"href":"https:\/\/byebirds.com\/pt-pt\/wp-json\/wp\/v2\/pages\/1747\/revisions"}],"predecessor-version":[{"id":1748,"href":"https:\/\/byebirds.com\/pt-pt\/wp-json\/wp\/v2\/pages\/1747\/revisions\/1748"}],"wp:attachment":[{"href":"https:\/\/byebirds.com\/pt-pt\/wp-json\/wp\/v2\/media?parent=1747"}],"curies":[{"name":"wp","href":"https:\/\/api.w.org\/{rel}","templated":true}]}}